{"id":27037,"date":"2018-04-05T16:22:38","date_gmt":"2018-04-05T14:22:38","guid":{"rendered":"http:\/\/libmod.de\/?page_id=27037"},"modified":"2020-09-09T15:34:01","modified_gmt":"2020-09-09T13:34:01","slug":"defending-freedom","status":"publish","type":"page","link":"https:\/\/libmod.de\/en\/defending-freedom\/","title":{"rendered":"Defending Freedom"},"content":{"rendered":"<div class=\"wpb-content-wrapper\"><p>[vc_\u200brow gap=\u201c30\u201d css=\u201d.vc_custom_1508306515739{margin-top: 20px !important;margin-right: \u201110px !important;margin-left: \u201115px !important;}\u201d][vc_column width=\u201c2\/3\u201d css=\u201d.vc_custom_1515681726801{background-color: #d0d8d5 !important;}\u201d][vc_column_text css=\u201d.vc_custom_1522938142290{margin-top: \u201120px !important;}\u201d]Liberal Democracy today faces pressure every\u00adwhere. How can we preserve an open society, defend our freedom and strengthen social cohesion?[\/vc_column_text][\/vc_column][vc_column width=\u201c1\/3\u201d][\/vc_column][\/vc_row][vc_row css=\u201d.vc_custom_1508255211588{margin-top: 30px !important;}\u201d][vc_column][vc_basic_grid post_type=\u201cpost\u201d max_items=\u201c200\u201d style=\u201cload-more\u201d items_per_page=\u201c9\u201d item=\u201c24066\u201d initial_loading_animation=\u201cnone\u201d btn_title=\u201cMORE\u201d btn_color=\u201cturquoise\u201d btn_size=\u201clg\u201d grid_id=\u201cvc_gid:1599658392438\u2013192258fd-1901\u20136\u201d taxonomies=\u201c11697\u201d css=\u201d.vc_custom_1599658438090{background-color: #ffffff !important;}\u201d][\/vc_column][\/vc_row][vc_row][vc_column][\/vc_column][\/vc_row]<\/p>\n<\/div>","protected":false},"excerpt":{"rendered":"<p>[vc_\u200b\u200brow gap=\u201c30\u201d css=\u201d.vc_custom_1508306515739{margin-top: 20px !important;margin-right: \u201110px !important;margin-left: \u201115px !important;}\u201d][vc_column width=\u201c2\/3\u201d css=\u201d.vc_custom_1515681726801{background-color: #d0d8d5 !important;}\u201d][vc_column_text css=\u201d.vc_custom_1522938142290{margin-top: \u201120px !important;}\u201d]Liberal Democracy today faces pressure every\u00adwhere. How can we preserve an open society, defend&nbsp;our...<\/p>\n","protected":false},"author":10,"featured_media":0,"parent":0,"menu_order":11,"comment_status":"closed","ping_status":"closed","template":"","meta":{"_acf_changed":false,"wp_typography_post_enhancements_disabled":false,"footnotes":""},"class_list":["post-27037","page","type-page","status-publish"],"acf":[],"yoast_head":"<!-- This site is optimized with the Yoast SEO Premium plugin v27.4 (Yoast SEO v27.4) - https:\/\/yoast.com\/product\/yoast-seo-premium-wordpress\/ -->\n<title>LibMod \u2013 Defending Freedom<\/title>\n<meta name=\"description\" content=\"Liberal Democracy today faces pressure everywhere. How can we preserve an open society, defend our freedom and strengthen social cohesion?\" \/>\n<meta name=\"robots\" content=\"index, follow, max-snippet:-1, max-image-preview:large, max-video-preview:-1\" \/>\n<link rel=\"canonical\" href=\"https:\/\/libmod.de\/en\/defending-freedom\/\" \/>\n<meta property=\"og:locale\" content=\"en_US\" \/>\n<meta property=\"og:type\" content=\"article\" \/>\n<meta property=\"og:title\" content=\"LibMod \u2013 Defending Freedom\" \/>\n<meta property=\"og:description\" content=\"Liberal Democracy today faces pressure everywhere. How can we preserve an open society, defend our freedom and strengthen social cohesion?\" \/>\n<meta property=\"og:url\" content=\"https:\/\/libmod.de\/en\/defending-freedom\/\" \/>\n<meta property=\"og:site_name\" content=\"libmod.de - Zentrum Liberale Moderne\" \/>\n<meta property=\"article:publisher\" content=\"https:\/\/www.facebook.com\/LiberaleModerne\/\" \/>\n<meta property=\"article:modified_time\" content=\"2020-09-09T13:34:01+00:00\" \/>\n<meta property=\"og:image\" content=\"https:\/\/i0.wp.com\/libmod.de\/wp-content\/uploads\/LibMod_Freiheitsstatue_kl.jpg?fit=1200%2C499&ssl=1\" \/>\n\t<meta property=\"og:image:width\" content=\"1200\" \/>\n\t<meta property=\"og:image:height\" content=\"499\" \/>\n\t<meta property=\"og:image:type\" content=\"image\/jpeg\" \/>\n<meta name=\"twitter:card\" content=\"summary_large_image\" \/>\n<meta name=\"twitter:title\" content=\"LibMod \u2013 Defending Freedom\" \/>\n<meta name=\"twitter:description\" content=\"Liberal Democracy today faces pressure everywhere. How can we preserve an open society, defend our freedom and strengthen social cohesion?\" \/>\n<meta name=\"twitter:image\" content=\"https:\/\/libmodredaktion.fra1.digitaloceanspaces.com\/wp-content\/uploads\/20240905145140\/LibMod_Freiheitsstatue_kl.jpg\" \/>\n<meta name=\"twitter:site\" content=\"@liberalemoderne\" \/>\n<meta name=\"twitter:label1\" content=\"Est. reading time\" \/>\n\t<meta name=\"twitter:data1\" content=\"1 minute\" \/>\n<script type=\"application\/ld+json\" class=\"yoast-schema-graph\">{\"@context\":\"https:\\\/\\\/schema.org\",\"@graph\":[{\"@type\":\"WebPage\",\"@id\":\"https:\\\/\\\/libmod.de\\\/en\\\/defending-freedom\\\/\",\"url\":\"https:\\\/\\\/libmod.de\\\/en\\\/defending-freedom\\\/\",\"name\":\"LibMod \u2013 Defending Freedom\",\"isPartOf\":{\"@id\":\"https:\\\/\\\/libmod.de\\\/#website\"},\"datePublished\":\"2018-04-05T14:22:38+00:00\",\"dateModified\":\"2020-09-09T13:34:01+00:00\",\"description\":\"Liberal Democracy today faces pressure everywhere. How can we preserve an open society, defend our freedom and strengthen social cohesion?\",\"breadcrumb\":{\"@id\":\"https:\\\/\\\/libmod.de\\\/en\\\/defending-freedom\\\/#breadcrumb\"},\"inLanguage\":\"en-US\",\"potentialAction\":[{\"@type\":\"ReadAction\",\"target\":[\"https:\\\/\\\/libmod.de\\\/en\\\/defending-freedom\\\/\"]}]},{\"@type\":\"BreadcrumbList\",\"@id\":\"https:\\\/\\\/libmod.de\\\/en\\\/defending-freedom\\\/#breadcrumb\",\"itemListElement\":[{\"@type\":\"ListItem\",\"position\":1,\"name\":\"Startseite\",\"item\":\"https:\\\/\\\/libmod.de\\\/en\\\/\"},{\"@type\":\"ListItem\",\"position\":2,\"name\":\"Defend\u00ading&nbsp;Freedom\"}]},{\"@type\":\"WebSite\",\"@id\":\"https:\\\/\\\/libmod.de\\\/#website\",\"url\":\"https:\\\/\\\/libmod.de\\\/\",\"name\":\"libmod.de - Zentrum Liberale Moderne\",\"description\":\"Think Tank f\u00fcr Politik in Berlin\",\"publisher\":{\"@id\":\"https:\\\/\\\/libmod.de\\\/#organization\"},\"potentialAction\":[{\"@type\":\"SearchAction\",\"target\":{\"@type\":\"EntryPoint\",\"urlTemplate\":\"https:\\\/\\\/libmod.de\\\/?s={search_term_string}\"},\"query-input\":{\"@type\":\"PropertyValueSpecification\",\"valueRequired\":true,\"valueName\":\"search_term_string\"}}],\"inLanguage\":\"en-US\"},{\"@type\":\"Organization\",\"@id\":\"https:\\\/\\\/libmod.de\\\/#organization\",\"name\":\"Zentrum Liberale Moderne\",\"url\":\"https:\\\/\\\/libmod.de\\\/\",\"logo\":{\"@type\":\"ImageObject\",\"inLanguage\":\"en-US\",\"@id\":\"https:\\\/\\\/libmod.de\\\/#\\\/schema\\\/logo\\\/image\\\/\",\"url\":\"https:\\\/\\\/libmodredaktion.fra1.digitaloceanspaces.com\\\/wp-content\\\/uploads\\\/20240905145818\\\/LibMod_Logo_XL.jpg\",\"contentUrl\":\"https:\\\/\\\/libmodredaktion.fra1.digitaloceanspaces.com\\\/wp-content\\\/uploads\\\/20240905145818\\\/LibMod_Logo_XL.jpg\",\"width\":1439,\"height\":615,\"caption\":\"Zentrum Liberale Moderne\"},\"image\":{\"@id\":\"https:\\\/\\\/libmod.de\\\/#\\\/schema\\\/logo\\\/image\\\/\"},\"sameAs\":[\"https:\\\/\\\/www.facebook.com\\\/LiberaleModerne\\\/\",\"https:\\\/\\\/x.com\\\/liberalemoderne\",\"https:\\\/\\\/www.youtube.com\\\/channel\\\/UC4Yl_V4pm1LwryD04ky54SA\",\"https:\\\/\\\/www.instagram.com\\\/libmod\\\/\",\"https:\\\/\\\/bsky.app\\\/profile\\\/libmod.de\"],\"description\":\"Das Zentrum Liberale Moderne ist ein politischer Think Tank und eine Debattenplattform. LibMod steht f\u00fcr die Verteidigung und Erneuerung der liberalen Demokratie, f\u00fcr den Aufbruch in die \u00f6kologische Moderne und f\u00fcr eine fundierte Osteuropa-Expertise.\"}]}<\/script>\n<!-- \/ Yoast SEO Premium plugin. -->","yoast_head_json":{"title":"LibMod \u2013 Defending Freedom","description":"Liberal Democracy today faces pressure everywhere. How can we preserve an open society, defend our freedom and strengthen social cohesion?","robots":{"index":"index","follow":"follow","max-snippet":"max-snippet:-1","max-image-preview":"max-image-preview:large","max-video-preview":"max-video-preview:-1"},"canonical":"https:\/\/libmod.de\/en\/defending-freedom\/","og_locale":"en_US","og_type":"article","og_title":"LibMod \u2013 Defending Freedom","og_description":"Liberal Democracy today faces pressure everywhere. How can we preserve an open society, defend our freedom and strengthen social cohesion?","og_url":"https:\/\/libmod.de\/en\/defending-freedom\/","og_site_name":"libmod.de - Zentrum Liberale Moderne","article_publisher":"https:\/\/www.facebook.com\/LiberaleModerne\/","article_modified_time":"2020-09-09T13:34:01+00:00","og_image":[{"width":1200,"height":499,"url":"https:\/\/i0.wp.com\/libmod.de\/wp-content\/uploads\/LibMod_Freiheitsstatue_kl.jpg?fit=1200%2C499&ssl=1","type":"image\/jpeg"}],"twitter_card":"summary_large_image","twitter_title":"LibMod \u2013 Defending Freedom","twitter_description":"Liberal Democracy today faces pressure everywhere. How can we preserve an open society, defend our freedom and strengthen social cohesion?","twitter_image":"https:\/\/libmodredaktion.fra1.digitaloceanspaces.com\/wp-content\/uploads\/20240905145140\/LibMod_Freiheitsstatue_kl.jpg","twitter_site":"@liberalemoderne","twitter_misc":{"Est. reading time":"1 minute"},"schema":{"@context":"https:\/\/schema.org","@graph":[{"@type":"WebPage","@id":"https:\/\/libmod.de\/en\/defending-freedom\/","url":"https:\/\/libmod.de\/en\/defending-freedom\/","name":"LibMod \u2013 Defending Freedom","isPartOf":{"@id":"https:\/\/libmod.de\/#website"},"datePublished":"2018-04-05T14:22:38+00:00","dateModified":"2020-09-09T13:34:01+00:00","description":"Liberal Democracy today faces pressure everywhere. How can we preserve an open society, defend our freedom and strengthen social cohesion?","breadcrumb":{"@id":"https:\/\/libmod.de\/en\/defending-freedom\/#breadcrumb"},"inLanguage":"en-US","potentialAction":[{"@type":"ReadAction","target":["https:\/\/libmod.de\/en\/defending-freedom\/"]}]},{"@type":"BreadcrumbList","@id":"https:\/\/libmod.de\/en\/defending-freedom\/#breadcrumb","itemListElement":[{"@type":"ListItem","position":1,"name":"Startseite","item":"https:\/\/libmod.de\/en\/"},{"@type":"ListItem","position":2,"name":"Defend\u00ading&nbsp;Freedom"}]},{"@type":"WebSite","@id":"https:\/\/libmod.de\/#website","url":"https:\/\/libmod.de\/","name":"libmod.de - Zentrum Liberale Moderne","description":"Think Tank f\u00fcr Politik in Berlin","publisher":{"@id":"https:\/\/libmod.de\/#organization"},"potentialAction":[{"@type":"SearchAction","target":{"@type":"EntryPoint","urlTemplate":"https:\/\/libmod.de\/?s={search_term_string}"},"query-input":{"@type":"PropertyValueSpecification","valueRequired":true,"valueName":"search_term_string"}}],"inLanguage":"en-US"},{"@type":"Organization","@id":"https:\/\/libmod.de\/#organization","name":"Zentrum Liberale Moderne","url":"https:\/\/libmod.de\/","logo":{"@type":"ImageObject","inLanguage":"en-US","@id":"https:\/\/libmod.de\/#\/schema\/logo\/image\/","url":"https:\/\/libmodredaktion.fra1.digitaloceanspaces.com\/wp-content\/uploads\/20240905145818\/LibMod_Logo_XL.jpg","contentUrl":"https:\/\/libmodredaktion.fra1.digitaloceanspaces.com\/wp-content\/uploads\/20240905145818\/LibMod_Logo_XL.jpg","width":1439,"height":615,"caption":"Zentrum Liberale Moderne"},"image":{"@id":"https:\/\/libmod.de\/#\/schema\/logo\/image\/"},"sameAs":["https:\/\/www.facebook.com\/LiberaleModerne\/","https:\/\/x.com\/liberalemoderne","https:\/\/www.youtube.com\/channel\/UC4Yl_V4pm1LwryD04ky54SA","https:\/\/www.instagram.com\/libmod\/","https:\/\/bsky.app\/profile\/libmod.de"],"description":"Das Zentrum Liberale Moderne ist ein politischer Think Tank und eine Debattenplattform. LibMod steht f\u00fcr die Verteidigung und Erneuerung der liberalen Demokratie, f\u00fcr den Aufbruch in die \u00f6kologische Moderne und f\u00fcr eine fundierte Osteuropa-Expertise."}]}},"_links":{"self":[{"href":"https:\/\/libmod.de\/en\/wp-json\/wp\/v2\/pages\/27037","targetHints":{"allow":["GET"]}}],"collection":[{"href":"https:\/\/libmod.de\/en\/wp-json\/wp\/v2\/pages"}],"about":[{"href":"https:\/\/libmod.de\/en\/wp-json\/wp\/v2\/types\/page"}],"author":[{"embeddable":true,"href":"https:\/\/libmod.de\/en\/wp-json\/wp\/v2\/users\/10"}],"replies":[{"embeddable":true,"href":"https:\/\/libmod.de\/en\/wp-json\/wp\/v2\/comments?post=27037"}],"version-history":[{"count":7,"href":"https:\/\/libmod.de\/en\/wp-json\/wp\/v2\/pages\/27037\/revisions"}],"predecessor-version":[{"id":39252,"href":"https:\/\/libmod.de\/en\/wp-json\/wp\/v2\/pages\/27037\/revisions\/39252"}],"wp:attachment":[{"href":"https:\/\/libmod.de\/en\/wp-json\/wp\/v2\/media?parent=27037"}],"curies":[{"name":"wp","href":"https:\/\/api.w.org\/{rel}","templated":true}]}}