{"id":27046,"date":"2018-04-05T16:34:56","date_gmt":"2018-04-05T14:34:56","guid":{"rendered":"http:\/\/libmod.de\/?page_id=27046"},"modified":"2018-04-06T12:52:00","modified_gmt":"2018-04-06T10:52:00","slug":"newsletter","status":"publish","type":"page","link":"https:\/\/libmod.de\/en\/newsletter\/","title":{"rendered":"Newsletter"},"content":{"rendered":"<div class=\"wpb-content-wrapper\"><p>[vc_row][vc_column width=\u201c1\/2\u201d][vc_row_inner css=\u201d.vc_custom_1513263747179{margin-right: 0px !important;margin-left: 0px !important;background-color: #03d0b6 !important;}\u201d][vc_column_inner][vc_column_text css=\u201d.vc_custom_1508289720209{margin-top: \u201115px !important;}\u201d]<br>\n&lt;h3&gt;&lt;span style=\u201ccolor: #ffffff;\u201d&gt;Order our Newsletter&lt;\/span&gt;&lt;\/h3&gt;<br>\n[\/vc_column_text][vc_column_text css=\u201d.vc_custom_1523011651162{margin-top: \u201110px !important;}\u201d]Receive news about our topics regularly with our&nbsp;LibMod newsletter in German&nbsp;language.<\/p>\n<p><script>(function() {\n\twindow.mc4wp = window.mc4wp || {\n\t\tlisteners: [],\n\t\tforms: {\n\t\t\ton: function(evt, cb) {\n\t\t\t\twindow.mc4wp.listeners.push(\n\t\t\t\t\t{\n\t\t\t\t\t\tevent   : evt,\n\t\t\t\t\t\tcallback: cb\n\t\t\t\t\t}\n\t\t\t\t);\n\t\t\t}\n\t\t}\n\t}\n})();\n<\/script><!-- Mailchimp for WordPress v4.12.1 - https:\/\/wordpress.org\/plugins\/mailchimp-for-wp\/ --><\/p><form id=\"mc4wp-form-1\" class=\"mc4wp-form mc4wp-form-24179 mc4wp-form-styles-builder mc4wp-ajax\" method=\"post\" data-id=\"24179\" data-name=\"LibMod Newsletter\"><div class=\"mc4wp-form-fields\"><p>\n    <label>Anrede\u2002 \u2002\u2003<\/label>\n    <select name=\"ANREDE\" required>\n        <option value=\"Frau\" selected=\"true\">Frau<\/option>\n        <option value=\"Herr\">Herr<\/option>\n        <option value=\"X\">X<\/option>\n    <\/select>\n<\/p>\n<p>\n    <label>Insti\u00adtution\u2003<\/label>\n    <input name=\"MMERGE3\" type=\"text\">\n<\/p>\n<p>\n    <label>Nachname \u2002<\/label>\n    <input name=\"MMERGE2\" required type=\"text\">\n<\/p>\n<p>\n    <label>Vorname\u2002 \u2003<\/label>\n    <input name=\"MMERGE1\" required type=\"text\">\n<\/p>\n<p>\n    <label>Kategorie\u2002\u2003<\/label>\n    <select name=\"KATEGORIE\" required>\n        <option value=\"Newsletter\" selected=\"true\">Newsletter<\/option>\n    <\/select>\n<\/p>\n<p><input type=\"email\" name=\"EMAIL\" placeholder=\"Ihre Mail-Addresse\" required>\n<\/p><p>Mit unseren <span style=\"color: #000000;\"><a style=\"color: #000000;\" href=\"https:\/\/libmod.de\/datenschutzerklaerung\/\" target=\"_blank\" rel=\"noopener\">Daten\u00adschutzbes\u00adtim\u00admungen<\/a><\/span> <br>erkl\u00e4ren Sie sich einverstanden.<br><br>\n<input type=\"submit\" value=\"Absenden\"><br><\/p><\/div><label style=\"display: none !important;\">Leave this field empty if you\u2019re&nbsp;human:&nbsp;<input type=\"text\" name=\"_mc4wp_honeypot\" value tabindex=\"-1\" autocomplete=\"off\"><\/label><input type=\"hidden\" name=\"_mc4wp_timestamp\" value=\"1776166827\"><input type=\"hidden\" name=\"_mc4wp_form_id\" value=\"24179\"><input type=\"hidden\" name=\"_mc4wp_form_element_id\" value=\"mc4wp-form-1\"><div class=\"mc4wp-response\"><\/div><\/form><!-- \/ Mailchimp for WordPress Plugin -->[\/vc_column_text][\/vc_column_inner][\/vc_row_inner][\/vc_column][vc_column width=\u201c1\/2\u201d][\/vc_column][\/vc_row]\n<\/div>","protected":false},"excerpt":{"rendered":"<p>[vc_row][vc_column width=\u201c1\/2\u201d][vc_row_inner css=\u201d.vc_custom_1513263747179{margin-right: 0px !important;margin-left: 0px !important;background-color: #03d0b6 !important;}\u201d][vc_column_inner][vc_column_text css=\u201d.vc_custom_1508289720209{margin-top: \u201115px !important;}\u201d] &lt;h3&gt;&lt;span style=\u201ccolor: #ffffff;\u201d&gt;Order our Newsletter&lt;\/span&gt;&lt;\/h3&gt; [\/vc_column_text][vc_column_text css=\u201d.vc_custom_1523011651162{margin-top: \u201110px !important;}\u201d]Receive news about our topics regularly with our&nbsp;LibMod newsletter&nbsp;in...<\/p>\n","protected":false},"author":1,"featured_media":0,"parent":0,"menu_order":20,"comment_status":"closed","ping_status":"closed","template":"","meta":{"_acf_changed":false,"wp_typography_post_enhancements_disabled":false,"footnotes":""},"class_list":["post-27046","page","type-page","status-publish"],"acf":[],"yoast_head":"<!-- This site is optimized with the Yoast SEO Premium plugin v27.0 (Yoast SEO v27.3) - https:\/\/yoast.com\/product\/yoast-seo-premium-wordpress\/ -->\n<title>Newsletter - libmod.de - Zentrum Liberale Moderne<\/title>\n<meta name=\"robots\" content=\"index, follow, max-snippet:-1, max-image-preview:large, max-video-preview:-1\" \/>\n<link rel=\"canonical\" href=\"https:\/\/libmod.de\/en\/newsletter\/\" \/>\n<meta property=\"og:locale\" content=\"en_US\" \/>\n<meta property=\"og:type\" content=\"article\" \/>\n<meta property=\"og:title\" content=\"Newsletter\" \/>\n<meta property=\"og:description\" content=\"[vc_row][vc_column width=\u201c1\/2\u201d][vc_row_inner css=\u201d.vc_custom_1513263747179{margin-right: 0px !important;margin-left: 0px !important;background-color: #03d0b6 !important;}\u201d][vc_column_inner][vc_column_text css=\u201d.vc_custom_1508289720209{margin-top: \u201115px !important;}\u201d] &lt;h3&gt;&lt;span style=\u201ccolor: #ffffff;\u201d&gt;Order our Newsletter&lt;\/span&gt;&lt;\/h3&gt; [\/vc_column_text][vc_column_text css=\u201d.vc_custom_1523011651162{margin-top: \u201110px !important;}\u201d]Receive news about our topics regularly with our&nbsp;LibMod newsletter in...\" \/>\n<meta property=\"og:url\" content=\"https:\/\/libmod.de\/en\/newsletter\/\" \/>\n<meta property=\"og:site_name\" content=\"libmod.de - Zentrum Liberale Moderne\" \/>\n<meta property=\"article:publisher\" content=\"https:\/\/www.facebook.com\/LiberaleModerne\/\" \/>\n<meta property=\"article:modified_time\" content=\"2018-04-06T10:52:00+00:00\" \/>\n<meta name=\"twitter:card\" content=\"summary_large_image\" \/>\n<meta name=\"twitter:site\" content=\"@liberalemoderne\" \/>\n<meta name=\"twitter:label1\" content=\"Est. reading time\" \/>\n\t<meta name=\"twitter:data1\" content=\"1 minute\" \/>\n<script type=\"application\/ld+json\" class=\"yoast-schema-graph\">{\"@context\":\"https:\\\/\\\/schema.org\",\"@graph\":[{\"@type\":\"WebPage\",\"@id\":\"https:\\\/\\\/libmod.de\\\/en\\\/newsletter\\\/\",\"url\":\"https:\\\/\\\/libmod.de\\\/en\\\/newsletter\\\/\",\"name\":\"Newsletter - libmod.de - Zentrum Liberale Moderne\",\"isPartOf\":{\"@id\":\"https:\\\/\\\/libmod.de\\\/#website\"},\"datePublished\":\"2018-04-05T14:34:56+00:00\",\"dateModified\":\"2018-04-06T10:52:00+00:00\",\"breadcrumb\":{\"@id\":\"https:\\\/\\\/libmod.de\\\/en\\\/newsletter\\\/#breadcrumb\"},\"inLanguage\":\"en-US\",\"potentialAction\":[{\"@type\":\"ReadAction\",\"target\":[\"https:\\\/\\\/libmod.de\\\/en\\\/newsletter\\\/\"]}]},{\"@type\":\"BreadcrumbList\",\"@id\":\"https:\\\/\\\/libmod.de\\\/en\\\/newsletter\\\/#breadcrumb\",\"itemListElement\":[{\"@type\":\"ListItem\",\"position\":1,\"name\":\"Startseite\",\"item\":\"https:\\\/\\\/libmod.de\\\/en\\\/\"},{\"@type\":\"ListItem\",\"position\":2,\"name\":\"Newslet\u00adter\"}]},{\"@type\":\"WebSite\",\"@id\":\"https:\\\/\\\/libmod.de\\\/#website\",\"url\":\"https:\\\/\\\/libmod.de\\\/\",\"name\":\"libmod.de - Zentrum Liberale Moderne\",\"description\":\"Think Tank f\u00fcr Politik in Berlin\",\"publisher\":{\"@id\":\"https:\\\/\\\/libmod.de\\\/#organization\"},\"potentialAction\":[{\"@type\":\"SearchAction\",\"target\":{\"@type\":\"EntryPoint\",\"urlTemplate\":\"https:\\\/\\\/libmod.de\\\/?s={search_term_string}\"},\"query-input\":{\"@type\":\"PropertyValueSpecification\",\"valueRequired\":true,\"valueName\":\"search_term_string\"}}],\"inLanguage\":\"en-US\"},{\"@type\":\"Organization\",\"@id\":\"https:\\\/\\\/libmod.de\\\/#organization\",\"name\":\"Zentrum Liberale Moderne\",\"url\":\"https:\\\/\\\/libmod.de\\\/\",\"logo\":{\"@type\":\"ImageObject\",\"inLanguage\":\"en-US\",\"@id\":\"https:\\\/\\\/libmod.de\\\/#\\\/schema\\\/logo\\\/image\\\/\",\"url\":\"https:\\\/\\\/libmodredaktion.fra1.digitaloceanspaces.com\\\/wp-content\\\/uploads\\\/20240905145818\\\/LibMod_Logo_XL.jpg\",\"contentUrl\":\"https:\\\/\\\/libmodredaktion.fra1.digitaloceanspaces.com\\\/wp-content\\\/uploads\\\/20240905145818\\\/LibMod_Logo_XL.jpg\",\"width\":1439,\"height\":615,\"caption\":\"Zentrum Liberale Moderne\"},\"image\":{\"@id\":\"https:\\\/\\\/libmod.de\\\/#\\\/schema\\\/logo\\\/image\\\/\"},\"sameAs\":[\"https:\\\/\\\/www.facebook.com\\\/LiberaleModerne\\\/\",\"https:\\\/\\\/x.com\\\/liberalemoderne\",\"https:\\\/\\\/www.youtube.com\\\/channel\\\/UC4Yl_V4pm1LwryD04ky54SA\",\"https:\\\/\\\/www.instagram.com\\\/libmod\\\/\",\"https:\\\/\\\/bsky.app\\\/profile\\\/libmod.de\"],\"description\":\"Das Zentrum Liberale Moderne ist ein politischer Think Tank und eine Debattenplattform. LibMod steht f\u00fcr die Verteidigung und Erneuerung der liberalen Demokratie, f\u00fcr den Aufbruch in die \u00f6kologische Moderne und f\u00fcr eine fundierte Osteuropa-Expertise.\"}]}<\/script>\n<!-- \/ Yoast SEO Premium plugin. -->","yoast_head_json":{"title":"Newsletter - libmod.de - Zentrum Liberale Moderne","robots":{"index":"index","follow":"follow","max-snippet":"max-snippet:-1","max-image-preview":"max-image-preview:large","max-video-preview":"max-video-preview:-1"},"canonical":"https:\/\/libmod.de\/en\/newsletter\/","og_locale":"en_US","og_type":"article","og_title":"Newsletter","og_description":"[vc_row][vc_column width=\u201c1\/2\u201d][vc_row_inner css=\u201d.vc_custom_1513263747179{margin-right: 0px !important;margin-left: 0px !important;background-color: #03d0b6 !important;}\u201d][vc_column_inner][vc_column_text css=\u201d.vc_custom_1508289720209{margin-top: \u201115px !important;}\u201d] &lt;h3&gt;&lt;span style=\u201ccolor: #ffffff;\u201d&gt;Order our Newsletter&lt;\/span&gt;&lt;\/h3&gt; [\/vc_column_text][vc_column_text css=\u201d.vc_custom_1523011651162{margin-top: \u201110px !important;}\u201d]Receive news about our topics regularly with our&nbsp;LibMod newsletter in...","og_url":"https:\/\/libmod.de\/en\/newsletter\/","og_site_name":"libmod.de - Zentrum Liberale Moderne","article_publisher":"https:\/\/www.facebook.com\/LiberaleModerne\/","article_modified_time":"2018-04-06T10:52:00+00:00","twitter_card":"summary_large_image","twitter_site":"@liberalemoderne","twitter_misc":{"Est. reading time":"1 minute"},"schema":{"@context":"https:\/\/schema.org","@graph":[{"@type":"WebPage","@id":"https:\/\/libmod.de\/en\/newsletter\/","url":"https:\/\/libmod.de\/en\/newsletter\/","name":"Newsletter - libmod.de - Zentrum Liberale Moderne","isPartOf":{"@id":"https:\/\/libmod.de\/#website"},"datePublished":"2018-04-05T14:34:56+00:00","dateModified":"2018-04-06T10:52:00+00:00","breadcrumb":{"@id":"https:\/\/libmod.de\/en\/newsletter\/#breadcrumb"},"inLanguage":"en-US","potentialAction":[{"@type":"ReadAction","target":["https:\/\/libmod.de\/en\/newsletter\/"]}]},{"@type":"BreadcrumbList","@id":"https:\/\/libmod.de\/en\/newsletter\/#breadcrumb","itemListElement":[{"@type":"ListItem","position":1,"name":"Startseite","item":"https:\/\/libmod.de\/en\/"},{"@type":"ListItem","position":2,"name":"Newslet\u00adter"}]},{"@type":"WebSite","@id":"https:\/\/libmod.de\/#website","url":"https:\/\/libmod.de\/","name":"libmod.de - Zentrum Liberale Moderne","description":"Think Tank f\u00fcr Politik in Berlin","publisher":{"@id":"https:\/\/libmod.de\/#organization"},"potentialAction":[{"@type":"SearchAction","target":{"@type":"EntryPoint","urlTemplate":"https:\/\/libmod.de\/?s={search_term_string}"},"query-input":{"@type":"PropertyValueSpecification","valueRequired":true,"valueName":"search_term_string"}}],"inLanguage":"en-US"},{"@type":"Organization","@id":"https:\/\/libmod.de\/#organization","name":"Zentrum Liberale Moderne","url":"https:\/\/libmod.de\/","logo":{"@type":"ImageObject","inLanguage":"en-US","@id":"https:\/\/libmod.de\/#\/schema\/logo\/image\/","url":"https:\/\/libmodredaktion.fra1.digitaloceanspaces.com\/wp-content\/uploads\/20240905145818\/LibMod_Logo_XL.jpg","contentUrl":"https:\/\/libmodredaktion.fra1.digitaloceanspaces.com\/wp-content\/uploads\/20240905145818\/LibMod_Logo_XL.jpg","width":1439,"height":615,"caption":"Zentrum Liberale Moderne"},"image":{"@id":"https:\/\/libmod.de\/#\/schema\/logo\/image\/"},"sameAs":["https:\/\/www.facebook.com\/LiberaleModerne\/","https:\/\/x.com\/liberalemoderne","https:\/\/www.youtube.com\/channel\/UC4Yl_V4pm1LwryD04ky54SA","https:\/\/www.instagram.com\/libmod\/","https:\/\/bsky.app\/profile\/libmod.de"],"description":"Das Zentrum Liberale Moderne ist ein politischer Think Tank und eine Debattenplattform. LibMod steht f\u00fcr die Verteidigung und Erneuerung der liberalen Demokratie, f\u00fcr den Aufbruch in die \u00f6kologische Moderne und f\u00fcr eine fundierte Osteuropa-Expertise."}]}},"_links":{"self":[{"href":"https:\/\/libmod.de\/en\/wp-json\/wp\/v2\/pages\/27046","targetHints":{"allow":["GET"]}}],"collection":[{"href":"https:\/\/libmod.de\/en\/wp-json\/wp\/v2\/pages"}],"about":[{"href":"https:\/\/libmod.de\/en\/wp-json\/wp\/v2\/types\/page"}],"author":[{"embeddable":true,"href":"https:\/\/libmod.de\/en\/wp-json\/wp\/v2\/users\/1"}],"replies":[{"embeddable":true,"href":"https:\/\/libmod.de\/en\/wp-json\/wp\/v2\/comments?post=27046"}],"version-history":[{"count":3,"href":"https:\/\/libmod.de\/en\/wp-json\/wp\/v2\/pages\/27046\/revisions"}],"predecessor-version":[{"id":27111,"href":"https:\/\/libmod.de\/en\/wp-json\/wp\/v2\/pages\/27046\/revisions\/27111"}],"wp:attachment":[{"href":"https:\/\/libmod.de\/en\/wp-json\/wp\/v2\/media?parent=27046"}],"curies":[{"name":"wp","href":"https:\/\/api.w.org\/{rel}","templated":true}]}}