{"id":27063,"date":"2018-04-05T17:00:26","date_gmt":"2018-04-05T15:00:26","guid":{"rendered":"http:\/\/libmod.de\/?page_id=27063"},"modified":"2021-09-14T15:11:38","modified_gmt":"2021-09-14T13:11:38","slug":"europes-east","status":"publish","type":"page","link":"https:\/\/libmod.de\/en\/europes-east\/","title":{"rendered":"Europe\u2019s East"},"content":{"rendered":"<div class=\"wpb-content-wrapper\"><p>[vc_\u200brow gap=\u201c30\u201d css=\u201d.vc_custom_1508306515739{margin-top: 20px !important;margin-right: \u201110px !important;margin-left: \u201115px !important;}\u201d][vc_column width=\u201c2\/3\u201d css=\u201d.vc_custom_1515681912380{background-color: #d0d8d5 !important;}\u201d][vc_column_text css=\u201d.vc_custom_1631625087040{margin-top: \u201120px !important;}\u201d]Democratic awakening has come to a&nbsp;halt in Central Eastern Europe. How can we strengthen EU unity and support the European path of Ukraine? And how do we deal with Putin\u2019s&nbsp;Russia?<\/p>\n<p>If you read German, visit <a href=\"https:\/\/ukraineverstehen.de\/\">Ukraine verstehen<\/a> and <a href=\"https:\/\/russlandverstehen.eu\/\">Russland verstehen<\/a>, our websites devoted to Ukraine and Russia respectively.[\/vc_column_text][\/vc_column][vc_column width=\u201c1\/3\u201d][\/vc_column][\/vc_row][vc_row css=\u201d.vc_custom_1508255211588{margin-top: 30px !important;}\u201d][vc_column][vc_basic_grid post_type=\u201cpost\u201d max_items=\u201c200\u201d style=\u201cload-more\u201d items_per_page=\u201c9\u201d item=\u201c24066\u201d initial_loading_animation=\u201cnone\u201d btn_title=\u201cMORE\u201d btn_color=\u201cturquoise\u201d grid_id=\u201cvc_gid:1631625070823-e3bc23b7-6462\u20134\u201d taxonomies=\u201c2829, 11704\u201d css=\u201d.vc_custom_1580905014021{background-color: #ffffff !important;}\u201d][\/vc_column][\/vc_row]<\/p>\n<\/div>","protected":false},"excerpt":{"rendered":"<p>[vc_\u200b\u200brow gap=\u201c30\u201d css=\u201d.vc_custom_1508306515739{margin-top: 20px !important;margin-right: \u201110px !important;margin-left: \u201115px !important;}\u201d][vc_column width=\u201c2\/3\u201d css=\u201d.vc_custom_1515681912380{background-color: #d0d8d5 !important;}\u201d][vc_column_text css=\u201d.vc_custom_1631625087040{margin-top: \u201120px !important;}\u201d]Democratic awakening has come to a&nbsp;halt in Central Eastern Europe. How can we strengthen&nbsp;EU...<\/p>\n","protected":false},"author":10,"featured_media":0,"parent":0,"menu_order":11,"comment_status":"closed","ping_status":"closed","template":"","meta":{"_acf_changed":false,"wp_typography_post_enhancements_disabled":false,"footnotes":""},"class_list":["post-27063","page","type-page","status-publish"],"acf":[],"yoast_head":"<!-- This site is optimized with the Yoast SEO Premium plugin v27.4 (Yoast SEO v27.6) - https:\/\/yoast.com\/product\/yoast-seo-premium-wordpress\/ -->\n<title>LibMod \u2013 Europe\u2019s East<\/title>\n<meta name=\"description\" content=\"Democratic awakening has come to a halt in Central Eastern Europe. How can we strengthen EU unity and support the European path of Ukraine? And how do we deal with Putin\u2019s Russia?\" \/>\n<meta name=\"robots\" content=\"index, follow, max-snippet:-1, max-image-preview:large, max-video-preview:-1\" \/>\n<link rel=\"canonical\" href=\"https:\/\/libmod.de\/en\/europes-east\/\" \/>\n<meta property=\"og:locale\" content=\"en_US\" \/>\n<meta property=\"og:type\" content=\"article\" \/>\n<meta property=\"og:title\" content=\"LibMod \u2013 Europe\u2019s East\" \/>\n<meta property=\"og:description\" content=\"Democratic awakening has come to a halt in Central Eastern Europe. How can we strengthen EU unity and support the European path of Ukraine? And how do we deal with Putin\u2019s Russia?\" \/>\n<meta property=\"og:url\" content=\"https:\/\/libmod.de\/en\/europes-east\/\" \/>\n<meta property=\"og:site_name\" content=\"libmod.de - Zentrum Liberale Moderne\" \/>\n<meta property=\"article:publisher\" content=\"https:\/\/www.facebook.com\/LiberaleModerne\/\" \/>\n<meta property=\"article:modified_time\" content=\"2021-09-14T13:11:38+00:00\" \/>\n<meta property=\"og:image\" content=\"https:\/\/i2.wp.com\/libmod.de\/wp-content\/uploads\/Maidan_\u00a9Oleksandr_Maksymenko_maksymenko_com_ua.jpg?fit=1200%2C800&ssl=1\" \/>\n\t<meta property=\"og:image:width\" content=\"1200\" \/>\n\t<meta property=\"og:image:height\" content=\"800\" \/>\n\t<meta property=\"og:image:type\" content=\"image\/jpeg\" \/>\n<meta name=\"twitter:card\" content=\"summary_large_image\" \/>\n<meta name=\"twitter:title\" content=\"LibMod \u2013 Europe\u2019s East\" \/>\n<meta name=\"twitter:description\" content=\"Democratic awakening has come to a halt in Central Eastern Europe. How can we strengthen EU unity and support the European path of Ukraine? And how do we deal with Putin\u2019s Russia?\" \/>\n<meta name=\"twitter:image\" content=\"https:\/\/libmodredaktion.fra1.digitaloceanspaces.com\/wp-content\/uploads\/20240905145906\/Maidan_%C2%A9Oleksandr_Maksymenko_maksymenko_com_ua_Q.jpg\" \/>\n<meta name=\"twitter:site\" content=\"@liberalemoderne\" \/>\n<meta name=\"twitter:label1\" content=\"Est. reading time\" \/>\n\t<meta name=\"twitter:data1\" content=\"1 minute\" \/>\n<script type=\"application\/ld+json\" class=\"yoast-schema-graph\">{\"@context\":\"https:\\\/\\\/schema.org\",\"@graph\":[{\"@type\":\"WebPage\",\"@id\":\"https:\\\/\\\/libmod.de\\\/en\\\/europes-east\\\/\",\"url\":\"https:\\\/\\\/libmod.de\\\/en\\\/europes-east\\\/\",\"name\":\"LibMod \u2013 Europe\u2019s East\",\"isPartOf\":{\"@id\":\"https:\\\/\\\/libmod.de\\\/#website\"},\"datePublished\":\"2018-04-05T15:00:26+00:00\",\"dateModified\":\"2021-09-14T13:11:38+00:00\",\"description\":\"Democratic awakening has come to a halt in Central Eastern Europe. How can we strengthen EU unity and support the European path of Ukraine? And how do we deal with Putin\u2019s Russia?\",\"breadcrumb\":{\"@id\":\"https:\\\/\\\/libmod.de\\\/en\\\/europes-east\\\/#breadcrumb\"},\"inLanguage\":\"en-US\",\"potentialAction\":[{\"@type\":\"ReadAction\",\"target\":[\"https:\\\/\\\/libmod.de\\\/en\\\/europes-east\\\/\"]}]},{\"@type\":\"BreadcrumbList\",\"@id\":\"https:\\\/\\\/libmod.de\\\/en\\\/europes-east\\\/#breadcrumb\",\"itemListElement\":[{\"@type\":\"ListItem\",\"position\":1,\"name\":\"Startseite\",\"item\":\"https:\\\/\\\/libmod.de\\\/en\\\/\"},{\"@type\":\"ListItem\",\"position\":2,\"name\":\"Europe\u2019s East\"}]},{\"@type\":\"WebSite\",\"@id\":\"https:\\\/\\\/libmod.de\\\/#website\",\"url\":\"https:\\\/\\\/libmod.de\\\/\",\"name\":\"libmod.de - Zentrum Liberale Moderne\",\"description\":\"Think Tank f\u00fcr Politik in Berlin\",\"publisher\":{\"@id\":\"https:\\\/\\\/libmod.de\\\/#organization\"},\"potentialAction\":[{\"@type\":\"SearchAction\",\"target\":{\"@type\":\"EntryPoint\",\"urlTemplate\":\"https:\\\/\\\/libmod.de\\\/?s={search_term_string}\"},\"query-input\":{\"@type\":\"PropertyValueSpecification\",\"valueRequired\":true,\"valueName\":\"search_term_string\"}}],\"inLanguage\":\"en-US\"},{\"@type\":\"Organization\",\"@id\":\"https:\\\/\\\/libmod.de\\\/#organization\",\"name\":\"Zentrum Liberale Moderne\",\"url\":\"https:\\\/\\\/libmod.de\\\/\",\"logo\":{\"@type\":\"ImageObject\",\"inLanguage\":\"en-US\",\"@id\":\"https:\\\/\\\/libmod.de\\\/#\\\/schema\\\/logo\\\/image\\\/\",\"url\":\"https:\\\/\\\/libmodredaktion.fra1.digitaloceanspaces.com\\\/wp-content\\\/uploads\\\/20240905145818\\\/LibMod_Logo_XL.jpg\",\"contentUrl\":\"https:\\\/\\\/libmodredaktion.fra1.digitaloceanspaces.com\\\/wp-content\\\/uploads\\\/20240905145818\\\/LibMod_Logo_XL.jpg\",\"width\":1439,\"height\":615,\"caption\":\"Zentrum Liberale Moderne\"},\"image\":{\"@id\":\"https:\\\/\\\/libmod.de\\\/#\\\/schema\\\/logo\\\/image\\\/\"},\"sameAs\":[\"https:\\\/\\\/www.facebook.com\\\/LiberaleModerne\\\/\",\"https:\\\/\\\/x.com\\\/liberalemoderne\",\"https:\\\/\\\/www.youtube.com\\\/channel\\\/UC4Yl_V4pm1LwryD04ky54SA\",\"https:\\\/\\\/www.instagram.com\\\/libmod\\\/\",\"https:\\\/\\\/bsky.app\\\/profile\\\/libmod.de\"],\"description\":\"Das Zentrum Liberale Moderne ist ein politischer Think Tank und eine Debattenplattform. LibMod steht f\u00fcr die Verteidigung und Erneuerung der liberalen Demokratie, f\u00fcr den Aufbruch in die \u00f6kologische Moderne und f\u00fcr eine fundierte Osteuropa-Expertise.\"}]}<\/script>\n<!-- \/ Yoast SEO Premium plugin. -->","yoast_head_json":{"title":"LibMod \u2013 Europe\u2019s East","description":"Democratic awakening has come to a halt in Central Eastern Europe. How can we strengthen EU unity and support the European path of Ukraine? And how do we deal with Putin\u2019s Russia?","robots":{"index":"index","follow":"follow","max-snippet":"max-snippet:-1","max-image-preview":"max-image-preview:large","max-video-preview":"max-video-preview:-1"},"canonical":"https:\/\/libmod.de\/en\/europes-east\/","og_locale":"en_US","og_type":"article","og_title":"LibMod \u2013 Europe\u2019s East","og_description":"Democratic awakening has come to a halt in Central Eastern Europe. How can we strengthen EU unity and support the European path of Ukraine? And how do we deal with Putin\u2019s Russia?","og_url":"https:\/\/libmod.de\/en\/europes-east\/","og_site_name":"libmod.de - Zentrum Liberale Moderne","article_publisher":"https:\/\/www.facebook.com\/LiberaleModerne\/","article_modified_time":"2021-09-14T13:11:38+00:00","og_image":[{"width":1200,"height":800,"url":"https:\/\/i2.wp.com\/libmod.de\/wp-content\/uploads\/Maidan_\u00a9Oleksandr_Maksymenko_maksymenko_com_ua.jpg?fit=1200%2C800&ssl=1","type":"image\/jpeg"}],"twitter_card":"summary_large_image","twitter_title":"LibMod \u2013 Europe\u2019s East","twitter_description":"Democratic awakening has come to a halt in Central Eastern Europe. How can we strengthen EU unity and support the European path of Ukraine? And how do we deal with Putin\u2019s Russia?","twitter_image":"https:\/\/libmodredaktion.fra1.digitaloceanspaces.com\/wp-content\/uploads\/20240905145906\/Maidan_%C2%A9Oleksandr_Maksymenko_maksymenko_com_ua_Q.jpg","twitter_site":"@liberalemoderne","twitter_misc":{"Est. reading time":"1 minute"},"schema":{"@context":"https:\/\/schema.org","@graph":[{"@type":"WebPage","@id":"https:\/\/libmod.de\/en\/europes-east\/","url":"https:\/\/libmod.de\/en\/europes-east\/","name":"LibMod \u2013 Europe\u2019s East","isPartOf":{"@id":"https:\/\/libmod.de\/#website"},"datePublished":"2018-04-05T15:00:26+00:00","dateModified":"2021-09-14T13:11:38+00:00","description":"Democratic awakening has come to a halt in Central Eastern Europe. How can we strengthen EU unity and support the European path of Ukraine? And how do we deal with Putin\u2019s Russia?","breadcrumb":{"@id":"https:\/\/libmod.de\/en\/europes-east\/#breadcrumb"},"inLanguage":"en-US","potentialAction":[{"@type":"ReadAction","target":["https:\/\/libmod.de\/en\/europes-east\/"]}]},{"@type":"BreadcrumbList","@id":"https:\/\/libmod.de\/en\/europes-east\/#breadcrumb","itemListElement":[{"@type":"ListItem","position":1,"name":"Startseite","item":"https:\/\/libmod.de\/en\/"},{"@type":"ListItem","position":2,"name":"Europe\u2019s East"}]},{"@type":"WebSite","@id":"https:\/\/libmod.de\/#website","url":"https:\/\/libmod.de\/","name":"libmod.de - Zentrum Liberale Moderne","description":"Think Tank f\u00fcr Politik in Berlin","publisher":{"@id":"https:\/\/libmod.de\/#organization"},"potentialAction":[{"@type":"SearchAction","target":{"@type":"EntryPoint","urlTemplate":"https:\/\/libmod.de\/?s={search_term_string}"},"query-input":{"@type":"PropertyValueSpecification","valueRequired":true,"valueName":"search_term_string"}}],"inLanguage":"en-US"},{"@type":"Organization","@id":"https:\/\/libmod.de\/#organization","name":"Zentrum Liberale Moderne","url":"https:\/\/libmod.de\/","logo":{"@type":"ImageObject","inLanguage":"en-US","@id":"https:\/\/libmod.de\/#\/schema\/logo\/image\/","url":"https:\/\/libmodredaktion.fra1.digitaloceanspaces.com\/wp-content\/uploads\/20240905145818\/LibMod_Logo_XL.jpg","contentUrl":"https:\/\/libmodredaktion.fra1.digitaloceanspaces.com\/wp-content\/uploads\/20240905145818\/LibMod_Logo_XL.jpg","width":1439,"height":615,"caption":"Zentrum Liberale Moderne"},"image":{"@id":"https:\/\/libmod.de\/#\/schema\/logo\/image\/"},"sameAs":["https:\/\/www.facebook.com\/LiberaleModerne\/","https:\/\/x.com\/liberalemoderne","https:\/\/www.youtube.com\/channel\/UC4Yl_V4pm1LwryD04ky54SA","https:\/\/www.instagram.com\/libmod\/","https:\/\/bsky.app\/profile\/libmod.de"],"description":"Das Zentrum Liberale Moderne ist ein politischer Think Tank und eine Debattenplattform. LibMod steht f\u00fcr die Verteidigung und Erneuerung der liberalen Demokratie, f\u00fcr den Aufbruch in die \u00f6kologische Moderne und f\u00fcr eine fundierte Osteuropa-Expertise."}]}},"_links":{"self":[{"href":"https:\/\/libmod.de\/en\/wp-json\/wp\/v2\/pages\/27063","targetHints":{"allow":["GET"]}}],"collection":[{"href":"https:\/\/libmod.de\/en\/wp-json\/wp\/v2\/pages"}],"about":[{"href":"https:\/\/libmod.de\/en\/wp-json\/wp\/v2\/types\/page"}],"author":[{"embeddable":true,"href":"https:\/\/libmod.de\/en\/wp-json\/wp\/v2\/users\/10"}],"replies":[{"embeddable":true,"href":"https:\/\/libmod.de\/en\/wp-json\/wp\/v2\/comments?post=27063"}],"version-history":[{"count":9,"href":"https:\/\/libmod.de\/en\/wp-json\/wp\/v2\/pages\/27063\/revisions"}],"predecessor-version":[{"id":43194,"href":"https:\/\/libmod.de\/en\/wp-json\/wp\/v2\/pages\/27063\/revisions\/43194"}],"wp:attachment":[{"href":"https:\/\/libmod.de\/en\/wp-json\/wp\/v2\/media?parent=27063"}],"curies":[{"name":"wp","href":"https:\/\/api.w.org\/{rel}","templated":true}]}}