{"id":27073,"date":"2018-04-05T17:08:20","date_gmt":"2018-04-05T15:08:20","guid":{"rendered":"http:\/\/libmod.de\/?page_id=27073"},"modified":"2022-08-17T18:23:27","modified_gmt":"2022-08-17T16:23:27","slug":"our-projects","status":"publish","type":"page","link":"https:\/\/libmod.de\/en\/about-us\/our-projects\/","title":{"rendered":"Our Projects"},"content":{"rendered":"<div class=\"wpb-content-wrapper\"><p>[vc_row][vc_column width=\u201c2\/3\u201d][vc_column_text]<\/p>\n<h3><strong>Who we are \/\u200b Project&nbsp;activities<br>\n<\/strong>As of November&nbsp;2020<\/h3>\n<p>LibMod stands up for the defense and renewal of the open society. Liberal modernity as such, i.e. the&nbsp;combi\u00adnation of individual freedom, democ\u00adratic republic, cosmopoli\u00adtanism, science-based innovation and cultural diversity, is facing strong pressure worldwide. Liberal democ\u00adracies are being challenged from within, by populist and antide\u00admo\u00adc\u00adratic movements and parties, as well as by author\u00adi\u00adtarian regimes such as China and Russia. In times of funda\u00admental and rapid change \u2013 global\u00adization, digital revolution, climate change and worldwide migration \u2013 there is a&nbsp;need for cross-partisan reflection about the future of open societies and the inter\u00adna\u00adtional&nbsp;order.<\/p>\n<p>In our view, individual freedom and social cohesion, personal respon\u00adsi\u00adbility and strong public insti\u00adtu\u00adtions, belong together. LibMod wants to provide a&nbsp;meeting place for free thinkers from different political camps, looking for liberal answers to the challenges of our time and promoting political thought in that spirit. The Center for Liberal Modernity (LibMod) was founded in 2017 by Ralf F\u00fccks and Marieluise Beck who have both been engaged in German politics for more than 35&nbsp;years.<\/p>\n<p>=&gt; More infor\u00admation on our website: <a href=\"https:\/\/libmod.de\/en\/\">https:\/\/libmod.de\/en\/<\/a><\/p>\n<p>&nbsp;<\/p>\n<p><strong>Project Overview (selected&nbsp;projects)<\/strong><\/p>\n<p><strong><em>Security in Times of&nbsp;Change<\/em><\/strong><\/p>\n<p>The key question of this project is what answers liberal democracy can find to the challenges of rapid change and the resulting insecurity. We cannot shield ourselves from the great turmoil of our time but rather must take this as a&nbsp;challenge.<\/p>\n<p>The guiding principle for democ\u00adratic politics should not be security by isolation but rather security in times of change. This involves much more than simply adjusting to perceived factual constraints. We have to shape trans\u00adfor\u00admation processes proac\u00adtively and strengthen trust in democ\u00adratic politics\u2019 ability to&nbsp;govern.<\/p>\n<p>As part of this project, a&nbsp;14-member commission of experts presented the results of their work concerning the key questions of security in times of rapid change, in March 2019. In this report, 55 concrete recom\u00admen\u00adda\u00adtions were made for action in the fields of education and training, social security, internal security and public insti\u00adtu\u00adtions. The report of the Expert Commission can be&nbsp;downloaded here: <a href=\"http:\/\/www.sicherheitimwandel.de\">www.<\/a><a href=\"http:\/\/www.sicherheitimwandel.de\">sicherheitimwandel.de<\/a> (in German), or parts of the report in English here: <a href=\"https:\/\/libmod.de\/en\/security-in-times-of-change\/\">https:\/\/libmod.de\/en\/security-in-times-of-change\/<\/a><br>\nFollowing up on the Commission, we want to look deeper into a&nbsp;number of the proposals made in the report. We started with the <em>basic educa\u00adtional income<\/em> for lifelong learning this summer. This concept, which puts the financing of continuous training on a&nbsp;new basis, is to be developed further. We are currently working on a&nbsp;study to examine what individual, social and economic effects a&nbsp;<em>basic educa\u00adtional income <\/em>may develop in the German context. It will be presented in January&nbsp;2021.<\/p>\n<p><strong><em>Renewal of&nbsp;Liberalism<\/em><\/strong><\/p>\n<p>LibMod is part of an inter\u00adna\u00adtional discussion with liberal-democ\u00adratic think tanks and intel\u00adlec\u00adtuals, including the \u201cForum 2000\u201d in Prague, the Polish \u201cKultura Liberalna\u201d and the IDC Herzlyia in Israel. We partic\u00adipate in confer\u00adences and seminars. In October 2020, our first inter\u00adna\u00adtional networking workshop \u201cRethinking Liber\u00adalism\u201d was held in Berlin as a&nbsp;hybrid offline\/\u200bonline event. The all-day seminar was attended by scholars and political intel\u00adlec\u00adtuals from 10 countries. We intend to expand these activ\u00adities further in&nbsp;2021.<\/p>\n<p>As a&nbsp;part of our \u201cRenewal of Liber\u00adalism\u201d project we are also cooper\u00adating with&nbsp;\u201c<a href=\"https:\/\/www.progressives-zentrum.org\/?lang=en\">Das Progressive Zentrum<\/a>\u201d to organize the \u201cChallenging Democracy\u201d event series, which examines the challenges that populism and anti-liberal movements pose for democracy. We are also conducting our \u201cLiberal Modernity Salon\u201d in Berlin regularly, to serve as a&nbsp;forum for intel\u00adlectual discus\u00adsions across party&nbsp;lines.<\/p>\n<p><strong><em>Ecological Modern\u00adization<\/em><\/strong><\/p>\n<p>Today\u2019s economy needs too many resources to be sustainable. How can we \u201cgrow smartly\u201d and maintain a&nbsp;liberal way of life without destroying global ecosystems? A&nbsp;key to recov\u00adering the economic dynamic and confi\u00addence in the ability of democ\u00adratic policies to act, is the ecological modern\u00adization of indus\u00adtrial society. It links the protection of the planetary ecosystems with a&nbsp;new boost&nbsp;in<\/p>\n<p>scien\u00adtific and techno\u00adlogical innovation. We can tackle climate change, the overex\u00adploitation of natural resources, the threat to the oceans and the loss of fertile arable land. At the same time, \u201czero growth\u201d is neither desirable nor realistic given the needs of billions of people. The answer to the ecological challenge lies in the decou\u00adpling of economic value added and natural consumption. This requires nothing less than a&nbsp;new indus\u00adtrial revolution that includes a&nbsp;long wave of innovation, investment and&nbsp;employment.<\/p>\n<p>Part of the project was the publi\u00adcation of an edited volume of the <a href=\"https:\/\/libmod.de\/en\/book-from-libmod-and-kas-soziale-marktwirtschaft-oekologisch-erneuern\/\">Renewal of the market economy<\/a> by LibMod Managing Director Ralf F\u00fccks and Thomas K\u00f6hler of the Konrad Adenauer Foundation. In this book, well-known authors discuss the regulatory guide\u00adlines for the ecological devel\u00adopment of the indus\u00adtrial society on a&nbsp;market-based foundation.<\/p>\n<p>In cooper\u00adation with the German aviation industry, we also organize a&nbsp;high-profile series of talks with repre\u00adsen\u00adta\u00adtives of aviation and parlia\u00admen\u00adtarians, members of the government and scien\u00adtists. The aim is to identify key guide\u00adlines for the future of sustainable aviation. The project will run until December 2020. We plan to continue this format with other&nbsp;industries.<\/p>\n<p>As part of this topic we are also engaged in the discussion about climate change and democracy to consider this subject from a&nbsp;less technical perspective. The question is what liberal answers we can give to climate change without resorting to author\u00adi\u00adtarian measures such as bans. We are conducting discus\u00adsions on that question in different formats, e.g. at the Forum 2000, together with the German Agency for Civic Engagement, at our Salon Liberale Moderne&nbsp;etc.<\/p>\n<p><strong><a href=\"https:\/\/www.ost-klick.de\/\" target=\"_blank\" rel=\"noopener noreferrer\"><em>O[s]tklick<\/em><\/a><br>\n<\/strong><\/p>\n<p>The initiative \u201co[s]tklick \u2014 demokratisch antworten\u201d (literal trans\u00adlation: eastklick \u2014 answering democ\u00adra\u00adt\u00adi\u00adcally) supports german reset\u00adtlers from Russia and other countries of the former Soviet Union in the promotion of democ\u00adratic discourse in Social Media and instant messenger services. By doing so, it encourages counter\u00adspeech to illiberal and far-right populist propa\u00adganda targeted at the&nbsp;community.<\/p>\n<p>o[s]tklick is a&nbsp;play on words. In German, the [s] allows it to be read as \u201cklick from the East\u201d, whereas the absence of the [s] turns it into the russian equiv\u00adalent to answer, resonance or&nbsp;echo.<\/p>\n<p>Starting point of the project are video inter\u00adviews. These are built on the diversity of the community and personal life stories, covering topics such as democracy, discrim\u00adi\u00adnation, equality of oppor\u00adtunity and migration. These and other contents are promoted\/\u200bdistributed? via social media. In addition to the online activ\u00adities, o[s]tklick offers workshops on freedom of speech, disin\u00adfor\u00admation and strategies against populist&nbsp;discourse.<\/p>\n<p>&nbsp;<\/p>\n<p>The project is funded for 2,5&nbsp;years by the Robert Bosch Foundation and by the German Federal Ministry of the Interior, Building and&nbsp;Community.<\/p>\n<p><strong><em>Analyzing Adver\u00adsaries<\/em><\/strong><\/p>\n<p>The \u201cLiberal Democracy and Its Adver\u00adsaries\u201d project examines the history of anti-liberal thought from the Weimar Republic to the present day and discusses its impor\u00adtance for analyzing and dealing with the opponents of the open society today. The aim is to provide material to citizens\u2019 initia\u00adtives, schools and other insti\u00adtu\u00adtions, individuals and organi\u00adza\u00adtions in the field of civic education and also to journalists to support their inves\u00adti\u00adgation of anti-democ\u00adratic&nbsp;forces.<\/p>\n<p>Critical analyses of 16 influ\u00adential anti-liberal thinkers and their ideas are posted on the website&nbsp;<a href=\"http:\/\/www.gegneranalyse.%20de\">www.gegneranalyse. de<\/a> and subse\u00adquen\u00adtially published as an anthology \u201c<a href=\"https:\/\/wochenschau-verlag.de\/das-alte-denken-der-neuen-rechten.html\">Das alte Denken den Neuen Rechten<\/a>\u201d (\u201cThe Old Thinking of the New Right\u201d Frankfurt 2020, all in&nbsp;German).<\/p>\n<p>In 2021, we want to focus on the new coali\u00adtions between the alter\u00adnative and middle-class milieu and right-wing actors and alter\u00adnative media driving the anti-Covid-19 protests in&nbsp;Germany.<\/p>\n<p>&nbsp;<\/p>\n<h4><strong><em>Inter\u00adna\u00adtional&nbsp;Projects&nbsp;<\/em><\/strong><\/h4>\n<p><strong><em>Russia <\/em><\/strong><\/p>\n<p>Russia has been high on LibMod\u2019s agenda since we started in 2017. Our aim is to deepen dialogue with those in favour of a&nbsp;modern, liberal society. We have two conference formats that regularly bring together experts from Russia and many other countries \u2014 the Yury-Schmidt-Conference looks at human rights, while \u201cRussia and the West\u201d is all about foreign policy towards Russia. More details about our Russia-related work can be found on <a href=\"https:\/\/russlandverstehen.eu\/ueber-uns\/unsere-projekte\/\" target=\"_blank\" rel=\"noopener\">www.russlandverstehen.eu<\/a> (German), our website devoted to under\u00adstanding&nbsp;Russia.<\/p>\n<p><strong><em>Ukraine<\/em><\/strong><\/p>\n<p>LibMod runs several Ukraine-related pro\u00adjects, making the centre the largest Ukrai\u00adnian initia\u00adtive (by the number of pro\u00adjects, areas of inter\u00adven\u00adtion and human resour\u00adces invol\u00adved) among German non-profit organi\u00adza\u00adtions. Our work includes parlia\u00admentary consul\u00adta\u00adtions with the Verkhovna Rada, expert discus\u00adsions and EU policy briefings. You can find an English-language overview about our Ukraine-related projects on <a href=\"https:\/\/ukraineverstehen.de\/ueber-uns\/our-projects\/\" target=\"_blank\" rel=\"noopener\">www.ukraineverstehen.de<\/a>, our website devoted on all things Ukrainian. The German-language site offers regular updates on the state of reforms, and on human rights in Eastern Ukraine and on the Russian-annexed Crimean&nbsp;Peninsula.<\/p>\n<p><strong><em>Commem\u00ado\u00adration of the&nbsp;Holocaust<\/em><\/strong><\/p>\n<p>Our remem\u00adbrance projects aim to reveal the largely unknown fate of the Jewish population in Ukraine during World War II. In 2021, we laid the foundation for a&nbsp;new memorial at the site of the 1941 Odesa massacre. More on this project, which is funded by the German Society for Inter\u00adna\u00adtional Cooper\u00adation (GIZ) <a href=\"https:\/\/libmod.de\/erinnerungskultur\/\" target=\"_blank\" rel=\"noopener\">can be read here<\/a> (in&nbsp;German).<\/p>\n<p><strong><em>Eastern Partnership 2.0<\/em><\/strong><\/p>\n<p>Launched in October 2019, this project brings innov\u00adative ideas and policy recom\u00admen\u00adda\u00adtions from the eastern partnership countries to Berlin. This provides experts and NGOs from Ukraine, Moldova, and Georgia with a&nbsp;platform to work together to develop recom\u00admen\u00adda\u00adtions for action to be taken by Germany and the EU. The project is supported by the Open Society Founda\u00adtions and was prolonged in 2021. Read more about it at <a href=\"https:\/\/libmod.de\/en\/project-eastern-partnership-plus\/\">Eastern Partnership Plus<\/a>.<\/p>\n<p><strong><em>Climate Change and Economic Modern\u00adization in&nbsp;Russia<\/em><\/strong><br>\nIs there a&nbsp;future beyond oil, gas &amp;&nbsp;coal for Russia and how to get&nbsp;there?<\/p>\n<p>The Russian leadership continues to rely on oil, gas and coal as the economic backbone of the political system that has developed since Putin came to power. This fossil-fuel-based model is increas\u00adingly conflicting with the goals of the Paris Climate Change Agreement and stands in the way of a&nbsp;general modern\u00adization and diver\u00adsi\u00adfi\u00adcation of the Russian economy. The project\u2019s purpose is to promote and broaden the modern\u00adization discourse in Russia against the backdrop of climate change and to develop scenarios of change towards an ecological modern\u00adization of the Russian&nbsp;economy.<\/p>\n<p>&nbsp;<\/p>\n<p>[\/vc_column_text][\/vc_column][vc_column width=\u201c1\/3\u201d][\/vc_column][\/vc_row]<\/p>\n<\/div>","protected":false},"excerpt":{"rendered":"<p>[vc_row][vc_column width=\u201c2\/3\u201d][vc_column_text] Who we are \/\u200b\u200b Project&nbsp;activ\u00adities As of November&nbsp;2020 LibMod stands up for the defense and renewal of the open society. Liberal modernity as such, i.e. the&nbsp;combi\u00adnation of&nbsp;individual...<\/p>\n","protected":false},"author":257,"featured_media":0,"parent":26877,"menu_order":7,"comment_status":"closed","ping_status":"closed","template":"","meta":{"_acf_changed":false,"wp_typography_post_enhancements_disabled":false,"footnotes":""},"class_list":["post-27073","page","type-page","status-publish"],"acf":[],"yoast_head":"<!-- This site is optimized with the Yoast SEO Premium plugin v27.4 (Yoast SEO v27.5) - https:\/\/yoast.com\/product\/yoast-seo-premium-wordpress\/ -->\n<title>Our Projects - libmod.de - Zentrum Liberale Moderne<\/title>\n<meta name=\"description\" content=\"The open society is under preasure. Here is what we do to contribute to the renewal and defence of the liberal democracy.\" \/>\n<meta name=\"robots\" content=\"index, follow, max-snippet:-1, max-image-preview:large, max-video-preview:-1\" \/>\n<link rel=\"canonical\" href=\"https:\/\/libmod.de\/en\/about-us\/our-projects\/\" \/>\n<meta property=\"og:locale\" content=\"en_US\" \/>\n<meta property=\"og:type\" content=\"article\" \/>\n<meta property=\"og:title\" content=\"Our Projects\" \/>\n<meta property=\"og:description\" content=\"The open society is under preasure. Here is what we do to contribute to the renewal and defence of the liberal democracy.\" \/>\n<meta property=\"og:url\" content=\"https:\/\/libmod.de\/en\/about-us\/our-projects\/\" \/>\n<meta property=\"og:site_name\" content=\"libmod.de - Zentrum Liberale Moderne\" \/>\n<meta property=\"article:publisher\" content=\"https:\/\/www.facebook.com\/LiberaleModerne\/\" \/>\n<meta property=\"article:modified_time\" content=\"2022-08-17T16:23:27+00:00\" \/>\n<meta name=\"twitter:card\" content=\"summary_large_image\" \/>\n<meta name=\"twitter:site\" content=\"@liberalemoderne\" \/>\n<meta name=\"twitter:label1\" content=\"Est. reading time\" \/>\n\t<meta name=\"twitter:data1\" content=\"8 minutes\" \/>\n<script type=\"application\/ld+json\" class=\"yoast-schema-graph\">{\"@context\":\"https:\\\/\\\/schema.org\",\"@graph\":[{\"@type\":\"WebPage\",\"@id\":\"https:\\\/\\\/libmod.de\\\/en\\\/about-us\\\/our-projects\\\/\",\"url\":\"https:\\\/\\\/libmod.de\\\/en\\\/about-us\\\/our-projects\\\/\",\"name\":\"Our Projects - libmod.de - Zentrum Liberale Moderne\",\"isPartOf\":{\"@id\":\"https:\\\/\\\/libmod.de\\\/#website\"},\"datePublished\":\"2018-04-05T15:08:20+00:00\",\"dateModified\":\"2022-08-17T16:23:27+00:00\",\"description\":\"The open society is under preasure. Here is what we do to contribute to the renewal and defence of the liberal democracy.\",\"breadcrumb\":{\"@id\":\"https:\\\/\\\/libmod.de\\\/en\\\/about-us\\\/our-projects\\\/#breadcrumb\"},\"inLanguage\":\"en-US\",\"potentialAction\":[{\"@type\":\"ReadAction\",\"target\":[\"https:\\\/\\\/libmod.de\\\/en\\\/about-us\\\/our-projects\\\/\"]}]},{\"@type\":\"BreadcrumbList\",\"@id\":\"https:\\\/\\\/libmod.de\\\/en\\\/about-us\\\/our-projects\\\/#breadcrumb\",\"itemListElement\":[{\"@type\":\"ListItem\",\"position\":1,\"name\":\"Startseite\",\"item\":\"https:\\\/\\\/libmod.de\\\/en\\\/\"},{\"@type\":\"ListItem\",\"position\":2,\"name\":\"About us\",\"item\":\"https:\\\/\\\/libmod.de\\\/en\\\/about-us\\\/\"},{\"@type\":\"ListItem\",\"position\":3,\"name\":\"Our Projects\"}]},{\"@type\":\"WebSite\",\"@id\":\"https:\\\/\\\/libmod.de\\\/#website\",\"url\":\"https:\\\/\\\/libmod.de\\\/\",\"name\":\"libmod.de - Zentrum Liberale Moderne\",\"description\":\"Think Tank f\u00fcr Politik in Berlin\",\"publisher\":{\"@id\":\"https:\\\/\\\/libmod.de\\\/#organization\"},\"potentialAction\":[{\"@type\":\"SearchAction\",\"target\":{\"@type\":\"EntryPoint\",\"urlTemplate\":\"https:\\\/\\\/libmod.de\\\/?s={search_term_string}\"},\"query-input\":{\"@type\":\"PropertyValueSpecification\",\"valueRequired\":true,\"valueName\":\"search_term_string\"}}],\"inLanguage\":\"en-US\"},{\"@type\":\"Organization\",\"@id\":\"https:\\\/\\\/libmod.de\\\/#organization\",\"name\":\"Zentrum Liberale Moderne\",\"url\":\"https:\\\/\\\/libmod.de\\\/\",\"logo\":{\"@type\":\"ImageObject\",\"inLanguage\":\"en-US\",\"@id\":\"https:\\\/\\\/libmod.de\\\/#\\\/schema\\\/logo\\\/image\\\/\",\"url\":\"https:\\\/\\\/libmodredaktion.fra1.digitaloceanspaces.com\\\/wp-content\\\/uploads\\\/20240905145818\\\/LibMod_Logo_XL.jpg\",\"contentUrl\":\"https:\\\/\\\/libmodredaktion.fra1.digitaloceanspaces.com\\\/wp-content\\\/uploads\\\/20240905145818\\\/LibMod_Logo_XL.jpg\",\"width\":1439,\"height\":615,\"caption\":\"Zentrum Liberale Moderne\"},\"image\":{\"@id\":\"https:\\\/\\\/libmod.de\\\/#\\\/schema\\\/logo\\\/image\\\/\"},\"sameAs\":[\"https:\\\/\\\/www.facebook.com\\\/LiberaleModerne\\\/\",\"https:\\\/\\\/x.com\\\/liberalemoderne\",\"https:\\\/\\\/www.youtube.com\\\/channel\\\/UC4Yl_V4pm1LwryD04ky54SA\",\"https:\\\/\\\/www.instagram.com\\\/libmod\\\/\",\"https:\\\/\\\/bsky.app\\\/profile\\\/libmod.de\"],\"description\":\"Das Zentrum Liberale Moderne ist ein politischer Think Tank und eine Debattenplattform. LibMod steht f\u00fcr die Verteidigung und Erneuerung der liberalen Demokratie, f\u00fcr den Aufbruch in die \u00f6kologische Moderne und f\u00fcr eine fundierte Osteuropa-Expertise.\"}]}<\/script>\n<!-- \/ Yoast SEO Premium plugin. -->","yoast_head_json":{"title":"Our Projects - libmod.de - Zentrum Liberale Moderne","description":"The open society is under preasure. Here is what we do to contribute to the renewal and defence of the liberal democracy.","robots":{"index":"index","follow":"follow","max-snippet":"max-snippet:-1","max-image-preview":"max-image-preview:large","max-video-preview":"max-video-preview:-1"},"canonical":"https:\/\/libmod.de\/en\/about-us\/our-projects\/","og_locale":"en_US","og_type":"article","og_title":"Our Projects","og_description":"The open society is under preasure. Here is what we do to contribute to the renewal and defence of the liberal democracy.","og_url":"https:\/\/libmod.de\/en\/about-us\/our-projects\/","og_site_name":"libmod.de - Zentrum Liberale Moderne","article_publisher":"https:\/\/www.facebook.com\/LiberaleModerne\/","article_modified_time":"2022-08-17T16:23:27+00:00","twitter_card":"summary_large_image","twitter_site":"@liberalemoderne","twitter_misc":{"Est. reading time":"8 minutes"},"schema":{"@context":"https:\/\/schema.org","@graph":[{"@type":"WebPage","@id":"https:\/\/libmod.de\/en\/about-us\/our-projects\/","url":"https:\/\/libmod.de\/en\/about-us\/our-projects\/","name":"Our Projects - libmod.de - Zentrum Liberale Moderne","isPartOf":{"@id":"https:\/\/libmod.de\/#website"},"datePublished":"2018-04-05T15:08:20+00:00","dateModified":"2022-08-17T16:23:27+00:00","description":"The open society is under preasure. Here is what we do to contribute to the renewal and defence of the liberal democracy.","breadcrumb":{"@id":"https:\/\/libmod.de\/en\/about-us\/our-projects\/#breadcrumb"},"inLanguage":"en-US","potentialAction":[{"@type":"ReadAction","target":["https:\/\/libmod.de\/en\/about-us\/our-projects\/"]}]},{"@type":"BreadcrumbList","@id":"https:\/\/libmod.de\/en\/about-us\/our-projects\/#breadcrumb","itemListElement":[{"@type":"ListItem","position":1,"name":"Startseite","item":"https:\/\/libmod.de\/en\/"},{"@type":"ListItem","position":2,"name":"About us","item":"https:\/\/libmod.de\/en\/about-us\/"},{"@type":"ListItem","position":3,"name":"Our Projects"}]},{"@type":"WebSite","@id":"https:\/\/libmod.de\/#website","url":"https:\/\/libmod.de\/","name":"libmod.de - Zentrum Liberale Moderne","description":"Think Tank f\u00fcr Politik in Berlin","publisher":{"@id":"https:\/\/libmod.de\/#organization"},"potentialAction":[{"@type":"SearchAction","target":{"@type":"EntryPoint","urlTemplate":"https:\/\/libmod.de\/?s={search_term_string}"},"query-input":{"@type":"PropertyValueSpecification","valueRequired":true,"valueName":"search_term_string"}}],"inLanguage":"en-US"},{"@type":"Organization","@id":"https:\/\/libmod.de\/#organization","name":"Zentrum Liberale Moderne","url":"https:\/\/libmod.de\/","logo":{"@type":"ImageObject","inLanguage":"en-US","@id":"https:\/\/libmod.de\/#\/schema\/logo\/image\/","url":"https:\/\/libmodredaktion.fra1.digitaloceanspaces.com\/wp-content\/uploads\/20240905145818\/LibMod_Logo_XL.jpg","contentUrl":"https:\/\/libmodredaktion.fra1.digitaloceanspaces.com\/wp-content\/uploads\/20240905145818\/LibMod_Logo_XL.jpg","width":1439,"height":615,"caption":"Zentrum Liberale Moderne"},"image":{"@id":"https:\/\/libmod.de\/#\/schema\/logo\/image\/"},"sameAs":["https:\/\/www.facebook.com\/LiberaleModerne\/","https:\/\/x.com\/liberalemoderne","https:\/\/www.youtube.com\/channel\/UC4Yl_V4pm1LwryD04ky54SA","https:\/\/www.instagram.com\/libmod\/","https:\/\/bsky.app\/profile\/libmod.de"],"description":"Das Zentrum Liberale Moderne ist ein politischer Think Tank und eine Debattenplattform. LibMod steht f\u00fcr die Verteidigung und Erneuerung der liberalen Demokratie, f\u00fcr den Aufbruch in die \u00f6kologische Moderne und f\u00fcr eine fundierte Osteuropa-Expertise."}]}},"_links":{"self":[{"href":"https:\/\/libmod.de\/en\/wp-json\/wp\/v2\/pages\/27073","targetHints":{"allow":["GET"]}}],"collection":[{"href":"https:\/\/libmod.de\/en\/wp-json\/wp\/v2\/pages"}],"about":[{"href":"https:\/\/libmod.de\/en\/wp-json\/wp\/v2\/types\/page"}],"author":[{"embeddable":true,"href":"https:\/\/libmod.de\/en\/wp-json\/wp\/v2\/users\/257"}],"replies":[{"embeddable":true,"href":"https:\/\/libmod.de\/en\/wp-json\/wp\/v2\/comments?post=27073"}],"version-history":[{"count":12,"href":"https:\/\/libmod.de\/en\/wp-json\/wp\/v2\/pages\/27073\/revisions"}],"predecessor-version":[{"id":44151,"href":"https:\/\/libmod.de\/en\/wp-json\/wp\/v2\/pages\/27073\/revisions\/44151"}],"up":[{"embeddable":true,"href":"https:\/\/libmod.de\/en\/wp-json\/wp\/v2\/pages\/26877"}],"wp:attachment":[{"href":"https:\/\/libmod.de\/en\/wp-json\/wp\/v2\/media?parent=27073"}],"curies":[{"name":"wp","href":"https:\/\/api.w.org\/{rel}","templated":true}]}}