{"id":27094,"date":"2018-04-05T17:52:23","date_gmt":"2018-04-05T15:52:23","guid":{"rendered":"http:\/\/libmod.de\/?page_id=27094"},"modified":"2025-01-15T14:40:20","modified_gmt":"2025-01-15T13:40:20","slug":"contact","status":"publish","type":"page","link":"https:\/\/libmod.de\/en\/contact\/","title":{"rendered":"Contact"},"content":{"rendered":"<div class=\"wpb-content-wrapper\"><p>[vc_row][vc_column width=\u201c2\/3\u201d][vc_column_text]Zentrum Liberale&nbsp;Moderne<br>\nReinhardt\u00adstrasse&nbsp;15<br>\n10117&nbsp;Berlin<\/p>\n<p>Phone +49 30&nbsp;25095870<br>\nFax +49 30&nbsp;25095871<br>\nEmail <a href=\"mailto:office@libmod.de\">office@libmod.de<\/a><a href=\"mailto:info@libmod.de\"><br>\n<\/a>Website&nbsp;<a href=\"https:\/\/libmod.de\">libmod.de<\/a><\/p>\n<p><a href=\"#legal\">Legal infor\u00admation<\/a><\/p>\n<p><span style=\"color: #ffffff;\">.<\/span>[\/vc_column_text][\/vc_column][vc_column width=\u201c1\/3\u201d][\/vc_column][\/vc_row][vc_row][vc_column][vc_separator][\/vc_column][\/vc_row][vc_row][vc_column width=\u201c1\/3\u201d][vc_column_text]<\/p>\n<h1>Mail us<\/h1>\n<p>[\/\u200bvc_\u200bcolumn_\u200btext]\n<\/p><div class=\"wpcf7 no-js\" id=\"wpcf7-f74-o1\" lang=\"de-DE\" dir=\"ltr\" data-wpcf7-id=\"74\">\n<div class=\"screen-reader-response\"><p role=\"status\" aria-live=\"polite\" aria-atomic=\"true\"><\/p> <ul><\/ul><\/div>\n<form action=\"\/en\/wp-json\/wp\/v2\/pages\/27094#wpcf7-f74-o1\" method=\"post\" class=\"wpcf7-form init\" aria-label=\"Kontaktformular\" novalidate=\"novalidate\" data-status=\"init\">\n<fieldset class=\"hidden-fields-container\"><legend class=\"screen-reader-text\">Hidden fields<\/legend><input type=\"hidden\" name=\"_wpcf7\" value=\"74\"><input type=\"hidden\" name=\"_wpcf7_version\" value=\"6.1.5\"><input type=\"hidden\" name=\"_wpcf7_locale\" value=\"de_DE\"><input type=\"hidden\" name=\"_wpcf7_unit_tag\" value=\"wpcf7-f74-o1\"><input type=\"hidden\" name=\"_wpcf7_container_post\" value=\"0\"><input type=\"hidden\" name=\"_wpcf7_posted_data_hash\" value>\n<\/fieldset>\n<label> Ihr Name \/\u200b Your name *\n    <span class=\"wpcf7-form-control-wrap\" data-name=\"your-name\"><input size=\"40\" maxlength=\"400\" class=\"wpcf7-form-control wpcf7-text wpcf7-validates-as-required\" aria-required=\"true\" aria-invalid=\"false\" value type=\"text\" name=\"your-name\"><\/span> <\/label>\n\n<label> E\u2011Mail-Adresse \/\u200b Your email *\n    <span class=\"wpcf7-form-control-wrap\" data-name=\"your-email\"><input size=\"40\" maxlength=\"400\" class=\"wpcf7-form-control wpcf7-email wpcf7-validates-as-required wpcf7-text wpcf7-validates-as-email\" aria-required=\"true\" aria-invalid=\"false\" value type=\"email\" name=\"your-email\"><\/span> <\/label>\n\n<label> Betreff \/\u200b Subject\n    <span class=\"wpcf7-form-control-wrap\" data-name=\"your-subject\"><input size=\"40\" maxlength=\"400\" class=\"wpcf7-form-control wpcf7-text\" aria-invalid=\"false\" value type=\"text\" name=\"your-subject\"><\/span> <\/label>\n\n<label> Ihre Nachricht \/\u200b Your&nbsp;message&nbsp;<span class=\"wpcf7-form-control-wrap\" data-name=\"your-message\"><textarea cols=\"40\" rows=\"10\" maxlength=\"2000\" class=\"wpcf7-form-control wpcf7-textarea\" aria-invalid=\"false\" name=\"your-message\"><\/textarea><\/span> <\/label>\n\n<span class=\"wpcf7-form-control-wrap\" data-name=\"DatenschutzOK\"><span class=\"wpcf7-form-control wpcf7-acceptance\"><span class=\"wpcf7-list-item\"><input type=\"checkbox\" name=\"DatenschutzOK\" value=\"1\" aria-invalid=\"false\"><\/span><\/span><\/span> Mit den Bestim\u00admungen der <a href=\"https:\/\/libmod.de\/datenschutzerklaerung\/\" target=\"_blank\" rel=\"noopener\">Daten\u00adschutzerk\u00adl\u00e4rung<\/a> bin ich einver\u00adstanden. (Bitte anklicken)\nI&nbsp;agree with the condi\u00adtions in the <a href=\"https:\/\/libmod.de\/en\/data-policy-german\/\" target=\"_blank\" rel=\"noopener\">privacy policy<\/a>. (Please check)\n\n<span class=\"wpcf7-form-control-wrap\" data-name=\"quiz-502\"><label><span class=\"wpcf7-quiz-label\">Bitte l\u00f6sen: 9 + 2 =<\/span> <input size=\"40\" class=\"wpcf7-form-control wpcf7-quiz\" autocomplete=\"off\" aria-required=\"true\" aria-invalid=\"false\" type=\"text\" name=\"quiz-502\"><\/label><input type=\"hidden\" name=\"_wpcf7_quiz_answer_quiz-502\" value=\"e8f181af987afb8b6b5d7e52e4baadf7\"><\/span>\n\n\n<input class=\"wpcf7-form-control wpcf7-submit has-spinner\" type=\"submit\" value=\"Abschicken \/ Submit\"><div class=\"wpcf7-response-output\" aria-hidden=\"true\"><\/div>\n<\/form>\n<\/div>\n[\/vc_column][vc_column width=\u201c1\/3\u201d][\/vc_column][vc_column width=\u201c1\/3\u201d][\/vc_column][\/vc_row][vc_row][vc_column][vc_column_text]<code><a id=\"legal\"><\/a><\/code>[\/vc_column_text][vc_separator][\/vc_column][\/vc_row][vc_row][vc_column width=\u201c2\/3\u201d][vc_column_text]\n<h1>Legal Infor\u00admation (German)<\/h1>\n<p>Verant\u00adwortlich f\u00fcr diese Seiten gem\u00e4\u00df Telemediengesetz:<\/p>\n<p>Zentrum f\u00fcr die liberale Moderne&nbsp;gGmbH<br>\nGesch\u00e4fts\u00adf\u00fchrer: Ralf F\u00fccks, Irene Hahn-Fuhr, Christoph&nbsp;Becker<br>\nReinhardtstr. 15, 10117&nbsp;Berlin<br>\nTelefon +49 30&nbsp;25095870<br>\nE\u2011Mail <a href=\"mailto:office@libmod.de\">office@libmod.de<\/a><\/p>\n<p style=\"font-weight: 400;\">Umsatzs\u00adteuer-Identi\u00adfika\u00adtion\u00adsnummer gem\u00e4\u00df \u00a727 a&nbsp;Umsatzs\u00adteuergesetz:&nbsp;DE315452648<\/p>\n<p>Redaktion:<br>\nRalf&nbsp;F\u00fccks<br>\nOliver&nbsp;Geheeb<br>\nChristoph&nbsp;Becker<\/p>\n<p>Design: <a href=\"http:\/\/www.boros.de\/\">www.boros.de<\/a><br>\nWebsite:&nbsp;<a href=\"http:\/\/www.bludot.berlin\/\">www.bludot.berlin<\/a><\/p>\n<p>Bei aller Sorgfalt \u00fcbernehmen wir keine Gew\u00e4hr f\u00fcr die Richtigkeit, Vollst\u00e4ndigkeit oder Aktualit\u00e4t der&nbsp;auf dieser Website angebotenen Infor\u00adma\u00adtionen. F\u00fcr externe Webseiten haften deren&nbsp;Betreiber.<\/p>\n<p>Kosten\u00adnoten anwaltlicher Abmah\u00adnungen ohne vorherge\u00adhende Kontak\u00adtauf\u00adnahme mit uns werden im Sinne der Schaden\u00admin\u00adderungspflicht als unbegr\u00fcndet zur\u00fcckgewiesen.<\/p>\n<p><a href=\"https:\/\/libmod.de\/datenschutz\/\" target=\"_blank\" rel=\"noopener noreferrer\">Daten\u00adschutzerk\u00adl\u00e4rung<\/a>[\/vc_column_text][\/vc_column][vc_column width=\u201c1\/3\u201d][\/vc_column][\/vc_row]<\/p>\n<\/div>","protected":false},"excerpt":{"rendered":"<p>[vc_row][vc_column width=\u201c2\/3\u201d][vc_column_text]Zentrum Liberale&nbsp;Moderne Reinhardt\u00adstrasse&nbsp;15 10117&nbsp;Berlin Phone +49 30&nbsp;25095870 Fax +49 30&nbsp;25095871 Email office@libmod.de Website&nbsp;libmod.de Legal infor\u00admation .[\/vc_column_text][\/vc_column][vc_column width=\u201c1\/3\u201d][\/vc_column][\/vc_row][vc_row][vc_column][vc_separator][\/vc_column][\/vc_row][vc_row][vc_column width=\u201c1\/3\u201d][vc_column_text] Mail us [\/vc_column_text][\/vc_column][vc_column width=\u201c1\/3\u201d][\/vc_column][vc_column width=\u201c1\/3\u201d][\/vc_column][\/vc_row][vc_row][vc_column][vc_column_text][\/vc_column_text][vc_separator][\/vc_column][\/vc_row][vc_row][vc_column width=\u201c2\/3\u201d][vc_column_text] Legal Infor\u00admation (German) Verant\u00adwortlich&nbsp;f\u00fcr...<\/p>\n","protected":false},"author":257,"featured_media":0,"parent":0,"menu_order":6,"comment_status":"closed","ping_status":"closed","template":"","meta":{"_acf_changed":false,"wp_typography_post_enhancements_disabled":false,"footnotes":""},"class_list":["post-27094","page","type-page","status-publish"],"acf":[],"yoast_head":"<!-- This site is optimized with the Yoast SEO Premium plugin v27.4 (Yoast SEO v27.4) - https:\/\/yoast.com\/product\/yoast-seo-premium-wordpress\/ -->\n<title>Contact - libmod.de - Zentrum Liberale Moderne<\/title>\n<meta name=\"robots\" content=\"index, follow, max-snippet:-1, max-image-preview:large, max-video-preview:-1\" \/>\n<link rel=\"canonical\" href=\"https:\/\/libmod.de\/en\/contact\/\" \/>\n<meta property=\"og:locale\" content=\"en_US\" \/>\n<meta property=\"og:type\" content=\"article\" \/>\n<meta property=\"og:title\" content=\"Contact\" \/>\n<meta property=\"og:description\" content=\"[vc_row][vc_column width=\u201c2\/3\u201d][vc_column_text]Zentrum Liberale&nbsp;Moderne Reinhardt\u00adstrasse&nbsp;15 10117&nbsp;Berlin Phone +49 30&nbsp;25095870 Fax +49 30&nbsp;25095871 Email office@libmod.de Website&nbsp;libmod.de Legal infor\u00admation .[\/vc_column_text][\/vc_column][vc_column width=\u201c1\/3\u201d][\/vc_column][\/vc_row][vc_row][vc_column][vc_separator][\/vc_column][\/vc_row][vc_row][vc_column width=\u201c1\/3\u201d][vc_column_text] Mail us [\/vc_column_text][\/vc_column][vc_column width=\u201c1\/3\u201d][\/vc_column][vc_column width=\u201c1\/3\u201d][\/vc_column][\/vc_row][vc_row][vc_column][vc_column_text][\/vc_column_text][vc_separator][\/vc_column][\/vc_row][vc_row][vc_column width=\u201c2\/3\u201d][vc_column_text] Legal Infor\u00admation (German) Verant\u00adwortlich f\u00fcr...\" \/>\n<meta property=\"og:url\" content=\"https:\/\/libmod.de\/en\/contact\/\" \/>\n<meta property=\"og:site_name\" content=\"libmod.de - Zentrum Liberale Moderne\" \/>\n<meta property=\"article:publisher\" content=\"https:\/\/www.facebook.com\/LiberaleModerne\/\" \/>\n<meta property=\"article:modified_time\" content=\"2025-01-15T13:40:20+00:00\" \/>\n<meta name=\"twitter:card\" content=\"summary_large_image\" \/>\n<meta name=\"twitter:site\" content=\"@liberalemoderne\" \/>\n<meta name=\"twitter:label1\" content=\"Est. reading time\" \/>\n\t<meta name=\"twitter:data1\" content=\"1 minute\" \/>\n<script type=\"application\/ld+json\" class=\"yoast-schema-graph\">{\"@context\":\"https:\\\/\\\/schema.org\",\"@graph\":[{\"@type\":\"WebPage\",\"@id\":\"https:\\\/\\\/libmod.de\\\/en\\\/contact\\\/\",\"url\":\"https:\\\/\\\/libmod.de\\\/en\\\/contact\\\/\",\"name\":\"Contact - libmod.de - Zentrum Liberale Moderne\",\"isPartOf\":{\"@id\":\"https:\\\/\\\/libmod.de\\\/#website\"},\"datePublished\":\"2018-04-05T15:52:23+00:00\",\"dateModified\":\"2025-01-15T13:40:20+00:00\",\"breadcrumb\":{\"@id\":\"https:\\\/\\\/libmod.de\\\/en\\\/contact\\\/#breadcrumb\"},\"inLanguage\":\"en-US\",\"potentialAction\":[{\"@type\":\"ReadAction\",\"target\":[\"https:\\\/\\\/libmod.de\\\/en\\\/contact\\\/\"]}]},{\"@type\":\"BreadcrumbList\",\"@id\":\"https:\\\/\\\/libmod.de\\\/en\\\/contact\\\/#breadcrumb\",\"itemListElement\":[{\"@type\":\"ListItem\",\"position\":1,\"name\":\"Startseite\",\"item\":\"https:\\\/\\\/libmod.de\\\/en\\\/\"},{\"@type\":\"ListItem\",\"position\":2,\"name\":\"Contact\"}]},{\"@type\":\"WebSite\",\"@id\":\"https:\\\/\\\/libmod.de\\\/#website\",\"url\":\"https:\\\/\\\/libmod.de\\\/\",\"name\":\"libmod.de - Zentrum Liberale Moderne\",\"description\":\"Think Tank f\u00fcr Politik in Berlin\",\"publisher\":{\"@id\":\"https:\\\/\\\/libmod.de\\\/#organization\"},\"potentialAction\":[{\"@type\":\"SearchAction\",\"target\":{\"@type\":\"EntryPoint\",\"urlTemplate\":\"https:\\\/\\\/libmod.de\\\/?s={search_term_string}\"},\"query-input\":{\"@type\":\"PropertyValueSpecification\",\"valueRequired\":true,\"valueName\":\"search_term_string\"}}],\"inLanguage\":\"en-US\"},{\"@type\":\"Organization\",\"@id\":\"https:\\\/\\\/libmod.de\\\/#organization\",\"name\":\"Zentrum Liberale Moderne\",\"url\":\"https:\\\/\\\/libmod.de\\\/\",\"logo\":{\"@type\":\"ImageObject\",\"inLanguage\":\"en-US\",\"@id\":\"https:\\\/\\\/libmod.de\\\/#\\\/schema\\\/logo\\\/image\\\/\",\"url\":\"https:\\\/\\\/libmodredaktion.fra1.digitaloceanspaces.com\\\/wp-content\\\/uploads\\\/20240905145818\\\/LibMod_Logo_XL.jpg\",\"contentUrl\":\"https:\\\/\\\/libmodredaktion.fra1.digitaloceanspaces.com\\\/wp-content\\\/uploads\\\/20240905145818\\\/LibMod_Logo_XL.jpg\",\"width\":1439,\"height\":615,\"caption\":\"Zentrum Liberale Moderne\"},\"image\":{\"@id\":\"https:\\\/\\\/libmod.de\\\/#\\\/schema\\\/logo\\\/image\\\/\"},\"sameAs\":[\"https:\\\/\\\/www.facebook.com\\\/LiberaleModerne\\\/\",\"https:\\\/\\\/x.com\\\/liberalemoderne\",\"https:\\\/\\\/www.youtube.com\\\/channel\\\/UC4Yl_V4pm1LwryD04ky54SA\",\"https:\\\/\\\/www.instagram.com\\\/libmod\\\/\",\"https:\\\/\\\/bsky.app\\\/profile\\\/libmod.de\"],\"description\":\"Das Zentrum Liberale Moderne ist ein politischer Think Tank und eine Debattenplattform. LibMod steht f\u00fcr die Verteidigung und Erneuerung der liberalen Demokratie, f\u00fcr den Aufbruch in die \u00f6kologische Moderne und f\u00fcr eine fundierte Osteuropa-Expertise.\"}]}<\/script>\n<!-- \/ Yoast SEO Premium plugin. -->","yoast_head_json":{"title":"Contact - libmod.de - Zentrum Liberale Moderne","robots":{"index":"index","follow":"follow","max-snippet":"max-snippet:-1","max-image-preview":"max-image-preview:large","max-video-preview":"max-video-preview:-1"},"canonical":"https:\/\/libmod.de\/en\/contact\/","og_locale":"en_US","og_type":"article","og_title":"Contact","og_description":"[vc_row][vc_column width=\u201c2\/3\u201d][vc_column_text]Zentrum Liberale&nbsp;Moderne Reinhardt\u00adstrasse&nbsp;15 10117&nbsp;Berlin Phone +49 30&nbsp;25095870 Fax +49 30&nbsp;25095871 Email office@libmod.de Website&nbsp;libmod.de Legal infor\u00admation .[\/vc_column_text][\/vc_column][vc_column width=\u201c1\/3\u201d][\/vc_column][\/vc_row][vc_row][vc_column][vc_separator][\/vc_column][\/vc_row][vc_row][vc_column width=\u201c1\/3\u201d][vc_column_text] Mail us [\/vc_column_text][\/vc_column][vc_column width=\u201c1\/3\u201d][\/vc_column][vc_column width=\u201c1\/3\u201d][\/vc_column][\/vc_row][vc_row][vc_column][vc_column_text][\/vc_column_text][vc_separator][\/vc_column][\/vc_row][vc_row][vc_column width=\u201c2\/3\u201d][vc_column_text] Legal Infor\u00admation (German) Verant\u00adwortlich f\u00fcr...","og_url":"https:\/\/libmod.de\/en\/contact\/","og_site_name":"libmod.de - Zentrum Liberale Moderne","article_publisher":"https:\/\/www.facebook.com\/LiberaleModerne\/","article_modified_time":"2025-01-15T13:40:20+00:00","twitter_card":"summary_large_image","twitter_site":"@liberalemoderne","twitter_misc":{"Est. reading time":"1 minute"},"schema":{"@context":"https:\/\/schema.org","@graph":[{"@type":"WebPage","@id":"https:\/\/libmod.de\/en\/contact\/","url":"https:\/\/libmod.de\/en\/contact\/","name":"Contact - libmod.de - Zentrum Liberale Moderne","isPartOf":{"@id":"https:\/\/libmod.de\/#website"},"datePublished":"2018-04-05T15:52:23+00:00","dateModified":"2025-01-15T13:40:20+00:00","breadcrumb":{"@id":"https:\/\/libmod.de\/en\/contact\/#breadcrumb"},"inLanguage":"en-US","potentialAction":[{"@type":"ReadAction","target":["https:\/\/libmod.de\/en\/contact\/"]}]},{"@type":"BreadcrumbList","@id":"https:\/\/libmod.de\/en\/contact\/#breadcrumb","itemListElement":[{"@type":"ListItem","position":1,"name":"Startseite","item":"https:\/\/libmod.de\/en\/"},{"@type":"ListItem","position":2,"name":"Contact"}]},{"@type":"WebSite","@id":"https:\/\/libmod.de\/#website","url":"https:\/\/libmod.de\/","name":"libmod.de - Zentrum Liberale Moderne","description":"Think Tank f\u00fcr Politik in Berlin","publisher":{"@id":"https:\/\/libmod.de\/#organization"},"potentialAction":[{"@type":"SearchAction","target":{"@type":"EntryPoint","urlTemplate":"https:\/\/libmod.de\/?s={search_term_string}"},"query-input":{"@type":"PropertyValueSpecification","valueRequired":true,"valueName":"search_term_string"}}],"inLanguage":"en-US"},{"@type":"Organization","@id":"https:\/\/libmod.de\/#organization","name":"Zentrum Liberale Moderne","url":"https:\/\/libmod.de\/","logo":{"@type":"ImageObject","inLanguage":"en-US","@id":"https:\/\/libmod.de\/#\/schema\/logo\/image\/","url":"https:\/\/libmodredaktion.fra1.digitaloceanspaces.com\/wp-content\/uploads\/20240905145818\/LibMod_Logo_XL.jpg","contentUrl":"https:\/\/libmodredaktion.fra1.digitaloceanspaces.com\/wp-content\/uploads\/20240905145818\/LibMod_Logo_XL.jpg","width":1439,"height":615,"caption":"Zentrum Liberale Moderne"},"image":{"@id":"https:\/\/libmod.de\/#\/schema\/logo\/image\/"},"sameAs":["https:\/\/www.facebook.com\/LiberaleModerne\/","https:\/\/x.com\/liberalemoderne","https:\/\/www.youtube.com\/channel\/UC4Yl_V4pm1LwryD04ky54SA","https:\/\/www.instagram.com\/libmod\/","https:\/\/bsky.app\/profile\/libmod.de"],"description":"Das Zentrum Liberale Moderne ist ein politischer Think Tank und eine Debattenplattform. LibMod steht f\u00fcr die Verteidigung und Erneuerung der liberalen Demokratie, f\u00fcr den Aufbruch in die \u00f6kologische Moderne und f\u00fcr eine fundierte Osteuropa-Expertise."}]}},"_links":{"self":[{"href":"https:\/\/libmod.de\/en\/wp-json\/wp\/v2\/pages\/27094","targetHints":{"allow":["GET"]}}],"collection":[{"href":"https:\/\/libmod.de\/en\/wp-json\/wp\/v2\/pages"}],"about":[{"href":"https:\/\/libmod.de\/en\/wp-json\/wp\/v2\/types\/page"}],"author":[{"embeddable":true,"href":"https:\/\/libmod.de\/en\/wp-json\/wp\/v2\/users\/257"}],"replies":[{"embeddable":true,"href":"https:\/\/libmod.de\/en\/wp-json\/wp\/v2\/comments?post=27094"}],"version-history":[{"count":7,"href":"https:\/\/libmod.de\/en\/wp-json\/wp\/v2\/pages\/27094\/revisions"}],"predecessor-version":[{"id":68966,"href":"https:\/\/libmod.de\/en\/wp-json\/wp\/v2\/pages\/27094\/revisions\/68966"}],"wp:attachment":[{"href":"https:\/\/libmod.de\/en\/wp-json\/wp\/v2\/media?parent=27094"}],"curies":[{"name":"wp","href":"https:\/\/api.w.org\/{rel}","templated":true}]}}