{"id":27250,"date":"2018-04-14T23:05:25","date_gmt":"2018-04-14T21:05:25","guid":{"rendered":"http:\/\/libmod.de\/?page_id=27250"},"modified":"2026-03-07T23:46:06","modified_gmt":"2026-03-07T22:46:06","slug":"advisory-board","status":"publish","type":"page","link":"https:\/\/libmod.de\/en\/about-us\/advisory-board\/","title":{"rendered":"Advisory Board"},"content":{"rendered":"<div class=\"wpb-content-wrapper\"><p>[vc_row][vc_column width=\u201c1\/6\u201d][\/vc_column][vc_column width=\u201c3\/6\u201d][vc_column_text css=\u201c\u201d]<strong>Danyal Bayaz <\/strong><br>\nMinister of Finance of Baden-W\u00fcrttemberg, B\u00fcndnis 90\/\u200bThe&nbsp;Greens<\/p>\n<p><strong>Jan Claas&nbsp;Behrends&nbsp;<\/strong><br>\nProfessor, Europa-University Viadrina<\/p>\n<p><strong>Yevgenia Belorusets <\/strong><br>\nArtist and&nbsp;Author<\/p>\n<p><strong>Marianne Birthler <\/strong><br>\nFormer Federal Commis\u00adsioner for the Records of the State Security Service of the former GDR, B\u00fcndnis 90\/\u200bThe&nbsp;Greens<\/p>\n<p><strong>Tanja B\u00f6rzel <\/strong><br>\nProfessor, Free University Berlin, SCRIPTS&nbsp;Berlin<\/p>\n<p><strong>Sabine D\u00f6ring<\/strong><br>\nProfessor, University T\u00fcbingen &amp;&nbsp;former State&nbsp;Secretary<\/p>\n<p><strong>Freytag von Loringhoven<\/strong><br>\nGerman diplomat, former Ambas\u00adsador of the Federal Republic of Germany to the Republic of&nbsp;Poland<\/p>\n<p><strong>Gustav C.&nbsp;Gressel&nbsp;<\/strong><br>\nFederal Ministry of Defence of&nbsp;Austria<\/p>\n<p><strong>Rebecca Harms <\/strong><br>\nFormer Member of the European Parliament, EFA\/\u200bThe&nbsp;Greens<\/p>\n<p><strong>John Herbst <\/strong><br>\nDirector, Dinu Patriciu Eurasia Center, Atlantic&nbsp;Council<\/p>\n<p><strong>Karen Horn <\/strong><br>\nProfessor, University&nbsp;Erfurt<\/p>\n<p><strong>Sergi Kapanadze <\/strong><br>\nDirector, Georgia\u2019s Reforms Associates (GRASS)<\/p>\n<p><strong>Roderich Kiesewetter <\/strong><br>\nMember of the German Parliament, CDU<\/p>\n<p><strong>Thomas Kleine-Brockhoff <\/strong><br>\nDirector, German Council on Foreign&nbsp;Relations<\/p>\n<p><strong>Brigitte Knopf <\/strong><br>\nDirector, Zukunft Klimasozial<\/p>\n<p><strong>Sergey Lagodinsky <\/strong><br>\nMember of the European Parliament, EFA\/\u200bThe&nbsp;Greens<\/p>\n<p><strong>Remko Leemhuis <\/strong><br>\nDirector, American Jewish&nbsp;Committee<\/p>\n<p><strong>Fred Luks <\/strong><br>\nEconomist, Sustain\u00adability researcher and&nbsp;Publicist<\/p>\n<p><strong>Ahmad Mansour <\/strong><br>\nDirector, MIND&nbsp;Prevention<\/p>\n<p><strong>Markus Meckel <\/strong><br>\nFormer Member of the German Parliament, SPD<\/p>\n<p><strong>Carlo Masala <\/strong><br>\nProfessor, University of the Federal Armed Forces&nbsp;Munich<\/p>\n<p><strong>Christoph M\u00f6llers <\/strong><br>\nProfessor, Humboldt University&nbsp;Berlin<\/p>\n<p><strong>Jan-Werner M\u00fcller <\/strong><br>\nProfessor, Princeton&nbsp;University<\/p>\n<p><strong>Kerstin M\u00fcller <\/strong><br>\nAssociate Fellow, DGAP and Project Coordi\u00adnator,&nbsp;LibMod<\/p>\n<p><strong>Jannis Panagi\u00ado\u00adtidis <\/strong><br>\nProfessor, University&nbsp;Vienna<\/p>\n<p><strong>Irina Scherbakova <\/strong><br>\nDirector, Zukunft&nbsp;Memorial<\/p>\n<p><strong>Daniela Schwarzer <\/strong><br>\nDirector, Bertelsmann Stiftung<\/p>\n<p><strong>Oleksandr Sushko <\/strong><br>\nDirector, Inter\u00adna\u00adtional Renais\u00adsance&nbsp;Foundation<\/p>\n<p><strong>Robin Wagener <\/strong><br>\nMember of the German Parliament, B\u00fcndnis 90\/\u200bThe&nbsp;Greens<\/p>\n<p><strong>Volodymyr Yermolenko <\/strong><br>\nPhilosopher and Author[\/vc_column_text][\/vc_column][vc_column width=\u201c2\/6\u201d][\/vc_column][\/vc_row]<\/p>\n<\/div>","protected":false},"excerpt":{"rendered":"<p>[vc_row][vc_column width=\u201c1\/6\u201d][\/vc_column][vc_column width=\u201c3\/6\u201d][vc_column_text css=\u201c\u201d]Danyal Bayaz Minister of Finance of Baden-W\u00fcrttemberg, B\u00fcndnis 90\/\u200b\u200bThe&nbsp;Greens Jan Claas&nbsp;Behrends&nbsp; Professor, Europa-University Viadrina Yevgenia Belorusets Artist and&nbsp;Author Marianne Birthler Former Federal Commis\u00adsioner for the Records&nbsp;of...<\/p>\n","protected":false},"author":257,"featured_media":0,"parent":26877,"menu_order":3,"comment_status":"closed","ping_status":"closed","template":"","meta":{"_acf_changed":false,"wp_typography_post_enhancements_disabled":false,"footnotes":""},"class_list":["post-27250","page","type-page","status-publish"],"acf":[],"yoast_head":"<!-- This site is optimized with the Yoast SEO Premium plugin v27.0 (Yoast SEO v27.3) - https:\/\/yoast.com\/product\/yoast-seo-premium-wordpress\/ -->\n<title>Advisory Board - libmod.de - Zentrum Liberale Moderne<\/title>\n<meta name=\"robots\" content=\"index, follow, max-snippet:-1, max-image-preview:large, max-video-preview:-1\" \/>\n<link rel=\"canonical\" href=\"https:\/\/libmod.de\/en\/about-us\/advisory-board\/\" \/>\n<meta property=\"og:locale\" content=\"en_US\" \/>\n<meta property=\"og:type\" content=\"article\" \/>\n<meta property=\"og:title\" content=\"Advisory Board\" \/>\n<meta property=\"og:description\" content=\"[vc_row][vc_column width=\u201c1\/6\u201d][\/vc_column][vc_column width=\u201c3\/6\u201d][vc_column_text css=\u201c\u201d]Danyal Bayaz Minister of Finance of Baden-W\u00fcrttemberg, B\u00fcndnis 90\/\u200bThe&nbsp;Greens Jan Claas&nbsp;Behrends&nbsp; Professor, Europa-University Viadrina Yevgenia Belorusets Artist and&nbsp;Author Marianne Birthler Former Federal Commis\u00adsioner for the Records of...\" \/>\n<meta property=\"og:url\" content=\"https:\/\/libmod.de\/en\/about-us\/advisory-board\/\" \/>\n<meta property=\"og:site_name\" content=\"libmod.de - Zentrum Liberale Moderne\" \/>\n<meta property=\"article:publisher\" content=\"https:\/\/www.facebook.com\/LiberaleModerne\/\" \/>\n<meta property=\"article:modified_time\" content=\"2026-03-07T22:46:06+00:00\" \/>\n<meta name=\"twitter:card\" content=\"summary_large_image\" \/>\n<meta name=\"twitter:site\" content=\"@liberalemoderne\" \/>\n<meta name=\"twitter:label1\" content=\"Est. reading time\" \/>\n\t<meta name=\"twitter:data1\" content=\"2 minutes\" \/>\n<script type=\"application\/ld+json\" class=\"yoast-schema-graph\">{\"@context\":\"https:\\\/\\\/schema.org\",\"@graph\":[{\"@type\":\"WebPage\",\"@id\":\"https:\\\/\\\/libmod.de\\\/en\\\/about-us\\\/advisory-board\\\/\",\"url\":\"https:\\\/\\\/libmod.de\\\/en\\\/about-us\\\/advisory-board\\\/\",\"name\":\"Advisory Board - libmod.de - Zentrum Liberale Moderne\",\"isPartOf\":{\"@id\":\"https:\\\/\\\/libmod.de\\\/#website\"},\"datePublished\":\"2018-04-14T21:05:25+00:00\",\"dateModified\":\"2026-03-07T22:46:06+00:00\",\"breadcrumb\":{\"@id\":\"https:\\\/\\\/libmod.de\\\/en\\\/about-us\\\/advisory-board\\\/#breadcrumb\"},\"inLanguage\":\"en-US\",\"potentialAction\":[{\"@type\":\"ReadAction\",\"target\":[\"https:\\\/\\\/libmod.de\\\/en\\\/about-us\\\/advisory-board\\\/\"]}]},{\"@type\":\"BreadcrumbList\",\"@id\":\"https:\\\/\\\/libmod.de\\\/en\\\/about-us\\\/advisory-board\\\/#breadcrumb\",\"itemListElement\":[{\"@type\":\"ListItem\",\"position\":1,\"name\":\"Startseite\",\"item\":\"https:\\\/\\\/libmod.de\\\/en\\\/\"},{\"@type\":\"ListItem\",\"position\":2,\"name\":\"About us\",\"item\":\"https:\\\/\\\/libmod.de\\\/en\\\/about-us\\\/\"},{\"@type\":\"ListItem\",\"position\":3,\"name\":\"Advisory Board\"}]},{\"@type\":\"WebSite\",\"@id\":\"https:\\\/\\\/libmod.de\\\/#website\",\"url\":\"https:\\\/\\\/libmod.de\\\/\",\"name\":\"libmod.de - Zentrum Liberale Moderne\",\"description\":\"Think Tank f\u00fcr Politik in Berlin\",\"publisher\":{\"@id\":\"https:\\\/\\\/libmod.de\\\/#organization\"},\"potentialAction\":[{\"@type\":\"SearchAction\",\"target\":{\"@type\":\"EntryPoint\",\"urlTemplate\":\"https:\\\/\\\/libmod.de\\\/?s={search_term_string}\"},\"query-input\":{\"@type\":\"PropertyValueSpecification\",\"valueRequired\":true,\"valueName\":\"search_term_string\"}}],\"inLanguage\":\"en-US\"},{\"@type\":\"Organization\",\"@id\":\"https:\\\/\\\/libmod.de\\\/#organization\",\"name\":\"Zentrum Liberale Moderne\",\"url\":\"https:\\\/\\\/libmod.de\\\/\",\"logo\":{\"@type\":\"ImageObject\",\"inLanguage\":\"en-US\",\"@id\":\"https:\\\/\\\/libmod.de\\\/#\\\/schema\\\/logo\\\/image\\\/\",\"url\":\"https:\\\/\\\/libmodredaktion.fra1.digitaloceanspaces.com\\\/wp-content\\\/uploads\\\/20240905145818\\\/LibMod_Logo_XL.jpg\",\"contentUrl\":\"https:\\\/\\\/libmodredaktion.fra1.digitaloceanspaces.com\\\/wp-content\\\/uploads\\\/20240905145818\\\/LibMod_Logo_XL.jpg\",\"width\":1439,\"height\":615,\"caption\":\"Zentrum Liberale Moderne\"},\"image\":{\"@id\":\"https:\\\/\\\/libmod.de\\\/#\\\/schema\\\/logo\\\/image\\\/\"},\"sameAs\":[\"https:\\\/\\\/www.facebook.com\\\/LiberaleModerne\\\/\",\"https:\\\/\\\/x.com\\\/liberalemoderne\",\"https:\\\/\\\/www.youtube.com\\\/channel\\\/UC4Yl_V4pm1LwryD04ky54SA\",\"https:\\\/\\\/www.instagram.com\\\/libmod\\\/\",\"https:\\\/\\\/bsky.app\\\/profile\\\/libmod.de\"],\"description\":\"Das Zentrum Liberale Moderne ist ein politischer Think Tank und eine Debattenplattform. LibMod steht f\u00fcr die Verteidigung und Erneuerung der liberalen Demokratie, f\u00fcr den Aufbruch in die \u00f6kologische Moderne und f\u00fcr eine fundierte Osteuropa-Expertise.\"}]}<\/script>\n<!-- \/ Yoast SEO Premium plugin. -->","yoast_head_json":{"title":"Advisory Board - libmod.de - Zentrum Liberale Moderne","robots":{"index":"index","follow":"follow","max-snippet":"max-snippet:-1","max-image-preview":"max-image-preview:large","max-video-preview":"max-video-preview:-1"},"canonical":"https:\/\/libmod.de\/en\/about-us\/advisory-board\/","og_locale":"en_US","og_type":"article","og_title":"Advisory Board","og_description":"[vc_row][vc_column width=\u201c1\/6\u201d][\/vc_column][vc_column width=\u201c3\/6\u201d][vc_column_text css=\u201c\u201d]Danyal Bayaz Minister of Finance of Baden-W\u00fcrttemberg, B\u00fcndnis 90\/\u200bThe&nbsp;Greens Jan Claas&nbsp;Behrends&nbsp; Professor, Europa-University Viadrina Yevgenia Belorusets Artist and&nbsp;Author Marianne Birthler Former Federal Commis\u00adsioner for the Records of...","og_url":"https:\/\/libmod.de\/en\/about-us\/advisory-board\/","og_site_name":"libmod.de - Zentrum Liberale Moderne","article_publisher":"https:\/\/www.facebook.com\/LiberaleModerne\/","article_modified_time":"2026-03-07T22:46:06+00:00","twitter_card":"summary_large_image","twitter_site":"@liberalemoderne","twitter_misc":{"Est. reading time":"2 minutes"},"schema":{"@context":"https:\/\/schema.org","@graph":[{"@type":"WebPage","@id":"https:\/\/libmod.de\/en\/about-us\/advisory-board\/","url":"https:\/\/libmod.de\/en\/about-us\/advisory-board\/","name":"Advisory Board - libmod.de - Zentrum Liberale Moderne","isPartOf":{"@id":"https:\/\/libmod.de\/#website"},"datePublished":"2018-04-14T21:05:25+00:00","dateModified":"2026-03-07T22:46:06+00:00","breadcrumb":{"@id":"https:\/\/libmod.de\/en\/about-us\/advisory-board\/#breadcrumb"},"inLanguage":"en-US","potentialAction":[{"@type":"ReadAction","target":["https:\/\/libmod.de\/en\/about-us\/advisory-board\/"]}]},{"@type":"BreadcrumbList","@id":"https:\/\/libmod.de\/en\/about-us\/advisory-board\/#breadcrumb","itemListElement":[{"@type":"ListItem","position":1,"name":"Startseite","item":"https:\/\/libmod.de\/en\/"},{"@type":"ListItem","position":2,"name":"About us","item":"https:\/\/libmod.de\/en\/about-us\/"},{"@type":"ListItem","position":3,"name":"Advisory Board"}]},{"@type":"WebSite","@id":"https:\/\/libmod.de\/#website","url":"https:\/\/libmod.de\/","name":"libmod.de - Zentrum Liberale Moderne","description":"Think Tank f\u00fcr Politik in Berlin","publisher":{"@id":"https:\/\/libmod.de\/#organization"},"potentialAction":[{"@type":"SearchAction","target":{"@type":"EntryPoint","urlTemplate":"https:\/\/libmod.de\/?s={search_term_string}"},"query-input":{"@type":"PropertyValueSpecification","valueRequired":true,"valueName":"search_term_string"}}],"inLanguage":"en-US"},{"@type":"Organization","@id":"https:\/\/libmod.de\/#organization","name":"Zentrum Liberale Moderne","url":"https:\/\/libmod.de\/","logo":{"@type":"ImageObject","inLanguage":"en-US","@id":"https:\/\/libmod.de\/#\/schema\/logo\/image\/","url":"https:\/\/libmodredaktion.fra1.digitaloceanspaces.com\/wp-content\/uploads\/20240905145818\/LibMod_Logo_XL.jpg","contentUrl":"https:\/\/libmodredaktion.fra1.digitaloceanspaces.com\/wp-content\/uploads\/20240905145818\/LibMod_Logo_XL.jpg","width":1439,"height":615,"caption":"Zentrum Liberale Moderne"},"image":{"@id":"https:\/\/libmod.de\/#\/schema\/logo\/image\/"},"sameAs":["https:\/\/www.facebook.com\/LiberaleModerne\/","https:\/\/x.com\/liberalemoderne","https:\/\/www.youtube.com\/channel\/UC4Yl_V4pm1LwryD04ky54SA","https:\/\/www.instagram.com\/libmod\/","https:\/\/bsky.app\/profile\/libmod.de"],"description":"Das Zentrum Liberale Moderne ist ein politischer Think Tank und eine Debattenplattform. LibMod steht f\u00fcr die Verteidigung und Erneuerung der liberalen Demokratie, f\u00fcr den Aufbruch in die \u00f6kologische Moderne und f\u00fcr eine fundierte Osteuropa-Expertise."}]}},"_links":{"self":[{"href":"https:\/\/libmod.de\/en\/wp-json\/wp\/v2\/pages\/27250","targetHints":{"allow":["GET"]}}],"collection":[{"href":"https:\/\/libmod.de\/en\/wp-json\/wp\/v2\/pages"}],"about":[{"href":"https:\/\/libmod.de\/en\/wp-json\/wp\/v2\/types\/page"}],"author":[{"embeddable":true,"href":"https:\/\/libmod.de\/en\/wp-json\/wp\/v2\/users\/257"}],"replies":[{"embeddable":true,"href":"https:\/\/libmod.de\/en\/wp-json\/wp\/v2\/comments?post=27250"}],"version-history":[{"count":10,"href":"https:\/\/libmod.de\/en\/wp-json\/wp\/v2\/pages\/27250\/revisions"}],"predecessor-version":[{"id":77759,"href":"https:\/\/libmod.de\/en\/wp-json\/wp\/v2\/pages\/27250\/revisions\/77759"}],"up":[{"embeddable":true,"href":"https:\/\/libmod.de\/en\/wp-json\/wp\/v2\/pages\/26877"}],"wp:attachment":[{"href":"https:\/\/libmod.de\/en\/wp-json\/wp\/v2\/media?parent=27250"}],"curies":[{"name":"wp","href":"https:\/\/api.w.org\/{rel}","templated":true}]}}