{"id":27268,"date":"2018-04-14T23:48:13","date_gmt":"2018-04-14T21:48:13","guid":{"rendered":"http:\/\/libmod.de\/?page_id=27268"},"modified":"2022-08-17T18:23:58","modified_gmt":"2022-08-17T16:23:58","slug":"data-policy-german","status":"publish","type":"page","link":"https:\/\/libmod.de\/en\/data-policy-german\/","title":{"rendered":"Data Policy (in&nbsp;German)"},"content":{"rendered":"<div class=\"wpb-content-wrapper\"><p>[vc_row][vc_column width=\u201c2\/3\u201d][vc_column_text]Der Schutz Ihrer perso\u00adn\u00aden\u00adbe\u00adzo\u00adgenen Daten ist uns wichtig. Wir behandeln sie vertraulich, entsprechend der geset\u00adzlichen Daten\u00adschutzvorschriften und gem\u00e4\u00df dieser Datenschutzerkl\u00e4rung.<\/p>\n<p>Die Nutzung unserer Webseite ist ohne Angabe perso\u00adn\u00aden\u00adbe\u00adzo\u00adgener Daten m\u00f6glich. Es k\u00f6nnen aber auf freiwilliger Basis, z.B. durch Ihre Kontak\u00adtauf\u00adnahme mit uns, perso\u00adn\u00aden\u00adbe\u00adzogene Daten erhoben werden. Wir versichern, dass wir Ihre Daten niemals ohne Ihre ausdr\u00fcck\u00adliche Zustimmung an Dritte weitergeben. Wir speichern Ihre Daten nur so lange, wie dies f\u00fcr den genannten Zweck erforderlich ist und wie es die vom Geset\u00adzgeber vorge\u00adse\u00adhenen Speicher\u00adfristen vorsehen. Danach werden die Daten&nbsp;gel\u00f6scht.<\/p>\n<p>Bitte beachten Sie, dass eine Daten\u00fcber\u00adtragung im Internet grund\u00ads\u00e4t\u00adzlich mit Sicher\u00adheit\u00adsl\u00fccken behaftet sein kann. Ein l\u00fccken\u00adloser Schutz Ihrer Daten vor dem Zugriff durch Dritte kann daher bei aller Sorgfalt nicht garantiert&nbsp;werden.<\/p>\n<h2>Cookies<\/h2>\n<p>Cookies sind kleine Textdateien, die Ihr Browser auf Ihrem Rechner speichert. Cookies k\u00f6nnen auf Ihrem Endger\u00e4t gespe\u00adichert bleiben, bis Sie diese l\u00f6schen. Sie erm\u00f6glichen es uns, Ihren Browser beim n\u00e4chsten Besuch wieder zu erkennen. Sie k\u00f6nnen die Speicherung von Cookies auf Ihrem Ger\u00e4t verhindern, indem Sie Ihren Browser entsprechend einstellen. Bei der Deaktivierung von Cookies kann die Funktion dieser Website eingeschr\u00e4nkt sein.<\/p>\n<h2>SSL-Verschl\u00fcs\u00adselung<\/h2>\n<p>Um die Sicherheit Ihrer Daten bei der \u00dcbertragung zu sch\u00fctzen, verwenden wir das Verschl\u00fcs\u00adselungsver\u00adfahren SSL \u00fcber&nbsp;HTTPS.<\/p>\n<h2>Server-Logdaten<\/h2>\n<p>Unser Website-Provider mit Standort in Deutschland erhebt Daten \u00fcber Zugriffe auf die Seite und speichert diese als Server-Logdaten ab. Folgende Daten werden so protokol\u00adliert: Besuchte Website, Uhrzeit zum Zeitpunkt des Zugriffes, Menge der gesendeten Daten in Byte, Quelle \/\u200b Link von welchem Sie auf die Seite gelangten, Ihr Browsertyp und \u2011version, Ihr Betrieb\u00adssystem, Ihre IP-Adresse. Die erhobenen Daten dienen lediglich statis\u00adtischen Auswer\u00adtungen und zur Verbesserung der Website. Wir behalten uns allerdings vor, die Server-Logdaten nachtr\u00e4glich zu \u00fcberpr\u00fcfen und zu verfolgen, falls konkrete Anhalt\u00adspunkte eine rechtswidrige Nutzung vermuten&nbsp;lassen.<\/p>\n<h2>WordPress Statistik-Plugin<\/h2>\n<p>Auf unserer Website l\u00e4uft das WordPress-Plugin WP Statistics. Es erhebt Daten \u00fcber Zugriffe auf die Seite und speichert diese lokal im WordPress-System ab. Folgende Daten werden so protokol\u00adliert: Besuchte Website, besuchte Unter\u00adseiten, Uhrzeit zum Zeitpunkt des Zugriffes, Quelle \/\u200b Link von welchem Sie auf die Seite gelangten, Ihr Browsertyp und \u2011version, Ihr Betrieb\u00adssystem, Ihre IP-Adresse, Ihre vermutete Region. Die erhobenen Daten dienen lediglich statis\u00adtischen Auswer\u00adtungen und zur Verbesserung der Website. Wir behalten uns allerdings vor, die Server-Logdaten nachtr\u00e4glich zu \u00fcberpr\u00fcfen und zu verfolgen, falls konkrete Anhalt\u00adspunkte eine rechtswidrige Nutzung vermuten&nbsp;lassen.<\/p>\n<h2>Google Analytics<\/h2>\n<p>Diese Website benutzt Google Analytics, einen Webanalyse\u00addienst der Google Inc. (\u201eGoogle\u201c). Google Analytics verwendet sog. \u201eCookies\u201c, Textdateien, die auf Ihrem Computer gespe\u00adichert werden und die eine Analyse der Benutzung der Website durch Sie erm\u00f6glichen. Die durch den Cookie erzeugten Infor\u00adma\u00adtionen \u00fcber Ihre Benutzung dieser Website werden in der Regel an einen Server von Google in den USA \u00fcbertragen und dort gespe\u00adichert. Im Falle der Aktivierung der IP-Anonymisierung auf dieser Webseite wird Ihre IP-Adresse von Google jedoch innerhalb von Mitglied\u00adstaaten der Europ\u00e4ischen Union oder in anderen Vertragsstaaten des Abkommens \u00fcber den Europ\u00e4ischen Wirtschaft\u00adsraum zuvor&nbsp;gek\u00fcrzt.<\/p>\n<p>Nur in Ausnah\u00adme\u00adf\u00e4llen wird die volle IP-Adresse an einen Server von Google in den USA \u00fcbertragen und dort gek\u00fcrzt. Im Auftrag des Betreibers dieser Website wird Google diese Infor\u00adma\u00adtionen benutzen, um Ihre Nutzung der Website auszuw\u00aderten, um Reports \u00fcber die Websiteak\u00adtiv\u00adit\u00e4ten zusam\u00admen\u00adzustellen und um weitere mit der Websitenutzung und der Inter\u00adnet\u00adnutzung verbundene Dienstleis\u00adtungen gegen\u00fcber dem Website\u00adbe\u00adtreiber zu erbringen. Die im Rahmen von Google Analytics von Ihrem Browser \u00fcbermit\u00adtelte IP-Adresse wird nicht mit anderen Daten von Google zusammengef\u00fchrt.[\/vc_column_text][vc_column_text]Sie k\u00f6nnen die Erfassung Ihrer Daten durch Google Analytics verhindern, indem Sie auf folgenden Link klicken: <a onclick=\"alert('Google Analytics wurde deaktiviert');\" href=\"javascript:gaOptout()\">Google Analytics deaktivieren<\/a>. Dadurch wird ein Opt-Out-Cookie gesetzt, der die Erfassung Ihrer Daten bei zuk\u00fcn\u00adftigen Besuchen dieser Website verhindert.[\/vc_column_text][vc_column_text]Sie k\u00f6nnen die Speicherung der Cookies durch eine entsprechende Einstellung Ihrer Browser-Software verhindern; wir weisen Sie jedoch darauf hin, dass Sie in diesem Fall gegebe\u00adnen\u00adfalls nicht s\u00e4mtliche Funktionen dieser Website vollum\u00adf\u00e4nglich werden nutzen k\u00f6nnen. Sie k\u00f6nnen dar\u00fcber hinaus die Erfassung der durch das Cookie erzeugten und auf Ihre Nutzung der Website bezogenen Daten (inkl. Ihrer IP-Adresse) an Google sowie die Verar\u00adbeitung dieser Daten durch Google verhindern, indem sie das unter dem folgenden Link verf\u00fcgbare Browser-Plugin herun\u00adter\u00adladen und instal\u00adlieren: http:\/\/tools.google.com\/dlpage\/gaoptout?hl=de.<\/p>\n<h2>Kontak\u00adt\u00addaten<\/h2>\n<p>Nehmen Sie durch die angebotenen Kontak\u00adt\u00adm\u00f6glichkeiten Verbindung mit uns auf, werden Ihre Angaben gespe\u00adichert, damit auf diese zur Bearbeitung Ihres Anliegens zur\u00fcck\u00adge\u00adgriffen werden kann. Ohne Ihre Einwilligung werden diese Daten nicht an Dritte weitergegeben.<\/p>\n<h2>Newsletter<\/h2>\n<p>Wir bieten Ihnen einen Newsletter an, in welchem wir Sie \u00fcber aktuelle Geschehnisse und Angebote informieren. Um den Newsletter zu abonnieren, m\u00fcssen Sie lediglich eine g\u00fcltige E\u2011Mail-Adresse angeben. In einem weiteren Schritt best\u00e4tigen Sie, in Beant\u00adwortung einer von uns versandten E\u2011Mail (\u201eDouble-opt-in\u201c), dass Sie mit dem Empfang des Newsletters einver\u00adstanden sind. Die Daten werden ausschlie\u00dflich f\u00fcr den Newsletter-Versand verwendet und nicht an Dritte weitergegeben. Der Newsletter kann jederzeit abbestellt werden, Ihre Adresse wird dann umgehend&nbsp;gel\u00f6scht.<\/p>\n<h2>Facebook-Link<\/h2>\n<p>Diese Seite enth\u00e4lt einen Facebook-Link. Dieser leitet Ihren Browser an das Angebot der Facebook Inc., 1&nbsp;HackerWay, Menlo Park, California 94025, USA, weiter. Dadurch kann Facebook den Besuch unserer Seiten Ihrem Benutzerkonto ggf. zuordnen. Wir haben hat keinen Einfluss auf die Natur und den Umfang der Daten, welche ihr Browser beim Besuch dieses Angebots an die Server der Facebook Inc. \u00fcbermittelt. Weitere Infor\u00adma\u00adtionen hierzu findenSie in der Daten\u00adschutzerk\u00adl\u00e4rung von Facebook unter https:\/\/de-de.facebook.com\/policy.php.Wenn Sie nicht w\u00fcnschen, dass Facebook den Besuch unserer Seiten Ihrem Facebook-Nutzerkonto zuordnen kann, loggen Sie sich bitte aus Ihrem Facebook-Benutzerkonto aus.<\/p>\n<h2>Twitter-Link<\/h2>\n<p>Diese Seite enth\u00e4lt einen Twitter-Link. Dieser leitet Ihren Browser an das Angebot der Twitter Inc., 795 Folsom St., Suite 600, San Francisco, CA 94107, USA, weiter. Dadurch kann Twitter den Besuch unserer Seiten Ihrem Benutzerkonto ggf. zuordnen. Wir haben hat keinen Einfluss auf die Natur und den Umfang der Daten, welche ihr Browser beim Besuch dieses Angebots an die Server der Twitter Inc. \u00fcbermittelt. Weitere Infor\u00adma\u00adtionen hierzu findenSie in der Daten\u00adschutzerk\u00adl\u00e4rung von Twitter unter https:\/\/twitter.com\/privacy?lang=de. Wenn Sie nicht w\u00fcnschen, dass Twitter den Besuch unserer Seiten Ihrem Twitter-Nutzerkonto zuordnen kann, loggen Sie sich bitte aus Ihrem Twitter-Benutzerkonto aus.<\/p>\n<h2>YouTube-Videos<\/h2>\n<p>Auf unserer Webseite betten wir YouTube-Videos ein. Betreiber der entsprechenden Plugins ist die YouTube, LLC, 901 Cherry Ave., San Bruno, CA 94066, USA. Wenn Sie eine Seite mit dem YouTube-Plugin besuchen, wird eine Verbindung zu Servern von Youtube hergestellt. Dabei wird YouTube mitgeteilt, welche Seiten Sie besuchen. Wenn Sie in Ihrem YouTube-Account eingeloggt sind, kann Youtube Ihr Surfver\u00adhalten Ihnen pers\u00f6nlich zuzuordnen. Dies verhindern Sie, indem Sie sich vorher aus Ihrem Youtube-Account ausloggen.<br>\nWird ein YouTube-Video gestartet, setzt der Anbieter Cookies ein, die Hinweise \u00fcber das Nutzerver\u00adhalten&nbsp;sammeln.<br>\nWer das Speichern von Cookies f\u00fcr das Google-Ad-Programm deaktiviert hat, wird auch beim Anschauen von YouTube-Videos mit keinen solchen Cookies rechnen m\u00fcssen. YouTube legt aber auch in anderen Cookies nicht-perso\u00adn\u00aden\u00adbe\u00adzogene Nutzungsin\u00adfor\u00adma\u00adtionen ab. M\u00f6chten Sie dies verhindern, so m\u00fcssen Sie das Speichern von Cookies im Browser&nbsp;blockieren.<br>\nWeitere Infor\u00adma\u00adtionen zum Daten\u00adschutz bei YouTube finden Sie in der Daten\u00adschutzerk\u00adl\u00e4rung des Anbieters unter: https:\/\/www.google.de\/intl\/de\/policies\/privacy\/<\/p>\n<h2>Ihr Recht auf Auskunft, Berich\u00adtigung, L\u00f6schung,&nbsp;Sperrung<\/h2>\n<p>Als Nutzer\/\u200bin erhalten Sie von uns auf Nachfrage kostenfrei und in angemessener Frist Auskunft dar\u00fcber, welche perso\u00adn\u00aden\u00adbe\u00adzo\u00adgenen Daten \u00fcber Sie gespe\u00adichert wurden. Sofern Ihr Wunsch nicht mit einer geset\u00adzlichen Pflicht zur Aufbe\u00adwahrung von Daten (z. B. Vorrats\u00addaten\u00adspe\u00adicherung) kolli\u00addiert, haben Sie ein Anrecht auf Berich\u00adtigung falscher Daten und auf die Sperrung oder L\u00f6schung Ihrer perso\u00adn\u00aden\u00adbe\u00adzo\u00adgenen&nbsp;Daten.<\/p>\n<h2>\u00c4nderung unserer Datenschutzbestimmungen<\/h2>\n<p>Wir behalten uns vor, diese Daten\u00adschutzerk\u00adl\u00e4rung gelegentlich anzupassen, damit sie stets den aktuellen rechtlichen Anforderungen entspricht oder um \u00c4nderungen unserer Leistungen in der Daten\u00adschutzerk\u00adl\u00e4rung umzusetzen, z. B. bei der Einf\u00fchrung neuer Services. F\u00fcr Ihren erneuten Besuch gilt dann die neue Datenschutzerkl\u00e4rung.<\/p>\n<h2>Fragen an den Datenschutzbeauftragten<\/h2>\n<p>Wenn Sie Fragen zum Daten\u00adschutz haben, schreiben Sie uns bitte eine E\u2011Mail an redaktion(at)libmod.de oder wenden Sie sich \u00fcber das <a href=\"http:\/\/libmod.de\/kontakt\/\">Kontak\u00adt\u00adfor\u00admular<\/a> direkt an unseren Datenschutzbeauftragten.<\/p>\n<h2>Wider\u00adspruch gegen Werbe-Mails<\/h2>\n<p>Der Nutzung unserer Kontak\u00adt\u00addaten durch Dritte zur \u00dcbersendung von nicht angeforderter Werbung und Infor\u00adma\u00adtion\u00ads\u00adma\u00adte\u00adri\u00adalien wird hiermit ausdr\u00fccklich wider\u00adsprochen. Die Betreiber der Seiten behalten sich rechtliche Schritte im Falle der unver\u00adlangten Zusendung von Werbe\u00adin\u00adfor\u00adma\u00adtionen, etwa durch Spam-Mails, vor.[\/vc_column_text][\/vc_column][vc_column width=\u201c1\/3\u201d][\/vc_column][\/vc_row]<\/p>\n<\/div>","protected":false},"excerpt":{"rendered":"<p>[vc_row][vc_column width=\u201c2\/3\u201d][vc_column_text]Der Schutz Ihrer perso\u00adn\u00aden\u00adbe\u00adzo\u00adgenen Daten ist uns wichtig. Wir behandeln sie vertraulich, entsprechend der geset\u00adzlichen Daten\u00adschutzvorschriften und gem\u00e4\u00df dieser Daten\u00adschutzerk\u00adl\u00e4rung. Die Nutzung unserer Webseite ist ohne Angabe perso\u00adn\u00aden\u00adbe\u00adzo\u00adgener&nbsp;Daten...<\/p>\n","protected":false},"author":257,"featured_media":0,"parent":0,"menu_order":9,"comment_status":"closed","ping_status":"closed","template":"","meta":{"_acf_changed":false,"wp_typography_post_enhancements_disabled":false,"footnotes":""},"class_list":["post-27268","page","type-page","status-publish"],"acf":[],"yoast_head":"<!-- This site is optimized with the Yoast SEO Premium plugin v27.0 (Yoast SEO v27.4) - https:\/\/yoast.com\/product\/yoast-seo-premium-wordpress\/ -->\n<title>Data Policy (in German) - libmod.de - Zentrum Liberale Moderne<\/title>\n<meta name=\"robots\" content=\"index, follow, max-snippet:-1, max-image-preview:large, max-video-preview:-1\" \/>\n<link rel=\"canonical\" href=\"https:\/\/libmod.de\/en\/data-policy-german\/\" \/>\n<meta property=\"og:locale\" content=\"en_US\" \/>\n<meta property=\"og:type\" content=\"article\" \/>\n<meta property=\"og:title\" content=\"Data Policy (in German)\" \/>\n<meta property=\"og:description\" content=\"[vc_row][vc_column width=\u201c2\/3\u201d][vc_column_text]Der Schutz Ihrer perso\u00adn\u00aden\u00adbe\u00adzo\u00adgenen Daten ist uns wichtig. Wir behandeln sie vertraulich, entsprechend der geset\u00adzlichen Daten\u00adschutzvorschriften und gem\u00e4\u00df dieser Datenschutzerkl\u00e4rung. Die Nutzung unserer Webseite ist ohne Angabe perso\u00adn\u00aden\u00adbe\u00adzo\u00adgener Daten...\" \/>\n<meta property=\"og:url\" content=\"https:\/\/libmod.de\/en\/data-policy-german\/\" \/>\n<meta property=\"og:site_name\" content=\"libmod.de - Zentrum Liberale Moderne\" \/>\n<meta property=\"article:publisher\" content=\"https:\/\/www.facebook.com\/LiberaleModerne\/\" \/>\n<meta property=\"article:modified_time\" content=\"2022-08-17T16:23:58+00:00\" \/>\n<meta name=\"twitter:card\" content=\"summary_large_image\" \/>\n<meta name=\"twitter:site\" content=\"@liberalemoderne\" \/>\n<meta name=\"twitter:label1\" content=\"Est. reading time\" \/>\n\t<meta name=\"twitter:data1\" content=\"7 minutes\" \/>\n<script type=\"application\/ld+json\" class=\"yoast-schema-graph\">{\"@context\":\"https:\\\/\\\/schema.org\",\"@graph\":[{\"@type\":\"WebPage\",\"@id\":\"https:\\\/\\\/libmod.de\\\/en\\\/data-policy-german\\\/\",\"url\":\"https:\\\/\\\/libmod.de\\\/en\\\/data-policy-german\\\/\",\"name\":\"Data Policy (in German) - libmod.de - Zentrum Liberale Moderne\",\"isPartOf\":{\"@id\":\"https:\\\/\\\/libmod.de\\\/#website\"},\"datePublished\":\"2018-04-14T21:48:13+00:00\",\"dateModified\":\"2022-08-17T16:23:58+00:00\",\"breadcrumb\":{\"@id\":\"https:\\\/\\\/libmod.de\\\/en\\\/data-policy-german\\\/#breadcrumb\"},\"inLanguage\":\"en-US\",\"potentialAction\":[{\"@type\":\"ReadAction\",\"target\":[\"https:\\\/\\\/libmod.de\\\/en\\\/data-policy-german\\\/\"]}]},{\"@type\":\"BreadcrumbList\",\"@id\":\"https:\\\/\\\/libmod.de\\\/en\\\/data-policy-german\\\/#breadcrumb\",\"itemListElement\":[{\"@type\":\"ListItem\",\"position\":1,\"name\":\"Startseite\",\"item\":\"https:\\\/\\\/libmod.de\\\/en\\\/\"},{\"@type\":\"ListItem\",\"position\":2,\"name\":\"Data Policy (in German)\"}]},{\"@type\":\"WebSite\",\"@id\":\"https:\\\/\\\/libmod.de\\\/#website\",\"url\":\"https:\\\/\\\/libmod.de\\\/\",\"name\":\"libmod.de - Zentrum Liberale Moderne\",\"description\":\"Think Tank f\u00fcr Politik in Berlin\",\"publisher\":{\"@id\":\"https:\\\/\\\/libmod.de\\\/#organization\"},\"potentialAction\":[{\"@type\":\"SearchAction\",\"target\":{\"@type\":\"EntryPoint\",\"urlTemplate\":\"https:\\\/\\\/libmod.de\\\/?s={search_term_string}\"},\"query-input\":{\"@type\":\"PropertyValueSpecification\",\"valueRequired\":true,\"valueName\":\"search_term_string\"}}],\"inLanguage\":\"en-US\"},{\"@type\":\"Organization\",\"@id\":\"https:\\\/\\\/libmod.de\\\/#organization\",\"name\":\"Zentrum Liberale Moderne\",\"url\":\"https:\\\/\\\/libmod.de\\\/\",\"logo\":{\"@type\":\"ImageObject\",\"inLanguage\":\"en-US\",\"@id\":\"https:\\\/\\\/libmod.de\\\/#\\\/schema\\\/logo\\\/image\\\/\",\"url\":\"https:\\\/\\\/libmodredaktion.fra1.digitaloceanspaces.com\\\/wp-content\\\/uploads\\\/20240905145818\\\/LibMod_Logo_XL.jpg\",\"contentUrl\":\"https:\\\/\\\/libmodredaktion.fra1.digitaloceanspaces.com\\\/wp-content\\\/uploads\\\/20240905145818\\\/LibMod_Logo_XL.jpg\",\"width\":1439,\"height\":615,\"caption\":\"Zentrum Liberale Moderne\"},\"image\":{\"@id\":\"https:\\\/\\\/libmod.de\\\/#\\\/schema\\\/logo\\\/image\\\/\"},\"sameAs\":[\"https:\\\/\\\/www.facebook.com\\\/LiberaleModerne\\\/\",\"https:\\\/\\\/x.com\\\/liberalemoderne\",\"https:\\\/\\\/www.youtube.com\\\/channel\\\/UC4Yl_V4pm1LwryD04ky54SA\",\"https:\\\/\\\/www.instagram.com\\\/libmod\\\/\",\"https:\\\/\\\/bsky.app\\\/profile\\\/libmod.de\"],\"description\":\"Das Zentrum Liberale Moderne ist ein politischer Think Tank und eine Debattenplattform. LibMod steht f\u00fcr die Verteidigung und Erneuerung der liberalen Demokratie, f\u00fcr den Aufbruch in die \u00f6kologische Moderne und f\u00fcr eine fundierte Osteuropa-Expertise.\"}]}<\/script>\n<!-- \/ Yoast SEO Premium plugin. -->","yoast_head_json":{"title":"Data Policy (in German) - libmod.de - Zentrum Liberale Moderne","robots":{"index":"index","follow":"follow","max-snippet":"max-snippet:-1","max-image-preview":"max-image-preview:large","max-video-preview":"max-video-preview:-1"},"canonical":"https:\/\/libmod.de\/en\/data-policy-german\/","og_locale":"en_US","og_type":"article","og_title":"Data Policy (in German)","og_description":"[vc_row][vc_column width=\u201c2\/3\u201d][vc_column_text]Der Schutz Ihrer perso\u00adn\u00aden\u00adbe\u00adzo\u00adgenen Daten ist uns wichtig. Wir behandeln sie vertraulich, entsprechend der geset\u00adzlichen Daten\u00adschutzvorschriften und gem\u00e4\u00df dieser Datenschutzerkl\u00e4rung. Die Nutzung unserer Webseite ist ohne Angabe perso\u00adn\u00aden\u00adbe\u00adzo\u00adgener Daten...","og_url":"https:\/\/libmod.de\/en\/data-policy-german\/","og_site_name":"libmod.de - Zentrum Liberale Moderne","article_publisher":"https:\/\/www.facebook.com\/LiberaleModerne\/","article_modified_time":"2022-08-17T16:23:58+00:00","twitter_card":"summary_large_image","twitter_site":"@liberalemoderne","twitter_misc":{"Est. reading time":"7 minutes"},"schema":{"@context":"https:\/\/schema.org","@graph":[{"@type":"WebPage","@id":"https:\/\/libmod.de\/en\/data-policy-german\/","url":"https:\/\/libmod.de\/en\/data-policy-german\/","name":"Data Policy (in German) - libmod.de - Zentrum Liberale Moderne","isPartOf":{"@id":"https:\/\/libmod.de\/#website"},"datePublished":"2018-04-14T21:48:13+00:00","dateModified":"2022-08-17T16:23:58+00:00","breadcrumb":{"@id":"https:\/\/libmod.de\/en\/data-policy-german\/#breadcrumb"},"inLanguage":"en-US","potentialAction":[{"@type":"ReadAction","target":["https:\/\/libmod.de\/en\/data-policy-german\/"]}]},{"@type":"BreadcrumbList","@id":"https:\/\/libmod.de\/en\/data-policy-german\/#breadcrumb","itemListElement":[{"@type":"ListItem","position":1,"name":"Startseite","item":"https:\/\/libmod.de\/en\/"},{"@type":"ListItem","position":2,"name":"Data Policy (in German)"}]},{"@type":"WebSite","@id":"https:\/\/libmod.de\/#website","url":"https:\/\/libmod.de\/","name":"libmod.de - Zentrum Liberale Moderne","description":"Think Tank f\u00fcr Politik in Berlin","publisher":{"@id":"https:\/\/libmod.de\/#organization"},"potentialAction":[{"@type":"SearchAction","target":{"@type":"EntryPoint","urlTemplate":"https:\/\/libmod.de\/?s={search_term_string}"},"query-input":{"@type":"PropertyValueSpecification","valueRequired":true,"valueName":"search_term_string"}}],"inLanguage":"en-US"},{"@type":"Organization","@id":"https:\/\/libmod.de\/#organization","name":"Zentrum Liberale Moderne","url":"https:\/\/libmod.de\/","logo":{"@type":"ImageObject","inLanguage":"en-US","@id":"https:\/\/libmod.de\/#\/schema\/logo\/image\/","url":"https:\/\/libmodredaktion.fra1.digitaloceanspaces.com\/wp-content\/uploads\/20240905145818\/LibMod_Logo_XL.jpg","contentUrl":"https:\/\/libmodredaktion.fra1.digitaloceanspaces.com\/wp-content\/uploads\/20240905145818\/LibMod_Logo_XL.jpg","width":1439,"height":615,"caption":"Zentrum Liberale Moderne"},"image":{"@id":"https:\/\/libmod.de\/#\/schema\/logo\/image\/"},"sameAs":["https:\/\/www.facebook.com\/LiberaleModerne\/","https:\/\/x.com\/liberalemoderne","https:\/\/www.youtube.com\/channel\/UC4Yl_V4pm1LwryD04ky54SA","https:\/\/www.instagram.com\/libmod\/","https:\/\/bsky.app\/profile\/libmod.de"],"description":"Das Zentrum Liberale Moderne ist ein politischer Think Tank und eine Debattenplattform. LibMod steht f\u00fcr die Verteidigung und Erneuerung der liberalen Demokratie, f\u00fcr den Aufbruch in die \u00f6kologische Moderne und f\u00fcr eine fundierte Osteuropa-Expertise."}]}},"_links":{"self":[{"href":"https:\/\/libmod.de\/en\/wp-json\/wp\/v2\/pages\/27268","targetHints":{"allow":["GET"]}}],"collection":[{"href":"https:\/\/libmod.de\/en\/wp-json\/wp\/v2\/pages"}],"about":[{"href":"https:\/\/libmod.de\/en\/wp-json\/wp\/v2\/types\/page"}],"author":[{"embeddable":true,"href":"https:\/\/libmod.de\/en\/wp-json\/wp\/v2\/users\/257"}],"replies":[{"embeddable":true,"href":"https:\/\/libmod.de\/en\/wp-json\/wp\/v2\/comments?post=27268"}],"version-history":[{"count":3,"href":"https:\/\/libmod.de\/en\/wp-json\/wp\/v2\/pages\/27268\/revisions"}],"predecessor-version":[{"id":27781,"href":"https:\/\/libmod.de\/en\/wp-json\/wp\/v2\/pages\/27268\/revisions\/27781"}],"wp:attachment":[{"href":"https:\/\/libmod.de\/en\/wp-json\/wp\/v2\/media?parent=27268"}],"curies":[{"name":"wp","href":"https:\/\/api.w.org\/{rel}","templated":true}]}}