{"id":27272,"date":"2018-04-16T09:26:47","date_gmt":"2018-04-16T07:26:47","guid":{"rendered":"http:\/\/libmod.de\/?page_id=27272"},"modified":"2025-04-02T08:22:59","modified_gmt":"2025-04-02T06:22:59","slug":"who-we-are","status":"publish","type":"page","link":"https:\/\/libmod.de\/en\/about-us\/who-we-are\/","title":{"rendered":"Who we&nbsp;are"},"content":{"rendered":"<div class=\"wpb-content-wrapper\"><p>[vc_\u200brow css=\u201d.vc_custom_1699883746866{margin-bottom: 10px !important;}\u201d][vc_column][vc_column_text css=\u201c\u201d]<\/p>\n<figure id=\"attachment_63967\" aria-describedby=\"caption-attachment-63967\" style=\"width: 1200px\" class=\"wp-caption alignnone\"><img class=\"wp-image-63967 size-full\" title=\"Foto: Tobias Kunz\/LibMod\" src=\"https:\/\/libmodredaktion.fra1.digitaloceanspaces.com\/wp-content\/uploads\/20240905104949\/A7404240_1200x500.jpg\" alt width=\"1200\" height=\"500\" srcset=\"https:\/\/libmodredaktion.fra1.digitaloceanspaces.com\/wp-content\/uploads\/20240905104949\/A7404240_1200x500.jpg 1200w, https:\/\/libmodredaktion.fra1.digitaloceanspaces.com\/wp-content\/uploads\/20240905104949\/A7404240_1200x500-770x321.jpg 770w, https:\/\/libmodredaktion.fra1.digitaloceanspaces.com\/wp-content\/uploads\/20240905104949\/A7404240_1200x500-768x320.jpg 768w\" sizes=\"(max-width: 1200px) 100vw, 1200px\"><figcaption id=\"caption-attachment-63967\" class=\"wp-caption-text\">Foto: Tobias Kunz\/\u200bLibMod<\/figcaption><\/figure>\n<p>[\/vc_column_text][\/vc_column][\/vc_row][vc_row][vc_column width=\u201c2\/3\u201d][vc_column_text css=\u201d.vc_custom_1699883705747{margin-bottom: 15px !important;}\u201d]<\/p>\n<div class=\"page\" title=\"Page 1\">\n<div class=\"section\">\n<div class=\"layoutArea\">\n<div class=\"column\">\n<h2>The Center for Liberal Modernity is a&nbsp;political think tank and a&nbsp;debating platform. LibMod stands for the defense and renewal of liberal democracy, for the promotion of ecological modernity and for profound expertise in Eastern&nbsp;Europe.<\/h2>\n<\/div>\n<\/div>\n<\/div>\n<\/div>\n<p>[\/\u200bvc_\u200bcolumn_\u200btext]<\/p><div class=\"gem-button-container gem-button-position-center thegem-button-69f250d57c1944466    \"><a class=\"gem-button gem-button-size-small gem-button-style-flat gem-button-text-weight-normal\" data-ll-effect=\"drop-right-without-wrap\" style=\"border-radius: 3px;\" onmouseleave onmouseenter href=\"https:\/\/libmodredaktion.fra1.digitaloceanspaces.com\/wp-content\/uploads\/20240905141741\/ZLM_Broschuere_31_08__RZ4_pi_EN.pdf\" target=\"_blank\">\u201cWho We Are\u201d \u2014 Booklet as&nbsp;PDF<\/a><\/div> [vc_\u200bcolumn_\u200btext css=\u201d.vc_custom_1699883759862{margin-bottom: 60px !important;}\u201d]\n<div class=\"page\" title=\"Page 1\">\n<div class=\"section\">\n<div class=\"layoutArea\">\n<div class=\"column\">\n<h1>Mission<\/h1>\n<p>Liberal democracy faces growing challenges across the globe. In this time of funda\u00admental change, we need an honest and trans\u00adparent debate about the future of our society and the global order. To this end, we at&nbsp;LibMod<\/p>\n<div title=\"Page 3\">\n<div title=\"Page 3\">\n<ul>\n<li>contribute to the defence of open societies and to the renewal of liberal&nbsp;democracy.<\/li>\n<li>focus on the inter\u00adsection of climate change mitigation, a&nbsp;modern economy and liberal&nbsp;democracy.<\/li>\n<li>promote foreign and security policies that are both realistic and respect human&nbsp;rights.<\/li>\n<li>strive to advance democracy and EU integration in the countries of Eastern&nbsp;Europe.<\/li>\n<\/ul>\n<p>Our work is independent and non-partisan.<\/p>\n<\/div>\n<\/div>\n<\/div>\n<\/div>\n<\/div>\n<\/div>\n<p>[\/vc_column_text][vc_column_text css=\u201d.vc_custom_1699883052645{margin-bottom: 60px !important;}\u201d]<\/p>\n<h1>Values<\/h1>\n<div title=\"Page 3\">\n<div>\n<div>\n<div>\n<p>We believe that individual freedoms and social respon\u00adsi\u00adbility, self-deter\u00admi\u00adnation and strong public insti\u00adtu\u00adtions form a&nbsp;symbiotic relationship. We strongly advocate for liberal democracy as the best guarantee for the protection of human rights and dignity. We are committed to environ\u00admental progress and a&nbsp;liberal climate policy. We do not confuse a&nbsp;love for peace with defencelessness.<\/p>\n<\/div>\n<\/div>\n<\/div>\n<\/div>\n<p>[\/vc_column_text][vc_column_text css=\u201d.vc_custom_1743574977540{margin-bottom: 30px !important;}\u201d]<\/p>\n<h1>What we&nbsp;do<\/h1>\n<div class=\"page\" title=\"Page 3\">\n<div class=\"section\">\n<div class=\"layoutArea\">\n<div class=\"column\">\n<p>We employ a&nbsp;range of approaches to attain our&nbsp;objectives:<\/p>\n<ul>\n<li>We develop analyses and policy recommendations.<\/li>\n<li>We publish studies, policy papers and other written materials in collab\u00ado\u00adration with partners and external specialists.<\/li>\n<li>We host confer\u00adences, expert talks and forums, ranging from inter\u00adna\u00adtional events to informal discussions.<\/li>\n<li>We bring together individuals from politics, academia, business and civil&nbsp;society.<\/li>\n<li>We facil\u00aditate sound policy discus\u00adsions and political&nbsp;education.<\/li>\n<li>Our websites, first and foremost libmod.de, serve as platforms for&nbsp;debates.<\/li>\n<\/ul>\n<\/div>\n<\/div>\n<\/div>\n<\/div>\n<h1>Legal form and&nbsp;financing<\/h1>\n<div class=\"page\" title=\"Page 8\">\n<div class=\"section\">\n<div class=\"layoutArea\">\n<div class=\"column\">\n<p>LibMod is a&nbsp;non-profit limited liability company (gGmbH), which is legally barred from making profits and is obliged to use all fund alloca\u00adtions for charity purposes as per our&nbsp;statutes.<\/p>\n<p>Our financing is derived from project funds from public in- stitu\u00adtions, private founda\u00adtions, and associ\u00ada\u00adtions as well as donations. Moreover, we receive insti\u00adtu\u00adtional funding from the federal budget like other think tanks and educa\u00adtional insti\u00adtu\u00adtions. The use of our funds undergoes regular auditsby both our donors, the Federal Audit Court (Bundesrech\u00adnungshof) and the financial administration.<\/p>\n<p><strong>Co-operation partners and funding organ\u00adi\u00adsa\u00adtions (2017 \u2013&nbsp;2025)*:&nbsp;<\/strong><\/p>\n<p>We would like to thank all our co-operation partners and sponsors,&nbsp;including:<\/p>\n<p>Alliance for Open Society Inter\u00adna\u00adtional, German Federal Foreign Office, Baden-W\u00fcrttemberg-Foundation, Bertelsmann-Foundation, Federal Office for Family Affairs and Civil Society Functions (BAFzA), Federal Office for Migration and Refugees, The German Aerospace Indus\u00adtries Associ\u00adation (BDLI), German Aviation Associ\u00adation, The Federal Agency for Civic Education, Chemie Wirtschafts\u00adf\u00f6rderungs-GmbH, Contes\u00adta\u00adtions of the Liberal Script \u2014 SCRIPTS, Deutsche Bundess\u00adtiftung Umwelt (DBU), Engagement Global (BMZ), European Climate Foundation, Forum 2000, Friede Springer Foundation, Non-profit Hertie Foundation, Konrad Adenauer Foundation, Kultura Liberalna, National Philantrophic Trust, Prague Civil Society Forum, Press and Infor\u00admation Office of the Federal Government, Robert Bosch Foundation, State Chancellery of North Rhine-Westphalia, Foundation for Polish-German Cooper\u00adation, Stiftung Mercator, The Khodor\u00adkovsky Foundation, German chemical industry associ\u00adation (VCI), Zeit Stiftung Bucerius, Zukunft&nbsp;Gas.<\/p>\n<p>* This includes co-operation partners from which LibMod also received&nbsp;grants.<\/p>\n<\/div>\n<\/div>\n<\/div>\n<\/div>\n<p>[\/vc_column_text][\/vc_column][vc_column width=\u201c1\/3\u201d][\/vc_column][vc_column][\/vc_column][\/vc_row][vc_row][vc_column][vc_separator][\/vc_column][\/vc_row]<\/p>\n<\/div>","protected":false},"excerpt":{"rendered":"<p>[vc_\u200b\u200brow css=\u201d.vc_custom_1699883746866{margin-bottom: 10px !important;}\u201d][vc_column][vc_column_text css=\u201c\u201d] [\/vc_column_text][\/vc_column][\/vc_row][vc_row][vc_column width=\u201c2\/3\u201d][vc_column_text css=\u201d.vc_custom_1699883705747{margin-bottom: 15px !important;}\u201d] The Center for Liberal Modernity is a&nbsp;political think tank and a&nbsp;debating platform. LibMod stands for the defense and renewal&nbsp;of...<\/p>\n","protected":false},"author":257,"featured_media":63971,"parent":26877,"menu_order":1,"comment_status":"closed","ping_status":"closed","template":"","meta":{"_acf_changed":false,"wp_typography_post_enhancements_disabled":false,"footnotes":""},"class_list":["post-27272","page","type-page","status-publish","has-post-thumbnail"],"acf":[],"yoast_head":"<!-- This site is optimized with the Yoast SEO Premium plugin v27.4 (Yoast SEO v27.5) - https:\/\/yoast.com\/product\/yoast-seo-premium-wordpress\/ -->\n<title>Who we are - libmod.de - Zentrum Liberale Moderne<\/title>\n<meta name=\"description\" content=\"The Center for Liberal Modernity is a political think tank and a debating platform. LibMod stands for the defense and renewal of liberal democracy, for the promotion of ecological modernity and for profound expertise in Eastern Europe.\" \/>\n<meta name=\"robots\" content=\"index, follow, max-snippet:-1, max-image-preview:large, max-video-preview:-1\" \/>\n<link rel=\"canonical\" href=\"https:\/\/libmod.de\/en\/about-us\/who-we-are\/\" \/>\n<meta property=\"og:locale\" content=\"en_US\" \/>\n<meta property=\"og:type\" content=\"article\" \/>\n<meta property=\"og:title\" content=\"Who we are\" \/>\n<meta property=\"og:description\" content=\"The Center for Liberal Modernity is a political think tank and a debating platform. LibMod stands for the defense and renewal of liberal democracy, for the promotion of ecological modernity and for profound expertise in Eastern Europe.\" \/>\n<meta property=\"og:url\" content=\"https:\/\/libmod.de\/en\/about-us\/who-we-are\/\" \/>\n<meta property=\"og:site_name\" content=\"libmod.de - Zentrum Liberale Moderne\" \/>\n<meta property=\"article:publisher\" content=\"https:\/\/www.facebook.com\/LiberaleModerne\/\" \/>\n<meta property=\"article:modified_time\" content=\"2025-04-02T06:22:59+00:00\" \/>\n<meta property=\"og:image\" content=\"https:\/\/libmodredaktion.fra1.digitaloceanspaces.com\/wp-content\/uploads\/20240905104948\/A7404240_1200x800.jpg\" \/>\n\t<meta property=\"og:image:width\" content=\"1200\" \/>\n\t<meta property=\"og:image:height\" content=\"800\" \/>\n\t<meta property=\"og:image:type\" content=\"image\/jpeg\" \/>\n<meta name=\"twitter:card\" content=\"summary_large_image\" \/>\n<meta name=\"twitter:site\" content=\"@liberalemoderne\" \/>\n<meta name=\"twitter:label1\" content=\"Est. reading time\" \/>\n\t<meta name=\"twitter:data1\" content=\"3 minutes\" \/>\n<script type=\"application\/ld+json\" class=\"yoast-schema-graph\">{\"@context\":\"https:\\\/\\\/schema.org\",\"@graph\":[{\"@type\":\"WebPage\",\"@id\":\"https:\\\/\\\/libmod.de\\\/en\\\/about-us\\\/who-we-are\\\/\",\"url\":\"https:\\\/\\\/libmod.de\\\/en\\\/about-us\\\/who-we-are\\\/\",\"name\":\"Who we are - libmod.de - Zentrum Liberale Moderne\",\"isPartOf\":{\"@id\":\"https:\\\/\\\/libmod.de\\\/#website\"},\"primaryImageOfPage\":{\"@id\":\"https:\\\/\\\/libmod.de\\\/en\\\/about-us\\\/who-we-are\\\/#primaryimage\"},\"image\":{\"@id\":\"https:\\\/\\\/libmod.de\\\/en\\\/about-us\\\/who-we-are\\\/#primaryimage\"},\"thumbnailUrl\":\"https:\\\/\\\/libmodredaktion.fra1.digitaloceanspaces.com\\\/wp-content\\\/uploads\\\/20240905104948\\\/A7404240_1200x800.jpg\",\"datePublished\":\"2018-04-16T07:26:47+00:00\",\"dateModified\":\"2025-04-02T06:22:59+00:00\",\"description\":\"The Center for Liberal Modernity is a political think tank and a debating platform. LibMod stands for the defense and renewal of liberal democracy, for the promotion of ecological modernity and for profound expertise in Eastern Europe.\",\"breadcrumb\":{\"@id\":\"https:\\\/\\\/libmod.de\\\/en\\\/about-us\\\/who-we-are\\\/#breadcrumb\"},\"inLanguage\":\"en-US\",\"potentialAction\":[{\"@type\":\"ReadAction\",\"target\":[\"https:\\\/\\\/libmod.de\\\/en\\\/about-us\\\/who-we-are\\\/\"]}]},{\"@type\":\"ImageObject\",\"inLanguage\":\"en-US\",\"@id\":\"https:\\\/\\\/libmod.de\\\/en\\\/about-us\\\/who-we-are\\\/#primaryimage\",\"url\":\"https:\\\/\\\/libmodredaktion.fra1.digitaloceanspaces.com\\\/wp-content\\\/uploads\\\/20240905104948\\\/A7404240_1200x800.jpg\",\"contentUrl\":\"https:\\\/\\\/libmodredaktion.fra1.digitaloceanspaces.com\\\/wp-content\\\/uploads\\\/20240905104948\\\/A7404240_1200x800.jpg\",\"width\":1200,\"height\":800},{\"@type\":\"BreadcrumbList\",\"@id\":\"https:\\\/\\\/libmod.de\\\/en\\\/about-us\\\/who-we-are\\\/#breadcrumb\",\"itemListElement\":[{\"@type\":\"ListItem\",\"position\":1,\"name\":\"Startseite\",\"item\":\"https:\\\/\\\/libmod.de\\\/en\\\/\"},{\"@type\":\"ListItem\",\"position\":2,\"name\":\"About us\",\"item\":\"https:\\\/\\\/libmod.de\\\/en\\\/about-us\\\/\"},{\"@type\":\"ListItem\",\"position\":3,\"name\":\"Who we are\"}]},{\"@type\":\"WebSite\",\"@id\":\"https:\\\/\\\/libmod.de\\\/#website\",\"url\":\"https:\\\/\\\/libmod.de\\\/\",\"name\":\"libmod.de - Zentrum Liberale Moderne\",\"description\":\"Think Tank f\u00fcr Politik in Berlin\",\"publisher\":{\"@id\":\"https:\\\/\\\/libmod.de\\\/#organization\"},\"potentialAction\":[{\"@type\":\"SearchAction\",\"target\":{\"@type\":\"EntryPoint\",\"urlTemplate\":\"https:\\\/\\\/libmod.de\\\/?s={search_term_string}\"},\"query-input\":{\"@type\":\"PropertyValueSpecification\",\"valueRequired\":true,\"valueName\":\"search_term_string\"}}],\"inLanguage\":\"en-US\"},{\"@type\":\"Organization\",\"@id\":\"https:\\\/\\\/libmod.de\\\/#organization\",\"name\":\"Zentrum Liberale Moderne\",\"url\":\"https:\\\/\\\/libmod.de\\\/\",\"logo\":{\"@type\":\"ImageObject\",\"inLanguage\":\"en-US\",\"@id\":\"https:\\\/\\\/libmod.de\\\/#\\\/schema\\\/logo\\\/image\\\/\",\"url\":\"https:\\\/\\\/libmodredaktion.fra1.digitaloceanspaces.com\\\/wp-content\\\/uploads\\\/20240905145818\\\/LibMod_Logo_XL.jpg\",\"contentUrl\":\"https:\\\/\\\/libmodredaktion.fra1.digitaloceanspaces.com\\\/wp-content\\\/uploads\\\/20240905145818\\\/LibMod_Logo_XL.jpg\",\"width\":1439,\"height\":615,\"caption\":\"Zentrum Liberale Moderne\"},\"image\":{\"@id\":\"https:\\\/\\\/libmod.de\\\/#\\\/schema\\\/logo\\\/image\\\/\"},\"sameAs\":[\"https:\\\/\\\/www.facebook.com\\\/LiberaleModerne\\\/\",\"https:\\\/\\\/x.com\\\/liberalemoderne\",\"https:\\\/\\\/www.youtube.com\\\/channel\\\/UC4Yl_V4pm1LwryD04ky54SA\",\"https:\\\/\\\/www.instagram.com\\\/libmod\\\/\",\"https:\\\/\\\/bsky.app\\\/profile\\\/libmod.de\"],\"description\":\"Das Zentrum Liberale Moderne ist ein politischer Think Tank und eine Debattenplattform. LibMod steht f\u00fcr die Verteidigung und Erneuerung der liberalen Demokratie, f\u00fcr den Aufbruch in die \u00f6kologische Moderne und f\u00fcr eine fundierte Osteuropa-Expertise.\"}]}<\/script>\n<!-- \/ Yoast SEO Premium plugin. -->","yoast_head_json":{"title":"Who we are - libmod.de - Zentrum Liberale Moderne","description":"The Center for Liberal Modernity is a political think tank and a debating platform. LibMod stands for the defense and renewal of liberal democracy, for the promotion of ecological modernity and for profound expertise in Eastern Europe.","robots":{"index":"index","follow":"follow","max-snippet":"max-snippet:-1","max-image-preview":"max-image-preview:large","max-video-preview":"max-video-preview:-1"},"canonical":"https:\/\/libmod.de\/en\/about-us\/who-we-are\/","og_locale":"en_US","og_type":"article","og_title":"Who we are","og_description":"The Center for Liberal Modernity is a political think tank and a debating platform. LibMod stands for the defense and renewal of liberal democracy, for the promotion of ecological modernity and for profound expertise in Eastern Europe.","og_url":"https:\/\/libmod.de\/en\/about-us\/who-we-are\/","og_site_name":"libmod.de - Zentrum Liberale Moderne","article_publisher":"https:\/\/www.facebook.com\/LiberaleModerne\/","article_modified_time":"2025-04-02T06:22:59+00:00","og_image":[{"width":1200,"height":800,"url":"https:\/\/libmodredaktion.fra1.digitaloceanspaces.com\/wp-content\/uploads\/20240905104948\/A7404240_1200x800.jpg","type":"image\/jpeg"}],"twitter_card":"summary_large_image","twitter_site":"@liberalemoderne","twitter_misc":{"Est. reading time":"3 minutes"},"schema":{"@context":"https:\/\/schema.org","@graph":[{"@type":"WebPage","@id":"https:\/\/libmod.de\/en\/about-us\/who-we-are\/","url":"https:\/\/libmod.de\/en\/about-us\/who-we-are\/","name":"Who we are - libmod.de - Zentrum Liberale Moderne","isPartOf":{"@id":"https:\/\/libmod.de\/#website"},"primaryImageOfPage":{"@id":"https:\/\/libmod.de\/en\/about-us\/who-we-are\/#primaryimage"},"image":{"@id":"https:\/\/libmod.de\/en\/about-us\/who-we-are\/#primaryimage"},"thumbnailUrl":"https:\/\/libmodredaktion.fra1.digitaloceanspaces.com\/wp-content\/uploads\/20240905104948\/A7404240_1200x800.jpg","datePublished":"2018-04-16T07:26:47+00:00","dateModified":"2025-04-02T06:22:59+00:00","description":"The Center for Liberal Modernity is a political think tank and a debating platform. LibMod stands for the defense and renewal of liberal democracy, for the promotion of ecological modernity and for profound expertise in Eastern Europe.","breadcrumb":{"@id":"https:\/\/libmod.de\/en\/about-us\/who-we-are\/#breadcrumb"},"inLanguage":"en-US","potentialAction":[{"@type":"ReadAction","target":["https:\/\/libmod.de\/en\/about-us\/who-we-are\/"]}]},{"@type":"ImageObject","inLanguage":"en-US","@id":"https:\/\/libmod.de\/en\/about-us\/who-we-are\/#primaryimage","url":"https:\/\/libmodredaktion.fra1.digitaloceanspaces.com\/wp-content\/uploads\/20240905104948\/A7404240_1200x800.jpg","contentUrl":"https:\/\/libmodredaktion.fra1.digitaloceanspaces.com\/wp-content\/uploads\/20240905104948\/A7404240_1200x800.jpg","width":1200,"height":800},{"@type":"BreadcrumbList","@id":"https:\/\/libmod.de\/en\/about-us\/who-we-are\/#breadcrumb","itemListElement":[{"@type":"ListItem","position":1,"name":"Startseite","item":"https:\/\/libmod.de\/en\/"},{"@type":"ListItem","position":2,"name":"About us","item":"https:\/\/libmod.de\/en\/about-us\/"},{"@type":"ListItem","position":3,"name":"Who we are"}]},{"@type":"WebSite","@id":"https:\/\/libmod.de\/#website","url":"https:\/\/libmod.de\/","name":"libmod.de - Zentrum Liberale Moderne","description":"Think Tank f\u00fcr Politik in Berlin","publisher":{"@id":"https:\/\/libmod.de\/#organization"},"potentialAction":[{"@type":"SearchAction","target":{"@type":"EntryPoint","urlTemplate":"https:\/\/libmod.de\/?s={search_term_string}"},"query-input":{"@type":"PropertyValueSpecification","valueRequired":true,"valueName":"search_term_string"}}],"inLanguage":"en-US"},{"@type":"Organization","@id":"https:\/\/libmod.de\/#organization","name":"Zentrum Liberale Moderne","url":"https:\/\/libmod.de\/","logo":{"@type":"ImageObject","inLanguage":"en-US","@id":"https:\/\/libmod.de\/#\/schema\/logo\/image\/","url":"https:\/\/libmodredaktion.fra1.digitaloceanspaces.com\/wp-content\/uploads\/20240905145818\/LibMod_Logo_XL.jpg","contentUrl":"https:\/\/libmodredaktion.fra1.digitaloceanspaces.com\/wp-content\/uploads\/20240905145818\/LibMod_Logo_XL.jpg","width":1439,"height":615,"caption":"Zentrum Liberale Moderne"},"image":{"@id":"https:\/\/libmod.de\/#\/schema\/logo\/image\/"},"sameAs":["https:\/\/www.facebook.com\/LiberaleModerne\/","https:\/\/x.com\/liberalemoderne","https:\/\/www.youtube.com\/channel\/UC4Yl_V4pm1LwryD04ky54SA","https:\/\/www.instagram.com\/libmod\/","https:\/\/bsky.app\/profile\/libmod.de"],"description":"Das Zentrum Liberale Moderne ist ein politischer Think Tank und eine Debattenplattform. LibMod steht f\u00fcr die Verteidigung und Erneuerung der liberalen Demokratie, f\u00fcr den Aufbruch in die \u00f6kologische Moderne und f\u00fcr eine fundierte Osteuropa-Expertise."}]}},"_links":{"self":[{"href":"https:\/\/libmod.de\/en\/wp-json\/wp\/v2\/pages\/27272","targetHints":{"allow":["GET"]}}],"collection":[{"href":"https:\/\/libmod.de\/en\/wp-json\/wp\/v2\/pages"}],"about":[{"href":"https:\/\/libmod.de\/en\/wp-json\/wp\/v2\/types\/page"}],"author":[{"embeddable":true,"href":"https:\/\/libmod.de\/en\/wp-json\/wp\/v2\/users\/257"}],"replies":[{"embeddable":true,"href":"https:\/\/libmod.de\/en\/wp-json\/wp\/v2\/comments?post=27272"}],"version-history":[{"count":12,"href":"https:\/\/libmod.de\/en\/wp-json\/wp\/v2\/pages\/27272\/revisions"}],"predecessor-version":[{"id":71547,"href":"https:\/\/libmod.de\/en\/wp-json\/wp\/v2\/pages\/27272\/revisions\/71547"}],"up":[{"embeddable":true,"href":"https:\/\/libmod.de\/en\/wp-json\/wp\/v2\/pages\/26877"}],"wp:featuredmedia":[{"embeddable":true,"href":"https:\/\/libmod.de\/en\/wp-json\/wp\/v2\/media\/63971"}],"wp:attachment":[{"href":"https:\/\/libmod.de\/en\/wp-json\/wp\/v2\/media?parent=27272"}],"curies":[{"name":"wp","href":"https:\/\/api.w.org\/{rel}","templated":true}]}}