{"id":27281,"date":"2018-04-16T09:47:31","date_gmt":"2018-04-16T07:47:31","guid":{"rendered":"http:\/\/libmod.de\/?page_id=27281"},"modified":"2024-04-17T12:59:29","modified_gmt":"2024-04-17T10:59:29","slug":"authors","status":"publish","type":"page","link":"https:\/\/libmod.de\/en\/about-us\/authors\/","title":{"rendered":"Authors"},"content":{"rendered":"<div class=\"wpb-content-wrapper\"><p>[vc_row][vc_column width=\u201c1\/6\u201d][\/vc_column][vc_column width=\u201c3\/6\u201d][vc_column_text]<a href=\"https:\/\/libmod.de\/author\/andruchowytsch\/\">Jurij Andru\u00adchowytsch<\/a><\/p>\n<p><a href=\"https:\/\/libmod.de\/author\/zlm_marieluise_beck\/\">Marieluise Beck<\/a><\/p>\n<p><a href=\"https:\/\/libmod.de\/author\/zlm_christoph_becker\/\">Christoph Becker<\/a><\/p>\n<p><a href=\"https:\/\/libmod.de\/author\/brumlik\/\">Prof. Dr. Micha&nbsp;Brumlik<\/a><\/p>\n<p><a href=\"https:\/\/libmod.de\/author\/forganni\/\">Dr. Antonella&nbsp;Forganni<\/a><\/p>\n<p><a href=\"https:\/\/libmod.de\/author\/frenyo\/\">Anna Frenyo<\/a><\/p>\n<p><a href=\"https:\/\/libmod.de\/author\/zlm_ralf_fuecks\/\">Ralf F\u00fccks<\/a><\/p>\n<p><a href=\"https:\/\/libmod.de\/en\/author\/fuecks_beck\/\">Ralf F\u00fccks and Marieluise&nbsp;Beck<\/a><\/p>\n<p><a href=\"https:\/\/libmod.de\/author\/gressel\/\">Dr. Gustav C.&nbsp;Gressel<\/a><\/p>\n<p><a href=\"https:\/\/libmod.de\/author\/herzinger\/\">Richard Herzinger<\/a><\/p>\n<p><a href=\"http:\/\/libmod.de\/author\/horn\/\">Dr. Karen&nbsp;Horn<\/a><\/p>\n<p><a href=\"https:\/\/libmod.de\/author\/attila-juhasz\/\">Attila Juhasz<\/a><\/p>\n<p><a href=\"https:\/\/libmod.de\/author\/jungjohann\/\">Arne Jungjohann<\/a><\/p>\n<p><a href=\"https:\/\/libmod.de\/author\/klaus-lederer\/\">Klaus Lederer<\/a><\/p>\n<p><a href=\"https:\/\/libmod.de\/author\/lucas\/\">Edward Lucas<\/a><\/p>\n<p><a href=\"https:\/\/libmod.de\/author\/luks\/\">Dr. Fred&nbsp;Luks<\/a><\/p>\n<p><a href=\"https:\/\/libmod.de\/author\/martin\/\">Marko Martin<\/a><\/p>\n<p><a href=\"https:\/\/libmod.de\/author\/meckel\/\">Markus Meckel<\/a><\/p>\n<p><a href=\"https:\/\/libmod.de\/author\/minx\/\">Prof. Dr. Jan&nbsp;Minx<\/a><\/p>\n<p><a href=\"https:\/\/libmod.de\/author\/rakt\/\">Eva van de&nbsp;Rakt<\/a><\/p>\n<p><a href=\"https:\/\/libmod.de\/author\/manuela-rottmann\/\">Manuela Rottmann<\/a><\/p>\n<p><a href=\"https:\/\/libmod.de\/author\/dahlia-scheindlin\/\">Dahlia Scheindlin<\/a><\/p>\n<p><a href=\"https:\/\/libmod.de\/author\/schewzowa\/\" target=\"_blank\" rel=\"noopener\">Dr. Lilija&nbsp;Schewzowa<\/a><\/p>\n<p><a href=\"https:\/\/libmod.de\/author\/schmierer\/\">Joscha Schmierer<\/a><\/p>\n<p><a href=\"https:\/\/libmod.de\/author\/schubert\/\">Markus Schubert<\/a><\/p>\n<p><a href=\"https:\/\/libmod.de\/author\/siegert\/\">Jens Siegert<\/a><\/p>\n<p><a href=\"https:\/\/libmod.de\/en\/iryna-solonenko\/\" target=\"_blank\" rel=\"noopener\">Iryna Solonenko<\/a><\/p>\n<p><a href=\"https:\/\/libmod.de\/author\/sontheimer\/\">Michael Sontheimer<\/a><\/p>\n<p><a href=\"https:\/\/libmod.de\/author\/albrecht-sonntag\/\">Albrecht Sonntag<\/a><\/p>\n<p><a href=\"https:\/\/libmod.de\/author\/techau\/\">Jan Techau<\/a><\/p>\n<p><a href=\"https:\/\/libmod.de\/author\/templin\/\">Wolfgang Templin<\/a><\/p>\n<p><a href=\"https:\/\/libmod.de\/author\/twickel\/\">Nikolaus von&nbsp;Twickel<\/a><\/p>\n<p><a href=\"https:\/\/libmod.de\/author\/unfried\/\">Peter Unfried<\/a><\/p>\n<p><a href=\"https:\/\/libmod.de\/author\/wessenauer\/\">Veszna Wesse\u00adnauer<\/a><\/p>\n<p><a href=\"https:\/\/libmod.de\/author\/zhadan\/\">Serhij Zhadan<\/a>[\/vc_column_text][\/vc_column][vc_column width=\u201c1\/3\u201d][\/vc_column][\/vc_row]<\/p>\n<\/div>","protected":false},"excerpt":{"rendered":"<p>[vc_row][vc_column width=\u201c1\/6\u201d][\/vc_column][vc_column width=\u201c3\/6\u201d][vc_column_text]Jurij Andru\u00adchowytsch Marieluise Beck Christoph Becker Prof. Dr. Micha&nbsp;Brumlik Dr. Antonella&nbsp;Forganni Anna Frenyo Ralf F\u00fccks Ralf F\u00fccks and Marieluise&nbsp;Beck Dr. Gustav C.&nbsp;Gressel Richard Herzinger Dr. Karen&nbsp;Horn Attila&nbsp;Juhasz...<\/p>\n","protected":false},"author":257,"featured_media":0,"parent":26877,"menu_order":5,"comment_status":"closed","ping_status":"closed","template":"","meta":{"_acf_changed":false,"wp_typography_post_enhancements_disabled":false,"footnotes":""},"class_list":["post-27281","page","type-page","status-publish"],"acf":[],"yoast_head":"<!-- This site is optimized with the Yoast SEO Premium plugin v27.0 (Yoast SEO v27.3) - https:\/\/yoast.com\/product\/yoast-seo-premium-wordpress\/ -->\n<title>Authors - libmod.de - Zentrum Liberale Moderne<\/title>\n<meta name=\"robots\" content=\"index, follow, max-snippet:-1, max-image-preview:large, max-video-preview:-1\" \/>\n<link rel=\"canonical\" href=\"https:\/\/libmod.de\/en\/about-us\/authors\/\" \/>\n<meta property=\"og:locale\" content=\"en_US\" \/>\n<meta property=\"og:type\" content=\"article\" \/>\n<meta property=\"og:title\" content=\"Authors\" \/>\n<meta property=\"og:description\" content=\"[vc_row][vc_column width=\u201c1\/6\u201d][\/vc_column][vc_column width=\u201c3\/6\u201d][vc_column_text]Jurij Andru\u00adchowytsch Marieluise Beck Christoph Becker Prof. Dr. Micha&nbsp;Brumlik Dr. Antonella&nbsp;Forganni Anna Frenyo Ralf F\u00fccks Ralf F\u00fccks and Marieluise&nbsp;Beck Dr. Gustav C.&nbsp;Gressel Richard Herzinger Dr. Karen&nbsp;Horn Attila Juhasz...\" \/>\n<meta property=\"og:url\" content=\"https:\/\/libmod.de\/en\/about-us\/authors\/\" \/>\n<meta property=\"og:site_name\" content=\"libmod.de - Zentrum Liberale Moderne\" \/>\n<meta property=\"article:publisher\" content=\"https:\/\/www.facebook.com\/LiberaleModerne\/\" \/>\n<meta property=\"article:modified_time\" content=\"2024-04-17T10:59:29+00:00\" \/>\n<meta name=\"twitter:card\" content=\"summary_large_image\" \/>\n<meta name=\"twitter:site\" content=\"@liberalemoderne\" \/>\n<meta name=\"twitter:label1\" content=\"Est. reading time\" \/>\n\t<meta name=\"twitter:data1\" content=\"1 minute\" \/>\n<script type=\"application\/ld+json\" class=\"yoast-schema-graph\">{\"@context\":\"https:\\\/\\\/schema.org\",\"@graph\":[{\"@type\":\"WebPage\",\"@id\":\"https:\\\/\\\/libmod.de\\\/en\\\/about-us\\\/authors\\\/\",\"url\":\"https:\\\/\\\/libmod.de\\\/en\\\/about-us\\\/authors\\\/\",\"name\":\"Authors - libmod.de - Zentrum Liberale Moderne\",\"isPartOf\":{\"@id\":\"https:\\\/\\\/libmod.de\\\/#website\"},\"datePublished\":\"2018-04-16T07:47:31+00:00\",\"dateModified\":\"2024-04-17T10:59:29+00:00\",\"breadcrumb\":{\"@id\":\"https:\\\/\\\/libmod.de\\\/en\\\/about-us\\\/authors\\\/#breadcrumb\"},\"inLanguage\":\"en-US\",\"potentialAction\":[{\"@type\":\"ReadAction\",\"target\":[\"https:\\\/\\\/libmod.de\\\/en\\\/about-us\\\/authors\\\/\"]}]},{\"@type\":\"BreadcrumbList\",\"@id\":\"https:\\\/\\\/libmod.de\\\/en\\\/about-us\\\/authors\\\/#breadcrumb\",\"itemListElement\":[{\"@type\":\"ListItem\",\"position\":1,\"name\":\"Startseite\",\"item\":\"https:\\\/\\\/libmod.de\\\/en\\\/\"},{\"@type\":\"ListItem\",\"position\":2,\"name\":\"About us\",\"item\":\"https:\\\/\\\/libmod.de\\\/en\\\/about-us\\\/\"},{\"@type\":\"ListItem\",\"position\":3,\"name\":\"Authors\"}]},{\"@type\":\"WebSite\",\"@id\":\"https:\\\/\\\/libmod.de\\\/#website\",\"url\":\"https:\\\/\\\/libmod.de\\\/\",\"name\":\"libmod.de - Zentrum Liberale Moderne\",\"description\":\"Think Tank f\u00fcr Politik in Berlin\",\"publisher\":{\"@id\":\"https:\\\/\\\/libmod.de\\\/#organization\"},\"potentialAction\":[{\"@type\":\"SearchAction\",\"target\":{\"@type\":\"EntryPoint\",\"urlTemplate\":\"https:\\\/\\\/libmod.de\\\/?s={search_term_string}\"},\"query-input\":{\"@type\":\"PropertyValueSpecification\",\"valueRequired\":true,\"valueName\":\"search_term_string\"}}],\"inLanguage\":\"en-US\"},{\"@type\":\"Organization\",\"@id\":\"https:\\\/\\\/libmod.de\\\/#organization\",\"name\":\"Zentrum Liberale Moderne\",\"url\":\"https:\\\/\\\/libmod.de\\\/\",\"logo\":{\"@type\":\"ImageObject\",\"inLanguage\":\"en-US\",\"@id\":\"https:\\\/\\\/libmod.de\\\/#\\\/schema\\\/logo\\\/image\\\/\",\"url\":\"https:\\\/\\\/libmodredaktion.fra1.digitaloceanspaces.com\\\/wp-content\\\/uploads\\\/20240905145818\\\/LibMod_Logo_XL.jpg\",\"contentUrl\":\"https:\\\/\\\/libmodredaktion.fra1.digitaloceanspaces.com\\\/wp-content\\\/uploads\\\/20240905145818\\\/LibMod_Logo_XL.jpg\",\"width\":1439,\"height\":615,\"caption\":\"Zentrum Liberale Moderne\"},\"image\":{\"@id\":\"https:\\\/\\\/libmod.de\\\/#\\\/schema\\\/logo\\\/image\\\/\"},\"sameAs\":[\"https:\\\/\\\/www.facebook.com\\\/LiberaleModerne\\\/\",\"https:\\\/\\\/x.com\\\/liberalemoderne\",\"https:\\\/\\\/www.youtube.com\\\/channel\\\/UC4Yl_V4pm1LwryD04ky54SA\",\"https:\\\/\\\/www.instagram.com\\\/libmod\\\/\",\"https:\\\/\\\/bsky.app\\\/profile\\\/libmod.de\"],\"description\":\"Das Zentrum Liberale Moderne ist ein politischer Think Tank und eine Debattenplattform. LibMod steht f\u00fcr die Verteidigung und Erneuerung der liberalen Demokratie, f\u00fcr den Aufbruch in die \u00f6kologische Moderne und f\u00fcr eine fundierte Osteuropa-Expertise.\"}]}<\/script>\n<!-- \/ Yoast SEO Premium plugin. -->","yoast_head_json":{"title":"Authors - libmod.de - Zentrum Liberale Moderne","robots":{"index":"index","follow":"follow","max-snippet":"max-snippet:-1","max-image-preview":"max-image-preview:large","max-video-preview":"max-video-preview:-1"},"canonical":"https:\/\/libmod.de\/en\/about-us\/authors\/","og_locale":"en_US","og_type":"article","og_title":"Authors","og_description":"[vc_row][vc_column width=\u201c1\/6\u201d][\/vc_column][vc_column width=\u201c3\/6\u201d][vc_column_text]Jurij Andru\u00adchowytsch Marieluise Beck Christoph Becker Prof. Dr. Micha&nbsp;Brumlik Dr. Antonella&nbsp;Forganni Anna Frenyo Ralf F\u00fccks Ralf F\u00fccks and Marieluise&nbsp;Beck Dr. Gustav C.&nbsp;Gressel Richard Herzinger Dr. Karen&nbsp;Horn Attila Juhasz...","og_url":"https:\/\/libmod.de\/en\/about-us\/authors\/","og_site_name":"libmod.de - Zentrum Liberale Moderne","article_publisher":"https:\/\/www.facebook.com\/LiberaleModerne\/","article_modified_time":"2024-04-17T10:59:29+00:00","twitter_card":"summary_large_image","twitter_site":"@liberalemoderne","twitter_misc":{"Est. reading time":"1 minute"},"schema":{"@context":"https:\/\/schema.org","@graph":[{"@type":"WebPage","@id":"https:\/\/libmod.de\/en\/about-us\/authors\/","url":"https:\/\/libmod.de\/en\/about-us\/authors\/","name":"Authors - libmod.de - Zentrum Liberale Moderne","isPartOf":{"@id":"https:\/\/libmod.de\/#website"},"datePublished":"2018-04-16T07:47:31+00:00","dateModified":"2024-04-17T10:59:29+00:00","breadcrumb":{"@id":"https:\/\/libmod.de\/en\/about-us\/authors\/#breadcrumb"},"inLanguage":"en-US","potentialAction":[{"@type":"ReadAction","target":["https:\/\/libmod.de\/en\/about-us\/authors\/"]}]},{"@type":"BreadcrumbList","@id":"https:\/\/libmod.de\/en\/about-us\/authors\/#breadcrumb","itemListElement":[{"@type":"ListItem","position":1,"name":"Startseite","item":"https:\/\/libmod.de\/en\/"},{"@type":"ListItem","position":2,"name":"About us","item":"https:\/\/libmod.de\/en\/about-us\/"},{"@type":"ListItem","position":3,"name":"Authors"}]},{"@type":"WebSite","@id":"https:\/\/libmod.de\/#website","url":"https:\/\/libmod.de\/","name":"libmod.de - Zentrum Liberale Moderne","description":"Think Tank f\u00fcr Politik in Berlin","publisher":{"@id":"https:\/\/libmod.de\/#organization"},"potentialAction":[{"@type":"SearchAction","target":{"@type":"EntryPoint","urlTemplate":"https:\/\/libmod.de\/?s={search_term_string}"},"query-input":{"@type":"PropertyValueSpecification","valueRequired":true,"valueName":"search_term_string"}}],"inLanguage":"en-US"},{"@type":"Organization","@id":"https:\/\/libmod.de\/#organization","name":"Zentrum Liberale Moderne","url":"https:\/\/libmod.de\/","logo":{"@type":"ImageObject","inLanguage":"en-US","@id":"https:\/\/libmod.de\/#\/schema\/logo\/image\/","url":"https:\/\/libmodredaktion.fra1.digitaloceanspaces.com\/wp-content\/uploads\/20240905145818\/LibMod_Logo_XL.jpg","contentUrl":"https:\/\/libmodredaktion.fra1.digitaloceanspaces.com\/wp-content\/uploads\/20240905145818\/LibMod_Logo_XL.jpg","width":1439,"height":615,"caption":"Zentrum Liberale Moderne"},"image":{"@id":"https:\/\/libmod.de\/#\/schema\/logo\/image\/"},"sameAs":["https:\/\/www.facebook.com\/LiberaleModerne\/","https:\/\/x.com\/liberalemoderne","https:\/\/www.youtube.com\/channel\/UC4Yl_V4pm1LwryD04ky54SA","https:\/\/www.instagram.com\/libmod\/","https:\/\/bsky.app\/profile\/libmod.de"],"description":"Das Zentrum Liberale Moderne ist ein politischer Think Tank und eine Debattenplattform. LibMod steht f\u00fcr die Verteidigung und Erneuerung der liberalen Demokratie, f\u00fcr den Aufbruch in die \u00f6kologische Moderne und f\u00fcr eine fundierte Osteuropa-Expertise."}]}},"_links":{"self":[{"href":"https:\/\/libmod.de\/en\/wp-json\/wp\/v2\/pages\/27281","targetHints":{"allow":["GET"]}}],"collection":[{"href":"https:\/\/libmod.de\/en\/wp-json\/wp\/v2\/pages"}],"about":[{"href":"https:\/\/libmod.de\/en\/wp-json\/wp\/v2\/types\/page"}],"author":[{"embeddable":true,"href":"https:\/\/libmod.de\/en\/wp-json\/wp\/v2\/users\/257"}],"replies":[{"embeddable":true,"href":"https:\/\/libmod.de\/en\/wp-json\/wp\/v2\/comments?post=27281"}],"version-history":[{"count":7,"href":"https:\/\/libmod.de\/en\/wp-json\/wp\/v2\/pages\/27281\/revisions"}],"predecessor-version":[{"id":62465,"href":"https:\/\/libmod.de\/en\/wp-json\/wp\/v2\/pages\/27281\/revisions\/62465"}],"up":[{"embeddable":true,"href":"https:\/\/libmod.de\/en\/wp-json\/wp\/v2\/pages\/26877"}],"wp:attachment":[{"href":"https:\/\/libmod.de\/en\/wp-json\/wp\/v2\/media?parent=27281"}],"curies":[{"name":"wp","href":"https:\/\/api.w.org\/{rel}","templated":true}]}}