{"id":47835,"date":"2022-07-13T15:44:41","date_gmt":"2022-07-13T13:44:41","guid":{"rendered":"https:\/\/libmod.de\/ueber-uns\/christoph-becker-copy\/"},"modified":"2022-07-13T15:48:26","modified_gmt":"2022-07-13T13:48:26","slug":"christoph-becker","status":"publish","type":"page","link":"https:\/\/libmod.de\/en\/christoph-becker\/","title":{"rendered":"Christoph Becker"},"content":{"rendered":"<div class=\"wpb-content-wrapper\"><p>[vc_row][vc_column][vc_column_text css=\u201d.vc_custom_1653911459638{margin-top: \u201120px !important;}\u201d]<\/p>\n<div class=\"mceTemp\"><\/div>\n<h3>Member of the Executive&nbsp;Board<\/h3>\n<p>[\/vc_column_text][vc_separator color=\u201cblack\u201d css=\u201d.vc_custom_1653475473969{margin-right: \u201120px !important;margin-left: \u201110px !important;}\u201d][\/vc_column][\/vc_row][vc_row][vc_column width=\u201c1\/2\u201d][vc_column_text css=\u201d.vc_custom_1653911875770{padding-right: 20px !important;padding-left: 2px !important;}\u201d]<\/p>\n<figure id=\"attachment_46932\" aria-describedby=\"caption-attachment-46932\" style=\"width: 1200px\" class=\"wp-caption alignnone\"><img class=\"wp-image-46932 size-full\" style=\"font-size: 16px;\" src=\"https:\/\/libmodredaktion.fra1.digitaloceanspaces.com\/wp-content\/uploads\/20240905143558\/ChristophBecker_1200x800.jpg\" alt width=\"1200\" height=\"800\" srcset=\"https:\/\/libmodredaktion.fra1.digitaloceanspaces.com\/wp-content\/uploads\/20240905143558\/ChristophBecker_1200x800.jpg 1200w, https:\/\/libmodredaktion.fra1.digitaloceanspaces.com\/wp-content\/uploads\/20240905143558\/ChristophBecker_1200x800-770x513.jpg 770w, https:\/\/libmodredaktion.fra1.digitaloceanspaces.com\/wp-content\/uploads\/20240905143558\/ChristophBecker_1200x800-768x512.jpg 768w\" sizes=\"(max-width: 1200px) 100vw, 1200px\"><figcaption id=\"caption-attachment-46932\" class=\"wp-caption-text\">Foto: Stefan&nbsp;Lengsfeld<\/figcaption><\/figure>\n<p>[\/vc_column_text][vc_separator color=\u201cblack\u201d css=\u201d.vc_custom_1653475846282{margin-top: 30px !important;margin-right: \u201115px !important;margin-left: \u201110px !important;}\u201d][vc_column_text]<\/p>\n<div class=\"mceTemp\"><\/div>\n<h2>Contact<\/h2>\n<p>T +49 30 \u2014 13 89 36&nbsp;32<br>\n<a href=\"mailto:christoph.becker@libmod.de\">christoph.becker@libmod.de<\/a><\/p>\n<p>&nbsp;<\/p>\n<h2>Publi\u00adca\u00adtions<\/h2>\n<p>Christoph Becker, <a href=\"http:\/\/h-und-g.info\/texte-zu-ukraine\/christoph-becker\">Putins Krieg mit Ansage<\/a>, H&nbsp;und G, 18.3.2022<\/p>\n<p>Ralf F\u00fccks, Christoph Becker (Hg.), <a href=\"https:\/\/wochenschau-verlag.de\/Das-alte-Denken-der-Neuen-Rechten\/41122\">Das alte Denken der Neuen Rechten<\/a>, Die langen Linien der antilib\u00aderalen Revolte,&nbsp;2020<\/p>\n<p>Christoph Becker, <a href=\"https:\/\/gegneranalyse.de\/wp-content\/uploads\/LibMod_Analyse_Ho%CC%88cke.pdf\">Auseinan\u00adder\u00adsetzung mit dem Weltbild und politischen Visionen von Bj\u00f6rn H\u00f6cke<\/a>, Eine Buchrezension, 2019<\/p>\n<p>Ralf F\u00fccks, Christoph Becker, <a href=\"https:\/\/russlandverstehen.eu\/fuecks-becker-faktencheck-einkreisung-russlands\/\">Faktencheck: Kreist die NATO Russland ein?<\/a> 2019[\/vc_column_text][\/vc_column][vc_column width=\u201c1\/2\u201d][vc_column_text css=\u201d.vc_custom_1653911698372{padding-right: 10px !important;}\u201d]&nbsp;Christoph Becker is a&nbsp;member of the Executive Board. Previ\u00adously, he worked as a&nbsp;research assistant and office manager in the Bundestag, where he mainly dealt with foreign policy issues and relations with Belarus and the Western Balkans region. He studied religious studies and art history at the Free University of Berlin and graduated with a&nbsp;thesis on the Nazi chief ideol\u00adogist Alfred Rosenberg.&nbsp;[\/vc_column_text][\/vc_column][\/vc_row][vc_row][vc_column][vc_separator color=\u201cblack\u201d css=\u201d.vc_custom_1653475473969{margin-right: \u201120px !important;margin-left: \u201110px !important;}\u201d][vc_column_text]<\/p>\n<div class=\"mceTemp\"><\/div>\n<h2>Articles by Christoph&nbsp;Becker<\/h2>\n<p>[\/vc_column_text][vc_basic_grid post_type=\u201cpost\u201d max_items=\u201c30\u201d style=\u201cload-more\u201d items_per_page=\u201c6\u201d item=\u201c24066\u201d initial_loading_animation=\u201cnone\u201d btn_title=\u201cMEHR AKTUELLE BEITR\u00c4GE\u201d btn_color=\u201cturquoise\u201d btn_size=\u201clg\u201d grid_id=\u201cvc_gid:1653912490035-a3ef0917-d145\u20110\u201d css=\u201d.vc_custom_1653925598950{margin-bottom: 30px !important;background-color: #ffffff !important;}\u201d taxonomies=\u201c14897\u201d][\/vc_column][\/vc_row][vc_column][\/vc_column]<\/p>\n<\/div>","protected":false},"excerpt":{"rendered":"<p>[vc_row][vc_column][vc_column_text css=\u201d.vc_custom_1653911459638{margin-top: \u201120px !important;}\u201d] Member of the Executive&nbsp;Board [\/vc_column_text][vc_separator color=\u201cblack\u201d css=\u201d.vc_custom_1653475473969{margin-right: \u201120px !important;margin-left: \u201110px !important;}\u201d][\/vc_column][\/vc_row][vc_row][vc_column width=\u201c1\/2\u201d][vc_column_text css=\u201d.vc_custom_1653911875770{padding-right: 20px !important;padding-left: 2px !important;}\u201d] [\/vc_column_text][vc_separator color=\u201cblack\u201d css=\u201d.vc_custom_1653475846282{margin-top: 30px !important;margin-right: \u201115px !important;margin-left: \u201110px !important;}\u201d][vc_column_text]...<\/p>\n","protected":false},"author":252,"featured_media":0,"parent":0,"menu_order":6,"comment_status":"closed","ping_status":"closed","template":"","meta":{"_acf_changed":false,"wp_typography_post_enhancements_disabled":false,"footnotes":""},"class_list":["post-47835","page","type-page","status-publish"],"acf":[],"yoast_head":"<!-- This site is optimized with the Yoast SEO Premium plugin v27.4 (Yoast SEO v27.4) - https:\/\/yoast.com\/product\/yoast-seo-premium-wordpress\/ -->\n<title>Christoph Becker - libmod.de - Zentrum Liberale Moderne<\/title>\n<meta name=\"description\" content=\"Christoph Becker ist Mitglied der Gesch\u00e4ftsf\u00fchrung. Zuvor arbeitete er als wissenschaftlicher Mitarbeiter und B\u00fcroleiter im Bundestag und besch\u00e4ftigte sich dort vorwiegend mit au\u00dfenpolitischen Themen und den Beziehungen zu Belarus und der Westbalkanregion. Er studierte an der Freien Universit\u00e4t Berlin Religionswissenschaft und Kunstgeschichte und schloss sein Studium mit einer Arbeit \u00fcber den NS-Chefideologen Alfred Rosenberg ab.\" \/>\n<meta name=\"robots\" content=\"index, follow, max-snippet:-1, max-image-preview:large, max-video-preview:-1\" \/>\n<link rel=\"canonical\" href=\"https:\/\/libmod.de\/en\/christoph-becker\/\" \/>\n<meta property=\"og:locale\" content=\"en_US\" \/>\n<meta property=\"og:type\" content=\"article\" \/>\n<meta property=\"og:title\" content=\"Christoph Becker\" \/>\n<meta property=\"og:description\" content=\"Christoph Becker ist Mitglied der Gesch\u00e4ftsf\u00fchrung. Zuvor arbeitete er als wissenschaftlicher Mitarbeiter und B\u00fcroleiter im Bundestag und besch\u00e4ftigte sich dort vorwiegend mit au\u00dfenpolitischen Themen und den Beziehungen zu Belarus und der Westbalkanregion. Er studierte an der Freien Universit\u00e4t Berlin Religionswissenschaft und Kunstgeschichte und schloss sein Studium mit einer Arbeit \u00fcber den NS-Chefideologen Alfred Rosenberg ab.\" \/>\n<meta property=\"og:url\" content=\"https:\/\/libmod.de\/en\/christoph-becker\/\" \/>\n<meta property=\"og:site_name\" content=\"libmod.de - Zentrum Liberale Moderne\" \/>\n<meta property=\"article:publisher\" content=\"https:\/\/www.facebook.com\/LiberaleModerne\/\" \/>\n<meta property=\"article:modified_time\" content=\"2022-07-13T13:48:26+00:00\" \/>\n<meta property=\"og:image\" content=\"https:\/\/libmod.de\/wp-content\/uploads\/ChristophBecker_1200x800.jpg\" \/>\n<meta name=\"twitter:card\" content=\"summary_large_image\" \/>\n<meta name=\"twitter:site\" content=\"@liberalemoderne\" \/>\n<meta name=\"twitter:label1\" content=\"Est. reading time\" \/>\n\t<meta name=\"twitter:data1\" content=\"2 minutes\" \/>\n<script type=\"application\/ld+json\" class=\"yoast-schema-graph\">{\"@context\":\"https:\\\/\\\/schema.org\",\"@graph\":[{\"@type\":\"WebPage\",\"@id\":\"https:\\\/\\\/libmod.de\\\/en\\\/christoph-becker\\\/\",\"url\":\"https:\\\/\\\/libmod.de\\\/en\\\/christoph-becker\\\/\",\"name\":\"Christoph Becker - libmod.de - Zentrum Liberale Moderne\",\"isPartOf\":{\"@id\":\"https:\\\/\\\/libmod.de\\\/#website\"},\"primaryImageOfPage\":{\"@id\":\"https:\\\/\\\/libmod.de\\\/en\\\/christoph-becker\\\/#primaryimage\"},\"image\":{\"@id\":\"https:\\\/\\\/libmod.de\\\/en\\\/christoph-becker\\\/#primaryimage\"},\"thumbnailUrl\":\"https:\\\/\\\/libmod.de\\\/wp-content\\\/uploads\\\/ChristophBecker_1200x800.jpg\",\"datePublished\":\"2022-07-13T13:44:41+00:00\",\"dateModified\":\"2022-07-13T13:48:26+00:00\",\"description\":\"Christoph Becker ist Mitglied der Gesch\u00e4ftsf\u00fchrung. Zuvor arbeitete er als wissenschaftlicher Mitarbeiter und B\u00fcroleiter im Bundestag und besch\u00e4ftigte sich dort vorwiegend mit au\u00dfenpolitischen Themen und den Beziehungen zu Belarus und der Westbalkanregion. Er studierte an der Freien Universit\u00e4t Berlin Religionswissenschaft und Kunstgeschichte und schloss sein Studium mit einer Arbeit \u00fcber den NS-Chefideologen Alfred Rosenberg ab.\",\"breadcrumb\":{\"@id\":\"https:\\\/\\\/libmod.de\\\/en\\\/christoph-becker\\\/#breadcrumb\"},\"inLanguage\":\"en-US\",\"potentialAction\":[{\"@type\":\"ReadAction\",\"target\":[\"https:\\\/\\\/libmod.de\\\/en\\\/christoph-becker\\\/\"]}]},{\"@type\":\"ImageObject\",\"inLanguage\":\"en-US\",\"@id\":\"https:\\\/\\\/libmod.de\\\/en\\\/christoph-becker\\\/#primaryimage\",\"url\":\"https:\\\/\\\/libmod.de\\\/wp-content\\\/uploads\\\/ChristophBecker_1200x800.jpg\",\"contentUrl\":\"https:\\\/\\\/libmod.de\\\/wp-content\\\/uploads\\\/ChristophBecker_1200x800.jpg\"},{\"@type\":\"BreadcrumbList\",\"@id\":\"https:\\\/\\\/libmod.de\\\/en\\\/christoph-becker\\\/#breadcrumb\",\"itemListElement\":[{\"@type\":\"ListItem\",\"position\":1,\"name\":\"Startseite\",\"item\":\"https:\\\/\\\/libmod.de\\\/en\\\/\"},{\"@type\":\"ListItem\",\"position\":2,\"name\":\"Christoph Becker\"}]},{\"@type\":\"WebSite\",\"@id\":\"https:\\\/\\\/libmod.de\\\/#website\",\"url\":\"https:\\\/\\\/libmod.de\\\/\",\"name\":\"libmod.de - Zentrum Liberale Moderne\",\"description\":\"Think Tank f\u00fcr Politik in Berlin\",\"publisher\":{\"@id\":\"https:\\\/\\\/libmod.de\\\/#organization\"},\"potentialAction\":[{\"@type\":\"SearchAction\",\"target\":{\"@type\":\"EntryPoint\",\"urlTemplate\":\"https:\\\/\\\/libmod.de\\\/?s={search_term_string}\"},\"query-input\":{\"@type\":\"PropertyValueSpecification\",\"valueRequired\":true,\"valueName\":\"search_term_string\"}}],\"inLanguage\":\"en-US\"},{\"@type\":\"Organization\",\"@id\":\"https:\\\/\\\/libmod.de\\\/#organization\",\"name\":\"Zentrum Liberale Moderne\",\"url\":\"https:\\\/\\\/libmod.de\\\/\",\"logo\":{\"@type\":\"ImageObject\",\"inLanguage\":\"en-US\",\"@id\":\"https:\\\/\\\/libmod.de\\\/#\\\/schema\\\/logo\\\/image\\\/\",\"url\":\"https:\\\/\\\/libmodredaktion.fra1.digitaloceanspaces.com\\\/wp-content\\\/uploads\\\/20240905145818\\\/LibMod_Logo_XL.jpg\",\"contentUrl\":\"https:\\\/\\\/libmodredaktion.fra1.digitaloceanspaces.com\\\/wp-content\\\/uploads\\\/20240905145818\\\/LibMod_Logo_XL.jpg\",\"width\":1439,\"height\":615,\"caption\":\"Zentrum Liberale Moderne\"},\"image\":{\"@id\":\"https:\\\/\\\/libmod.de\\\/#\\\/schema\\\/logo\\\/image\\\/\"},\"sameAs\":[\"https:\\\/\\\/www.facebook.com\\\/LiberaleModerne\\\/\",\"https:\\\/\\\/x.com\\\/liberalemoderne\",\"https:\\\/\\\/www.youtube.com\\\/channel\\\/UC4Yl_V4pm1LwryD04ky54SA\",\"https:\\\/\\\/www.instagram.com\\\/libmod\\\/\",\"https:\\\/\\\/bsky.app\\\/profile\\\/libmod.de\"],\"description\":\"Das Zentrum Liberale Moderne ist ein politischer Think Tank und eine Debattenplattform. LibMod steht f\u00fcr die Verteidigung und Erneuerung der liberalen Demokratie, f\u00fcr den Aufbruch in die \u00f6kologische Moderne und f\u00fcr eine fundierte Osteuropa-Expertise.\"}]}<\/script>\n<!-- \/ Yoast SEO Premium plugin. -->","yoast_head_json":{"title":"Christoph Becker - libmod.de - Zentrum Liberale Moderne","description":"Christoph Becker ist Mitglied der Gesch\u00e4ftsf\u00fchrung. Zuvor arbeitete er als wissenschaftlicher Mitarbeiter und B\u00fcroleiter im Bundestag und besch\u00e4ftigte sich dort vorwiegend mit au\u00dfenpolitischen Themen und den Beziehungen zu Belarus und der Westbalkanregion. Er studierte an der Freien Universit\u00e4t Berlin Religionswissenschaft und Kunstgeschichte und schloss sein Studium mit einer Arbeit \u00fcber den NS-Chefideologen Alfred Rosenberg ab.","robots":{"index":"index","follow":"follow","max-snippet":"max-snippet:-1","max-image-preview":"max-image-preview:large","max-video-preview":"max-video-preview:-1"},"canonical":"https:\/\/libmod.de\/en\/christoph-becker\/","og_locale":"en_US","og_type":"article","og_title":"Christoph Becker","og_description":"Christoph Becker ist Mitglied der Gesch\u00e4ftsf\u00fchrung. Zuvor arbeitete er als wissenschaftlicher Mitarbeiter und B\u00fcroleiter im Bundestag und besch\u00e4ftigte sich dort vorwiegend mit au\u00dfenpolitischen Themen und den Beziehungen zu Belarus und der Westbalkanregion. Er studierte an der Freien Universit\u00e4t Berlin Religionswissenschaft und Kunstgeschichte und schloss sein Studium mit einer Arbeit \u00fcber den NS-Chefideologen Alfred Rosenberg ab.","og_url":"https:\/\/libmod.de\/en\/christoph-becker\/","og_site_name":"libmod.de - Zentrum Liberale Moderne","article_publisher":"https:\/\/www.facebook.com\/LiberaleModerne\/","article_modified_time":"2022-07-13T13:48:26+00:00","og_image":[{"url":"https:\/\/libmod.de\/wp-content\/uploads\/ChristophBecker_1200x800.jpg","type":"","width":"","height":""}],"twitter_card":"summary_large_image","twitter_site":"@liberalemoderne","twitter_misc":{"Est. reading time":"2 minutes"},"schema":{"@context":"https:\/\/schema.org","@graph":[{"@type":"WebPage","@id":"https:\/\/libmod.de\/en\/christoph-becker\/","url":"https:\/\/libmod.de\/en\/christoph-becker\/","name":"Christoph Becker - libmod.de - Zentrum Liberale Moderne","isPartOf":{"@id":"https:\/\/libmod.de\/#website"},"primaryImageOfPage":{"@id":"https:\/\/libmod.de\/en\/christoph-becker\/#primaryimage"},"image":{"@id":"https:\/\/libmod.de\/en\/christoph-becker\/#primaryimage"},"thumbnailUrl":"https:\/\/libmod.de\/wp-content\/uploads\/ChristophBecker_1200x800.jpg","datePublished":"2022-07-13T13:44:41+00:00","dateModified":"2022-07-13T13:48:26+00:00","description":"Christoph Becker ist Mitglied der Gesch\u00e4ftsf\u00fchrung. Zuvor arbeitete er als wissenschaftlicher Mitarbeiter und B\u00fcroleiter im Bundestag und besch\u00e4ftigte sich dort vorwiegend mit au\u00dfenpolitischen Themen und den Beziehungen zu Belarus und der Westbalkanregion. Er studierte an der Freien Universit\u00e4t Berlin Religionswissenschaft und Kunstgeschichte und schloss sein Studium mit einer Arbeit \u00fcber den NS-Chefideologen Alfred Rosenberg ab.","breadcrumb":{"@id":"https:\/\/libmod.de\/en\/christoph-becker\/#breadcrumb"},"inLanguage":"en-US","potentialAction":[{"@type":"ReadAction","target":["https:\/\/libmod.de\/en\/christoph-becker\/"]}]},{"@type":"ImageObject","inLanguage":"en-US","@id":"https:\/\/libmod.de\/en\/christoph-becker\/#primaryimage","url":"https:\/\/libmod.de\/wp-content\/uploads\/ChristophBecker_1200x800.jpg","contentUrl":"https:\/\/libmod.de\/wp-content\/uploads\/ChristophBecker_1200x800.jpg"},{"@type":"BreadcrumbList","@id":"https:\/\/libmod.de\/en\/christoph-becker\/#breadcrumb","itemListElement":[{"@type":"ListItem","position":1,"name":"Startseite","item":"https:\/\/libmod.de\/en\/"},{"@type":"ListItem","position":2,"name":"Christoph Becker"}]},{"@type":"WebSite","@id":"https:\/\/libmod.de\/#website","url":"https:\/\/libmod.de\/","name":"libmod.de - Zentrum Liberale Moderne","description":"Think Tank f\u00fcr Politik in Berlin","publisher":{"@id":"https:\/\/libmod.de\/#organization"},"potentialAction":[{"@type":"SearchAction","target":{"@type":"EntryPoint","urlTemplate":"https:\/\/libmod.de\/?s={search_term_string}"},"query-input":{"@type":"PropertyValueSpecification","valueRequired":true,"valueName":"search_term_string"}}],"inLanguage":"en-US"},{"@type":"Organization","@id":"https:\/\/libmod.de\/#organization","name":"Zentrum Liberale Moderne","url":"https:\/\/libmod.de\/","logo":{"@type":"ImageObject","inLanguage":"en-US","@id":"https:\/\/libmod.de\/#\/schema\/logo\/image\/","url":"https:\/\/libmodredaktion.fra1.digitaloceanspaces.com\/wp-content\/uploads\/20240905145818\/LibMod_Logo_XL.jpg","contentUrl":"https:\/\/libmodredaktion.fra1.digitaloceanspaces.com\/wp-content\/uploads\/20240905145818\/LibMod_Logo_XL.jpg","width":1439,"height":615,"caption":"Zentrum Liberale Moderne"},"image":{"@id":"https:\/\/libmod.de\/#\/schema\/logo\/image\/"},"sameAs":["https:\/\/www.facebook.com\/LiberaleModerne\/","https:\/\/x.com\/liberalemoderne","https:\/\/www.youtube.com\/channel\/UC4Yl_V4pm1LwryD04ky54SA","https:\/\/www.instagram.com\/libmod\/","https:\/\/bsky.app\/profile\/libmod.de"],"description":"Das Zentrum Liberale Moderne ist ein politischer Think Tank und eine Debattenplattform. LibMod steht f\u00fcr die Verteidigung und Erneuerung der liberalen Demokratie, f\u00fcr den Aufbruch in die \u00f6kologische Moderne und f\u00fcr eine fundierte Osteuropa-Expertise."}]}},"_links":{"self":[{"href":"https:\/\/libmod.de\/en\/wp-json\/wp\/v2\/pages\/47835","targetHints":{"allow":["GET"]}}],"collection":[{"href":"https:\/\/libmod.de\/en\/wp-json\/wp\/v2\/pages"}],"about":[{"href":"https:\/\/libmod.de\/en\/wp-json\/wp\/v2\/types\/page"}],"author":[{"embeddable":true,"href":"https:\/\/libmod.de\/en\/wp-json\/wp\/v2\/users\/252"}],"replies":[{"embeddable":true,"href":"https:\/\/libmod.de\/en\/wp-json\/wp\/v2\/comments?post=47835"}],"version-history":[{"count":2,"href":"https:\/\/libmod.de\/en\/wp-json\/wp\/v2\/pages\/47835\/revisions"}],"predecessor-version":[{"id":47837,"href":"https:\/\/libmod.de\/en\/wp-json\/wp\/v2\/pages\/47835\/revisions\/47837"}],"wp:attachment":[{"href":"https:\/\/libmod.de\/en\/wp-json\/wp\/v2\/media?parent=47835"}],"curies":[{"name":"wp","href":"https:\/\/api.w.org\/{rel}","templated":true}]}}