{"id":47839,"date":"2022-07-13T15:50:17","date_gmt":"2022-07-13T13:50:17","guid":{"rendered":"https:\/\/libmod.de\/ueber-uns\/viktoria-savchuk-copy\/"},"modified":"2022-08-09T12:28:24","modified_gmt":"2022-08-09T10:28:24","slug":"viktoria-savchuk","status":"publish","type":"page","link":"https:\/\/libmod.de\/en\/viktoria-savchuk\/","title":{"rendered":"Viktoria Savchuk"},"content":{"rendered":"<div class=\"wpb-content-wrapper\"><p>[vc_row][vc_column][vc_column_text css=\u201d.vc_custom_1653926670367{margin-top: \u201120px !important;}\u201d]<\/p>\n<div class=\"mceTemp\"><\/div>\n<h3>Personal Assistant to the Executive&nbsp;Board<\/h3>\n<p>[\/vc_column_text][vc_separator color=\u201cblack\u201d css=\u201d.vc_custom_1653475473969{margin-right: \u201120px !important;margin-left: \u201110px !important;}\u201d][\/vc_column][\/vc_row][vc_row][vc_column width=\u201c1\/2\u201d][vc_column_text css=\u201d.vc_custom_1653926972130{padding-right: 20px !important;padding-left: 2px !important;}\u201d]<\/p>\n<figure id=\"attachment_46971\" aria-describedby=\"caption-attachment-46971\" style=\"width: 1200px\" class=\"wp-caption alignnone\"><img class=\"wp-image-46971 size-full\" style=\"font-size: 16px;\" src=\"https:\/\/libmodredaktion.fra1.digitaloceanspaces.com\/wp-content\/uploads\/20240905143556\/ViktoriaSavchuk_1200x800.jpg\" alt width=\"1200\" height=\"800\" srcset=\"https:\/\/libmodredaktion.fra1.digitaloceanspaces.com\/wp-content\/uploads\/20240905143556\/ViktoriaSavchuk_1200x800.jpg 1200w, https:\/\/libmodredaktion.fra1.digitaloceanspaces.com\/wp-content\/uploads\/20240905143556\/ViktoriaSavchuk_1200x800-770x513.jpg 770w, https:\/\/libmodredaktion.fra1.digitaloceanspaces.com\/wp-content\/uploads\/20240905143556\/ViktoriaSavchuk_1200x800-768x512.jpg 768w\" sizes=\"(max-width: 1200px) 100vw, 1200px\"><figcaption id=\"caption-attachment-46971\" class=\"wp-caption-text\">Foto: Stefan&nbsp;Lengsfeld<\/figcaption><\/figure>\n<p>[\/vc_column_text][vc_separator color=\u201cblack\u201d css=\u201d.vc_custom_1653475846282{margin-top: 30px !important;margin-right: \u201115px !important;margin-left: \u201110px !important;}\u201d][vc_column_text]<\/p>\n<div class=\"mceTemp\"><\/div>\n<h2>Contact<\/h2>\n<p>T +49 30 \u2014 13 89 36&nbsp;47<\/p>\n<p><a href=\"mailto:viktoria.savchuk@libmod.de\">viktoria.savchuk@libmod.de<\/a><\/p>\n<p>&nbsp;<\/p>\n<h2>Publi\u00adca\u00adtions<\/h2>\n<p>Viktoria Savchuk: <a href=\"https:\/\/ukraineverstehen.de\/savchuk-75-jahre-deportation-der-krimtataren\/\" target=\"_blank\" rel=\"noopener\">75 Jahre Depor\u00adtation der Krimtataren<\/a><\/p>\n<p>Viktoria Savchuk: <a href=\"https:\/\/ukraineverstehen.de\/savchuk-krimtatarische-kultur-deportation-1944\/\" target=\"_blank\" rel=\"noopener\">Krimtatarische Kultur-Depor\u00adtation&nbsp;1944<\/a><\/p>\n<p>ukraineverstehen.de: <a href=\"https:\/\/ukraineverstehen.de\/tag\/crimeansolidarity\/\">Crimean\u00adsol\u00adi\u00addarity<\/a>[\/vc_column_text][\/vc_column][vc_column width=\u201c1\/2\u201d][vc_column_text css=\u201d.vc_custom_1653926692207{padding-right: 10px !important;}\u201d]Viktoria Savchuk is a&nbsp;management consultant at the Centre for Liberal Modernity. As a&nbsp;lawyer and advocacy expert, she worked for several years at the NGO \u201cCrimeaSOS\u201d in Kyiv (Ukraine), where she worked on the issue of the Russian-occupied Crimea and inter\u00adnally displaced persons. She studied law at the National Academy of the Interior of Ukraine and at the Georg-August University of G\u00f6ttingen.[\/vc_column_text][\/vc_column][\/vc_row][vc_column][\/vc_column]<\/p>\n<\/div>","protected":false},"excerpt":{"rendered":"<p>[vc_row][vc_column][vc_column_text css=\u201d.vc_custom_1653926670367{margin-top: \u201120px !important;}\u201d] Personal Assistant to the Executive&nbsp;Board [\/vc_column_text][vc_separator color=\u201cblack\u201d css=\u201d.vc_custom_1653475473969{margin-right: \u201120px !important;margin-left: \u201110px !important;}\u201d][\/vc_column][\/vc_row][vc_row][vc_column width=\u201c1\/2\u201d][vc_column_text css=\u201d.vc_custom_1653926972130{padding-right: 20px !important;padding-left: 2px !important;}\u201d] [\/vc_column_text][vc_separator color=\u201cblack\u201d css=\u201d.vc_custom_1653475846282{margin-top: 30px !important;margin-right: \u201115px !important;margin-left: \u201110px...<\/p>\n","protected":false},"author":252,"featured_media":0,"parent":0,"menu_order":6,"comment_status":"closed","ping_status":"closed","template":"","meta":{"_acf_changed":false,"wp_typography_post_enhancements_disabled":false,"footnotes":""},"class_list":["post-47839","page","type-page","status-publish"],"acf":[],"yoast_head":"<!-- This site is optimized with the Yoast SEO Premium plugin v27.4 (Yoast SEO v27.4) - https:\/\/yoast.com\/product\/yoast-seo-premium-wordpress\/ -->\n<title>Viktoria Savchuk - libmod.de - Zentrum Liberale Moderne<\/title>\n<meta name=\"description\" content=\"Viktoria Savchuk is a management consultant at the Centre for Liberal Modernity. As a lawyer and advocacy expert, she worked for several years at the NGO &quot;CrimeaSOS&quot; in Kyiv (Ukraine), where she worked on the issue of the Russian-occupied Crimea and internally displaced persons. She studied law at the National Academy of the Interior of Ukraine and at the Georg-August University of G\u00f6ttingen.\" \/>\n<meta name=\"robots\" content=\"index, follow, max-snippet:-1, max-image-preview:large, max-video-preview:-1\" \/>\n<link rel=\"canonical\" href=\"https:\/\/libmod.de\/en\/viktoria-savchuk\/\" \/>\n<meta property=\"og:locale\" content=\"en_US\" \/>\n<meta property=\"og:type\" content=\"article\" \/>\n<meta property=\"og:title\" content=\"Viktoria Savchuk\" \/>\n<meta property=\"og:description\" content=\"Viktoria Savchuk is a management consultant at the Centre for Liberal Modernity. As a lawyer and advocacy expert, she worked for several years at the NGO &quot;CrimeaSOS&quot; in Kyiv (Ukraine), where she worked on the issue of the Russian-occupied Crimea and internally displaced persons. She studied law at the National Academy of the Interior of Ukraine and at the Georg-August University of G\u00f6ttingen.\" \/>\n<meta property=\"og:url\" content=\"https:\/\/libmod.de\/en\/viktoria-savchuk\/\" \/>\n<meta property=\"og:site_name\" content=\"libmod.de - Zentrum Liberale Moderne\" \/>\n<meta property=\"article:publisher\" content=\"https:\/\/www.facebook.com\/LiberaleModerne\/\" \/>\n<meta property=\"article:modified_time\" content=\"2022-08-09T10:28:24+00:00\" \/>\n<meta property=\"og:image\" content=\"https:\/\/libmod.de\/wp-content\/uploads\/ViktoriaSavchuk_1200x800.jpg\" \/>\n<meta name=\"twitter:card\" content=\"summary_large_image\" \/>\n<meta name=\"twitter:site\" content=\"@liberalemoderne\" \/>\n<meta name=\"twitter:label1\" content=\"Est. reading time\" \/>\n\t<meta name=\"twitter:data1\" content=\"1 minute\" \/>\n<script type=\"application\/ld+json\" class=\"yoast-schema-graph\">{\"@context\":\"https:\\\/\\\/schema.org\",\"@graph\":[{\"@type\":\"WebPage\",\"@id\":\"https:\\\/\\\/libmod.de\\\/en\\\/viktoria-savchuk\\\/\",\"url\":\"https:\\\/\\\/libmod.de\\\/en\\\/viktoria-savchuk\\\/\",\"name\":\"Viktoria Savchuk - libmod.de - Zentrum Liberale Moderne\",\"isPartOf\":{\"@id\":\"https:\\\/\\\/libmod.de\\\/#website\"},\"primaryImageOfPage\":{\"@id\":\"https:\\\/\\\/libmod.de\\\/en\\\/viktoria-savchuk\\\/#primaryimage\"},\"image\":{\"@id\":\"https:\\\/\\\/libmod.de\\\/en\\\/viktoria-savchuk\\\/#primaryimage\"},\"thumbnailUrl\":\"https:\\\/\\\/libmod.de\\\/wp-content\\\/uploads\\\/ViktoriaSavchuk_1200x800.jpg\",\"datePublished\":\"2022-07-13T13:50:17+00:00\",\"dateModified\":\"2022-08-09T10:28:24+00:00\",\"description\":\"Viktoria Savchuk is a management consultant at the Centre for Liberal Modernity. As a lawyer and advocacy expert, she worked for several years at the NGO \\\"CrimeaSOS\\\" in Kyiv (Ukraine), where she worked on the issue of the Russian-occupied Crimea and internally displaced persons. She studied law at the National Academy of the Interior of Ukraine and at the Georg-August University of G\u00f6ttingen.\",\"breadcrumb\":{\"@id\":\"https:\\\/\\\/libmod.de\\\/en\\\/viktoria-savchuk\\\/#breadcrumb\"},\"inLanguage\":\"en-US\",\"potentialAction\":[{\"@type\":\"ReadAction\",\"target\":[\"https:\\\/\\\/libmod.de\\\/en\\\/viktoria-savchuk\\\/\"]}]},{\"@type\":\"ImageObject\",\"inLanguage\":\"en-US\",\"@id\":\"https:\\\/\\\/libmod.de\\\/en\\\/viktoria-savchuk\\\/#primaryimage\",\"url\":\"https:\\\/\\\/libmod.de\\\/wp-content\\\/uploads\\\/ViktoriaSavchuk_1200x800.jpg\",\"contentUrl\":\"https:\\\/\\\/libmod.de\\\/wp-content\\\/uploads\\\/ViktoriaSavchuk_1200x800.jpg\"},{\"@type\":\"BreadcrumbList\",\"@id\":\"https:\\\/\\\/libmod.de\\\/en\\\/viktoria-savchuk\\\/#breadcrumb\",\"itemListElement\":[{\"@type\":\"ListItem\",\"position\":1,\"name\":\"Startseite\",\"item\":\"https:\\\/\\\/libmod.de\\\/en\\\/\"},{\"@type\":\"ListItem\",\"position\":2,\"name\":\"Viktoria Savchuk\"}]},{\"@type\":\"WebSite\",\"@id\":\"https:\\\/\\\/libmod.de\\\/#website\",\"url\":\"https:\\\/\\\/libmod.de\\\/\",\"name\":\"libmod.de - Zentrum Liberale Moderne\",\"description\":\"Think Tank f\u00fcr Politik in Berlin\",\"publisher\":{\"@id\":\"https:\\\/\\\/libmod.de\\\/#organization\"},\"potentialAction\":[{\"@type\":\"SearchAction\",\"target\":{\"@type\":\"EntryPoint\",\"urlTemplate\":\"https:\\\/\\\/libmod.de\\\/?s={search_term_string}\"},\"query-input\":{\"@type\":\"PropertyValueSpecification\",\"valueRequired\":true,\"valueName\":\"search_term_string\"}}],\"inLanguage\":\"en-US\"},{\"@type\":\"Organization\",\"@id\":\"https:\\\/\\\/libmod.de\\\/#organization\",\"name\":\"Zentrum Liberale Moderne\",\"url\":\"https:\\\/\\\/libmod.de\\\/\",\"logo\":{\"@type\":\"ImageObject\",\"inLanguage\":\"en-US\",\"@id\":\"https:\\\/\\\/libmod.de\\\/#\\\/schema\\\/logo\\\/image\\\/\",\"url\":\"https:\\\/\\\/libmodredaktion.fra1.digitaloceanspaces.com\\\/wp-content\\\/uploads\\\/20240905145818\\\/LibMod_Logo_XL.jpg\",\"contentUrl\":\"https:\\\/\\\/libmodredaktion.fra1.digitaloceanspaces.com\\\/wp-content\\\/uploads\\\/20240905145818\\\/LibMod_Logo_XL.jpg\",\"width\":1439,\"height\":615,\"caption\":\"Zentrum Liberale Moderne\"},\"image\":{\"@id\":\"https:\\\/\\\/libmod.de\\\/#\\\/schema\\\/logo\\\/image\\\/\"},\"sameAs\":[\"https:\\\/\\\/www.facebook.com\\\/LiberaleModerne\\\/\",\"https:\\\/\\\/x.com\\\/liberalemoderne\",\"https:\\\/\\\/www.youtube.com\\\/channel\\\/UC4Yl_V4pm1LwryD04ky54SA\",\"https:\\\/\\\/www.instagram.com\\\/libmod\\\/\",\"https:\\\/\\\/bsky.app\\\/profile\\\/libmod.de\"],\"description\":\"Das Zentrum Liberale Moderne ist ein politischer Think Tank und eine Debattenplattform. LibMod steht f\u00fcr die Verteidigung und Erneuerung der liberalen Demokratie, f\u00fcr den Aufbruch in die \u00f6kologische Moderne und f\u00fcr eine fundierte Osteuropa-Expertise.\"}]}<\/script>\n<!-- \/ Yoast SEO Premium plugin. -->","yoast_head_json":{"title":"Viktoria Savchuk - libmod.de - Zentrum Liberale Moderne","description":"Viktoria Savchuk is a management consultant at the Centre for Liberal Modernity. As a lawyer and advocacy expert, she worked for several years at the NGO \"CrimeaSOS\" in Kyiv (Ukraine), where she worked on the issue of the Russian-occupied Crimea and internally displaced persons. She studied law at the National Academy of the Interior of Ukraine and at the Georg-August University of G\u00f6ttingen.","robots":{"index":"index","follow":"follow","max-snippet":"max-snippet:-1","max-image-preview":"max-image-preview:large","max-video-preview":"max-video-preview:-1"},"canonical":"https:\/\/libmod.de\/en\/viktoria-savchuk\/","og_locale":"en_US","og_type":"article","og_title":"Viktoria Savchuk","og_description":"Viktoria Savchuk is a management consultant at the Centre for Liberal Modernity. As a lawyer and advocacy expert, she worked for several years at the NGO \"CrimeaSOS\" in Kyiv (Ukraine), where she worked on the issue of the Russian-occupied Crimea and internally displaced persons. She studied law at the National Academy of the Interior of Ukraine and at the Georg-August University of G\u00f6ttingen.","og_url":"https:\/\/libmod.de\/en\/viktoria-savchuk\/","og_site_name":"libmod.de - Zentrum Liberale Moderne","article_publisher":"https:\/\/www.facebook.com\/LiberaleModerne\/","article_modified_time":"2022-08-09T10:28:24+00:00","og_image":[{"url":"https:\/\/libmod.de\/wp-content\/uploads\/ViktoriaSavchuk_1200x800.jpg","type":"","width":"","height":""}],"twitter_card":"summary_large_image","twitter_site":"@liberalemoderne","twitter_misc":{"Est. reading time":"1 minute"},"schema":{"@context":"https:\/\/schema.org","@graph":[{"@type":"WebPage","@id":"https:\/\/libmod.de\/en\/viktoria-savchuk\/","url":"https:\/\/libmod.de\/en\/viktoria-savchuk\/","name":"Viktoria Savchuk - libmod.de - Zentrum Liberale Moderne","isPartOf":{"@id":"https:\/\/libmod.de\/#website"},"primaryImageOfPage":{"@id":"https:\/\/libmod.de\/en\/viktoria-savchuk\/#primaryimage"},"image":{"@id":"https:\/\/libmod.de\/en\/viktoria-savchuk\/#primaryimage"},"thumbnailUrl":"https:\/\/libmod.de\/wp-content\/uploads\/ViktoriaSavchuk_1200x800.jpg","datePublished":"2022-07-13T13:50:17+00:00","dateModified":"2022-08-09T10:28:24+00:00","description":"Viktoria Savchuk is a management consultant at the Centre for Liberal Modernity. As a lawyer and advocacy expert, she worked for several years at the NGO \"CrimeaSOS\" in Kyiv (Ukraine), where she worked on the issue of the Russian-occupied Crimea and internally displaced persons. She studied law at the National Academy of the Interior of Ukraine and at the Georg-August University of G\u00f6ttingen.","breadcrumb":{"@id":"https:\/\/libmod.de\/en\/viktoria-savchuk\/#breadcrumb"},"inLanguage":"en-US","potentialAction":[{"@type":"ReadAction","target":["https:\/\/libmod.de\/en\/viktoria-savchuk\/"]}]},{"@type":"ImageObject","inLanguage":"en-US","@id":"https:\/\/libmod.de\/en\/viktoria-savchuk\/#primaryimage","url":"https:\/\/libmod.de\/wp-content\/uploads\/ViktoriaSavchuk_1200x800.jpg","contentUrl":"https:\/\/libmod.de\/wp-content\/uploads\/ViktoriaSavchuk_1200x800.jpg"},{"@type":"BreadcrumbList","@id":"https:\/\/libmod.de\/en\/viktoria-savchuk\/#breadcrumb","itemListElement":[{"@type":"ListItem","position":1,"name":"Startseite","item":"https:\/\/libmod.de\/en\/"},{"@type":"ListItem","position":2,"name":"Viktoria Savchuk"}]},{"@type":"WebSite","@id":"https:\/\/libmod.de\/#website","url":"https:\/\/libmod.de\/","name":"libmod.de - Zentrum Liberale Moderne","description":"Think Tank f\u00fcr Politik in Berlin","publisher":{"@id":"https:\/\/libmod.de\/#organization"},"potentialAction":[{"@type":"SearchAction","target":{"@type":"EntryPoint","urlTemplate":"https:\/\/libmod.de\/?s={search_term_string}"},"query-input":{"@type":"PropertyValueSpecification","valueRequired":true,"valueName":"search_term_string"}}],"inLanguage":"en-US"},{"@type":"Organization","@id":"https:\/\/libmod.de\/#organization","name":"Zentrum Liberale Moderne","url":"https:\/\/libmod.de\/","logo":{"@type":"ImageObject","inLanguage":"en-US","@id":"https:\/\/libmod.de\/#\/schema\/logo\/image\/","url":"https:\/\/libmodredaktion.fra1.digitaloceanspaces.com\/wp-content\/uploads\/20240905145818\/LibMod_Logo_XL.jpg","contentUrl":"https:\/\/libmodredaktion.fra1.digitaloceanspaces.com\/wp-content\/uploads\/20240905145818\/LibMod_Logo_XL.jpg","width":1439,"height":615,"caption":"Zentrum Liberale Moderne"},"image":{"@id":"https:\/\/libmod.de\/#\/schema\/logo\/image\/"},"sameAs":["https:\/\/www.facebook.com\/LiberaleModerne\/","https:\/\/x.com\/liberalemoderne","https:\/\/www.youtube.com\/channel\/UC4Yl_V4pm1LwryD04ky54SA","https:\/\/www.instagram.com\/libmod\/","https:\/\/bsky.app\/profile\/libmod.de"],"description":"Das Zentrum Liberale Moderne ist ein politischer Think Tank und eine Debattenplattform. LibMod steht f\u00fcr die Verteidigung und Erneuerung der liberalen Demokratie, f\u00fcr den Aufbruch in die \u00f6kologische Moderne und f\u00fcr eine fundierte Osteuropa-Expertise."}]}},"_links":{"self":[{"href":"https:\/\/libmod.de\/en\/wp-json\/wp\/v2\/pages\/47839","targetHints":{"allow":["GET"]}}],"collection":[{"href":"https:\/\/libmod.de\/en\/wp-json\/wp\/v2\/pages"}],"about":[{"href":"https:\/\/libmod.de\/en\/wp-json\/wp\/v2\/types\/page"}],"author":[{"embeddable":true,"href":"https:\/\/libmod.de\/en\/wp-json\/wp\/v2\/users\/252"}],"replies":[{"embeddable":true,"href":"https:\/\/libmod.de\/en\/wp-json\/wp\/v2\/comments?post=47839"}],"version-history":[{"count":3,"href":"https:\/\/libmod.de\/en\/wp-json\/wp\/v2\/pages\/47839\/revisions"}],"predecessor-version":[{"id":48395,"href":"https:\/\/libmod.de\/en\/wp-json\/wp\/v2\/pages\/47839\/revisions\/48395"}],"wp:attachment":[{"href":"https:\/\/libmod.de\/en\/wp-json\/wp\/v2\/media?parent=47839"}],"curies":[{"name":"wp","href":"https:\/\/api.w.org\/{rel}","templated":true}]}}