{"id":47851,"date":"2022-07-13T16:09:11","date_gmt":"2022-07-13T14:09:11","guid":{"rendered":"https:\/\/libmod.de\/ueber-uns\/oliver-geheeb-copy\/"},"modified":"2022-07-13T16:12:18","modified_gmt":"2022-07-13T14:12:18","slug":"oliver-geheeb","status":"publish","type":"page","link":"https:\/\/libmod.de\/en\/oliver-geheeb\/","title":{"rendered":"Oliver Geheeb"},"content":{"rendered":"<div class=\"wpb-content-wrapper\"><p>[vc_row][vc_column][vc_column_text css=\u201d.vc_custom_1653926449239{margin-top: \u201120px !important;}\u201d]<\/p>\n<div class=\"mceTemp\"><\/div>\n<h3>Public Relations&nbsp;Director<\/h3>\n<p>[\/vc_column_text][vc_separator color=\u201cblack\u201d css=\u201d.vc_custom_1653475473969{margin-right: \u201120px !important;margin-left: \u201110px !important;}\u201d][\/vc_column][\/vc_row][vc_row][vc_column width=\u201c1\/2\u201d][vc_column_text css=\u201d.vc_custom_1653926376772{padding-right: 20px !important;padding-left: 2px !important;}\u201d]<\/p>\n<figure id=\"attachment_46962\" aria-describedby=\"caption-attachment-46962\" style=\"width: 1200px\" class=\"wp-caption alignnone\"><img class=\"wp-image-46962 size-full\" style=\"font-size: 16px;\" src=\"https:\/\/libmodredaktion.fra1.digitaloceanspaces.com\/wp-content\/uploads\/20240905143557\/OliverGeheeb_1200x800.jpg\" alt width=\"1200\" height=\"800\" srcset=\"https:\/\/libmodredaktion.fra1.digitaloceanspaces.com\/wp-content\/uploads\/20240905143557\/OliverGeheeb_1200x800.jpg 1200w, https:\/\/libmodredaktion.fra1.digitaloceanspaces.com\/wp-content\/uploads\/20240905143557\/OliverGeheeb_1200x800-770x513.jpg 770w, https:\/\/libmodredaktion.fra1.digitaloceanspaces.com\/wp-content\/uploads\/20240905143557\/OliverGeheeb_1200x800-768x512.jpg 768w\" sizes=\"(max-width: 1200px) 100vw, 1200px\"><figcaption id=\"caption-attachment-46962\" class=\"wp-caption-text\">Foto: Stefan&nbsp;Lengsfeld<\/figcaption><\/figure>\n<p>[\/vc_column_text][vc_separator color=\u201cblack\u201d css=\u201d.vc_custom_1653475846282{margin-top: 30px !important;margin-right: \u201115px !important;margin-left: \u201110px !important;}\u201d][vc_column_text]<\/p>\n<div class=\"mceTemp\"><\/div>\n<h2>Contact<\/h2>\n<p>T +49 30 \u2014&nbsp;577 12 58&nbsp;19<\/p>\n<p><a href=\"mailto:oliver.geheeb@libmod.de\">oliver.geheeb@libmod.de<\/a><\/p>\n<p>&nbsp;<\/p>\n<h2>Pulica\u00adtions<\/h2>\n<p>Einfach gut werben, BW-Verlag 2009, Lothar Gr\u00f6schel, Oliver Geheeb, ISBN: 978\u20133821476803<\/p>\n<p>Einfach gut werben. BW-Verlag, 2005, Gr\u00f6schel, Oliver Geheeb, Christian Pfefferle, Holger Tegtmeyer, ISBN: 978\u20133821476469<\/p>\n<p>Nutzhanf nutzt Hanf, Dokumen\u00adtation, 2019, Heraus\u00adgeber: Prof. Sebastian Feucht (HTW Berlin) Oliver Geheeb, ISBN 978300618925[\/vc_column_text][\/vc_column][vc_column width=\u201c1\/2\u201d][vc_column_text css=\u201d.vc_custom_1653926113990{padding-right: 10px !important;}\u201d]<\/p>\n<p style=\"font-weight: 400;\">For more than 20&nbsp;years, he led the agency for sustainable commu\u00adni\u00adcation Gr\u00f6schel_\u200bGeheeb as managing director. He developed numerous campaigns for associ\u00ada\u00adtions of the renewable energy industry, ministries, NGOs and the exhibition project Element\u00adWater to promote the UN resolution \u201cHuman right to water\u201d. Previ\u00adously, he worked in public relations for the parlia\u00admentary group B\u00fcndnis 90\/\u200b Die Gr\u00fcnen. Before studying visual commu\u00adni\u00adcation in D\u00fcsseldorf, he worked as a&nbsp;dancer at the Schaus\u00adpielhaus Frankfurt\/\u200bMain, and during his studies as a&nbsp;fashion photog\u00adrapher in D\u00fcsseldorf and&nbsp;Vienna.<\/p>\n<p>&nbsp;<\/p>\n<h2>Lecture\u00adships<\/h2>\n<p>BTK Design\u00adhochschule&nbsp;Berlin<\/p>\n<p>Beuth Hochschule Berlin (now BHT, Unternehmens- und Personalmanagement)<\/p>\n<p>HTW Berlin,&nbsp;Indus\u00adtriedesign Nutzhanf[\/vc_column_text][\/vc_column][\/vc_row][vc_column][\/vc_column]<\/p>\n<\/div>","protected":false},"excerpt":{"rendered":"<p>[vc_row][vc_column][vc_column_text css=\u201d.vc_custom_1653926449239{margin-top: \u201120px !important;}\u201d] Public Relations&nbsp;Director [\/vc_column_text][vc_separator color=\u201cblack\u201d css=\u201d.vc_custom_1653475473969{margin-right: \u201120px !important;margin-left: \u201110px !important;}\u201d][\/vc_column][\/vc_row][vc_row][vc_column width=\u201c1\/2\u201d][vc_column_text css=\u201d.vc_custom_1653926376772{padding-right: 20px !important;padding-left: 2px !important;}\u201d] [\/vc_column_text][vc_separator color=\u201cblack\u201d css=\u201d.vc_custom_1653475846282{margin-top: 30px !important;margin-right: \u201115px !important;margin-left: \u201110px !important;}\u201d][vc_column_text] Contact&nbsp;T...<\/p>\n","protected":false},"author":252,"featured_media":0,"parent":0,"menu_order":6,"comment_status":"closed","ping_status":"closed","template":"","meta":{"_acf_changed":false,"wp_typography_post_enhancements_disabled":false,"footnotes":""},"class_list":["post-47851","page","type-page","status-publish"],"acf":[],"yoast_head":"<!-- This site is optimized with the Yoast SEO Premium plugin v27.0 (Yoast SEO v27.4) - https:\/\/yoast.com\/product\/yoast-seo-premium-wordpress\/ -->\n<title>Oliver Geheeb - libmod.de - Zentrum Liberale Moderne<\/title>\n<meta name=\"description\" content=\"\u00dcber 20 Jahre f\u00fchrte er als Gesch\u00e4ftsf\u00fchrer die Agentur f\u00fcr nachhaltige Kommunikation Gr\u00f6schel_Geheeb. Er entwickelte zahlreiche Kampagnen f\u00fcr Verb\u00e4nde der Erneuerbaren Energiebranche, Ministerien, NGOs, und das Ausstellungsprojekt ElementWater\u00a0zur F\u00f6rderung der UN-Resolution \u201eHuman right to water\u201c.\u00a0Zuvor arbeitete er bei der \u00d6ffentlichkeitsarbeit Bundestagsfraktion B\u00fcndnis 90\/ Die Gr\u00fcnen. Vor seinem Studium Visuelle Kommunikation in D\u00fcsseldorf, war er am Schauspielhaus Frankfurt\/Main als T\u00e4nzer besch\u00e4ftigt, w\u00e4hrend des Studiums, als Modefotograf in D\u00fcsseldorf und Wien.\" \/>\n<meta name=\"robots\" content=\"index, follow, max-snippet:-1, max-image-preview:large, max-video-preview:-1\" \/>\n<link rel=\"canonical\" href=\"https:\/\/libmod.de\/en\/oliver-geheeb\/\" \/>\n<meta property=\"og:locale\" content=\"en_US\" \/>\n<meta property=\"og:type\" content=\"article\" \/>\n<meta property=\"og:title\" content=\"Oliver Geheeb\" \/>\n<meta property=\"og:description\" content=\"\u00dcber 20 Jahre f\u00fchrte er als Gesch\u00e4ftsf\u00fchrer die Agentur f\u00fcr nachhaltige Kommunikation Gr\u00f6schel_Geheeb. Er entwickelte zahlreiche Kampagnen f\u00fcr Verb\u00e4nde der Erneuerbaren Energiebranche, Ministerien, NGOs, und das Ausstellungsprojekt ElementWater\u00a0zur F\u00f6rderung der UN-Resolution \u201eHuman right to water\u201c.\u00a0Zuvor arbeitete er bei der \u00d6ffentlichkeitsarbeit Bundestagsfraktion B\u00fcndnis 90\/ Die Gr\u00fcnen. Vor seinem Studium Visuelle Kommunikation in D\u00fcsseldorf, war er am Schauspielhaus Frankfurt\/Main als T\u00e4nzer besch\u00e4ftigt, w\u00e4hrend des Studiums, als Modefotograf in D\u00fcsseldorf und Wien.\" \/>\n<meta property=\"og:url\" content=\"https:\/\/libmod.de\/en\/oliver-geheeb\/\" \/>\n<meta property=\"og:site_name\" content=\"libmod.de - Zentrum Liberale Moderne\" \/>\n<meta property=\"article:publisher\" content=\"https:\/\/www.facebook.com\/LiberaleModerne\/\" \/>\n<meta property=\"article:modified_time\" content=\"2022-07-13T14:12:18+00:00\" \/>\n<meta property=\"og:image\" content=\"https:\/\/libmod.de\/wp-content\/uploads\/OliverGeheeb_1200x800.jpg\" \/>\n<meta name=\"twitter:card\" content=\"summary_large_image\" \/>\n<meta name=\"twitter:site\" content=\"@liberalemoderne\" \/>\n<meta name=\"twitter:label1\" content=\"Est. reading time\" \/>\n\t<meta name=\"twitter:data1\" content=\"2 minutes\" \/>\n<script type=\"application\/ld+json\" class=\"yoast-schema-graph\">{\"@context\":\"https:\\\/\\\/schema.org\",\"@graph\":[{\"@type\":\"WebPage\",\"@id\":\"https:\\\/\\\/libmod.de\\\/en\\\/oliver-geheeb\\\/\",\"url\":\"https:\\\/\\\/libmod.de\\\/en\\\/oliver-geheeb\\\/\",\"name\":\"Oliver Geheeb - libmod.de - Zentrum Liberale Moderne\",\"isPartOf\":{\"@id\":\"https:\\\/\\\/libmod.de\\\/#website\"},\"primaryImageOfPage\":{\"@id\":\"https:\\\/\\\/libmod.de\\\/en\\\/oliver-geheeb\\\/#primaryimage\"},\"image\":{\"@id\":\"https:\\\/\\\/libmod.de\\\/en\\\/oliver-geheeb\\\/#primaryimage\"},\"thumbnailUrl\":\"https:\\\/\\\/libmod.de\\\/wp-content\\\/uploads\\\/OliverGeheeb_1200x800.jpg\",\"datePublished\":\"2022-07-13T14:09:11+00:00\",\"dateModified\":\"2022-07-13T14:12:18+00:00\",\"description\":\"\u00dcber 20 Jahre f\u00fchrte er als Gesch\u00e4ftsf\u00fchrer die Agentur f\u00fcr nachhaltige Kommunikation Gr\u00f6schel_Geheeb. Er entwickelte zahlreiche Kampagnen f\u00fcr Verb\u00e4nde der Erneuerbaren Energiebranche, Ministerien, NGOs, und das Ausstellungsprojekt ElementWater\u00a0zur F\u00f6rderung der UN-Resolution \u201eHuman right to water\u201c.\u00a0Zuvor arbeitete er bei der \u00d6ffentlichkeitsarbeit Bundestagsfraktion B\u00fcndnis 90\\\/ Die Gr\u00fcnen. Vor seinem Studium Visuelle Kommunikation in D\u00fcsseldorf, war er am Schauspielhaus Frankfurt\\\/Main als T\u00e4nzer besch\u00e4ftigt, w\u00e4hrend des Studiums, als Modefotograf in D\u00fcsseldorf und Wien.\",\"breadcrumb\":{\"@id\":\"https:\\\/\\\/libmod.de\\\/en\\\/oliver-geheeb\\\/#breadcrumb\"},\"inLanguage\":\"en-US\",\"potentialAction\":[{\"@type\":\"ReadAction\",\"target\":[\"https:\\\/\\\/libmod.de\\\/en\\\/oliver-geheeb\\\/\"]}]},{\"@type\":\"ImageObject\",\"inLanguage\":\"en-US\",\"@id\":\"https:\\\/\\\/libmod.de\\\/en\\\/oliver-geheeb\\\/#primaryimage\",\"url\":\"https:\\\/\\\/libmod.de\\\/wp-content\\\/uploads\\\/OliverGeheeb_1200x800.jpg\",\"contentUrl\":\"https:\\\/\\\/libmod.de\\\/wp-content\\\/uploads\\\/OliverGeheeb_1200x800.jpg\"},{\"@type\":\"BreadcrumbList\",\"@id\":\"https:\\\/\\\/libmod.de\\\/en\\\/oliver-geheeb\\\/#breadcrumb\",\"itemListElement\":[{\"@type\":\"ListItem\",\"position\":1,\"name\":\"Startseite\",\"item\":\"https:\\\/\\\/libmod.de\\\/en\\\/\"},{\"@type\":\"ListItem\",\"position\":2,\"name\":\"Oliver Geheeb\"}]},{\"@type\":\"WebSite\",\"@id\":\"https:\\\/\\\/libmod.de\\\/#website\",\"url\":\"https:\\\/\\\/libmod.de\\\/\",\"name\":\"libmod.de - Zentrum Liberale Moderne\",\"description\":\"Think Tank f\u00fcr Politik in Berlin\",\"publisher\":{\"@id\":\"https:\\\/\\\/libmod.de\\\/#organization\"},\"potentialAction\":[{\"@type\":\"SearchAction\",\"target\":{\"@type\":\"EntryPoint\",\"urlTemplate\":\"https:\\\/\\\/libmod.de\\\/?s={search_term_string}\"},\"query-input\":{\"@type\":\"PropertyValueSpecification\",\"valueRequired\":true,\"valueName\":\"search_term_string\"}}],\"inLanguage\":\"en-US\"},{\"@type\":\"Organization\",\"@id\":\"https:\\\/\\\/libmod.de\\\/#organization\",\"name\":\"Zentrum Liberale Moderne\",\"url\":\"https:\\\/\\\/libmod.de\\\/\",\"logo\":{\"@type\":\"ImageObject\",\"inLanguage\":\"en-US\",\"@id\":\"https:\\\/\\\/libmod.de\\\/#\\\/schema\\\/logo\\\/image\\\/\",\"url\":\"https:\\\/\\\/libmodredaktion.fra1.digitaloceanspaces.com\\\/wp-content\\\/uploads\\\/20240905145818\\\/LibMod_Logo_XL.jpg\",\"contentUrl\":\"https:\\\/\\\/libmodredaktion.fra1.digitaloceanspaces.com\\\/wp-content\\\/uploads\\\/20240905145818\\\/LibMod_Logo_XL.jpg\",\"width\":1439,\"height\":615,\"caption\":\"Zentrum Liberale Moderne\"},\"image\":{\"@id\":\"https:\\\/\\\/libmod.de\\\/#\\\/schema\\\/logo\\\/image\\\/\"},\"sameAs\":[\"https:\\\/\\\/www.facebook.com\\\/LiberaleModerne\\\/\",\"https:\\\/\\\/x.com\\\/liberalemoderne\",\"https:\\\/\\\/www.youtube.com\\\/channel\\\/UC4Yl_V4pm1LwryD04ky54SA\",\"https:\\\/\\\/www.instagram.com\\\/libmod\\\/\",\"https:\\\/\\\/bsky.app\\\/profile\\\/libmod.de\"],\"description\":\"Das Zentrum Liberale Moderne ist ein politischer Think Tank und eine Debattenplattform. LibMod steht f\u00fcr die Verteidigung und Erneuerung der liberalen Demokratie, f\u00fcr den Aufbruch in die \u00f6kologische Moderne und f\u00fcr eine fundierte Osteuropa-Expertise.\"}]}<\/script>\n<!-- \/ Yoast SEO Premium plugin. -->","yoast_head_json":{"title":"Oliver Geheeb - libmod.de - Zentrum Liberale Moderne","description":"\u00dcber 20 Jahre f\u00fchrte er als Gesch\u00e4ftsf\u00fchrer die Agentur f\u00fcr nachhaltige Kommunikation Gr\u00f6schel_Geheeb. Er entwickelte zahlreiche Kampagnen f\u00fcr Verb\u00e4nde der Erneuerbaren Energiebranche, Ministerien, NGOs, und das Ausstellungsprojekt ElementWater\u00a0zur F\u00f6rderung der UN-Resolution \u201eHuman right to water\u201c.\u00a0Zuvor arbeitete er bei der \u00d6ffentlichkeitsarbeit Bundestagsfraktion B\u00fcndnis 90\/ Die Gr\u00fcnen. Vor seinem Studium Visuelle Kommunikation in D\u00fcsseldorf, war er am Schauspielhaus Frankfurt\/Main als T\u00e4nzer besch\u00e4ftigt, w\u00e4hrend des Studiums, als Modefotograf in D\u00fcsseldorf und Wien.","robots":{"index":"index","follow":"follow","max-snippet":"max-snippet:-1","max-image-preview":"max-image-preview:large","max-video-preview":"max-video-preview:-1"},"canonical":"https:\/\/libmod.de\/en\/oliver-geheeb\/","og_locale":"en_US","og_type":"article","og_title":"Oliver Geheeb","og_description":"\u00dcber 20 Jahre f\u00fchrte er als Gesch\u00e4ftsf\u00fchrer die Agentur f\u00fcr nachhaltige Kommunikation Gr\u00f6schel_Geheeb. Er entwickelte zahlreiche Kampagnen f\u00fcr Verb\u00e4nde der Erneuerbaren Energiebranche, Ministerien, NGOs, und das Ausstellungsprojekt ElementWater\u00a0zur F\u00f6rderung der UN-Resolution \u201eHuman right to water\u201c.\u00a0Zuvor arbeitete er bei der \u00d6ffentlichkeitsarbeit Bundestagsfraktion B\u00fcndnis 90\/ Die Gr\u00fcnen. Vor seinem Studium Visuelle Kommunikation in D\u00fcsseldorf, war er am Schauspielhaus Frankfurt\/Main als T\u00e4nzer besch\u00e4ftigt, w\u00e4hrend des Studiums, als Modefotograf in D\u00fcsseldorf und Wien.","og_url":"https:\/\/libmod.de\/en\/oliver-geheeb\/","og_site_name":"libmod.de - Zentrum Liberale Moderne","article_publisher":"https:\/\/www.facebook.com\/LiberaleModerne\/","article_modified_time":"2022-07-13T14:12:18+00:00","og_image":[{"url":"https:\/\/libmod.de\/wp-content\/uploads\/OliverGeheeb_1200x800.jpg","type":"","width":"","height":""}],"twitter_card":"summary_large_image","twitter_site":"@liberalemoderne","twitter_misc":{"Est. reading time":"2 minutes"},"schema":{"@context":"https:\/\/schema.org","@graph":[{"@type":"WebPage","@id":"https:\/\/libmod.de\/en\/oliver-geheeb\/","url":"https:\/\/libmod.de\/en\/oliver-geheeb\/","name":"Oliver Geheeb - libmod.de - Zentrum Liberale Moderne","isPartOf":{"@id":"https:\/\/libmod.de\/#website"},"primaryImageOfPage":{"@id":"https:\/\/libmod.de\/en\/oliver-geheeb\/#primaryimage"},"image":{"@id":"https:\/\/libmod.de\/en\/oliver-geheeb\/#primaryimage"},"thumbnailUrl":"https:\/\/libmod.de\/wp-content\/uploads\/OliverGeheeb_1200x800.jpg","datePublished":"2022-07-13T14:09:11+00:00","dateModified":"2022-07-13T14:12:18+00:00","description":"\u00dcber 20 Jahre f\u00fchrte er als Gesch\u00e4ftsf\u00fchrer die Agentur f\u00fcr nachhaltige Kommunikation Gr\u00f6schel_Geheeb. Er entwickelte zahlreiche Kampagnen f\u00fcr Verb\u00e4nde der Erneuerbaren Energiebranche, Ministerien, NGOs, und das Ausstellungsprojekt ElementWater\u00a0zur F\u00f6rderung der UN-Resolution \u201eHuman right to water\u201c.\u00a0Zuvor arbeitete er bei der \u00d6ffentlichkeitsarbeit Bundestagsfraktion B\u00fcndnis 90\/ Die Gr\u00fcnen. Vor seinem Studium Visuelle Kommunikation in D\u00fcsseldorf, war er am Schauspielhaus Frankfurt\/Main als T\u00e4nzer besch\u00e4ftigt, w\u00e4hrend des Studiums, als Modefotograf in D\u00fcsseldorf und Wien.","breadcrumb":{"@id":"https:\/\/libmod.de\/en\/oliver-geheeb\/#breadcrumb"},"inLanguage":"en-US","potentialAction":[{"@type":"ReadAction","target":["https:\/\/libmod.de\/en\/oliver-geheeb\/"]}]},{"@type":"ImageObject","inLanguage":"en-US","@id":"https:\/\/libmod.de\/en\/oliver-geheeb\/#primaryimage","url":"https:\/\/libmod.de\/wp-content\/uploads\/OliverGeheeb_1200x800.jpg","contentUrl":"https:\/\/libmod.de\/wp-content\/uploads\/OliverGeheeb_1200x800.jpg"},{"@type":"BreadcrumbList","@id":"https:\/\/libmod.de\/en\/oliver-geheeb\/#breadcrumb","itemListElement":[{"@type":"ListItem","position":1,"name":"Startseite","item":"https:\/\/libmod.de\/en\/"},{"@type":"ListItem","position":2,"name":"Oliver Geheeb"}]},{"@type":"WebSite","@id":"https:\/\/libmod.de\/#website","url":"https:\/\/libmod.de\/","name":"libmod.de - Zentrum Liberale Moderne","description":"Think Tank f\u00fcr Politik in Berlin","publisher":{"@id":"https:\/\/libmod.de\/#organization"},"potentialAction":[{"@type":"SearchAction","target":{"@type":"EntryPoint","urlTemplate":"https:\/\/libmod.de\/?s={search_term_string}"},"query-input":{"@type":"PropertyValueSpecification","valueRequired":true,"valueName":"search_term_string"}}],"inLanguage":"en-US"},{"@type":"Organization","@id":"https:\/\/libmod.de\/#organization","name":"Zentrum Liberale Moderne","url":"https:\/\/libmod.de\/","logo":{"@type":"ImageObject","inLanguage":"en-US","@id":"https:\/\/libmod.de\/#\/schema\/logo\/image\/","url":"https:\/\/libmodredaktion.fra1.digitaloceanspaces.com\/wp-content\/uploads\/20240905145818\/LibMod_Logo_XL.jpg","contentUrl":"https:\/\/libmodredaktion.fra1.digitaloceanspaces.com\/wp-content\/uploads\/20240905145818\/LibMod_Logo_XL.jpg","width":1439,"height":615,"caption":"Zentrum Liberale Moderne"},"image":{"@id":"https:\/\/libmod.de\/#\/schema\/logo\/image\/"},"sameAs":["https:\/\/www.facebook.com\/LiberaleModerne\/","https:\/\/x.com\/liberalemoderne","https:\/\/www.youtube.com\/channel\/UC4Yl_V4pm1LwryD04ky54SA","https:\/\/www.instagram.com\/libmod\/","https:\/\/bsky.app\/profile\/libmod.de"],"description":"Das Zentrum Liberale Moderne ist ein politischer Think Tank und eine Debattenplattform. LibMod steht f\u00fcr die Verteidigung und Erneuerung der liberalen Demokratie, f\u00fcr den Aufbruch in die \u00f6kologische Moderne und f\u00fcr eine fundierte Osteuropa-Expertise."}]}},"_links":{"self":[{"href":"https:\/\/libmod.de\/en\/wp-json\/wp\/v2\/pages\/47851","targetHints":{"allow":["GET"]}}],"collection":[{"href":"https:\/\/libmod.de\/en\/wp-json\/wp\/v2\/pages"}],"about":[{"href":"https:\/\/libmod.de\/en\/wp-json\/wp\/v2\/types\/page"}],"author":[{"embeddable":true,"href":"https:\/\/libmod.de\/en\/wp-json\/wp\/v2\/users\/252"}],"replies":[{"embeddable":true,"href":"https:\/\/libmod.de\/en\/wp-json\/wp\/v2\/comments?post=47851"}],"version-history":[{"count":2,"href":"https:\/\/libmod.de\/en\/wp-json\/wp\/v2\/pages\/47851\/revisions"}],"predecessor-version":[{"id":47853,"href":"https:\/\/libmod.de\/en\/wp-json\/wp\/v2\/pages\/47851\/revisions\/47853"}],"wp:attachment":[{"href":"https:\/\/libmod.de\/en\/wp-json\/wp\/v2\/media?parent=47851"}],"curies":[{"name":"wp","href":"https:\/\/api.w.org\/{rel}","templated":true}]}}