{"id":47854,"date":"2022-07-13T16:12:47","date_gmt":"2022-07-13T14:12:47","guid":{"rendered":"https:\/\/libmod.de\/ueber-uns\/saskia-heller-copy\/"},"modified":"2022-07-13T16:16:07","modified_gmt":"2022-07-13T14:16:07","slug":"saskia-heller","status":"publish","type":"page","link":"https:\/\/libmod.de\/en\/saskia-heller\/","title":{"rendered":"Saskia Heller"},"content":{"rendered":"<div class=\"wpb-content-wrapper\"><p>[vc_row][vc_column][vc_column_text css=\u201d.vc_custom_1653987617286{margin-top: \u201120px !important;}\u201d]<\/p>\n<div class=\"mceTemp\"><\/div>\n<h3>Assistant in Public Relation and Ukraine-Team<\/h3>\n<p>[\/vc_column_text][vc_separator color=\u201cblack\u201d css=\u201d.vc_custom_1653475473969{margin-right: \u201120px !important;margin-left: \u201110px !important;}\u201d][\/vc_column][\/vc_row][vc_row][vc_column width=\u201c1\/2\u201d][vc_column_text css=\u201d.vc_custom_1653987505346{padding-right: 20px !important;padding-left: 2px !important;}\u201d]<\/p>\n<figure id=\"attachment_47075\" aria-describedby=\"caption-attachment-47075\" style=\"width: 1200px\" class=\"wp-caption alignnone\"><img class=\"wp-image-47075 size-full\" style=\"font-size: 16px;\" src=\"https:\/\/libmodredaktion.fra1.digitaloceanspaces.com\/wp-content\/uploads\/20240905143545\/SaskiaHeller_1200x800.jpg\" alt width=\"1200\" height=\"800\" srcset=\"https:\/\/libmodredaktion.fra1.digitaloceanspaces.com\/wp-content\/uploads\/20240905143545\/SaskiaHeller_1200x800.jpg 1200w, https:\/\/libmodredaktion.fra1.digitaloceanspaces.com\/wp-content\/uploads\/20240905143545\/SaskiaHeller_1200x800-770x513.jpg 770w, https:\/\/libmodredaktion.fra1.digitaloceanspaces.com\/wp-content\/uploads\/20240905143545\/SaskiaHeller_1200x800-768x512.jpg 768w\" sizes=\"(max-width: 1200px) 100vw, 1200px\"><figcaption id=\"caption-attachment-47075\" class=\"wp-caption-text\">Foto: Stefan&nbsp;Lengsfeld<\/figcaption><\/figure>\n<p>[\/vc_column_text][vc_separator color=\u201cblack\u201d css=\u201d.vc_custom_1653475846282{margin-top: 30px !important;margin-right: \u201115px !important;margin-left: \u201110px !important;}\u201d][vc_column_text]<\/p>\n<div class=\"mceTemp\"><\/div>\n<h2>Contact<\/h2>\n<p>T +49 30 \u2014 25 09 58&nbsp;70<\/p>\n<p><a style=\"text-decoration: none;\" href=\"mailto:saskia.heller@libmod.de\">saskia.heller@libmod.de<\/a>[\/vc_column_text][\/vc_column][vc_column width=\u201c1\/2\u201d][vc_column_text css=\u201d.vc_custom_1653987653484{padding-right: 10px !important;}\u201d]<\/p>\n<p style=\"font-weight: 400;\">Saskia Heller has been working as part of the Ukraine team since 2019 and manages the website and channels of \u201cUkraine. verstehen\u201d. She also supports the public relations of the Centre for Liberal Modernity with content management. Saskia is currently studying History at the European University Viadrina and previ\u00adously Finno-Ukrainian Studies at the University of Hamburg. She acquired her regional expertise on Estonia, the Republic of Moldova, and Ukraine through stays abroad. In her free time, she is involved with the human rights associ\u00adation \u201cLibereco \u2014 Partnership for Human Rights\u201d and a&nbsp;cultural associ\u00adation in Frankfurt (Oder).<\/p>\n<p>[\/vc_column_text][\/vc_column][\/vc_row][vc_column][\/vc_column]<\/p>\n<\/div>","protected":false},"excerpt":{"rendered":"<p>[vc_row][vc_column][vc_column_text css=\u201d.vc_custom_1653987617286{margin-top: \u201120px !important;}\u201d] Assistant in Public Relation and Ukraine-Team [\/vc_column_text][vc_separator color=\u201cblack\u201d css=\u201d.vc_custom_1653475473969{margin-right: \u201120px !important;margin-left: \u201110px !important;}\u201d][\/vc_column][\/vc_row][vc_row][vc_column width=\u201c1\/2\u201d][vc_column_text css=\u201d.vc_custom_1653987505346{padding-right: 20px !important;padding-left: 2px !important;}\u201d] [\/vc_column_text][vc_separator color=\u201cblack\u201d css=\u201d.vc_custom_1653475846282{margin-top: 30px !important;margin-right: \u201115px !important;margin-left:...<\/p>\n","protected":false},"author":252,"featured_media":0,"parent":0,"menu_order":6,"comment_status":"closed","ping_status":"closed","template":"","meta":{"_acf_changed":false,"wp_typography_post_enhancements_disabled":false,"footnotes":""},"class_list":["post-47854","page","type-page","status-publish"],"acf":[],"yoast_head":"<!-- This site is optimized with the Yoast SEO Premium plugin v27.4 (Yoast SEO v27.5) - https:\/\/yoast.com\/product\/yoast-seo-premium-wordpress\/ -->\n<title>Saskia Heller - libmod.de - Zentrum Liberale Moderne<\/title>\n<meta name=\"description\" content=\"Saskia Heller has been working as part of the Ukraine team since 2019 and manages the website and channels of &quot;Ukraine. verstehen&quot;. She also supports the public relations of the Centre for Liberal Modernity with content management. Saskia is currently studying History at the European University Viadrina and previously Finno-Ukrainian Studies at the University of Hamburg. She acquired her regional expertise on Estonia, the Republic of Moldova, and Ukraine through stays abroad. In her free time, she is involved with the human rights association &quot;Libereco - Partnership for Human Rights&quot; and a cultural association in Frankfurt (Oder).\" \/>\n<meta name=\"robots\" content=\"index, follow, max-snippet:-1, max-image-preview:large, max-video-preview:-1\" \/>\n<link rel=\"canonical\" href=\"https:\/\/libmod.de\/en\/saskia-heller\/\" \/>\n<meta property=\"og:locale\" content=\"en_US\" \/>\n<meta property=\"og:type\" content=\"article\" \/>\n<meta property=\"og:title\" content=\"Saskia Heller\" \/>\n<meta property=\"og:description\" content=\"Saskia Heller has been working as part of the Ukraine team since 2019 and manages the website and channels of &quot;Ukraine. verstehen&quot;. She also supports the public relations of the Centre for Liberal Modernity with content management. Saskia is currently studying History at the European University Viadrina and previously Finno-Ukrainian Studies at the University of Hamburg. She acquired her regional expertise on Estonia, the Republic of Moldova, and Ukraine through stays abroad. In her free time, she is involved with the human rights association &quot;Libereco - Partnership for Human Rights&quot; and a cultural association in Frankfurt (Oder).\" \/>\n<meta property=\"og:url\" content=\"https:\/\/libmod.de\/en\/saskia-heller\/\" \/>\n<meta property=\"og:site_name\" content=\"libmod.de - Zentrum Liberale Moderne\" \/>\n<meta property=\"article:publisher\" content=\"https:\/\/www.facebook.com\/LiberaleModerne\/\" \/>\n<meta property=\"article:modified_time\" content=\"2022-07-13T14:16:07+00:00\" \/>\n<meta property=\"og:image\" content=\"https:\/\/libmod.de\/wp-content\/uploads\/SaskiaHeller_1200x800.jpg\" \/>\n<meta name=\"twitter:card\" content=\"summary_large_image\" \/>\n<meta name=\"twitter:site\" content=\"@liberalemoderne\" \/>\n<meta name=\"twitter:label1\" content=\"Est. reading time\" \/>\n\t<meta name=\"twitter:data1\" content=\"2 minutes\" \/>\n<script type=\"application\/ld+json\" class=\"yoast-schema-graph\">{\"@context\":\"https:\\\/\\\/schema.org\",\"@graph\":[{\"@type\":\"WebPage\",\"@id\":\"https:\\\/\\\/libmod.de\\\/en\\\/saskia-heller\\\/\",\"url\":\"https:\\\/\\\/libmod.de\\\/en\\\/saskia-heller\\\/\",\"name\":\"Saskia Heller - libmod.de - Zentrum Liberale Moderne\",\"isPartOf\":{\"@id\":\"https:\\\/\\\/libmod.de\\\/#website\"},\"primaryImageOfPage\":{\"@id\":\"https:\\\/\\\/libmod.de\\\/en\\\/saskia-heller\\\/#primaryimage\"},\"image\":{\"@id\":\"https:\\\/\\\/libmod.de\\\/en\\\/saskia-heller\\\/#primaryimage\"},\"thumbnailUrl\":\"https:\\\/\\\/libmod.de\\\/wp-content\\\/uploads\\\/SaskiaHeller_1200x800.jpg\",\"datePublished\":\"2022-07-13T14:12:47+00:00\",\"dateModified\":\"2022-07-13T14:16:07+00:00\",\"description\":\"Saskia Heller has been working as part of the Ukraine team since 2019 and manages the website and channels of \\\"Ukraine. verstehen\\\". She also supports the public relations of the Centre for Liberal Modernity with content management. Saskia is currently studying History at the European University Viadrina and previously Finno-Ukrainian Studies at the University of Hamburg. She acquired her regional expertise on Estonia, the Republic of Moldova, and Ukraine through stays abroad. In her free time, she is involved with the human rights association \\\"Libereco - Partnership for Human Rights\\\" and a cultural association in Frankfurt (Oder).\",\"breadcrumb\":{\"@id\":\"https:\\\/\\\/libmod.de\\\/en\\\/saskia-heller\\\/#breadcrumb\"},\"inLanguage\":\"en-US\",\"potentialAction\":[{\"@type\":\"ReadAction\",\"target\":[\"https:\\\/\\\/libmod.de\\\/en\\\/saskia-heller\\\/\"]}]},{\"@type\":\"ImageObject\",\"inLanguage\":\"en-US\",\"@id\":\"https:\\\/\\\/libmod.de\\\/en\\\/saskia-heller\\\/#primaryimage\",\"url\":\"https:\\\/\\\/libmod.de\\\/wp-content\\\/uploads\\\/SaskiaHeller_1200x800.jpg\",\"contentUrl\":\"https:\\\/\\\/libmod.de\\\/wp-content\\\/uploads\\\/SaskiaHeller_1200x800.jpg\"},{\"@type\":\"BreadcrumbList\",\"@id\":\"https:\\\/\\\/libmod.de\\\/en\\\/saskia-heller\\\/#breadcrumb\",\"itemListElement\":[{\"@type\":\"ListItem\",\"position\":1,\"name\":\"Startseite\",\"item\":\"https:\\\/\\\/libmod.de\\\/en\\\/\"},{\"@type\":\"ListItem\",\"position\":2,\"name\":\"Saskia Heller\"}]},{\"@type\":\"WebSite\",\"@id\":\"https:\\\/\\\/libmod.de\\\/#website\",\"url\":\"https:\\\/\\\/libmod.de\\\/\",\"name\":\"libmod.de - Zentrum Liberale Moderne\",\"description\":\"Think Tank f\u00fcr Politik in Berlin\",\"publisher\":{\"@id\":\"https:\\\/\\\/libmod.de\\\/#organization\"},\"potentialAction\":[{\"@type\":\"SearchAction\",\"target\":{\"@type\":\"EntryPoint\",\"urlTemplate\":\"https:\\\/\\\/libmod.de\\\/?s={search_term_string}\"},\"query-input\":{\"@type\":\"PropertyValueSpecification\",\"valueRequired\":true,\"valueName\":\"search_term_string\"}}],\"inLanguage\":\"en-US\"},{\"@type\":\"Organization\",\"@id\":\"https:\\\/\\\/libmod.de\\\/#organization\",\"name\":\"Zentrum Liberale Moderne\",\"url\":\"https:\\\/\\\/libmod.de\\\/\",\"logo\":{\"@type\":\"ImageObject\",\"inLanguage\":\"en-US\",\"@id\":\"https:\\\/\\\/libmod.de\\\/#\\\/schema\\\/logo\\\/image\\\/\",\"url\":\"https:\\\/\\\/libmodredaktion.fra1.digitaloceanspaces.com\\\/wp-content\\\/uploads\\\/20240905145818\\\/LibMod_Logo_XL.jpg\",\"contentUrl\":\"https:\\\/\\\/libmodredaktion.fra1.digitaloceanspaces.com\\\/wp-content\\\/uploads\\\/20240905145818\\\/LibMod_Logo_XL.jpg\",\"width\":1439,\"height\":615,\"caption\":\"Zentrum Liberale Moderne\"},\"image\":{\"@id\":\"https:\\\/\\\/libmod.de\\\/#\\\/schema\\\/logo\\\/image\\\/\"},\"sameAs\":[\"https:\\\/\\\/www.facebook.com\\\/LiberaleModerne\\\/\",\"https:\\\/\\\/x.com\\\/liberalemoderne\",\"https:\\\/\\\/www.youtube.com\\\/channel\\\/UC4Yl_V4pm1LwryD04ky54SA\",\"https:\\\/\\\/www.instagram.com\\\/libmod\\\/\",\"https:\\\/\\\/bsky.app\\\/profile\\\/libmod.de\"],\"description\":\"Das Zentrum Liberale Moderne ist ein politischer Think Tank und eine Debattenplattform. LibMod steht f\u00fcr die Verteidigung und Erneuerung der liberalen Demokratie, f\u00fcr den Aufbruch in die \u00f6kologische Moderne und f\u00fcr eine fundierte Osteuropa-Expertise.\"}]}<\/script>\n<!-- \/ Yoast SEO Premium plugin. -->","yoast_head_json":{"title":"Saskia Heller - libmod.de - Zentrum Liberale Moderne","description":"Saskia Heller has been working as part of the Ukraine team since 2019 and manages the website and channels of \"Ukraine. verstehen\". She also supports the public relations of the Centre for Liberal Modernity with content management. Saskia is currently studying History at the European University Viadrina and previously Finno-Ukrainian Studies at the University of Hamburg. She acquired her regional expertise on Estonia, the Republic of Moldova, and Ukraine through stays abroad. In her free time, she is involved with the human rights association \"Libereco - Partnership for Human Rights\" and a cultural association in Frankfurt (Oder).","robots":{"index":"index","follow":"follow","max-snippet":"max-snippet:-1","max-image-preview":"max-image-preview:large","max-video-preview":"max-video-preview:-1"},"canonical":"https:\/\/libmod.de\/en\/saskia-heller\/","og_locale":"en_US","og_type":"article","og_title":"Saskia Heller","og_description":"Saskia Heller has been working as part of the Ukraine team since 2019 and manages the website and channels of \"Ukraine. verstehen\". She also supports the public relations of the Centre for Liberal Modernity with content management. Saskia is currently studying History at the European University Viadrina and previously Finno-Ukrainian Studies at the University of Hamburg. She acquired her regional expertise on Estonia, the Republic of Moldova, and Ukraine through stays abroad. In her free time, she is involved with the human rights association \"Libereco - Partnership for Human Rights\" and a cultural association in Frankfurt (Oder).","og_url":"https:\/\/libmod.de\/en\/saskia-heller\/","og_site_name":"libmod.de - Zentrum Liberale Moderne","article_publisher":"https:\/\/www.facebook.com\/LiberaleModerne\/","article_modified_time":"2022-07-13T14:16:07+00:00","og_image":[{"url":"https:\/\/libmod.de\/wp-content\/uploads\/SaskiaHeller_1200x800.jpg","type":"","width":"","height":""}],"twitter_card":"summary_large_image","twitter_site":"@liberalemoderne","twitter_misc":{"Est. reading time":"2 minutes"},"schema":{"@context":"https:\/\/schema.org","@graph":[{"@type":"WebPage","@id":"https:\/\/libmod.de\/en\/saskia-heller\/","url":"https:\/\/libmod.de\/en\/saskia-heller\/","name":"Saskia Heller - libmod.de - Zentrum Liberale Moderne","isPartOf":{"@id":"https:\/\/libmod.de\/#website"},"primaryImageOfPage":{"@id":"https:\/\/libmod.de\/en\/saskia-heller\/#primaryimage"},"image":{"@id":"https:\/\/libmod.de\/en\/saskia-heller\/#primaryimage"},"thumbnailUrl":"https:\/\/libmod.de\/wp-content\/uploads\/SaskiaHeller_1200x800.jpg","datePublished":"2022-07-13T14:12:47+00:00","dateModified":"2022-07-13T14:16:07+00:00","description":"Saskia Heller has been working as part of the Ukraine team since 2019 and manages the website and channels of \"Ukraine. verstehen\". She also supports the public relations of the Centre for Liberal Modernity with content management. Saskia is currently studying History at the European University Viadrina and previously Finno-Ukrainian Studies at the University of Hamburg. She acquired her regional expertise on Estonia, the Republic of Moldova, and Ukraine through stays abroad. In her free time, she is involved with the human rights association \"Libereco - Partnership for Human Rights\" and a cultural association in Frankfurt (Oder).","breadcrumb":{"@id":"https:\/\/libmod.de\/en\/saskia-heller\/#breadcrumb"},"inLanguage":"en-US","potentialAction":[{"@type":"ReadAction","target":["https:\/\/libmod.de\/en\/saskia-heller\/"]}]},{"@type":"ImageObject","inLanguage":"en-US","@id":"https:\/\/libmod.de\/en\/saskia-heller\/#primaryimage","url":"https:\/\/libmod.de\/wp-content\/uploads\/SaskiaHeller_1200x800.jpg","contentUrl":"https:\/\/libmod.de\/wp-content\/uploads\/SaskiaHeller_1200x800.jpg"},{"@type":"BreadcrumbList","@id":"https:\/\/libmod.de\/en\/saskia-heller\/#breadcrumb","itemListElement":[{"@type":"ListItem","position":1,"name":"Startseite","item":"https:\/\/libmod.de\/en\/"},{"@type":"ListItem","position":2,"name":"Saskia Heller"}]},{"@type":"WebSite","@id":"https:\/\/libmod.de\/#website","url":"https:\/\/libmod.de\/","name":"libmod.de - Zentrum Liberale Moderne","description":"Think Tank f\u00fcr Politik in Berlin","publisher":{"@id":"https:\/\/libmod.de\/#organization"},"potentialAction":[{"@type":"SearchAction","target":{"@type":"EntryPoint","urlTemplate":"https:\/\/libmod.de\/?s={search_term_string}"},"query-input":{"@type":"PropertyValueSpecification","valueRequired":true,"valueName":"search_term_string"}}],"inLanguage":"en-US"},{"@type":"Organization","@id":"https:\/\/libmod.de\/#organization","name":"Zentrum Liberale Moderne","url":"https:\/\/libmod.de\/","logo":{"@type":"ImageObject","inLanguage":"en-US","@id":"https:\/\/libmod.de\/#\/schema\/logo\/image\/","url":"https:\/\/libmodredaktion.fra1.digitaloceanspaces.com\/wp-content\/uploads\/20240905145818\/LibMod_Logo_XL.jpg","contentUrl":"https:\/\/libmodredaktion.fra1.digitaloceanspaces.com\/wp-content\/uploads\/20240905145818\/LibMod_Logo_XL.jpg","width":1439,"height":615,"caption":"Zentrum Liberale Moderne"},"image":{"@id":"https:\/\/libmod.de\/#\/schema\/logo\/image\/"},"sameAs":["https:\/\/www.facebook.com\/LiberaleModerne\/","https:\/\/x.com\/liberalemoderne","https:\/\/www.youtube.com\/channel\/UC4Yl_V4pm1LwryD04ky54SA","https:\/\/www.instagram.com\/libmod\/","https:\/\/bsky.app\/profile\/libmod.de"],"description":"Das Zentrum Liberale Moderne ist ein politischer Think Tank und eine Debattenplattform. LibMod steht f\u00fcr die Verteidigung und Erneuerung der liberalen Demokratie, f\u00fcr den Aufbruch in die \u00f6kologische Moderne und f\u00fcr eine fundierte Osteuropa-Expertise."}]}},"_links":{"self":[{"href":"https:\/\/libmod.de\/en\/wp-json\/wp\/v2\/pages\/47854","targetHints":{"allow":["GET"]}}],"collection":[{"href":"https:\/\/libmod.de\/en\/wp-json\/wp\/v2\/pages"}],"about":[{"href":"https:\/\/libmod.de\/en\/wp-json\/wp\/v2\/types\/page"}],"author":[{"embeddable":true,"href":"https:\/\/libmod.de\/en\/wp-json\/wp\/v2\/users\/252"}],"replies":[{"embeddable":true,"href":"https:\/\/libmod.de\/en\/wp-json\/wp\/v2\/comments?post=47854"}],"version-history":[{"count":2,"href":"https:\/\/libmod.de\/en\/wp-json\/wp\/v2\/pages\/47854\/revisions"}],"predecessor-version":[{"id":47857,"href":"https:\/\/libmod.de\/en\/wp-json\/wp\/v2\/pages\/47854\/revisions\/47857"}],"wp:attachment":[{"href":"https:\/\/libmod.de\/en\/wp-json\/wp\/v2\/media?parent=47854"}],"curies":[{"name":"wp","href":"https:\/\/api.w.org\/{rel}","templated":true}]}}