{"id":47917,"date":"2022-07-19T09:36:54","date_gmt":"2022-07-19T07:36:54","guid":{"rendered":"https:\/\/libmod.de\/ueber-uns\/rainald-manthe-copy\/"},"modified":"2022-07-19T09:40:30","modified_gmt":"2022-07-19T07:40:30","slug":"rainald-manthe","status":"publish","type":"page","link":"https:\/\/libmod.de\/en\/rainald-manthe\/","title":{"rendered":"Rainald Manthe"},"content":{"rendered":"<div class=\"wpb-content-wrapper\"><p>[vc_row][vc_column][vc_column_text css=\u201d.vc_custom_1658216270275{margin-top: \u201120px !important;}\u201d]<\/p>\n<div class=\"mceTemp\"><\/div>\n<h3>Programme Director Liberale&nbsp;Demokratie<\/h3>\n<p>[\/vc_column_text][vc_separator color=\u201cblack\u201d css=\u201d.vc_custom_1653475473969{margin-right: \u201120px !important;margin-left: \u201110px !important;}\u201d][\/vc_column][\/vc_row][vc_row][vc_column width=\u201c1\/2\u201d][vc_column_text css=\u201d.vc_custom_1653990721978{padding-right: 20px !important;padding-left: 2px !important;}\u201d]<\/p>\n<figure id=\"attachment_47071\" aria-describedby=\"caption-attachment-47071\" style=\"width: 1200px\" class=\"wp-caption alignnone\"><img class=\"wp-image-47071 size-full\" style=\"font-size: 16px;\" src=\"https:\/\/libmodredaktion.fra1.digitaloceanspaces.com\/wp-content\/uploads\/20240905143547\/RainaldManthe_1200x800.jpg\" alt width=\"1200\" height=\"800\" srcset=\"https:\/\/libmodredaktion.fra1.digitaloceanspaces.com\/wp-content\/uploads\/20240905143547\/RainaldManthe_1200x800.jpg 1200w, https:\/\/libmodredaktion.fra1.digitaloceanspaces.com\/wp-content\/uploads\/20240905143547\/RainaldManthe_1200x800-770x513.jpg 770w, https:\/\/libmodredaktion.fra1.digitaloceanspaces.com\/wp-content\/uploads\/20240905143547\/RainaldManthe_1200x800-768x512.jpg 768w\" sizes=\"(max-width: 1200px) 100vw, 1200px\"><figcaption id=\"caption-attachment-47071\" class=\"wp-caption-text\">Foto: Stefan&nbsp;Lengsfeld<\/figcaption><\/figure>\n<p>[\/vc_column_text][vc_separator color=\u201cblack\u201d css=\u201d.vc_custom_1653475846282{margin-top: 30px !important;margin-right: \u201115px !important;margin-left: \u201110px !important;}\u201d][vc_column_text]<\/p>\n<div class=\"mceTemp\"><\/div>\n<h2>Contact<\/h2>\n<p>T +49 30 \u2014 13 89 36&nbsp;21<\/p>\n<p><a href=\"mailto:rainald.mathe@libmod.de\">rainald.mathe@libmod.de<\/a><\/p>\n<p><span style=\"color: #ffffff;\">.<\/span>[\/vc_column_text][\/vc_column][vc_column width=\u201c1\/2\u201d][vc_column_text css=\u201d.vc_custom_1658216292622{padding-right: 10px !important;}\u201d]<\/p>\n<p style=\"font-weight: 400;\">Rainald Manthe (Dr. phil.) is a&nbsp;sociol\u00adogist and Programme Director for Liberal Democracy at the Centre for Liberal Modernity. He did his doctorate at the University of Lucerne on the transna\u00adtional large-scale meetings of social movements. At LibMod he is respon\u00adsible for the project areas \u201cSecurity in Transition\u201d and \u201cRethinking Liber\u00adalism\u201d. He is co-author of the study \u201cDas Bildungs\u00adgrun\u00addeinkommen. Vorschlag f\u00fcr eine neue Weiter\u00adbil\u00addungs\u00adfi\u00adnanzierung.\u201d and co-editor of the anthology \u201cLiber\u00adal\u00adismus neu denken\u201d (with Ralf F\u00fccks, June 2022). He regularly publishes on issues of democracy development.<\/p>\n<p style=\"font-weight: 400;\">Previ\u00adously, he worked at the Youth Press Germany and freelanced in political education, e.g. for the Friedrich Ebert Foundation and trade unions. On a&nbsp;voluntary basis, he supports the Board of Trustees of the Education&nbsp;Foundation.<\/p>\n<p>[\/vc_column_text][\/vc_column][\/vc_row][vc_row][vc_column][vc_column_text]<\/p>\n<div class=\"mceTemp\"><\/div>\n<h2>Publi\u00adca\u00adtions<\/h2>\n<ul>\n<li>Ralf F\u00fccks &amp;&nbsp;Rainald Manthe (Hrsg.): Liber\u00adal\u00adismus neu denken. Freiheitliche Antworten f\u00fcr die Heraus\u00adforderungen unserer Zeit. Transcript Verlag, Juni 2022 (im&nbsp;Erscheinen)<\/li>\n<li>Rainald Manthe: Towards a&nbsp;Basic Income for Lifelong Learning. How to realize Security in Times of Rapid Change. Global Solutions Journal 8\/\u200b2022 (forth\u00adcoming)<\/li>\n<li>Rainald Manthe: Mit Bildung Zukunft gestalten. Vorschlag f\u00fcr ein Bildungs\u00adgrun\u00addeinkommen. In: weiter:bilden. Die Zeitschrift f\u00fcr Erwach\u00adse\u00adnen\u00adbildung. 3\/\u200b2021<\/li>\n<li>Rainald Manthe: F\u00fcr das Bildungs\u00adgrun\u00addeinkommen und f\u00fcr ein B\u00fcrger\u00adrecht auf Weiter\u00adbildung: Gute Ideen f\u00fcr Sicherheit im Wandel. In: Weiter\u00adbildung. Zeitschrift f\u00fcr Grund\u00adlagen, Praxis und Trends. 5\/\u200b2021.<\/li>\n<li>Ralf F\u00fccks &amp;&nbsp;Rainald Manthe:&nbsp;<a href=\"https:\/\/wp.me\/p9NIu5-b61\">Liberal Answers to Digital\u00adization<\/a>, libmod.de,&nbsp;2021<\/li>\n<li>Rainald Manthe im Gespr\u00e4ch mit Pascal Fischer:&nbsp;<a href=\"https:\/\/www.deutschlandfunk.de\/pandemie-und-digitalisierung-demokratie-braucht-begegnung.1184.de.html?dram:article_id=495534\">Demokratie braucht Begegnung.<\/a>&nbsp;Deutsch\u00adlandfunk, 11.04.2021<\/li>\n<li>Ralf F\u00fccks &amp;&nbsp;Rainald Manthe:&nbsp;<a href=\"https:\/\/www.tagesspiegel.de\/politik\/zukunft-der-demokratie-1200-euro-fuer-jeden\/26854188.html\">1200 Euro f\u00fcr jeden! Warum wir ein Bildungs\u00adgrun\u00addeinkommen brauchen und wie es aussehen k\u00f6nnte..<\/a>Tagesspiegel, 26.01.2021. (\u00dcberar\u00adbeitete Fassung in:&nbsp;<a href=\"https:\/\/www.civis-mit-sonde.de\/portfolio\/civis-2021-1\/\">Civis mit Sonde, Heft 01\/\u200b2021<\/a>)<\/li>\n<li>Rainald Manthe:&nbsp;<a href=\"https:\/\/www.transcript-verlag.de\/978-3-8376-5616-9\/warum-treffen-sich-soziale-bewegungen\/?number=978-3-8394-5616-3\/\">Warum treffen sich soziale Bewegungen. Vom Wert der Begegnung: Inter\u00adak\u00adtion\u00adssozi\u00adol\u00ado\u00adgische Perspek\u00adtiven auf das Weltsozial\u00adforum.<\/a>&nbsp;2020, Transcript&nbsp;Verlag<\/li>\n<li>Rainald Manthe:&nbsp;<a href=\"https:\/\/www.progressives-zentrum.org\/corona-society-demokratische-begegnungsraeume\/\">Wie sich demokratische Begeg\u00adnungsr\u00e4ume durch Corona ver\u00e4ndern.<\/a>&nbsp;Blog Corona &amp;&nbsp;Society, Das Progressive Zentrum,&nbsp;2020<\/li>\n<li>Rainald Manthe:&nbsp;<a href=\"https:\/\/www.frankfurter-hefte.de\/artikel\/der-wind-ist-rauer-geworden-2069\/\">Noch ist das Weltsozial\u00adforum nicht tot. Der Wind ist rauer geworden.<\/a>&nbsp;In: Neue Gesellschaft\/\u200bFrankfurter Hefte 5\/\u200b2018.<\/li>\n<li>Susanne Czaja, Lukas Daubner &amp;&nbsp;Rainald Manthe:&nbsp;<a href=\"https:\/\/www.tagesspiegel.de\/wissen\/mehr-mitbestimmung-wagen-jugendliche-in-den-nationalen-bildungsrat\/21263698.html\">Mehr Mitbes\u00adtimmung wagen: Jugendliche in den nationalen Bildungsrat.<\/a>In: Der Tagesspiegel 10.05.2018<\/li>\n<li>Rainald Manthe:&nbsp;<a href=\"https:\/\/www.frankfurter-hefte.de\/media\/Archiv\/2015\/Heft_09\/PDF\/2015-09_manthe.pdf\">Victoria oder: ein anderes Europa.<\/a>&nbsp;In: Neue Gesellschaft\/\u200bFrankfurter Hefte 9\/\u200b2015<\/li>\n<li>Lukas Daubner &amp;&nbsp;Rainald Manthe:&nbsp;<a href=\"https:\/\/www.stiftungbildung.com\/demokratie-ist-ein-lebensstil\/\">Demokratie ist ein Lebensstil.<\/a>&nbsp;In: Demokratie Lernen \u2013 Eine Aufgabe der Schule? Friedrich-Ebert-Stiftung<\/li>\n<\/ul>\n<p>[\/vc_column_text][\/vc_column][\/vc_row][vc_column][\/vc_column]<\/p>\n<\/div>","protected":false},"excerpt":{"rendered":"<p>[vc_row][vc_column][vc_column_text css=\u201d.vc_custom_1658216270275{margin-top: \u201120px !important;}\u201d] Programme Director Liberale&nbsp;Demokratie [\/vc_column_text][vc_separator color=\u201cblack\u201d css=\u201d.vc_custom_1653475473969{margin-right: \u201120px !important;margin-left: \u201110px !important;}\u201d][\/vc_column][\/vc_row][vc_row][vc_column width=\u201c1\/2\u201d][vc_column_text css=\u201d.vc_custom_1653990721978{padding-right: 20px !important;padding-left: 2px !important;}\u201d] [\/vc_column_text][vc_separator color=\u201cblack\u201d css=\u201d.vc_custom_1653475846282{margin-top: 30px !important;margin-right: \u201115px !important;margin-left: \u201110px !important;}\u201d][vc_column_text] Contact...<\/p>\n","protected":false},"author":252,"featured_media":0,"parent":0,"menu_order":6,"comment_status":"closed","ping_status":"closed","template":"","meta":{"_acf_changed":false,"wp_typography_post_enhancements_disabled":false,"footnotes":""},"class_list":["post-47917","page","type-page","status-publish"],"acf":[],"yoast_head":"<!-- This site is optimized with the Yoast SEO Premium plugin v27.0 (Yoast SEO v27.4) - https:\/\/yoast.com\/product\/yoast-seo-premium-wordpress\/ -->\n<title>Rainald Manthe - libmod.de - Zentrum Liberale Moderne<\/title>\n<meta name=\"description\" content=\"Rainald Manthe (Dr. phil.) is a sociologist and Programme Director for Liberal Democracy at the Centre for Liberal Modernity. He did his doctorate at the University of Lucerne on the transnational large-scale meetings of social movements. At LibMod he is responsible for the project areas &quot;Security in Transition&quot; and &quot;Rethinking Liberalism&quot;. He is co-author of the study &quot;Das Bildungsgrundeinkommen. Vorschlag f\u00fcr eine neue Weiterbildungsfinanzierung.&quot; and co-editor of the anthology &quot;Liberalismus neu denken&quot; (with Ralf F\u00fccks, June 2022). He regularly publishes on issues of democracy development.Previously, he worked at the Youth Press Germany and freelanced in political education, e.g. for the Friedrich Ebert Foundation and trade unions. On a voluntary basis, he supports the Board of Trustees of the Education Foundation.\" \/>\n<meta name=\"robots\" content=\"index, follow, max-snippet:-1, max-image-preview:large, max-video-preview:-1\" \/>\n<link rel=\"canonical\" href=\"https:\/\/libmod.de\/en\/rainald-manthe\/\" \/>\n<meta property=\"og:locale\" content=\"en_US\" \/>\n<meta property=\"og:type\" content=\"article\" \/>\n<meta property=\"og:title\" content=\"Rainald Manthe\" \/>\n<meta property=\"og:description\" content=\"Rainald Manthe (Dr. phil.) is a sociologist and Programme Director for Liberal Democracy at the Centre for Liberal Modernity. He did his doctorate at the University of Lucerne on the transnational large-scale meetings of social movements. At LibMod he is responsible for the project areas &quot;Security in Transition&quot; and &quot;Rethinking Liberalism&quot;. He is co-author of the study &quot;Das Bildungsgrundeinkommen. Vorschlag f\u00fcr eine neue Weiterbildungsfinanzierung.&quot; and co-editor of the anthology &quot;Liberalismus neu denken&quot; (with Ralf F\u00fccks, June 2022). He regularly publishes on issues of democracy development.Previously, he worked at the Youth Press Germany and freelanced in political education, e.g. for the Friedrich Ebert Foundation and trade unions. On a voluntary basis, he supports the Board of Trustees of the Education Foundation.\" \/>\n<meta property=\"og:url\" content=\"https:\/\/libmod.de\/en\/rainald-manthe\/\" \/>\n<meta property=\"og:site_name\" content=\"libmod.de - Zentrum Liberale Moderne\" \/>\n<meta property=\"article:publisher\" content=\"https:\/\/www.facebook.com\/LiberaleModerne\/\" \/>\n<meta property=\"article:modified_time\" content=\"2022-07-19T07:40:30+00:00\" \/>\n<meta property=\"og:image\" content=\"https:\/\/libmod.de\/wp-content\/uploads\/RainaldManthe_1200x800.jpg\" \/>\n<meta name=\"twitter:card\" content=\"summary_large_image\" \/>\n<meta name=\"twitter:site\" content=\"@liberalemoderne\" \/>\n<meta name=\"twitter:label1\" content=\"Est. reading time\" \/>\n\t<meta name=\"twitter:data1\" content=\"3 minutes\" \/>\n<script type=\"application\/ld+json\" class=\"yoast-schema-graph\">{\"@context\":\"https:\\\/\\\/schema.org\",\"@graph\":[{\"@type\":\"WebPage\",\"@id\":\"https:\\\/\\\/libmod.de\\\/en\\\/rainald-manthe\\\/\",\"url\":\"https:\\\/\\\/libmod.de\\\/en\\\/rainald-manthe\\\/\",\"name\":\"Rainald Manthe - libmod.de - Zentrum Liberale Moderne\",\"isPartOf\":{\"@id\":\"https:\\\/\\\/libmod.de\\\/#website\"},\"primaryImageOfPage\":{\"@id\":\"https:\\\/\\\/libmod.de\\\/en\\\/rainald-manthe\\\/#primaryimage\"},\"image\":{\"@id\":\"https:\\\/\\\/libmod.de\\\/en\\\/rainald-manthe\\\/#primaryimage\"},\"thumbnailUrl\":\"https:\\\/\\\/libmod.de\\\/wp-content\\\/uploads\\\/RainaldManthe_1200x800.jpg\",\"datePublished\":\"2022-07-19T07:36:54+00:00\",\"dateModified\":\"2022-07-19T07:40:30+00:00\",\"description\":\"Rainald Manthe (Dr. phil.) is a sociologist and Programme Director for Liberal Democracy at the Centre for Liberal Modernity. He did his doctorate at the University of Lucerne on the transnational large-scale meetings of social movements. At LibMod he is responsible for the project areas \\\"Security in Transition\\\" and \\\"Rethinking Liberalism\\\". He is co-author of the study \\\"Das Bildungsgrundeinkommen. Vorschlag f\u00fcr eine neue Weiterbildungsfinanzierung.\\\" and co-editor of the anthology \\\"Liberalismus neu denken\\\" (with Ralf F\u00fccks, June 2022). He regularly publishes on issues of democracy development.Previously, he worked at the Youth Press Germany and freelanced in political education, e.g. for the Friedrich Ebert Foundation and trade unions. On a voluntary basis, he supports the Board of Trustees of the Education Foundation.\",\"breadcrumb\":{\"@id\":\"https:\\\/\\\/libmod.de\\\/en\\\/rainald-manthe\\\/#breadcrumb\"},\"inLanguage\":\"en-US\",\"potentialAction\":[{\"@type\":\"ReadAction\",\"target\":[\"https:\\\/\\\/libmod.de\\\/en\\\/rainald-manthe\\\/\"]}]},{\"@type\":\"ImageObject\",\"inLanguage\":\"en-US\",\"@id\":\"https:\\\/\\\/libmod.de\\\/en\\\/rainald-manthe\\\/#primaryimage\",\"url\":\"https:\\\/\\\/libmod.de\\\/wp-content\\\/uploads\\\/RainaldManthe_1200x800.jpg\",\"contentUrl\":\"https:\\\/\\\/libmod.de\\\/wp-content\\\/uploads\\\/RainaldManthe_1200x800.jpg\"},{\"@type\":\"BreadcrumbList\",\"@id\":\"https:\\\/\\\/libmod.de\\\/en\\\/rainald-manthe\\\/#breadcrumb\",\"itemListElement\":[{\"@type\":\"ListItem\",\"position\":1,\"name\":\"Startseite\",\"item\":\"https:\\\/\\\/libmod.de\\\/en\\\/\"},{\"@type\":\"ListItem\",\"position\":2,\"name\":\"Rainald Manthe\"}]},{\"@type\":\"WebSite\",\"@id\":\"https:\\\/\\\/libmod.de\\\/#website\",\"url\":\"https:\\\/\\\/libmod.de\\\/\",\"name\":\"libmod.de - Zentrum Liberale Moderne\",\"description\":\"Think Tank f\u00fcr Politik in Berlin\",\"publisher\":{\"@id\":\"https:\\\/\\\/libmod.de\\\/#organization\"},\"potentialAction\":[{\"@type\":\"SearchAction\",\"target\":{\"@type\":\"EntryPoint\",\"urlTemplate\":\"https:\\\/\\\/libmod.de\\\/?s={search_term_string}\"},\"query-input\":{\"@type\":\"PropertyValueSpecification\",\"valueRequired\":true,\"valueName\":\"search_term_string\"}}],\"inLanguage\":\"en-US\"},{\"@type\":\"Organization\",\"@id\":\"https:\\\/\\\/libmod.de\\\/#organization\",\"name\":\"Zentrum Liberale Moderne\",\"url\":\"https:\\\/\\\/libmod.de\\\/\",\"logo\":{\"@type\":\"ImageObject\",\"inLanguage\":\"en-US\",\"@id\":\"https:\\\/\\\/libmod.de\\\/#\\\/schema\\\/logo\\\/image\\\/\",\"url\":\"https:\\\/\\\/libmodredaktion.fra1.digitaloceanspaces.com\\\/wp-content\\\/uploads\\\/20240905145818\\\/LibMod_Logo_XL.jpg\",\"contentUrl\":\"https:\\\/\\\/libmodredaktion.fra1.digitaloceanspaces.com\\\/wp-content\\\/uploads\\\/20240905145818\\\/LibMod_Logo_XL.jpg\",\"width\":1439,\"height\":615,\"caption\":\"Zentrum Liberale Moderne\"},\"image\":{\"@id\":\"https:\\\/\\\/libmod.de\\\/#\\\/schema\\\/logo\\\/image\\\/\"},\"sameAs\":[\"https:\\\/\\\/www.facebook.com\\\/LiberaleModerne\\\/\",\"https:\\\/\\\/x.com\\\/liberalemoderne\",\"https:\\\/\\\/www.youtube.com\\\/channel\\\/UC4Yl_V4pm1LwryD04ky54SA\",\"https:\\\/\\\/www.instagram.com\\\/libmod\\\/\",\"https:\\\/\\\/bsky.app\\\/profile\\\/libmod.de\"],\"description\":\"Das Zentrum Liberale Moderne ist ein politischer Think Tank und eine Debattenplattform. LibMod steht f\u00fcr die Verteidigung und Erneuerung der liberalen Demokratie, f\u00fcr den Aufbruch in die \u00f6kologische Moderne und f\u00fcr eine fundierte Osteuropa-Expertise.\"}]}<\/script>\n<!-- \/ Yoast SEO Premium plugin. -->","yoast_head_json":{"title":"Rainald Manthe - libmod.de - Zentrum Liberale Moderne","description":"Rainald Manthe (Dr. phil.) is a sociologist and Programme Director for Liberal Democracy at the Centre for Liberal Modernity. He did his doctorate at the University of Lucerne on the transnational large-scale meetings of social movements. At LibMod he is responsible for the project areas \"Security in Transition\" and \"Rethinking Liberalism\". He is co-author of the study \"Das Bildungsgrundeinkommen. Vorschlag f\u00fcr eine neue Weiterbildungsfinanzierung.\" and co-editor of the anthology \"Liberalismus neu denken\" (with Ralf F\u00fccks, June 2022). He regularly publishes on issues of democracy development.Previously, he worked at the Youth Press Germany and freelanced in political education, e.g. for the Friedrich Ebert Foundation and trade unions. On a voluntary basis, he supports the Board of Trustees of the Education Foundation.","robots":{"index":"index","follow":"follow","max-snippet":"max-snippet:-1","max-image-preview":"max-image-preview:large","max-video-preview":"max-video-preview:-1"},"canonical":"https:\/\/libmod.de\/en\/rainald-manthe\/","og_locale":"en_US","og_type":"article","og_title":"Rainald Manthe","og_description":"Rainald Manthe (Dr. phil.) is a sociologist and Programme Director for Liberal Democracy at the Centre for Liberal Modernity. He did his doctorate at the University of Lucerne on the transnational large-scale meetings of social movements. At LibMod he is responsible for the project areas \"Security in Transition\" and \"Rethinking Liberalism\". He is co-author of the study \"Das Bildungsgrundeinkommen. Vorschlag f\u00fcr eine neue Weiterbildungsfinanzierung.\" and co-editor of the anthology \"Liberalismus neu denken\" (with Ralf F\u00fccks, June 2022). He regularly publishes on issues of democracy development.Previously, he worked at the Youth Press Germany and freelanced in political education, e.g. for the Friedrich Ebert Foundation and trade unions. On a voluntary basis, he supports the Board of Trustees of the Education Foundation.","og_url":"https:\/\/libmod.de\/en\/rainald-manthe\/","og_site_name":"libmod.de - Zentrum Liberale Moderne","article_publisher":"https:\/\/www.facebook.com\/LiberaleModerne\/","article_modified_time":"2022-07-19T07:40:30+00:00","og_image":[{"url":"https:\/\/libmod.de\/wp-content\/uploads\/RainaldManthe_1200x800.jpg","type":"","width":"","height":""}],"twitter_card":"summary_large_image","twitter_site":"@liberalemoderne","twitter_misc":{"Est. reading time":"3 minutes"},"schema":{"@context":"https:\/\/schema.org","@graph":[{"@type":"WebPage","@id":"https:\/\/libmod.de\/en\/rainald-manthe\/","url":"https:\/\/libmod.de\/en\/rainald-manthe\/","name":"Rainald Manthe - libmod.de - Zentrum Liberale Moderne","isPartOf":{"@id":"https:\/\/libmod.de\/#website"},"primaryImageOfPage":{"@id":"https:\/\/libmod.de\/en\/rainald-manthe\/#primaryimage"},"image":{"@id":"https:\/\/libmod.de\/en\/rainald-manthe\/#primaryimage"},"thumbnailUrl":"https:\/\/libmod.de\/wp-content\/uploads\/RainaldManthe_1200x800.jpg","datePublished":"2022-07-19T07:36:54+00:00","dateModified":"2022-07-19T07:40:30+00:00","description":"Rainald Manthe (Dr. phil.) is a sociologist and Programme Director for Liberal Democracy at the Centre for Liberal Modernity. He did his doctorate at the University of Lucerne on the transnational large-scale meetings of social movements. At LibMod he is responsible for the project areas \"Security in Transition\" and \"Rethinking Liberalism\". He is co-author of the study \"Das Bildungsgrundeinkommen. Vorschlag f\u00fcr eine neue Weiterbildungsfinanzierung.\" and co-editor of the anthology \"Liberalismus neu denken\" (with Ralf F\u00fccks, June 2022). He regularly publishes on issues of democracy development.Previously, he worked at the Youth Press Germany and freelanced in political education, e.g. for the Friedrich Ebert Foundation and trade unions. On a voluntary basis, he supports the Board of Trustees of the Education Foundation.","breadcrumb":{"@id":"https:\/\/libmod.de\/en\/rainald-manthe\/#breadcrumb"},"inLanguage":"en-US","potentialAction":[{"@type":"ReadAction","target":["https:\/\/libmod.de\/en\/rainald-manthe\/"]}]},{"@type":"ImageObject","inLanguage":"en-US","@id":"https:\/\/libmod.de\/en\/rainald-manthe\/#primaryimage","url":"https:\/\/libmod.de\/wp-content\/uploads\/RainaldManthe_1200x800.jpg","contentUrl":"https:\/\/libmod.de\/wp-content\/uploads\/RainaldManthe_1200x800.jpg"},{"@type":"BreadcrumbList","@id":"https:\/\/libmod.de\/en\/rainald-manthe\/#breadcrumb","itemListElement":[{"@type":"ListItem","position":1,"name":"Startseite","item":"https:\/\/libmod.de\/en\/"},{"@type":"ListItem","position":2,"name":"Rainald Manthe"}]},{"@type":"WebSite","@id":"https:\/\/libmod.de\/#website","url":"https:\/\/libmod.de\/","name":"libmod.de - Zentrum Liberale Moderne","description":"Think Tank f\u00fcr Politik in Berlin","publisher":{"@id":"https:\/\/libmod.de\/#organization"},"potentialAction":[{"@type":"SearchAction","target":{"@type":"EntryPoint","urlTemplate":"https:\/\/libmod.de\/?s={search_term_string}"},"query-input":{"@type":"PropertyValueSpecification","valueRequired":true,"valueName":"search_term_string"}}],"inLanguage":"en-US"},{"@type":"Organization","@id":"https:\/\/libmod.de\/#organization","name":"Zentrum Liberale Moderne","url":"https:\/\/libmod.de\/","logo":{"@type":"ImageObject","inLanguage":"en-US","@id":"https:\/\/libmod.de\/#\/schema\/logo\/image\/","url":"https:\/\/libmodredaktion.fra1.digitaloceanspaces.com\/wp-content\/uploads\/20240905145818\/LibMod_Logo_XL.jpg","contentUrl":"https:\/\/libmodredaktion.fra1.digitaloceanspaces.com\/wp-content\/uploads\/20240905145818\/LibMod_Logo_XL.jpg","width":1439,"height":615,"caption":"Zentrum Liberale Moderne"},"image":{"@id":"https:\/\/libmod.de\/#\/schema\/logo\/image\/"},"sameAs":["https:\/\/www.facebook.com\/LiberaleModerne\/","https:\/\/x.com\/liberalemoderne","https:\/\/www.youtube.com\/channel\/UC4Yl_V4pm1LwryD04ky54SA","https:\/\/www.instagram.com\/libmod\/","https:\/\/bsky.app\/profile\/libmod.de"],"description":"Das Zentrum Liberale Moderne ist ein politischer Think Tank und eine Debattenplattform. LibMod steht f\u00fcr die Verteidigung und Erneuerung der liberalen Demokratie, f\u00fcr den Aufbruch in die \u00f6kologische Moderne und f\u00fcr eine fundierte Osteuropa-Expertise."}]}},"_links":{"self":[{"href":"https:\/\/libmod.de\/en\/wp-json\/wp\/v2\/pages\/47917","targetHints":{"allow":["GET"]}}],"collection":[{"href":"https:\/\/libmod.de\/en\/wp-json\/wp\/v2\/pages"}],"about":[{"href":"https:\/\/libmod.de\/en\/wp-json\/wp\/v2\/types\/page"}],"author":[{"embeddable":true,"href":"https:\/\/libmod.de\/en\/wp-json\/wp\/v2\/users\/252"}],"replies":[{"embeddable":true,"href":"https:\/\/libmod.de\/en\/wp-json\/wp\/v2\/comments?post=47917"}],"version-history":[{"count":3,"href":"https:\/\/libmod.de\/en\/wp-json\/wp\/v2\/pages\/47917\/revisions"}],"predecessor-version":[{"id":47920,"href":"https:\/\/libmod.de\/en\/wp-json\/wp\/v2\/pages\/47917\/revisions\/47920"}],"wp:attachment":[{"href":"https:\/\/libmod.de\/en\/wp-json\/wp\/v2\/media?parent=47917"}],"curies":[{"name":"wp","href":"https:\/\/api.w.org\/{rel}","templated":true}]}}