{"id":47935,"date":"2022-07-19T09:56:49","date_gmt":"2022-07-19T07:56:49","guid":{"rendered":"https:\/\/libmod.de\/ueber-uns\/sonja-vogel-copy\/"},"modified":"2024-04-18T15:55:29","modified_gmt":"2024-04-18T13:55:29","slug":"sonja-vogel","status":"publish","type":"page","link":"https:\/\/libmod.de\/en\/sonja-vogel\/","title":{"rendered":"Sonja Vogel"},"content":{"rendered":"<div class=\"wpb-content-wrapper\"><p>[vc_row][vc_column][vc_column_text css=\u201d.vc_custom_1658217460797{margin-top: \u201120px !important;}\u201d]<\/p>\n<div class=\"mceTemp\"><\/div>\n<h3>Project Director Gegneranalyse<\/h3>\n<p>[\/vc_column_text][vc_separator color=\u201cblack\u201d css=\u201d.vc_custom_1653475473969{margin-right: \u201120px !important;margin-left: \u201110px !important;}\u201d][\/vc_column][\/vc_row][vc_row][vc_column width=\u201c1\/2\u201d][vc_column_text css=\u201d.vc_custom_1653991560859{padding-right: 20px !important;padding-left: 2px !important;}\u201d]<\/p>\n<figure id=\"attachment_47065\" aria-describedby=\"caption-attachment-47065\" style=\"width: 1200px\" class=\"wp-caption alignnone\"><img class=\"wp-image-47065 size-full\" style=\"font-size: 16px;\" src=\"https:\/\/libmodredaktion.fra1.digitaloceanspaces.com\/wp-content\/uploads\/20240905143548\/SonjaVogel_1200x800.jpg\" alt width=\"1200\" height=\"800\" srcset=\"https:\/\/libmodredaktion.fra1.digitaloceanspaces.com\/wp-content\/uploads\/20240905143548\/SonjaVogel_1200x800.jpg 1200w, https:\/\/libmodredaktion.fra1.digitaloceanspaces.com\/wp-content\/uploads\/20240905143548\/SonjaVogel_1200x800-770x513.jpg 770w, https:\/\/libmodredaktion.fra1.digitaloceanspaces.com\/wp-content\/uploads\/20240905143548\/SonjaVogel_1200x800-768x512.jpg 768w\" sizes=\"(max-width: 1200px) 100vw, 1200px\"><figcaption id=\"caption-attachment-47065\" class=\"wp-caption-text\">Foto: Stefan&nbsp;Lengsfeld<\/figcaption><\/figure>\n<p>[\/vc_column_text][vc_separator color=\u201cblack\u201d css=\u201d.vc_custom_1653475846282{margin-top: 30px !important;margin-right: \u201115px !important;margin-left: \u201110px !important;}\u201d][vc_column_text]<\/p>\n<div class=\"mceTemp\"><\/div>\n<h2>Contact<\/h2>\n<p>T +49 30 \u2014 577 12 58&nbsp;41<\/p>\n<p><a href=\"mailto:sonja.vogel@libmod.de\">sonja.vogel@libmod.de<\/a><\/p>\n<p><span style=\"color: #ffffff;\">.<\/span>[\/vc_column_text][\/vc_column][vc_column width=\u201c1\/2\u201d][vc_column_text css=\u201d.vc_custom_1713448509799{padding-right: 10px !important;}\u201d]<\/p>\n<p style=\"font-weight: 400;\">Sonja Vogel is a&nbsp;journalist, editor, and author. Her main topics are political discourse, right-wing extremism, and the post-Yugoslavian space. After studying gender and Eastern European studies, she worked as a&nbsp;freelance journalist in Serbia and Russia and was an editor and columnist for the \u201ctaz\u201d for many years. As a&nbsp;public relations officer and editor, she worked at the Bauhaus Dessau Foundation until 2019 and then at the Maxim Gorki Theatre in Berlin. Until 2023, she headed the <a href=\"https:\/\/gegenmedien.info\/\" target=\"_blank\" rel=\"noopener\">Counter\u00admedia as a&nbsp;Radical\u00adi\u00adsation Machine<\/a> project and has since been an editor in the Narrativ-Check project.<\/p>\n<p>[\/vc_column_text][\/vc_column][\/vc_row][vc_row][vc_column][vc_separator color=\u201cblack\u201d css=\u201d.vc_custom_1653475846282{margin-top: 30px !important;margin-right: \u201115px !important;margin-left: \u201110px !important;}\u201d][vc_column_text]<\/p>\n<div class=\"mceTemp\"><\/div>\n<h2>Publi\u00adca\u00adtions<\/h2>\n<p><strong>As an&nbsp;Author<\/strong><\/p>\n<ul>\n<li>Turbofolk. Sound\u00adtrack zum Zerfall Jugoslawiens&nbsp;(Ventil Verlag, 2017,&nbsp;Mainz)<\/li>\n<li>Kolumne <a href=\"https:\/\/taz.de\/Sonja-Vogel\/!a216\/\" target=\"_blank\" rel=\"noopener\">German Angst<\/a>&nbsp;(taz. die tageszeitung, 2014 \u2013&nbsp;2019)<\/li>\n<\/ul>\n<p><strong>As an Editor&nbsp;Editor<\/strong><\/p>\n<ul>\n<li>Todor Kulji\u0107: Umk\u00e4mpfte Vergan\u00adgen\u00adheiten. Die Kultur der Erinnerung im postju\u00adgoslaw\u00adischen Raum&nbsp;(Verbrecher Verlag, 2010 \/\u200b Bundeszen\u00adtrale f\u00fcr politische Bildung,&nbsp;2011)<\/li>\n<li>testcard. Beitr\u00e4ge zur Popgeschichte #20 Access Denied&nbsp;(Ventil Verlag)<\/li>\n<li>testcard. Beitr\u00e4ge zur Popgeschichte #22 Fleisch&nbsp;(Ventil Verlag)<\/li>\n<\/ul>\n<p>[\/vc_column_text][\/vc_column][\/vc_row][vc_column][\/vc_column]<\/p>\n<\/div>","protected":false},"excerpt":{"rendered":"<p>[vc_row][vc_column][vc_column_text css=\u201d.vc_custom_1658217460797{margin-top: \u201120px !important;}\u201d] Project Director Gegner\u00adanalyse [\/vc_column_text][vc_separator color=\u201cblack\u201d css=\u201d.vc_custom_1653475473969{margin-right: \u201120px !important;margin-left: \u201110px !important;}\u201d][\/vc_column][\/vc_row][vc_row][vc_column width=\u201c1\/2\u201d][vc_column_text css=\u201d.vc_custom_1653991560859{padding-right: 20px !important;padding-left: 2px !important;}\u201d] [\/vc_column_text][vc_separator color=\u201cblack\u201d css=\u201d.vc_custom_1653475846282{margin-top: 30px !important;margin-right: \u201115px !important;margin-left: \u201110px !important;}\u201d][vc_column_text] Contact...<\/p>\n","protected":false},"author":252,"featured_media":0,"parent":0,"menu_order":6,"comment_status":"closed","ping_status":"closed","template":"","meta":{"_acf_changed":false,"wp_typography_post_enhancements_disabled":false,"footnotes":""},"class_list":["post-47935","page","type-page","status-publish"],"acf":[],"yoast_head":"<!-- This site is optimized with the Yoast SEO Premium plugin v27.4 (Yoast SEO v27.4) - https:\/\/yoast.com\/product\/yoast-seo-premium-wordpress\/ -->\n<title>Sonja Vogel - libmod.de - Zentrum Liberale Moderne<\/title>\n<meta name=\"description\" content=\"Sonja Vogel is a journalist, editor, and author. Her main topics are political discourse, right-wing extremism, and the post-Yugoslavian space. After studying gender and Eastern European studies, she worked as a freelance journalist in Serbia and Russia and was an editor and columnist for the &quot;taz&quot; for many years. As a public relations officer and editor, she worked at the Bauhaus Dessau Foundation until 2019 and then at the Maxim Gorki Theatre in Berlin. Until 2023, she headed the Countermedia as a Radicalisation Machine project and has since been an editor in the Narrativ-Check project.\" \/>\n<meta name=\"robots\" content=\"index, follow, max-snippet:-1, max-image-preview:large, max-video-preview:-1\" \/>\n<link rel=\"canonical\" href=\"https:\/\/libmod.de\/en\/sonja-vogel\/\" \/>\n<meta property=\"og:locale\" content=\"en_US\" \/>\n<meta property=\"og:type\" content=\"article\" \/>\n<meta property=\"og:title\" content=\"Sonja Vogel\" \/>\n<meta property=\"og:description\" content=\"Sonja Vogel is a journalist, editor, and author. Her main topics are political discourse, right-wing extremism, and the post-Yugoslavian space. After studying gender and Eastern European studies, she worked as a freelance journalist in Serbia and Russia and was an editor and columnist for the &quot;taz&quot; for many years. As a public relations officer and editor, she worked at the Bauhaus Dessau Foundation until 2019 and then at the Maxim Gorki Theatre in Berlin. Until 2023, she headed the Countermedia as a Radicalisation Machine project and has since been an editor in the Narrativ-Check project.\" \/>\n<meta property=\"og:url\" content=\"https:\/\/libmod.de\/en\/sonja-vogel\/\" \/>\n<meta property=\"og:site_name\" content=\"libmod.de - Zentrum Liberale Moderne\" \/>\n<meta property=\"article:publisher\" content=\"https:\/\/www.facebook.com\/LiberaleModerne\/\" \/>\n<meta property=\"article:modified_time\" content=\"2024-04-18T13:55:29+00:00\" \/>\n<meta property=\"og:image\" content=\"https:\/\/libmod.de\/wp-content\/uploads\/SonjaVogel_1200x800.jpg\" \/>\n<meta name=\"twitter:card\" content=\"summary_large_image\" \/>\n<meta name=\"twitter:site\" content=\"@liberalemoderne\" \/>\n<meta name=\"twitter:label1\" content=\"Est. reading time\" \/>\n\t<meta name=\"twitter:data1\" content=\"2 minutes\" \/>\n<script type=\"application\/ld+json\" class=\"yoast-schema-graph\">{\"@context\":\"https:\\\/\\\/schema.org\",\"@graph\":[{\"@type\":\"WebPage\",\"@id\":\"https:\\\/\\\/libmod.de\\\/en\\\/sonja-vogel\\\/\",\"url\":\"https:\\\/\\\/libmod.de\\\/en\\\/sonja-vogel\\\/\",\"name\":\"Sonja Vogel - libmod.de - Zentrum Liberale Moderne\",\"isPartOf\":{\"@id\":\"https:\\\/\\\/libmod.de\\\/#website\"},\"primaryImageOfPage\":{\"@id\":\"https:\\\/\\\/libmod.de\\\/en\\\/sonja-vogel\\\/#primaryimage\"},\"image\":{\"@id\":\"https:\\\/\\\/libmod.de\\\/en\\\/sonja-vogel\\\/#primaryimage\"},\"thumbnailUrl\":\"https:\\\/\\\/libmod.de\\\/wp-content\\\/uploads\\\/SonjaVogel_1200x800.jpg\",\"datePublished\":\"2022-07-19T07:56:49+00:00\",\"dateModified\":\"2024-04-18T13:55:29+00:00\",\"description\":\"Sonja Vogel is a journalist, editor, and author. Her main topics are political discourse, right-wing extremism, and the post-Yugoslavian space. After studying gender and Eastern European studies, she worked as a freelance journalist in Serbia and Russia and was an editor and columnist for the \\\"taz\\\" for many years. As a public relations officer and editor, she worked at the Bauhaus Dessau Foundation until 2019 and then at the Maxim Gorki Theatre in Berlin. Until 2023, she headed the Countermedia as a Radicalisation Machine project and has since been an editor in the Narrativ-Check project.\",\"breadcrumb\":{\"@id\":\"https:\\\/\\\/libmod.de\\\/en\\\/sonja-vogel\\\/#breadcrumb\"},\"inLanguage\":\"en-US\",\"potentialAction\":[{\"@type\":\"ReadAction\",\"target\":[\"https:\\\/\\\/libmod.de\\\/en\\\/sonja-vogel\\\/\"]}]},{\"@type\":\"ImageObject\",\"inLanguage\":\"en-US\",\"@id\":\"https:\\\/\\\/libmod.de\\\/en\\\/sonja-vogel\\\/#primaryimage\",\"url\":\"https:\\\/\\\/libmod.de\\\/wp-content\\\/uploads\\\/SonjaVogel_1200x800.jpg\",\"contentUrl\":\"https:\\\/\\\/libmod.de\\\/wp-content\\\/uploads\\\/SonjaVogel_1200x800.jpg\"},{\"@type\":\"BreadcrumbList\",\"@id\":\"https:\\\/\\\/libmod.de\\\/en\\\/sonja-vogel\\\/#breadcrumb\",\"itemListElement\":[{\"@type\":\"ListItem\",\"position\":1,\"name\":\"Startseite\",\"item\":\"https:\\\/\\\/libmod.de\\\/en\\\/\"},{\"@type\":\"ListItem\",\"position\":2,\"name\":\"Sonja Vogel\"}]},{\"@type\":\"WebSite\",\"@id\":\"https:\\\/\\\/libmod.de\\\/#website\",\"url\":\"https:\\\/\\\/libmod.de\\\/\",\"name\":\"libmod.de - Zentrum Liberale Moderne\",\"description\":\"Think Tank f\u00fcr Politik in Berlin\",\"publisher\":{\"@id\":\"https:\\\/\\\/libmod.de\\\/#organization\"},\"potentialAction\":[{\"@type\":\"SearchAction\",\"target\":{\"@type\":\"EntryPoint\",\"urlTemplate\":\"https:\\\/\\\/libmod.de\\\/?s={search_term_string}\"},\"query-input\":{\"@type\":\"PropertyValueSpecification\",\"valueRequired\":true,\"valueName\":\"search_term_string\"}}],\"inLanguage\":\"en-US\"},{\"@type\":\"Organization\",\"@id\":\"https:\\\/\\\/libmod.de\\\/#organization\",\"name\":\"Zentrum Liberale Moderne\",\"url\":\"https:\\\/\\\/libmod.de\\\/\",\"logo\":{\"@type\":\"ImageObject\",\"inLanguage\":\"en-US\",\"@id\":\"https:\\\/\\\/libmod.de\\\/#\\\/schema\\\/logo\\\/image\\\/\",\"url\":\"https:\\\/\\\/libmodredaktion.fra1.digitaloceanspaces.com\\\/wp-content\\\/uploads\\\/20240905145818\\\/LibMod_Logo_XL.jpg\",\"contentUrl\":\"https:\\\/\\\/libmodredaktion.fra1.digitaloceanspaces.com\\\/wp-content\\\/uploads\\\/20240905145818\\\/LibMod_Logo_XL.jpg\",\"width\":1439,\"height\":615,\"caption\":\"Zentrum Liberale Moderne\"},\"image\":{\"@id\":\"https:\\\/\\\/libmod.de\\\/#\\\/schema\\\/logo\\\/image\\\/\"},\"sameAs\":[\"https:\\\/\\\/www.facebook.com\\\/LiberaleModerne\\\/\",\"https:\\\/\\\/x.com\\\/liberalemoderne\",\"https:\\\/\\\/www.youtube.com\\\/channel\\\/UC4Yl_V4pm1LwryD04ky54SA\",\"https:\\\/\\\/www.instagram.com\\\/libmod\\\/\",\"https:\\\/\\\/bsky.app\\\/profile\\\/libmod.de\"],\"description\":\"Das Zentrum Liberale Moderne ist ein politischer Think Tank und eine Debattenplattform. LibMod steht f\u00fcr die Verteidigung und Erneuerung der liberalen Demokratie, f\u00fcr den Aufbruch in die \u00f6kologische Moderne und f\u00fcr eine fundierte Osteuropa-Expertise.\"}]}<\/script>\n<!-- \/ Yoast SEO Premium plugin. -->","yoast_head_json":{"title":"Sonja Vogel - libmod.de - Zentrum Liberale Moderne","description":"Sonja Vogel is a journalist, editor, and author. Her main topics are political discourse, right-wing extremism, and the post-Yugoslavian space. After studying gender and Eastern European studies, she worked as a freelance journalist in Serbia and Russia and was an editor and columnist for the \"taz\" for many years. As a public relations officer and editor, she worked at the Bauhaus Dessau Foundation until 2019 and then at the Maxim Gorki Theatre in Berlin. Until 2023, she headed the Countermedia as a Radicalisation Machine project and has since been an editor in the Narrativ-Check project.","robots":{"index":"index","follow":"follow","max-snippet":"max-snippet:-1","max-image-preview":"max-image-preview:large","max-video-preview":"max-video-preview:-1"},"canonical":"https:\/\/libmod.de\/en\/sonja-vogel\/","og_locale":"en_US","og_type":"article","og_title":"Sonja Vogel","og_description":"Sonja Vogel is a journalist, editor, and author. Her main topics are political discourse, right-wing extremism, and the post-Yugoslavian space. After studying gender and Eastern European studies, she worked as a freelance journalist in Serbia and Russia and was an editor and columnist for the \"taz\" for many years. As a public relations officer and editor, she worked at the Bauhaus Dessau Foundation until 2019 and then at the Maxim Gorki Theatre in Berlin. Until 2023, she headed the Countermedia as a Radicalisation Machine project and has since been an editor in the Narrativ-Check project.","og_url":"https:\/\/libmod.de\/en\/sonja-vogel\/","og_site_name":"libmod.de - Zentrum Liberale Moderne","article_publisher":"https:\/\/www.facebook.com\/LiberaleModerne\/","article_modified_time":"2024-04-18T13:55:29+00:00","og_image":[{"url":"https:\/\/libmod.de\/wp-content\/uploads\/SonjaVogel_1200x800.jpg","type":"","width":"","height":""}],"twitter_card":"summary_large_image","twitter_site":"@liberalemoderne","twitter_misc":{"Est. reading time":"2 minutes"},"schema":{"@context":"https:\/\/schema.org","@graph":[{"@type":"WebPage","@id":"https:\/\/libmod.de\/en\/sonja-vogel\/","url":"https:\/\/libmod.de\/en\/sonja-vogel\/","name":"Sonja Vogel - libmod.de - Zentrum Liberale Moderne","isPartOf":{"@id":"https:\/\/libmod.de\/#website"},"primaryImageOfPage":{"@id":"https:\/\/libmod.de\/en\/sonja-vogel\/#primaryimage"},"image":{"@id":"https:\/\/libmod.de\/en\/sonja-vogel\/#primaryimage"},"thumbnailUrl":"https:\/\/libmod.de\/wp-content\/uploads\/SonjaVogel_1200x800.jpg","datePublished":"2022-07-19T07:56:49+00:00","dateModified":"2024-04-18T13:55:29+00:00","description":"Sonja Vogel is a journalist, editor, and author. Her main topics are political discourse, right-wing extremism, and the post-Yugoslavian space. After studying gender and Eastern European studies, she worked as a freelance journalist in Serbia and Russia and was an editor and columnist for the \"taz\" for many years. As a public relations officer and editor, she worked at the Bauhaus Dessau Foundation until 2019 and then at the Maxim Gorki Theatre in Berlin. Until 2023, she headed the Countermedia as a Radicalisation Machine project and has since been an editor in the Narrativ-Check project.","breadcrumb":{"@id":"https:\/\/libmod.de\/en\/sonja-vogel\/#breadcrumb"},"inLanguage":"en-US","potentialAction":[{"@type":"ReadAction","target":["https:\/\/libmod.de\/en\/sonja-vogel\/"]}]},{"@type":"ImageObject","inLanguage":"en-US","@id":"https:\/\/libmod.de\/en\/sonja-vogel\/#primaryimage","url":"https:\/\/libmod.de\/wp-content\/uploads\/SonjaVogel_1200x800.jpg","contentUrl":"https:\/\/libmod.de\/wp-content\/uploads\/SonjaVogel_1200x800.jpg"},{"@type":"BreadcrumbList","@id":"https:\/\/libmod.de\/en\/sonja-vogel\/#breadcrumb","itemListElement":[{"@type":"ListItem","position":1,"name":"Startseite","item":"https:\/\/libmod.de\/en\/"},{"@type":"ListItem","position":2,"name":"Sonja Vogel"}]},{"@type":"WebSite","@id":"https:\/\/libmod.de\/#website","url":"https:\/\/libmod.de\/","name":"libmod.de - Zentrum Liberale Moderne","description":"Think Tank f\u00fcr Politik in Berlin","publisher":{"@id":"https:\/\/libmod.de\/#organization"},"potentialAction":[{"@type":"SearchAction","target":{"@type":"EntryPoint","urlTemplate":"https:\/\/libmod.de\/?s={search_term_string}"},"query-input":{"@type":"PropertyValueSpecification","valueRequired":true,"valueName":"search_term_string"}}],"inLanguage":"en-US"},{"@type":"Organization","@id":"https:\/\/libmod.de\/#organization","name":"Zentrum Liberale Moderne","url":"https:\/\/libmod.de\/","logo":{"@type":"ImageObject","inLanguage":"en-US","@id":"https:\/\/libmod.de\/#\/schema\/logo\/image\/","url":"https:\/\/libmodredaktion.fra1.digitaloceanspaces.com\/wp-content\/uploads\/20240905145818\/LibMod_Logo_XL.jpg","contentUrl":"https:\/\/libmodredaktion.fra1.digitaloceanspaces.com\/wp-content\/uploads\/20240905145818\/LibMod_Logo_XL.jpg","width":1439,"height":615,"caption":"Zentrum Liberale Moderne"},"image":{"@id":"https:\/\/libmod.de\/#\/schema\/logo\/image\/"},"sameAs":["https:\/\/www.facebook.com\/LiberaleModerne\/","https:\/\/x.com\/liberalemoderne","https:\/\/www.youtube.com\/channel\/UC4Yl_V4pm1LwryD04ky54SA","https:\/\/www.instagram.com\/libmod\/","https:\/\/bsky.app\/profile\/libmod.de"],"description":"Das Zentrum Liberale Moderne ist ein politischer Think Tank und eine Debattenplattform. LibMod steht f\u00fcr die Verteidigung und Erneuerung der liberalen Demokratie, f\u00fcr den Aufbruch in die \u00f6kologische Moderne und f\u00fcr eine fundierte Osteuropa-Expertise."}]}},"_links":{"self":[{"href":"https:\/\/libmod.de\/en\/wp-json\/wp\/v2\/pages\/47935","targetHints":{"allow":["GET"]}}],"collection":[{"href":"https:\/\/libmod.de\/en\/wp-json\/wp\/v2\/pages"}],"about":[{"href":"https:\/\/libmod.de\/en\/wp-json\/wp\/v2\/types\/page"}],"author":[{"embeddable":true,"href":"https:\/\/libmod.de\/en\/wp-json\/wp\/v2\/users\/252"}],"replies":[{"embeddable":true,"href":"https:\/\/libmod.de\/en\/wp-json\/wp\/v2\/comments?post=47935"}],"version-history":[{"count":5,"href":"https:\/\/libmod.de\/en\/wp-json\/wp\/v2\/pages\/47935\/revisions"}],"predecessor-version":[{"id":62517,"href":"https:\/\/libmod.de\/en\/wp-json\/wp\/v2\/pages\/47935\/revisions\/62517"}],"wp:attachment":[{"href":"https:\/\/libmod.de\/en\/wp-json\/wp\/v2\/media?parent=47935"}],"curies":[{"name":"wp","href":"https:\/\/api.w.org\/{rel}","templated":true}]}}