{"id":47939,"date":"2022-07-19T10:02:16","date_gmt":"2022-07-19T08:02:16","guid":{"rendered":"https:\/\/libmod.de\/ueber-uns\/lukas-daubner-copy\/"},"modified":"2022-07-19T10:04:25","modified_gmt":"2022-07-19T08:04:25","slug":"lukas-daubner","status":"publish","type":"page","link":"https:\/\/libmod.de\/en\/lukas-daubner\/","title":{"rendered":"Dr. phil. Lukas&nbsp;Daubner"},"content":{"rendered":"<div class=\"wpb-content-wrapper\"><p>[vc_row][vc_column][vc_column_text css=\u201d.vc_custom_1658217795873{margin-top: \u201120px !important;}\u201d]<\/p>\n<div class=\"mceTemp\"><\/div>\n<h3>Programme Director \u00d6kolo\u00adgische&nbsp;Moderne<\/h3>\n<p>[\/vc_column_text][vc_separator color=\u201cblack\u201d css=\u201d.vc_custom_1653475473969{margin-right: \u201120px !important;margin-left: \u201110px !important;}\u201d][\/vc_column][\/vc_row][vc_row][vc_column width=\u201c1\/2\u201d][vc_column_text css=\u201d.vc_custom_1653987767753{padding-right: 20px !important;padding-left: 2px !important;}\u201d]<\/p>\n<figure id=\"attachment_47063\" aria-describedby=\"caption-attachment-47063\" style=\"width: 1200px\" class=\"wp-caption alignnone\"><img class=\"wp-image-47063 size-full\" style=\"font-size: 16px;\" src=\"https:\/\/libmodredaktion.fra1.digitaloceanspaces.com\/wp-content\/uploads\/20240905143549\/LukasDaubner_1200x800.jpg\" alt width=\"1200\" height=\"800\" srcset=\"https:\/\/libmodredaktion.fra1.digitaloceanspaces.com\/wp-content\/uploads\/20240905143549\/LukasDaubner_1200x800.jpg 1200w, https:\/\/libmodredaktion.fra1.digitaloceanspaces.com\/wp-content\/uploads\/20240905143549\/LukasDaubner_1200x800-770x513.jpg 770w, https:\/\/libmodredaktion.fra1.digitaloceanspaces.com\/wp-content\/uploads\/20240905143549\/LukasDaubner_1200x800-768x512.jpg 768w\" sizes=\"(max-width: 1200px) 100vw, 1200px\"><figcaption id=\"caption-attachment-47063\" class=\"wp-caption-text\">Foto: Stefan&nbsp;Lengsfeld<\/figcaption><\/figure>\n<p>[\/vc_column_text][vc_separator color=\u201cblack\u201d css=\u201d.vc_custom_1653475846282{margin-top: 30px !important;margin-right: \u201115px !important;margin-left: \u201110px !important;}\u201d][vc_column_text]<\/p>\n<div class=\"mceTemp\"><\/div>\n<h2>Contact<\/h2>\n<p>T +49 30 \u2014 13 89 36&nbsp;62<br>\nM +49 176 \u2014 85 08 32&nbsp;88<\/p>\n<p><a href=\"mailto:lukas.daubner@libmod.de\">lukas.daubner@libmod.de<\/a>[\/vc_column_text][\/vc_column][vc_column width=\u201c1\/2\u201d][vc_column_text css=\u201d.vc_custom_1658217822384{padding-right: 10px !important;}\u201d]<\/p>\n<p style=\"font-weight: 400;\">Lukas is a&nbsp;political scientist and sociol\u00adogist. In his studies, he has dealt with social and organ\u00adi\u00adsa\u00adtional trans\u00adfor\u00admation processes in a&nbsp;variety of ways. In 2020, Lukas completed his doctorate at Bielefeld University with an organ\u00adi\u00adsa\u00adtional socio\u00adlogical thesis on the intro\u00adduction of environ\u00admental management processes at universities.<\/p>\n<p style=\"font-weight: 400;\">In addition to teaching in the field of political organ\u00adi\u00adsation and political commu\u00adni\u00adcation, he has worked in the education and science department of the Friedrich Ebert Foundation. Lukas publishes on various socio-political topics in media such as the taz, NZZ, ZEIT online, or NG\/\u200bFH.<\/p>\n<p>[\/vc_column_text][\/vc_column][\/vc_row][vc_row][vc_column][vc_column_text]<\/p>\n<h2>Publi\u00adca\u00adtions (Selection)<\/h2>\n<ul>\n<li>Daubner, Lukas 2021. <a href=\"https:\/\/taz.de\/Die-These\/!5731159\/\">Klimakids, geht in die Verwaltung<\/a>! taz, 6.12.2021.<\/li>\n<li>Daubner, Lukas 2021. <a href=\"https:\/\/www.duz.de\/beitrag\/!\/id\/1175\/allzweckwaffen-oder-feigenblaetter\">Stabsstellen \u2014 Allzweck\u00adwaffen oder Feigen\u00adbl\u00e4tter<\/a>. Wissenschaft &amp;&nbsp;Management, 7\/\u200b2021.<\/li>\n<li>Daubner, Lukas 2020. It takes two to tango. \u00dcber T\u00e4nzchen mit der Verwaltung, die das Studieren erleichtern. Kleine Soziologie des Studierens: Eine Naviga\u00adtion\u00adshilfe f\u00fcr sozial\u00adwis\u00adsenschaftliche F\u00e4cher, 59\u201365.<\/li>\n<li>Daubner, Lukas \/\u200b Finn-Rasmus Bull 2019. Die Europ\u00e4ische Union als Metaor\u00adgan\u00adi\u00adsation \u2013 Eine organ\u00adi\u00adsa\u00adtion\u00adssozi\u00adol\u00ado\u00adgischer Blick auf die Mitglied\u00adschafts\u00adfrage in einem hybriden Entschei\u00addungssystem. Bonn: Dietz&nbsp;Verlag.<\/li>\n<li>Daubner, Lukas \/\u200b Felix Schenuit 2018. Warum Rot auch Gr\u00fcn hei\u00dfen muss \u2013 Argumente f\u00fcr eine \u00f6kolo\u00adgische Sozialdemokratie. In: Neue Gesellschaft \/\u200b Frank\u00adfurter Hefte, 12\/\u200b2018.<\/li>\n<li>Daubner, Lukas 2018. Das Geheimnis von Humor in der Politik. politik &amp;&nbsp;kommu\u00adnikation, 23.04.2018.<\/li>\n<li>Daubner, Lukas et al. 2018. Nachhaltige Hochschul\u00adtra\u00adns\u00adfor\u00admation von unten denken. CSR und Hochschul\u00adman\u00adagement. Berlin &amp;&nbsp;Heidelberg: Springer Gabler, 343\u2013356.<\/li>\n<li>Daubner, Lukas \/\u200b Marcel Sch\u00fctz 2018. <a href=\"https:\/\/www.nzz.ch\/meinung\/die-universitaeten-sollten-ein-ort-produktiver-unruhe-sein-ld.1421282\">Mehr Ehre f\u00fcr die Lehre \u2013 die Univer\u00adsit\u00e4ten sollten ein Ort produk\u00adtiver Unruhe sein<\/a>. NZZ, 12.10.2018.<\/li>\n<li>Daubner, Lukas 2018. Leitbild\u00adprosa reicht nicht. Diver\u00adsit\u00e4t an Hochschulen und der zweifel\u00adhafte Anbau neuer Stellen. Forschung &amp;&nbsp;Lehre3\/\u200b2018.<\/li>\n<li>Daubner, Lukas \/\u200b Rainald Manthe. 2015. <a href=\"https:\/\/library.fes.de\/pdf-files\/studienfoerderung\/12035.pdf\">Demokratie \u2013 mehr als ein Projekt<\/a>. Friedrich-Ebert-Stiftung.<\/li>\n<\/ul>\n<p>[\/vc_column_text][\/vc_column][\/vc_row][vc_column][\/vc_column]<\/p>\n<\/div>","protected":false},"excerpt":{"rendered":"<p>[vc_row][vc_column][vc_column_text css=\u201d.vc_custom_1658217795873{margin-top: \u201120px !important;}\u201d] Programme Director \u00d6kolo\u00adgische&nbsp;Moderne [\/vc_column_text][vc_separator color=\u201cblack\u201d css=\u201d.vc_custom_1653475473969{margin-right: \u201120px !important;margin-left: \u201110px !important;}\u201d][\/vc_column][\/vc_row][vc_row][vc_column width=\u201c1\/2\u201d][vc_column_text css=\u201d.vc_custom_1653987767753{padding-right: 20px !important;padding-left: 2px !important;}\u201d] [\/vc_column_text][vc_separator color=\u201cblack\u201d css=\u201d.vc_custom_1653475846282{margin-top: 30px !important;margin-right: \u201115px !important;margin-left: \u201110px !important;}\u201d][vc_column_text] Contact...<\/p>\n","protected":false},"author":252,"featured_media":0,"parent":0,"menu_order":6,"comment_status":"closed","ping_status":"closed","template":"","meta":{"_acf_changed":false,"wp_typography_post_enhancements_disabled":false,"footnotes":""},"class_list":["post-47939","page","type-page","status-publish"],"acf":[],"yoast_head":"<!-- This site is optimized with the Yoast SEO Premium plugin v27.0 (Yoast SEO v27.3) - https:\/\/yoast.com\/product\/yoast-seo-premium-wordpress\/ -->\n<title>Dr. phil. Lukas Daubner - libmod.de - Zentrum Liberale Moderne<\/title>\n<meta name=\"description\" content=\"Lukas is a political scientist and sociologist. In his studies, he has dealt with social and organisational transformation processes in a variety of ways. In 2020, Lukas completed his doctorate at Bielefeld University with an organisational sociological thesis on the introduction of environmental management processes at universities.In addition to teaching in the field of political organisation and political communication, he has worked in the education and science department of the Friedrich Ebert Foundation. Lukas publishes on various socio-political topics in media such as the taz, NZZ, ZEIT online, or NG\/FH.\" \/>\n<meta name=\"robots\" content=\"index, follow, max-snippet:-1, max-image-preview:large, max-video-preview:-1\" \/>\n<link rel=\"canonical\" href=\"https:\/\/libmod.de\/en\/lukas-daubner\/\" \/>\n<meta property=\"og:locale\" content=\"en_US\" \/>\n<meta property=\"og:type\" content=\"article\" \/>\n<meta property=\"og:title\" content=\"Dr. phil. Lukas Daubner\" \/>\n<meta property=\"og:description\" content=\"Lukas is a political scientist and sociologist. In his studies, he has dealt with social and organisational transformation processes in a variety of ways. In 2020, Lukas completed his doctorate at Bielefeld University with an organisational sociological thesis on the introduction of environmental management processes at universities.In addition to teaching in the field of political organisation and political communication, he has worked in the education and science department of the Friedrich Ebert Foundation. Lukas publishes on various socio-political topics in media such as the taz, NZZ, ZEIT online, or NG\/FH.\" \/>\n<meta property=\"og:url\" content=\"https:\/\/libmod.de\/en\/lukas-daubner\/\" \/>\n<meta property=\"og:site_name\" content=\"libmod.de - Zentrum Liberale Moderne\" \/>\n<meta property=\"article:publisher\" content=\"https:\/\/www.facebook.com\/LiberaleModerne\/\" \/>\n<meta property=\"article:modified_time\" content=\"2022-07-19T08:04:25+00:00\" \/>\n<meta property=\"og:image\" content=\"https:\/\/libmod.de\/wp-content\/uploads\/LukasDaubner_1200x800.jpg\" \/>\n<meta name=\"twitter:card\" content=\"summary_large_image\" \/>\n<meta name=\"twitter:site\" content=\"@liberalemoderne\" \/>\n<meta name=\"twitter:label1\" content=\"Est. reading time\" \/>\n\t<meta name=\"twitter:data1\" content=\"3 minutes\" \/>\n<script type=\"application\/ld+json\" class=\"yoast-schema-graph\">{\"@context\":\"https:\\\/\\\/schema.org\",\"@graph\":[{\"@type\":\"WebPage\",\"@id\":\"https:\\\/\\\/libmod.de\\\/en\\\/lukas-daubner\\\/\",\"url\":\"https:\\\/\\\/libmod.de\\\/en\\\/lukas-daubner\\\/\",\"name\":\"Dr. phil. Lukas Daubner - libmod.de - Zentrum Liberale Moderne\",\"isPartOf\":{\"@id\":\"https:\\\/\\\/libmod.de\\\/#website\"},\"primaryImageOfPage\":{\"@id\":\"https:\\\/\\\/libmod.de\\\/en\\\/lukas-daubner\\\/#primaryimage\"},\"image\":{\"@id\":\"https:\\\/\\\/libmod.de\\\/en\\\/lukas-daubner\\\/#primaryimage\"},\"thumbnailUrl\":\"https:\\\/\\\/libmod.de\\\/wp-content\\\/uploads\\\/LukasDaubner_1200x800.jpg\",\"datePublished\":\"2022-07-19T08:02:16+00:00\",\"dateModified\":\"2022-07-19T08:04:25+00:00\",\"description\":\"Lukas is a political scientist and sociologist. In his studies, he has dealt with social and organisational transformation processes in a variety of ways. In 2020, Lukas completed his doctorate at Bielefeld University with an organisational sociological thesis on the introduction of environmental management processes at universities.In addition to teaching in the field of political organisation and political communication, he has worked in the education and science department of the Friedrich Ebert Foundation. Lukas publishes on various socio-political topics in media such as the taz, NZZ, ZEIT online, or NG\\\/FH.\",\"breadcrumb\":{\"@id\":\"https:\\\/\\\/libmod.de\\\/en\\\/lukas-daubner\\\/#breadcrumb\"},\"inLanguage\":\"en-US\",\"potentialAction\":[{\"@type\":\"ReadAction\",\"target\":[\"https:\\\/\\\/libmod.de\\\/en\\\/lukas-daubner\\\/\"]}]},{\"@type\":\"ImageObject\",\"inLanguage\":\"en-US\",\"@id\":\"https:\\\/\\\/libmod.de\\\/en\\\/lukas-daubner\\\/#primaryimage\",\"url\":\"https:\\\/\\\/libmod.de\\\/wp-content\\\/uploads\\\/LukasDaubner_1200x800.jpg\",\"contentUrl\":\"https:\\\/\\\/libmod.de\\\/wp-content\\\/uploads\\\/LukasDaubner_1200x800.jpg\"},{\"@type\":\"BreadcrumbList\",\"@id\":\"https:\\\/\\\/libmod.de\\\/en\\\/lukas-daubner\\\/#breadcrumb\",\"itemListElement\":[{\"@type\":\"ListItem\",\"position\":1,\"name\":\"Startseite\",\"item\":\"https:\\\/\\\/libmod.de\\\/en\\\/\"},{\"@type\":\"ListItem\",\"position\":2,\"name\":\"Dr. phil. Lukas Daubner\"}]},{\"@type\":\"WebSite\",\"@id\":\"https:\\\/\\\/libmod.de\\\/#website\",\"url\":\"https:\\\/\\\/libmod.de\\\/\",\"name\":\"libmod.de - Zentrum Liberale Moderne\",\"description\":\"Think Tank f\u00fcr Politik in Berlin\",\"publisher\":{\"@id\":\"https:\\\/\\\/libmod.de\\\/#organization\"},\"potentialAction\":[{\"@type\":\"SearchAction\",\"target\":{\"@type\":\"EntryPoint\",\"urlTemplate\":\"https:\\\/\\\/libmod.de\\\/?s={search_term_string}\"},\"query-input\":{\"@type\":\"PropertyValueSpecification\",\"valueRequired\":true,\"valueName\":\"search_term_string\"}}],\"inLanguage\":\"en-US\"},{\"@type\":\"Organization\",\"@id\":\"https:\\\/\\\/libmod.de\\\/#organization\",\"name\":\"Zentrum Liberale Moderne\",\"url\":\"https:\\\/\\\/libmod.de\\\/\",\"logo\":{\"@type\":\"ImageObject\",\"inLanguage\":\"en-US\",\"@id\":\"https:\\\/\\\/libmod.de\\\/#\\\/schema\\\/logo\\\/image\\\/\",\"url\":\"https:\\\/\\\/libmodredaktion.fra1.digitaloceanspaces.com\\\/wp-content\\\/uploads\\\/20240905145818\\\/LibMod_Logo_XL.jpg\",\"contentUrl\":\"https:\\\/\\\/libmodredaktion.fra1.digitaloceanspaces.com\\\/wp-content\\\/uploads\\\/20240905145818\\\/LibMod_Logo_XL.jpg\",\"width\":1439,\"height\":615,\"caption\":\"Zentrum Liberale Moderne\"},\"image\":{\"@id\":\"https:\\\/\\\/libmod.de\\\/#\\\/schema\\\/logo\\\/image\\\/\"},\"sameAs\":[\"https:\\\/\\\/www.facebook.com\\\/LiberaleModerne\\\/\",\"https:\\\/\\\/x.com\\\/liberalemoderne\",\"https:\\\/\\\/www.youtube.com\\\/channel\\\/UC4Yl_V4pm1LwryD04ky54SA\",\"https:\\\/\\\/www.instagram.com\\\/libmod\\\/\",\"https:\\\/\\\/bsky.app\\\/profile\\\/libmod.de\"],\"description\":\"Das Zentrum Liberale Moderne ist ein politischer Think Tank und eine Debattenplattform. LibMod steht f\u00fcr die Verteidigung und Erneuerung der liberalen Demokratie, f\u00fcr den Aufbruch in die \u00f6kologische Moderne und f\u00fcr eine fundierte Osteuropa-Expertise.\"}]}<\/script>\n<!-- \/ Yoast SEO Premium plugin. -->","yoast_head_json":{"title":"Dr. phil. Lukas Daubner - libmod.de - Zentrum Liberale Moderne","description":"Lukas is a political scientist and sociologist. In his studies, he has dealt with social and organisational transformation processes in a variety of ways. In 2020, Lukas completed his doctorate at Bielefeld University with an organisational sociological thesis on the introduction of environmental management processes at universities.In addition to teaching in the field of political organisation and political communication, he has worked in the education and science department of the Friedrich Ebert Foundation. Lukas publishes on various socio-political topics in media such as the taz, NZZ, ZEIT online, or NG\/FH.","robots":{"index":"index","follow":"follow","max-snippet":"max-snippet:-1","max-image-preview":"max-image-preview:large","max-video-preview":"max-video-preview:-1"},"canonical":"https:\/\/libmod.de\/en\/lukas-daubner\/","og_locale":"en_US","og_type":"article","og_title":"Dr. phil. Lukas Daubner","og_description":"Lukas is a political scientist and sociologist. In his studies, he has dealt with social and organisational transformation processes in a variety of ways. In 2020, Lukas completed his doctorate at Bielefeld University with an organisational sociological thesis on the introduction of environmental management processes at universities.In addition to teaching in the field of political organisation and political communication, he has worked in the education and science department of the Friedrich Ebert Foundation. Lukas publishes on various socio-political topics in media such as the taz, NZZ, ZEIT online, or NG\/FH.","og_url":"https:\/\/libmod.de\/en\/lukas-daubner\/","og_site_name":"libmod.de - Zentrum Liberale Moderne","article_publisher":"https:\/\/www.facebook.com\/LiberaleModerne\/","article_modified_time":"2022-07-19T08:04:25+00:00","og_image":[{"url":"https:\/\/libmod.de\/wp-content\/uploads\/LukasDaubner_1200x800.jpg","type":"","width":"","height":""}],"twitter_card":"summary_large_image","twitter_site":"@liberalemoderne","twitter_misc":{"Est. reading time":"3 minutes"},"schema":{"@context":"https:\/\/schema.org","@graph":[{"@type":"WebPage","@id":"https:\/\/libmod.de\/en\/lukas-daubner\/","url":"https:\/\/libmod.de\/en\/lukas-daubner\/","name":"Dr. phil. Lukas Daubner - libmod.de - Zentrum Liberale Moderne","isPartOf":{"@id":"https:\/\/libmod.de\/#website"},"primaryImageOfPage":{"@id":"https:\/\/libmod.de\/en\/lukas-daubner\/#primaryimage"},"image":{"@id":"https:\/\/libmod.de\/en\/lukas-daubner\/#primaryimage"},"thumbnailUrl":"https:\/\/libmod.de\/wp-content\/uploads\/LukasDaubner_1200x800.jpg","datePublished":"2022-07-19T08:02:16+00:00","dateModified":"2022-07-19T08:04:25+00:00","description":"Lukas is a political scientist and sociologist. In his studies, he has dealt with social and organisational transformation processes in a variety of ways. In 2020, Lukas completed his doctorate at Bielefeld University with an organisational sociological thesis on the introduction of environmental management processes at universities.In addition to teaching in the field of political organisation and political communication, he has worked in the education and science department of the Friedrich Ebert Foundation. Lukas publishes on various socio-political topics in media such as the taz, NZZ, ZEIT online, or NG\/FH.","breadcrumb":{"@id":"https:\/\/libmod.de\/en\/lukas-daubner\/#breadcrumb"},"inLanguage":"en-US","potentialAction":[{"@type":"ReadAction","target":["https:\/\/libmod.de\/en\/lukas-daubner\/"]}]},{"@type":"ImageObject","inLanguage":"en-US","@id":"https:\/\/libmod.de\/en\/lukas-daubner\/#primaryimage","url":"https:\/\/libmod.de\/wp-content\/uploads\/LukasDaubner_1200x800.jpg","contentUrl":"https:\/\/libmod.de\/wp-content\/uploads\/LukasDaubner_1200x800.jpg"},{"@type":"BreadcrumbList","@id":"https:\/\/libmod.de\/en\/lukas-daubner\/#breadcrumb","itemListElement":[{"@type":"ListItem","position":1,"name":"Startseite","item":"https:\/\/libmod.de\/en\/"},{"@type":"ListItem","position":2,"name":"Dr. phil. Lukas Daubner"}]},{"@type":"WebSite","@id":"https:\/\/libmod.de\/#website","url":"https:\/\/libmod.de\/","name":"libmod.de - Zentrum Liberale Moderne","description":"Think Tank f\u00fcr Politik in Berlin","publisher":{"@id":"https:\/\/libmod.de\/#organization"},"potentialAction":[{"@type":"SearchAction","target":{"@type":"EntryPoint","urlTemplate":"https:\/\/libmod.de\/?s={search_term_string}"},"query-input":{"@type":"PropertyValueSpecification","valueRequired":true,"valueName":"search_term_string"}}],"inLanguage":"en-US"},{"@type":"Organization","@id":"https:\/\/libmod.de\/#organization","name":"Zentrum Liberale Moderne","url":"https:\/\/libmod.de\/","logo":{"@type":"ImageObject","inLanguage":"en-US","@id":"https:\/\/libmod.de\/#\/schema\/logo\/image\/","url":"https:\/\/libmodredaktion.fra1.digitaloceanspaces.com\/wp-content\/uploads\/20240905145818\/LibMod_Logo_XL.jpg","contentUrl":"https:\/\/libmodredaktion.fra1.digitaloceanspaces.com\/wp-content\/uploads\/20240905145818\/LibMod_Logo_XL.jpg","width":1439,"height":615,"caption":"Zentrum Liberale Moderne"},"image":{"@id":"https:\/\/libmod.de\/#\/schema\/logo\/image\/"},"sameAs":["https:\/\/www.facebook.com\/LiberaleModerne\/","https:\/\/x.com\/liberalemoderne","https:\/\/www.youtube.com\/channel\/UC4Yl_V4pm1LwryD04ky54SA","https:\/\/www.instagram.com\/libmod\/","https:\/\/bsky.app\/profile\/libmod.de"],"description":"Das Zentrum Liberale Moderne ist ein politischer Think Tank und eine Debattenplattform. LibMod steht f\u00fcr die Verteidigung und Erneuerung der liberalen Demokratie, f\u00fcr den Aufbruch in die \u00f6kologische Moderne und f\u00fcr eine fundierte Osteuropa-Expertise."}]}},"_links":{"self":[{"href":"https:\/\/libmod.de\/en\/wp-json\/wp\/v2\/pages\/47939","targetHints":{"allow":["GET"]}}],"collection":[{"href":"https:\/\/libmod.de\/en\/wp-json\/wp\/v2\/pages"}],"about":[{"href":"https:\/\/libmod.de\/en\/wp-json\/wp\/v2\/types\/page"}],"author":[{"embeddable":true,"href":"https:\/\/libmod.de\/en\/wp-json\/wp\/v2\/users\/252"}],"replies":[{"embeddable":true,"href":"https:\/\/libmod.de\/en\/wp-json\/wp\/v2\/comments?post=47939"}],"version-history":[{"count":2,"href":"https:\/\/libmod.de\/en\/wp-json\/wp\/v2\/pages\/47939\/revisions"}],"predecessor-version":[{"id":47941,"href":"https:\/\/libmod.de\/en\/wp-json\/wp\/v2\/pages\/47939\/revisions\/47941"}],"wp:attachment":[{"href":"https:\/\/libmod.de\/en\/wp-json\/wp\/v2\/media?parent=47939"}],"curies":[{"name":"wp","href":"https:\/\/api.w.org\/{rel}","templated":true}]}}