{"id":48036,"date":"2022-07-19T16:05:36","date_gmt":"2022-07-19T14:05:36","guid":{"rendered":"https:\/\/libmod.de\/ueber-uns\/iliane-kiefer-copy\/"},"modified":"2022-07-19T16:09:28","modified_gmt":"2022-07-19T14:09:28","slug":"iliane-kiefer","status":"publish","type":"page","link":"https:\/\/libmod.de\/en\/iliane-kiefer\/","title":{"rendered":"Iliane Kiefer"},"content":{"rendered":"<div class=\"wpb-content-wrapper\"><p>[vc_row][vc_column][vc_column_text css=\u201d.vc_custom_1658239592791{margin-top: \u201120px !important;}\u201d]<\/p>\n<div class=\"mceTemp\"><\/div>\n<h3>Project Director o[s]tklick<\/h3>\n<p>[\/vc_column_text][vc_separator color=\u201cblack\u201d css=\u201d.vc_custom_1653475473969{margin-right: \u201120px !important;margin-left: \u201110px !important;}\u201d][\/vc_column][\/vc_row][vc_row][vc_column width=\u201c1\/2\u201d][vc_column_text css=\u201d.vc_custom_1653992697187{padding-right: 20px !important;padding-left: 2px !important;}\u201d]<\/p>\n<figure id=\"attachment_47158\" aria-describedby=\"caption-attachment-47158\" style=\"width: 1200px\" class=\"wp-caption alignnone\"><img class=\"wp-image-47158 size-full\" style=\"font-size: 16px;\" src=\"https:\/\/libmodredaktion.fra1.digitaloceanspaces.com\/wp-content\/uploads\/20240905143542\/IlianeKiefer_1200x800.jpg\" alt width=\"1200\" height=\"800\" srcset=\"https:\/\/libmodredaktion.fra1.digitaloceanspaces.com\/wp-content\/uploads\/20240905143542\/IlianeKiefer_1200x800.jpg 1200w, https:\/\/libmodredaktion.fra1.digitaloceanspaces.com\/wp-content\/uploads\/20240905143542\/IlianeKiefer_1200x800-770x513.jpg 770w, https:\/\/libmodredaktion.fra1.digitaloceanspaces.com\/wp-content\/uploads\/20240905143542\/IlianeKiefer_1200x800-768x512.jpg 768w\" sizes=\"(max-width: 1200px) 100vw, 1200px\"><figcaption id=\"caption-attachment-47158\" class=\"wp-caption-text\">Foto: Stefan&nbsp;Lengsfeld<\/figcaption><\/figure>\n<p>[\/vc_column_text][vc_separator color=\u201cblack\u201d css=\u201d.vc_custom_1653475846282{margin-top: 30px !important;margin-right: \u201115px !important;margin-left: \u201110px !important;}\u201d][vc_column_text]<\/p>\n<div class=\"mceTemp\"><\/div>\n<h2>Contact<\/h2>\n<p>T +49 30 \u2014 13 89 36&nbsp;61<\/p>\n<p><a href=\"mailto:iliane.kiefer@libmod.de\">iliane.kiefer@libmod.de<\/a><\/p>\n<p><span style=\"color: #ffffff;\">.<\/span>[\/vc_column_text][vc_column_text]<\/p>\n<div class=\"mceTemp\"><\/div>\n<h2>Publi\u00adca\u00adtions<\/h2>\n<p>on libmod.de<\/p>\n<ul>\n<li><a href=\"https:\/\/libmod.de\/rechtspopulisten_versuchen_russlanddeutsche_soziale_medien_gewinnen\/\">Wie Rechts\u00adpo\u00adpu\u00adlis\u00adten ver\u00adsu\u00adchen, russ\u00adland\u00addeut\u00adsche (Sp\u00e4t\u2011)Aussiedler\/innen in sozia\u00adlen Medien f\u00fcr ihre Sache zu&nbsp;gewinnen<\/a><\/li>\n<\/ul>\n<p>[\/vc_column_text][\/vc_column][vc_column width=\u201c1\/2\u201d][vc_column_text css=\u201d.vc_custom_1658239640704{padding-right: 10px !important;}\u201d]<\/p>\n<p style=\"font-weight: 400;\"><strong>o[s]tklick \u2014 democ\u00adratic response. Russian-Germans for Democracy on the&nbsp;Net.<\/strong><\/p>\n<p style=\"font-weight: 400;\">As project manager, Iliane Kiefer is respon\u00adsible for the management and content devel\u00adopment of the o[s]tklick project, with a&nbsp;focus on political education and the teaching of history in the digital space. She super\u00advises the o[s]tklick videos as an editor and is respon\u00adsible for content creation for the social media&nbsp;channels.<\/p>\n<p style=\"font-weight: 400;\">Iliane Kiefer studied Cultural Studies at the University of Leipzig and Curating Art at Stockholm University with a&nbsp;focus on feminism and migration. She worked at the Gay Museum in Berlin and other art and cultural venues as an assistant and coordi\u00adnated several publi\u00adcation and exhibition projects. Before o[s]tklick she was curator at Berlin Mondiale in the context of migration, asylum and,&nbsp;exile.<\/p>\n<p>[\/vc_column_text][\/vc_column][\/vc_row][vc_column][\/vc_column]<\/p>\n<\/div>","protected":false},"excerpt":{"rendered":"<p>[vc_row][vc_column][vc_column_text css=\u201d.vc_custom_1658239592791{margin-top: \u201120px !important;}\u201d] Project Director o[s]tklick [\/vc_column_text][vc_separator color=\u201cblack\u201d css=\u201d.vc_custom_1653475473969{margin-right: \u201120px !important;margin-left: \u201110px !important;}\u201d][\/vc_column][\/vc_row][vc_row][vc_column width=\u201c1\/2\u201d][vc_column_text css=\u201d.vc_custom_1653992697187{padding-right: 20px !important;padding-left: 2px !important;}\u201d] [\/vc_column_text][vc_separator color=\u201cblack\u201d css=\u201d.vc_custom_1653475846282{margin-top: 30px !important;margin-right: \u201115px !important;margin-left: \u201110px !important;}\u201d][vc_column_text] Contact...<\/p>\n","protected":false},"author":252,"featured_media":0,"parent":0,"menu_order":6,"comment_status":"closed","ping_status":"closed","template":"","meta":{"_acf_changed":false,"wp_typography_post_enhancements_disabled":false,"footnotes":""},"class_list":["post-48036","page","type-page","status-publish"],"acf":[],"yoast_head":"<!-- This site is optimized with the Yoast SEO Premium plugin v27.4 (Yoast SEO v27.5) - https:\/\/yoast.com\/product\/yoast-seo-premium-wordpress\/ -->\n<title>Iliane Kiefer - libmod.de - Zentrum Liberale Moderne<\/title>\n<meta name=\"description\" content=\"o[s]tklick - democratic response. Russian-Germans for Democracy on the Net. As project manager, Iliane Kiefer is responsible for the management and content development of the o[s]tklick project, with a focus on political education and the teaching of history in the digital space. She supervises the o[s]tklick videos as an editor and is responsible for content creation for the social media channels.Iliane Kiefer studied Cultural Studies at the University of Leipzig and Curating Art at Stockholm University with a focus on feminism and migration. She worked at the Gay Museum in Berlin and other art and cultural venues as an assistant and coordinated several publication and exhibition projects. Before o[s]tklick she was curator at Berlin Mondiale in the context of migration, asylum and, exile.\" \/>\n<meta name=\"robots\" content=\"index, follow, max-snippet:-1, max-image-preview:large, max-video-preview:-1\" \/>\n<link rel=\"canonical\" href=\"https:\/\/libmod.de\/en\/iliane-kiefer\/\" \/>\n<meta property=\"og:locale\" content=\"en_US\" \/>\n<meta property=\"og:type\" content=\"article\" \/>\n<meta property=\"og:title\" content=\"Iliane Kiefer\" \/>\n<meta property=\"og:description\" content=\"o[s]tklick - democratic response. Russian-Germans for Democracy on the Net. As project manager, Iliane Kiefer is responsible for the management and content development of the o[s]tklick project, with a focus on political education and the teaching of history in the digital space. She supervises the o[s]tklick videos as an editor and is responsible for content creation for the social media channels.Iliane Kiefer studied Cultural Studies at the University of Leipzig and Curating Art at Stockholm University with a focus on feminism and migration. She worked at the Gay Museum in Berlin and other art and cultural venues as an assistant and coordinated several publication and exhibition projects. Before o[s]tklick she was curator at Berlin Mondiale in the context of migration, asylum and, exile.\" \/>\n<meta property=\"og:url\" content=\"https:\/\/libmod.de\/en\/iliane-kiefer\/\" \/>\n<meta property=\"og:site_name\" content=\"libmod.de - Zentrum Liberale Moderne\" \/>\n<meta property=\"article:publisher\" content=\"https:\/\/www.facebook.com\/LiberaleModerne\/\" \/>\n<meta property=\"article:modified_time\" content=\"2022-07-19T14:09:28+00:00\" \/>\n<meta property=\"og:image\" content=\"https:\/\/libmod.de\/wp-content\/uploads\/IlianeKiefer_1200x800.jpg\" \/>\n<meta name=\"twitter:card\" content=\"summary_large_image\" \/>\n<meta name=\"twitter:site\" content=\"@liberalemoderne\" \/>\n<meta name=\"twitter:label1\" content=\"Est. reading time\" \/>\n\t<meta name=\"twitter:data1\" content=\"2 minutes\" \/>\n<script type=\"application\/ld+json\" class=\"yoast-schema-graph\">{\"@context\":\"https:\\\/\\\/schema.org\",\"@graph\":[{\"@type\":\"WebPage\",\"@id\":\"https:\\\/\\\/libmod.de\\\/en\\\/iliane-kiefer\\\/\",\"url\":\"https:\\\/\\\/libmod.de\\\/en\\\/iliane-kiefer\\\/\",\"name\":\"Iliane Kiefer - libmod.de - Zentrum Liberale Moderne\",\"isPartOf\":{\"@id\":\"https:\\\/\\\/libmod.de\\\/#website\"},\"primaryImageOfPage\":{\"@id\":\"https:\\\/\\\/libmod.de\\\/en\\\/iliane-kiefer\\\/#primaryimage\"},\"image\":{\"@id\":\"https:\\\/\\\/libmod.de\\\/en\\\/iliane-kiefer\\\/#primaryimage\"},\"thumbnailUrl\":\"https:\\\/\\\/libmod.de\\\/wp-content\\\/uploads\\\/IlianeKiefer_1200x800.jpg\",\"datePublished\":\"2022-07-19T14:05:36+00:00\",\"dateModified\":\"2022-07-19T14:09:28+00:00\",\"description\":\"o[s]tklick - democratic response. Russian-Germans for Democracy on the Net. As project manager, Iliane Kiefer is responsible for the management and content development of the o[s]tklick project, with a focus on political education and the teaching of history in the digital space. She supervises the o[s]tklick videos as an editor and is responsible for content creation for the social media channels.Iliane Kiefer studied Cultural Studies at the University of Leipzig and Curating Art at Stockholm University with a focus on feminism and migration. She worked at the Gay Museum in Berlin and other art and cultural venues as an assistant and coordinated several publication and exhibition projects. Before o[s]tklick she was curator at Berlin Mondiale in the context of migration, asylum and, exile.\",\"breadcrumb\":{\"@id\":\"https:\\\/\\\/libmod.de\\\/en\\\/iliane-kiefer\\\/#breadcrumb\"},\"inLanguage\":\"en-US\",\"potentialAction\":[{\"@type\":\"ReadAction\",\"target\":[\"https:\\\/\\\/libmod.de\\\/en\\\/iliane-kiefer\\\/\"]}]},{\"@type\":\"ImageObject\",\"inLanguage\":\"en-US\",\"@id\":\"https:\\\/\\\/libmod.de\\\/en\\\/iliane-kiefer\\\/#primaryimage\",\"url\":\"https:\\\/\\\/libmod.de\\\/wp-content\\\/uploads\\\/IlianeKiefer_1200x800.jpg\",\"contentUrl\":\"https:\\\/\\\/libmod.de\\\/wp-content\\\/uploads\\\/IlianeKiefer_1200x800.jpg\"},{\"@type\":\"BreadcrumbList\",\"@id\":\"https:\\\/\\\/libmod.de\\\/en\\\/iliane-kiefer\\\/#breadcrumb\",\"itemListElement\":[{\"@type\":\"ListItem\",\"position\":1,\"name\":\"Startseite\",\"item\":\"https:\\\/\\\/libmod.de\\\/en\\\/\"},{\"@type\":\"ListItem\",\"position\":2,\"name\":\"Iliane Kiefer\"}]},{\"@type\":\"WebSite\",\"@id\":\"https:\\\/\\\/libmod.de\\\/#website\",\"url\":\"https:\\\/\\\/libmod.de\\\/\",\"name\":\"libmod.de - Zentrum Liberale Moderne\",\"description\":\"Think Tank f\u00fcr Politik in Berlin\",\"publisher\":{\"@id\":\"https:\\\/\\\/libmod.de\\\/#organization\"},\"potentialAction\":[{\"@type\":\"SearchAction\",\"target\":{\"@type\":\"EntryPoint\",\"urlTemplate\":\"https:\\\/\\\/libmod.de\\\/?s={search_term_string}\"},\"query-input\":{\"@type\":\"PropertyValueSpecification\",\"valueRequired\":true,\"valueName\":\"search_term_string\"}}],\"inLanguage\":\"en-US\"},{\"@type\":\"Organization\",\"@id\":\"https:\\\/\\\/libmod.de\\\/#organization\",\"name\":\"Zentrum Liberale Moderne\",\"url\":\"https:\\\/\\\/libmod.de\\\/\",\"logo\":{\"@type\":\"ImageObject\",\"inLanguage\":\"en-US\",\"@id\":\"https:\\\/\\\/libmod.de\\\/#\\\/schema\\\/logo\\\/image\\\/\",\"url\":\"https:\\\/\\\/libmodredaktion.fra1.digitaloceanspaces.com\\\/wp-content\\\/uploads\\\/20240905145818\\\/LibMod_Logo_XL.jpg\",\"contentUrl\":\"https:\\\/\\\/libmodredaktion.fra1.digitaloceanspaces.com\\\/wp-content\\\/uploads\\\/20240905145818\\\/LibMod_Logo_XL.jpg\",\"width\":1439,\"height\":615,\"caption\":\"Zentrum Liberale Moderne\"},\"image\":{\"@id\":\"https:\\\/\\\/libmod.de\\\/#\\\/schema\\\/logo\\\/image\\\/\"},\"sameAs\":[\"https:\\\/\\\/www.facebook.com\\\/LiberaleModerne\\\/\",\"https:\\\/\\\/x.com\\\/liberalemoderne\",\"https:\\\/\\\/www.youtube.com\\\/channel\\\/UC4Yl_V4pm1LwryD04ky54SA\",\"https:\\\/\\\/www.instagram.com\\\/libmod\\\/\",\"https:\\\/\\\/bsky.app\\\/profile\\\/libmod.de\"],\"description\":\"Das Zentrum Liberale Moderne ist ein politischer Think Tank und eine Debattenplattform. LibMod steht f\u00fcr die Verteidigung und Erneuerung der liberalen Demokratie, f\u00fcr den Aufbruch in die \u00f6kologische Moderne und f\u00fcr eine fundierte Osteuropa-Expertise.\"}]}<\/script>\n<!-- \/ Yoast SEO Premium plugin. -->","yoast_head_json":{"title":"Iliane Kiefer - libmod.de - Zentrum Liberale Moderne","description":"o[s]tklick - democratic response. Russian-Germans for Democracy on the Net. As project manager, Iliane Kiefer is responsible for the management and content development of the o[s]tklick project, with a focus on political education and the teaching of history in the digital space. She supervises the o[s]tklick videos as an editor and is responsible for content creation for the social media channels.Iliane Kiefer studied Cultural Studies at the University of Leipzig and Curating Art at Stockholm University with a focus on feminism and migration. She worked at the Gay Museum in Berlin and other art and cultural venues as an assistant and coordinated several publication and exhibition projects. Before o[s]tklick she was curator at Berlin Mondiale in the context of migration, asylum and, exile.","robots":{"index":"index","follow":"follow","max-snippet":"max-snippet:-1","max-image-preview":"max-image-preview:large","max-video-preview":"max-video-preview:-1"},"canonical":"https:\/\/libmod.de\/en\/iliane-kiefer\/","og_locale":"en_US","og_type":"article","og_title":"Iliane Kiefer","og_description":"o[s]tklick - democratic response. Russian-Germans for Democracy on the Net. As project manager, Iliane Kiefer is responsible for the management and content development of the o[s]tklick project, with a focus on political education and the teaching of history in the digital space. She supervises the o[s]tklick videos as an editor and is responsible for content creation for the social media channels.Iliane Kiefer studied Cultural Studies at the University of Leipzig and Curating Art at Stockholm University with a focus on feminism and migration. She worked at the Gay Museum in Berlin and other art and cultural venues as an assistant and coordinated several publication and exhibition projects. Before o[s]tklick she was curator at Berlin Mondiale in the context of migration, asylum and, exile.","og_url":"https:\/\/libmod.de\/en\/iliane-kiefer\/","og_site_name":"libmod.de - Zentrum Liberale Moderne","article_publisher":"https:\/\/www.facebook.com\/LiberaleModerne\/","article_modified_time":"2022-07-19T14:09:28+00:00","og_image":[{"url":"https:\/\/libmod.de\/wp-content\/uploads\/IlianeKiefer_1200x800.jpg","type":"","width":"","height":""}],"twitter_card":"summary_large_image","twitter_site":"@liberalemoderne","twitter_misc":{"Est. reading time":"2 minutes"},"schema":{"@context":"https:\/\/schema.org","@graph":[{"@type":"WebPage","@id":"https:\/\/libmod.de\/en\/iliane-kiefer\/","url":"https:\/\/libmod.de\/en\/iliane-kiefer\/","name":"Iliane Kiefer - libmod.de - Zentrum Liberale Moderne","isPartOf":{"@id":"https:\/\/libmod.de\/#website"},"primaryImageOfPage":{"@id":"https:\/\/libmod.de\/en\/iliane-kiefer\/#primaryimage"},"image":{"@id":"https:\/\/libmod.de\/en\/iliane-kiefer\/#primaryimage"},"thumbnailUrl":"https:\/\/libmod.de\/wp-content\/uploads\/IlianeKiefer_1200x800.jpg","datePublished":"2022-07-19T14:05:36+00:00","dateModified":"2022-07-19T14:09:28+00:00","description":"o[s]tklick - democratic response. Russian-Germans for Democracy on the Net. As project manager, Iliane Kiefer is responsible for the management and content development of the o[s]tklick project, with a focus on political education and the teaching of history in the digital space. She supervises the o[s]tklick videos as an editor and is responsible for content creation for the social media channels.Iliane Kiefer studied Cultural Studies at the University of Leipzig and Curating Art at Stockholm University with a focus on feminism and migration. She worked at the Gay Museum in Berlin and other art and cultural venues as an assistant and coordinated several publication and exhibition projects. Before o[s]tklick she was curator at Berlin Mondiale in the context of migration, asylum and, exile.","breadcrumb":{"@id":"https:\/\/libmod.de\/en\/iliane-kiefer\/#breadcrumb"},"inLanguage":"en-US","potentialAction":[{"@type":"ReadAction","target":["https:\/\/libmod.de\/en\/iliane-kiefer\/"]}]},{"@type":"ImageObject","inLanguage":"en-US","@id":"https:\/\/libmod.de\/en\/iliane-kiefer\/#primaryimage","url":"https:\/\/libmod.de\/wp-content\/uploads\/IlianeKiefer_1200x800.jpg","contentUrl":"https:\/\/libmod.de\/wp-content\/uploads\/IlianeKiefer_1200x800.jpg"},{"@type":"BreadcrumbList","@id":"https:\/\/libmod.de\/en\/iliane-kiefer\/#breadcrumb","itemListElement":[{"@type":"ListItem","position":1,"name":"Startseite","item":"https:\/\/libmod.de\/en\/"},{"@type":"ListItem","position":2,"name":"Iliane Kiefer"}]},{"@type":"WebSite","@id":"https:\/\/libmod.de\/#website","url":"https:\/\/libmod.de\/","name":"libmod.de - Zentrum Liberale Moderne","description":"Think Tank f\u00fcr Politik in Berlin","publisher":{"@id":"https:\/\/libmod.de\/#organization"},"potentialAction":[{"@type":"SearchAction","target":{"@type":"EntryPoint","urlTemplate":"https:\/\/libmod.de\/?s={search_term_string}"},"query-input":{"@type":"PropertyValueSpecification","valueRequired":true,"valueName":"search_term_string"}}],"inLanguage":"en-US"},{"@type":"Organization","@id":"https:\/\/libmod.de\/#organization","name":"Zentrum Liberale Moderne","url":"https:\/\/libmod.de\/","logo":{"@type":"ImageObject","inLanguage":"en-US","@id":"https:\/\/libmod.de\/#\/schema\/logo\/image\/","url":"https:\/\/libmodredaktion.fra1.digitaloceanspaces.com\/wp-content\/uploads\/20240905145818\/LibMod_Logo_XL.jpg","contentUrl":"https:\/\/libmodredaktion.fra1.digitaloceanspaces.com\/wp-content\/uploads\/20240905145818\/LibMod_Logo_XL.jpg","width":1439,"height":615,"caption":"Zentrum Liberale Moderne"},"image":{"@id":"https:\/\/libmod.de\/#\/schema\/logo\/image\/"},"sameAs":["https:\/\/www.facebook.com\/LiberaleModerne\/","https:\/\/x.com\/liberalemoderne","https:\/\/www.youtube.com\/channel\/UC4Yl_V4pm1LwryD04ky54SA","https:\/\/www.instagram.com\/libmod\/","https:\/\/bsky.app\/profile\/libmod.de"],"description":"Das Zentrum Liberale Moderne ist ein politischer Think Tank und eine Debattenplattform. LibMod steht f\u00fcr die Verteidigung und Erneuerung der liberalen Demokratie, f\u00fcr den Aufbruch in die \u00f6kologische Moderne und f\u00fcr eine fundierte Osteuropa-Expertise."}]}},"_links":{"self":[{"href":"https:\/\/libmod.de\/en\/wp-json\/wp\/v2\/pages\/48036","targetHints":{"allow":["GET"]}}],"collection":[{"href":"https:\/\/libmod.de\/en\/wp-json\/wp\/v2\/pages"}],"about":[{"href":"https:\/\/libmod.de\/en\/wp-json\/wp\/v2\/types\/page"}],"author":[{"embeddable":true,"href":"https:\/\/libmod.de\/en\/wp-json\/wp\/v2\/users\/252"}],"replies":[{"embeddable":true,"href":"https:\/\/libmod.de\/en\/wp-json\/wp\/v2\/comments?post=48036"}],"version-history":[{"count":2,"href":"https:\/\/libmod.de\/en\/wp-json\/wp\/v2\/pages\/48036\/revisions"}],"predecessor-version":[{"id":48037,"href":"https:\/\/libmod.de\/en\/wp-json\/wp\/v2\/pages\/48036\/revisions\/48037"}],"wp:attachment":[{"href":"https:\/\/libmod.de\/en\/wp-json\/wp\/v2\/media?parent=48036"}],"curies":[{"name":"wp","href":"https:\/\/api.w.org\/{rel}","templated":true}]}}