{"id":48039,"date":"2022-07-19T16:10:16","date_gmt":"2022-07-19T14:10:16","guid":{"rendered":"https:\/\/libmod.de\/ueber-uns\/paula-mangold-copy\/"},"modified":"2022-07-19T16:12:42","modified_gmt":"2022-07-19T14:12:42","slug":"paula-mangold","status":"publish","type":"page","link":"https:\/\/libmod.de\/en\/paula-mangold\/","title":{"rendered":"Paula Mangold"},"content":{"rendered":"<div class=\"wpb-content-wrapper\"><p>[vc_row][vc_column][vc_column_text css=\u201d.vc_custom_1658239899530{margin-top: \u201120px !important;}\u201d]<\/p>\n<div class=\"mceTemp\"><\/div>\n<h3>Research Associate<\/h3>\n<p>[\/vc_column_text][vc_separator color=\u201cblack\u201d css=\u201d.vc_custom_1653475473969{margin-right: \u201120px !important;margin-left: \u201110px !important;}\u201d][\/vc_column][\/vc_row][vc_row][vc_column width=\u201c1\/2\u201d][vc_column_text css=\u201d.vc_custom_1653993113222{padding-right: 20px !important;padding-left: 2px !important;}\u201d]<\/p>\n<figure id=\"attachment_47041\" aria-describedby=\"caption-attachment-47041\" style=\"width: 1200px\" class=\"wp-caption alignnone\"><img class=\"wp-image-47041 size-full\" style=\"font-size: 16px;\" src=\"https:\/\/libmodredaktion.fra1.digitaloceanspaces.com\/wp-content\/uploads\/20240905143555\/PaulaMangold_1200x800.jpg\" alt width=\"1200\" height=\"800\" srcset=\"https:\/\/libmodredaktion.fra1.digitaloceanspaces.com\/wp-content\/uploads\/20240905143555\/PaulaMangold_1200x800.jpg 1200w, https:\/\/libmodredaktion.fra1.digitaloceanspaces.com\/wp-content\/uploads\/20240905143555\/PaulaMangold_1200x800-770x513.jpg 770w, https:\/\/libmodredaktion.fra1.digitaloceanspaces.com\/wp-content\/uploads\/20240905143555\/PaulaMangold_1200x800-768x512.jpg 768w\" sizes=\"(max-width: 1200px) 100vw, 1200px\"><figcaption id=\"caption-attachment-47041\" class=\"wp-caption-text\">Foto: Stefan&nbsp;Lengsfeld<\/figcaption><\/figure>\n<p>[\/vc_column_text][vc_separator color=\u201cblack\u201d css=\u201d.vc_custom_1653475846282{margin-top: 30px !important;margin-right: \u201115px !important;margin-left: \u201110px !important;}\u201d][vc_column_text]<\/p>\n<div class=\"mceTemp\"><\/div>\n<h2>Contact<\/h2>\n<p>T +49 30 \u2014 13 89 36&nbsp;22<\/p>\n<p><a href=\"mailto:paula.mangold@libmod.de\">paula.mangold@libmod.de<\/a><\/p>\n<p><span style=\"color: #ffffff;\">.<\/span>[\/vc_column_text][vc_column_text]<\/p>\n<h2>Publi\u00adca\u00adtions<\/h2>\n<p>on libmod.de<\/p>\n<ul>\n<li><a href=\"https:\/\/libmod.de\/rechtspopulisten_versuchen_russlanddeutsche_soziale_medien_gewinnen\/\">Wie Rechts\u00adpo\u00adpu\u00adlis\u00adten ver\u00adsu\u00adchen, russ\u00adland\u00addeut\u00adsche (Sp\u00e4t\u2011)Aussiedler\/innen in sozia\u00adlen Medien f\u00fcr ihre Sache zu&nbsp;gewinnen<\/a><\/li>\n<\/ul>\n<p>[\/vc_column_text][\/vc_column][vc_column width=\u201c1\/2\u201d][vc_column_text css=\u201d.vc_custom_1658239918135{padding-right: 10px !important;}\u201d]<\/p>\n<p style=\"font-weight: 400;\">Paula Mangold is respon\u00adsible for project conception, format devel\u00adopment, and video and social media content editing. She is also respon\u00adsible for monitoring right-wing extremist discourse in social networks, as well as press and public relations work and editorial support for the o[s]tklick homepage and external&nbsp;authors.<\/p>\n<p style=\"font-weight: 400;\">Paula Mangold is a&nbsp;cultural historian with a&nbsp;focus on Nazi history, politics of memory and, gender history. She previ\u00adously worked as a&nbsp;district manager for B\u00fcndnis 90\/\u200bDie Gr\u00fcnen, for the Foundation EVZ, and the Leipzig Forced Labour Memorial, among others. At LibMod, she has already worked as a&nbsp;project manager and research assistant in the projects \u201cGegner\u00adanalyse\u201d and \u201cSicherheit im&nbsp;Wandel\u201d.<\/p>\n<p>[\/vc_column_text][\/vc_column][\/vc_row][vc_column][\/vc_column]<\/p>\n<\/div>","protected":false},"excerpt":{"rendered":"<p>[vc_row][vc_column][vc_column_text css=\u201d.vc_custom_1658239899530{margin-top: \u201120px !important;}\u201d] Research Associate [\/vc_column_text][vc_separator color=\u201cblack\u201d css=\u201d.vc_custom_1653475473969{margin-right: \u201120px !important;margin-left: \u201110px !important;}\u201d][\/vc_column][\/vc_row][vc_row][vc_column width=\u201c1\/2\u201d][vc_column_text css=\u201d.vc_custom_1653993113222{padding-right: 20px !important;padding-left: 2px !important;}\u201d] [\/vc_column_text][vc_separator color=\u201cblack\u201d css=\u201d.vc_custom_1653475846282{margin-top: 30px !important;margin-right: \u201115px !important;margin-left: \u201110px !important;}\u201d][vc_column_text] Contact&nbsp;T...<\/p>\n","protected":false},"author":252,"featured_media":0,"parent":0,"menu_order":6,"comment_status":"closed","ping_status":"closed","template":"","meta":{"_acf_changed":false,"wp_typography_post_enhancements_disabled":false,"footnotes":""},"class_list":["post-48039","page","type-page","status-publish"],"acf":[],"yoast_head":"<!-- This site is optimized with the Yoast SEO Premium plugin v27.4 (Yoast SEO v27.5) - https:\/\/yoast.com\/product\/yoast-seo-premium-wordpress\/ -->\n<title>Paula Mangold - libmod.de - Zentrum Liberale Moderne<\/title>\n<meta name=\"description\" content=\"Paula Mangold is responsible for project conception, format development, and video and social media content editing. She is also responsible for monitoring right-wing extremist discourse in social networks, as well as press and public relations work and editorial support for the o[s]tklick homepage and external authors.Paula Mangold is a cultural historian with a focus on Nazi history, politics of memory and, gender history. She previously worked as a district manager for B\u00fcndnis 90\/Die Gr\u00fcnen, for the Foundation EVZ, and the Leipzig Forced Labour Memorial, among others. At LibMod, she has already worked as a project manager and research assistant in the projects &quot;Gegneranalyse&quot; and &quot;Sicherheit im Wandel&quot;.\" \/>\n<meta name=\"robots\" content=\"index, follow, max-snippet:-1, max-image-preview:large, max-video-preview:-1\" \/>\n<link rel=\"canonical\" href=\"https:\/\/libmod.de\/en\/paula-mangold\/\" \/>\n<meta property=\"og:locale\" content=\"en_US\" \/>\n<meta property=\"og:type\" content=\"article\" \/>\n<meta property=\"og:title\" content=\"Paula Mangold\" \/>\n<meta property=\"og:description\" content=\"Paula Mangold is responsible for project conception, format development, and video and social media content editing. She is also responsible for monitoring right-wing extremist discourse in social networks, as well as press and public relations work and editorial support for the o[s]tklick homepage and external authors.Paula Mangold is a cultural historian with a focus on Nazi history, politics of memory and, gender history. She previously worked as a district manager for B\u00fcndnis 90\/Die Gr\u00fcnen, for the Foundation EVZ, and the Leipzig Forced Labour Memorial, among others. At LibMod, she has already worked as a project manager and research assistant in the projects &quot;Gegneranalyse&quot; and &quot;Sicherheit im Wandel&quot;.\" \/>\n<meta property=\"og:url\" content=\"https:\/\/libmod.de\/en\/paula-mangold\/\" \/>\n<meta property=\"og:site_name\" content=\"libmod.de - Zentrum Liberale Moderne\" \/>\n<meta property=\"article:publisher\" content=\"https:\/\/www.facebook.com\/LiberaleModerne\/\" \/>\n<meta property=\"article:modified_time\" content=\"2022-07-19T14:12:42+00:00\" \/>\n<meta property=\"og:image\" content=\"https:\/\/libmod.de\/wp-content\/uploads\/PaulaMangold_1200x800.jpg\" \/>\n<meta name=\"twitter:card\" content=\"summary_large_image\" \/>\n<meta name=\"twitter:site\" content=\"@liberalemoderne\" \/>\n<meta name=\"twitter:label1\" content=\"Est. reading time\" \/>\n\t<meta name=\"twitter:data1\" content=\"2 minutes\" \/>\n<script type=\"application\/ld+json\" class=\"yoast-schema-graph\">{\"@context\":\"https:\\\/\\\/schema.org\",\"@graph\":[{\"@type\":\"WebPage\",\"@id\":\"https:\\\/\\\/libmod.de\\\/en\\\/paula-mangold\\\/\",\"url\":\"https:\\\/\\\/libmod.de\\\/en\\\/paula-mangold\\\/\",\"name\":\"Paula Mangold - libmod.de - Zentrum Liberale Moderne\",\"isPartOf\":{\"@id\":\"https:\\\/\\\/libmod.de\\\/#website\"},\"primaryImageOfPage\":{\"@id\":\"https:\\\/\\\/libmod.de\\\/en\\\/paula-mangold\\\/#primaryimage\"},\"image\":{\"@id\":\"https:\\\/\\\/libmod.de\\\/en\\\/paula-mangold\\\/#primaryimage\"},\"thumbnailUrl\":\"https:\\\/\\\/libmod.de\\\/wp-content\\\/uploads\\\/PaulaMangold_1200x800.jpg\",\"datePublished\":\"2022-07-19T14:10:16+00:00\",\"dateModified\":\"2022-07-19T14:12:42+00:00\",\"description\":\"Paula Mangold is responsible for project conception, format development, and video and social media content editing. She is also responsible for monitoring right-wing extremist discourse in social networks, as well as press and public relations work and editorial support for the o[s]tklick homepage and external authors.Paula Mangold is a cultural historian with a focus on Nazi history, politics of memory and, gender history. She previously worked as a district manager for B\u00fcndnis 90\\\/Die Gr\u00fcnen, for the Foundation EVZ, and the Leipzig Forced Labour Memorial, among others. At LibMod, she has already worked as a project manager and research assistant in the projects \\\"Gegneranalyse\\\" and \\\"Sicherheit im Wandel\\\".\",\"breadcrumb\":{\"@id\":\"https:\\\/\\\/libmod.de\\\/en\\\/paula-mangold\\\/#breadcrumb\"},\"inLanguage\":\"en-US\",\"potentialAction\":[{\"@type\":\"ReadAction\",\"target\":[\"https:\\\/\\\/libmod.de\\\/en\\\/paula-mangold\\\/\"]}]},{\"@type\":\"ImageObject\",\"inLanguage\":\"en-US\",\"@id\":\"https:\\\/\\\/libmod.de\\\/en\\\/paula-mangold\\\/#primaryimage\",\"url\":\"https:\\\/\\\/libmod.de\\\/wp-content\\\/uploads\\\/PaulaMangold_1200x800.jpg\",\"contentUrl\":\"https:\\\/\\\/libmod.de\\\/wp-content\\\/uploads\\\/PaulaMangold_1200x800.jpg\"},{\"@type\":\"BreadcrumbList\",\"@id\":\"https:\\\/\\\/libmod.de\\\/en\\\/paula-mangold\\\/#breadcrumb\",\"itemListElement\":[{\"@type\":\"ListItem\",\"position\":1,\"name\":\"Startseite\",\"item\":\"https:\\\/\\\/libmod.de\\\/en\\\/\"},{\"@type\":\"ListItem\",\"position\":2,\"name\":\"Paula Mangold\"}]},{\"@type\":\"WebSite\",\"@id\":\"https:\\\/\\\/libmod.de\\\/#website\",\"url\":\"https:\\\/\\\/libmod.de\\\/\",\"name\":\"libmod.de - Zentrum Liberale Moderne\",\"description\":\"Think Tank f\u00fcr Politik in Berlin\",\"publisher\":{\"@id\":\"https:\\\/\\\/libmod.de\\\/#organization\"},\"potentialAction\":[{\"@type\":\"SearchAction\",\"target\":{\"@type\":\"EntryPoint\",\"urlTemplate\":\"https:\\\/\\\/libmod.de\\\/?s={search_term_string}\"},\"query-input\":{\"@type\":\"PropertyValueSpecification\",\"valueRequired\":true,\"valueName\":\"search_term_string\"}}],\"inLanguage\":\"en-US\"},{\"@type\":\"Organization\",\"@id\":\"https:\\\/\\\/libmod.de\\\/#organization\",\"name\":\"Zentrum Liberale Moderne\",\"url\":\"https:\\\/\\\/libmod.de\\\/\",\"logo\":{\"@type\":\"ImageObject\",\"inLanguage\":\"en-US\",\"@id\":\"https:\\\/\\\/libmod.de\\\/#\\\/schema\\\/logo\\\/image\\\/\",\"url\":\"https:\\\/\\\/libmodredaktion.fra1.digitaloceanspaces.com\\\/wp-content\\\/uploads\\\/20240905145818\\\/LibMod_Logo_XL.jpg\",\"contentUrl\":\"https:\\\/\\\/libmodredaktion.fra1.digitaloceanspaces.com\\\/wp-content\\\/uploads\\\/20240905145818\\\/LibMod_Logo_XL.jpg\",\"width\":1439,\"height\":615,\"caption\":\"Zentrum Liberale Moderne\"},\"image\":{\"@id\":\"https:\\\/\\\/libmod.de\\\/#\\\/schema\\\/logo\\\/image\\\/\"},\"sameAs\":[\"https:\\\/\\\/www.facebook.com\\\/LiberaleModerne\\\/\",\"https:\\\/\\\/x.com\\\/liberalemoderne\",\"https:\\\/\\\/www.youtube.com\\\/channel\\\/UC4Yl_V4pm1LwryD04ky54SA\",\"https:\\\/\\\/www.instagram.com\\\/libmod\\\/\",\"https:\\\/\\\/bsky.app\\\/profile\\\/libmod.de\"],\"description\":\"Das Zentrum Liberale Moderne ist ein politischer Think Tank und eine Debattenplattform. LibMod steht f\u00fcr die Verteidigung und Erneuerung der liberalen Demokratie, f\u00fcr den Aufbruch in die \u00f6kologische Moderne und f\u00fcr eine fundierte Osteuropa-Expertise.\"}]}<\/script>\n<!-- \/ Yoast SEO Premium plugin. -->","yoast_head_json":{"title":"Paula Mangold - libmod.de - Zentrum Liberale Moderne","description":"Paula Mangold is responsible for project conception, format development, and video and social media content editing. She is also responsible for monitoring right-wing extremist discourse in social networks, as well as press and public relations work and editorial support for the o[s]tklick homepage and external authors.Paula Mangold is a cultural historian with a focus on Nazi history, politics of memory and, gender history. She previously worked as a district manager for B\u00fcndnis 90\/Die Gr\u00fcnen, for the Foundation EVZ, and the Leipzig Forced Labour Memorial, among others. At LibMod, she has already worked as a project manager and research assistant in the projects \"Gegneranalyse\" and \"Sicherheit im Wandel\".","robots":{"index":"index","follow":"follow","max-snippet":"max-snippet:-1","max-image-preview":"max-image-preview:large","max-video-preview":"max-video-preview:-1"},"canonical":"https:\/\/libmod.de\/en\/paula-mangold\/","og_locale":"en_US","og_type":"article","og_title":"Paula Mangold","og_description":"Paula Mangold is responsible for project conception, format development, and video and social media content editing. She is also responsible for monitoring right-wing extremist discourse in social networks, as well as press and public relations work and editorial support for the o[s]tklick homepage and external authors.Paula Mangold is a cultural historian with a focus on Nazi history, politics of memory and, gender history. She previously worked as a district manager for B\u00fcndnis 90\/Die Gr\u00fcnen, for the Foundation EVZ, and the Leipzig Forced Labour Memorial, among others. At LibMod, she has already worked as a project manager and research assistant in the projects \"Gegneranalyse\" and \"Sicherheit im Wandel\".","og_url":"https:\/\/libmod.de\/en\/paula-mangold\/","og_site_name":"libmod.de - Zentrum Liberale Moderne","article_publisher":"https:\/\/www.facebook.com\/LiberaleModerne\/","article_modified_time":"2022-07-19T14:12:42+00:00","og_image":[{"url":"https:\/\/libmod.de\/wp-content\/uploads\/PaulaMangold_1200x800.jpg","type":"","width":"","height":""}],"twitter_card":"summary_large_image","twitter_site":"@liberalemoderne","twitter_misc":{"Est. reading time":"2 minutes"},"schema":{"@context":"https:\/\/schema.org","@graph":[{"@type":"WebPage","@id":"https:\/\/libmod.de\/en\/paula-mangold\/","url":"https:\/\/libmod.de\/en\/paula-mangold\/","name":"Paula Mangold - libmod.de - Zentrum Liberale Moderne","isPartOf":{"@id":"https:\/\/libmod.de\/#website"},"primaryImageOfPage":{"@id":"https:\/\/libmod.de\/en\/paula-mangold\/#primaryimage"},"image":{"@id":"https:\/\/libmod.de\/en\/paula-mangold\/#primaryimage"},"thumbnailUrl":"https:\/\/libmod.de\/wp-content\/uploads\/PaulaMangold_1200x800.jpg","datePublished":"2022-07-19T14:10:16+00:00","dateModified":"2022-07-19T14:12:42+00:00","description":"Paula Mangold is responsible for project conception, format development, and video and social media content editing. She is also responsible for monitoring right-wing extremist discourse in social networks, as well as press and public relations work and editorial support for the o[s]tklick homepage and external authors.Paula Mangold is a cultural historian with a focus on Nazi history, politics of memory and, gender history. She previously worked as a district manager for B\u00fcndnis 90\/Die Gr\u00fcnen, for the Foundation EVZ, and the Leipzig Forced Labour Memorial, among others. At LibMod, she has already worked as a project manager and research assistant in the projects \"Gegneranalyse\" and \"Sicherheit im Wandel\".","breadcrumb":{"@id":"https:\/\/libmod.de\/en\/paula-mangold\/#breadcrumb"},"inLanguage":"en-US","potentialAction":[{"@type":"ReadAction","target":["https:\/\/libmod.de\/en\/paula-mangold\/"]}]},{"@type":"ImageObject","inLanguage":"en-US","@id":"https:\/\/libmod.de\/en\/paula-mangold\/#primaryimage","url":"https:\/\/libmod.de\/wp-content\/uploads\/PaulaMangold_1200x800.jpg","contentUrl":"https:\/\/libmod.de\/wp-content\/uploads\/PaulaMangold_1200x800.jpg"},{"@type":"BreadcrumbList","@id":"https:\/\/libmod.de\/en\/paula-mangold\/#breadcrumb","itemListElement":[{"@type":"ListItem","position":1,"name":"Startseite","item":"https:\/\/libmod.de\/en\/"},{"@type":"ListItem","position":2,"name":"Paula Mangold"}]},{"@type":"WebSite","@id":"https:\/\/libmod.de\/#website","url":"https:\/\/libmod.de\/","name":"libmod.de - Zentrum Liberale Moderne","description":"Think Tank f\u00fcr Politik in Berlin","publisher":{"@id":"https:\/\/libmod.de\/#organization"},"potentialAction":[{"@type":"SearchAction","target":{"@type":"EntryPoint","urlTemplate":"https:\/\/libmod.de\/?s={search_term_string}"},"query-input":{"@type":"PropertyValueSpecification","valueRequired":true,"valueName":"search_term_string"}}],"inLanguage":"en-US"},{"@type":"Organization","@id":"https:\/\/libmod.de\/#organization","name":"Zentrum Liberale Moderne","url":"https:\/\/libmod.de\/","logo":{"@type":"ImageObject","inLanguage":"en-US","@id":"https:\/\/libmod.de\/#\/schema\/logo\/image\/","url":"https:\/\/libmodredaktion.fra1.digitaloceanspaces.com\/wp-content\/uploads\/20240905145818\/LibMod_Logo_XL.jpg","contentUrl":"https:\/\/libmodredaktion.fra1.digitaloceanspaces.com\/wp-content\/uploads\/20240905145818\/LibMod_Logo_XL.jpg","width":1439,"height":615,"caption":"Zentrum Liberale Moderne"},"image":{"@id":"https:\/\/libmod.de\/#\/schema\/logo\/image\/"},"sameAs":["https:\/\/www.facebook.com\/LiberaleModerne\/","https:\/\/x.com\/liberalemoderne","https:\/\/www.youtube.com\/channel\/UC4Yl_V4pm1LwryD04ky54SA","https:\/\/www.instagram.com\/libmod\/","https:\/\/bsky.app\/profile\/libmod.de"],"description":"Das Zentrum Liberale Moderne ist ein politischer Think Tank und eine Debattenplattform. LibMod steht f\u00fcr die Verteidigung und Erneuerung der liberalen Demokratie, f\u00fcr den Aufbruch in die \u00f6kologische Moderne und f\u00fcr eine fundierte Osteuropa-Expertise."}]}},"_links":{"self":[{"href":"https:\/\/libmod.de\/en\/wp-json\/wp\/v2\/pages\/48039","targetHints":{"allow":["GET"]}}],"collection":[{"href":"https:\/\/libmod.de\/en\/wp-json\/wp\/v2\/pages"}],"about":[{"href":"https:\/\/libmod.de\/en\/wp-json\/wp\/v2\/types\/page"}],"author":[{"embeddable":true,"href":"https:\/\/libmod.de\/en\/wp-json\/wp\/v2\/users\/252"}],"replies":[{"embeddable":true,"href":"https:\/\/libmod.de\/en\/wp-json\/wp\/v2\/comments?post=48039"}],"version-history":[{"count":2,"href":"https:\/\/libmod.de\/en\/wp-json\/wp\/v2\/pages\/48039\/revisions"}],"predecessor-version":[{"id":48041,"href":"https:\/\/libmod.de\/en\/wp-json\/wp\/v2\/pages\/48039\/revisions\/48041"}],"wp:attachment":[{"href":"https:\/\/libmod.de\/en\/wp-json\/wp\/v2\/media?parent=48039"}],"curies":[{"name":"wp","href":"https:\/\/api.w.org\/{rel}","templated":true}]}}