{"id":48042,"date":"2022-07-19T16:13:13","date_gmt":"2022-07-19T14:13:13","guid":{"rendered":"https:\/\/libmod.de\/ueber-uns\/friederike-raiser-copy\/"},"modified":"2024-06-02T23:59:31","modified_gmt":"2024-06-02T21:59:31","slug":"friederike-raiser","status":"publish","type":"page","link":"https:\/\/libmod.de\/en\/friederike-raiser\/","title":{"rendered":"Friederike Raiser"},"content":{"rendered":"<div class=\"wpb-content-wrapper\"><p>[vc_row][vc_column][vc_column_text css=\u201d.vc_custom_1717364453817{margin-top: \u201120px !important;}\u201d]<\/p>\n<div class=\"mceTemp\"><\/div>\n<h3>Project director o[s]tklick<\/h3>\n<p>[\/vc_column_text][vc_separator color=\u201cblack\u201d css=\u201d.vc_custom_1653475473969{margin-right: \u201120px !important;margin-left: \u201110px !important;}\u201d][\/vc_column][\/vc_row][vc_row][vc_column width=\u201c1\/2\u201d][vc_column_text css=\u201d.vc_custom_1653993633535{padding-right: 20px !important;padding-left: 2px !important;}\u201d]<\/p>\n<figure id=\"attachment_47169\" aria-describedby=\"caption-attachment-47169\" style=\"width: 1200px\" class=\"wp-caption alignnone\"><img class=\"wp-image-47169 size-full\" style=\"font-size: 16px;\" src=\"https:\/\/libmodredaktion.fra1.digitaloceanspaces.com\/wp-content\/uploads\/20240905143542\/FriederikeRaiser_1200x800.jpg\" alt width=\"1200\" height=\"800\" srcset=\"https:\/\/libmodredaktion.fra1.digitaloceanspaces.com\/wp-content\/uploads\/20240905143542\/FriederikeRaiser_1200x800.jpg 1200w, https:\/\/libmodredaktion.fra1.digitaloceanspaces.com\/wp-content\/uploads\/20240905143542\/FriederikeRaiser_1200x800-770x513.jpg 770w, https:\/\/libmodredaktion.fra1.digitaloceanspaces.com\/wp-content\/uploads\/20240905143542\/FriederikeRaiser_1200x800-768x512.jpg 768w\" sizes=\"(max-width: 1200px) 100vw, 1200px\"><figcaption id=\"caption-attachment-47169\" class=\"wp-caption-text\">Foto: Stefan&nbsp;Lengsfeld<\/figcaption><\/figure>\n<p>[\/vc_column_text][vc_separator color=\u201cblack\u201d css=\u201d.vc_custom_1653475846282{margin-top: 30px !important;margin-right: \u201115px !important;margin-left: \u201110px !important;}\u201d][vc_column_text]<\/p>\n<div class=\"mceTemp\"><\/div>\n<h2>Contact<\/h2>\n<p>T +49 30 \u2014 13 89 36&nbsp;22<\/p>\n<p><a href=\"mailto:friederike.raiser@libmod.de\">friederike.raiser@libmod.de<\/a>[\/vc_column_text][\/vc_column][vc_column width=\u201c1\/2\u201d][vc_column_text css=\u201d.vc_custom_1717365553868{padding-right: 10px !important;}\u201d]<\/p>\n<p style=\"font-weight: 400;\">Friederike Raiser\u2019s area of expertise lies in the devel\u00adopment of political education formats and materials that incor\u00adporate both the analogue and digital space. Her areas of expertise include democ\u00adratic compe\u00adtence in the post-migrant society, dealing with group-focused misan\u00adthropy and disin\u00adfor\u00admation. She initially worked on the Gegner\u00adanalyse project, then joined the o[s]tklick area of activity in 2020, which she has headed since&nbsp;2024.<\/p>\n<p style=\"font-weight: 400;\">Her focus is on the devel\u00adopment and imple\u00admen\u00adtation of political education formats. She has worked for the Heinrich B\u00f6ll Foundation, the Landeszen\u00adtrale f\u00fcr politische Bildung Baden-W\u00fcrttemberg and at various schools, among others. At LibMod, she initially worked on the \u201cNew Right\u201d in the Gegner\u00adanalyse project. She studied Social Studies\/\u200bLaw\/\u200bEconomics (B.Ed.) in Dresden and Granada and Socio\u00adcul\u00adtural Studies (M.A.) at the European University&nbsp;Viadrina.<\/p>\n<p>[\/vc_column_text][\/vc_column][\/vc_row][vc_column][\/vc_column]<\/p>\n<\/div>","protected":false},"excerpt":{"rendered":"<p>[vc_row][vc_column][vc_column_text css=\u201d.vc_custom_1717364453817{margin-top: \u201120px !important;}\u201d] Project director o[s]tklick [\/vc_column_text][vc_separator color=\u201cblack\u201d css=\u201d.vc_custom_1653475473969{margin-right: \u201120px !important;margin-left: \u201110px !important;}\u201d][\/vc_column][\/vc_row][vc_row][vc_column width=\u201c1\/2\u201d][vc_column_text css=\u201d.vc_custom_1653993633535{padding-right: 20px !important;padding-left: 2px !important;}\u201d] [\/vc_column_text][vc_separator color=\u201cblack\u201d css=\u201d.vc_custom_1653475846282{margin-top: 30px !important;margin-right: \u201115px !important;margin-left: \u201110px !important;}\u201d][vc_column_text] Contact...<\/p>\n","protected":false},"author":252,"featured_media":0,"parent":0,"menu_order":6,"comment_status":"closed","ping_status":"closed","template":"","meta":{"_acf_changed":false,"wp_typography_post_enhancements_disabled":false,"footnotes":""},"class_list":["post-48042","page","type-page","status-publish"],"acf":[],"yoast_head":"<!-- This site is optimized with the Yoast SEO Premium plugin v27.0 (Yoast SEO v27.4) - https:\/\/yoast.com\/product\/yoast-seo-premium-wordpress\/ -->\n<title>Friederike Raiser - libmod.de - Zentrum Liberale Moderne<\/title>\n<meta name=\"description\" content=\"Friederike Raiser designs learning and event formats in digital and analogue spaces. She gives workshops throughout Germany on dealing with conspiracy ideologies and right-wing populism. She also produces content for social media and advises on didactic-methodological issues.Her focus is on the development and implementation of political education formats. She has worked for the Heinrich B\u00f6ll Foundation, the Landeszentrale f\u00fcr politische Bildung Baden-W\u00fcrttemberg and at various schools, among others. At LibMod, she initially worked on the &quot;New Right&quot; in the Gegneranalyse project. She studied Social Studies\/Law\/Economics (B.Ed.) in Dresden and Granada and Sociocultural Studies (M.A.) at the European University Viadrina.\" \/>\n<meta name=\"robots\" content=\"index, follow, max-snippet:-1, max-image-preview:large, max-video-preview:-1\" \/>\n<link rel=\"canonical\" href=\"https:\/\/libmod.de\/en\/friederike-raiser\/\" \/>\n<meta property=\"og:locale\" content=\"en_US\" \/>\n<meta property=\"og:type\" content=\"article\" \/>\n<meta property=\"og:title\" content=\"Friederike Raiser\" \/>\n<meta property=\"og:description\" content=\"Friederike Raiser designs learning and event formats in digital and analogue spaces. She gives workshops throughout Germany on dealing with conspiracy ideologies and right-wing populism. She also produces content for social media and advises on didactic-methodological issues.Her focus is on the development and implementation of political education formats. She has worked for the Heinrich B\u00f6ll Foundation, the Landeszentrale f\u00fcr politische Bildung Baden-W\u00fcrttemberg and at various schools, among others. At LibMod, she initially worked on the &quot;New Right&quot; in the Gegneranalyse project. She studied Social Studies\/Law\/Economics (B.Ed.) in Dresden and Granada and Sociocultural Studies (M.A.) at the European University Viadrina.\" \/>\n<meta property=\"og:url\" content=\"https:\/\/libmod.de\/en\/friederike-raiser\/\" \/>\n<meta property=\"og:site_name\" content=\"libmod.de - Zentrum Liberale Moderne\" \/>\n<meta property=\"article:publisher\" content=\"https:\/\/www.facebook.com\/LiberaleModerne\/\" \/>\n<meta property=\"article:modified_time\" content=\"2024-06-02T21:59:31+00:00\" \/>\n<meta property=\"og:image\" content=\"https:\/\/libmod.de\/wp-content\/uploads\/FriederikeRaiser_1200x800.jpg\" \/>\n<meta name=\"twitter:card\" content=\"summary_large_image\" \/>\n<meta name=\"twitter:site\" content=\"@liberalemoderne\" \/>\n<meta name=\"twitter:label1\" content=\"Est. reading time\" \/>\n\t<meta name=\"twitter:data1\" content=\"2 minutes\" \/>\n<script type=\"application\/ld+json\" class=\"yoast-schema-graph\">{\"@context\":\"https:\\\/\\\/schema.org\",\"@graph\":[{\"@type\":\"WebPage\",\"@id\":\"https:\\\/\\\/libmod.de\\\/en\\\/friederike-raiser\\\/\",\"url\":\"https:\\\/\\\/libmod.de\\\/en\\\/friederike-raiser\\\/\",\"name\":\"Friederike Raiser - libmod.de - Zentrum Liberale Moderne\",\"isPartOf\":{\"@id\":\"https:\\\/\\\/libmod.de\\\/#website\"},\"primaryImageOfPage\":{\"@id\":\"https:\\\/\\\/libmod.de\\\/en\\\/friederike-raiser\\\/#primaryimage\"},\"image\":{\"@id\":\"https:\\\/\\\/libmod.de\\\/en\\\/friederike-raiser\\\/#primaryimage\"},\"thumbnailUrl\":\"https:\\\/\\\/libmod.de\\\/wp-content\\\/uploads\\\/FriederikeRaiser_1200x800.jpg\",\"datePublished\":\"2022-07-19T14:13:13+00:00\",\"dateModified\":\"2024-06-02T21:59:31+00:00\",\"description\":\"Friederike Raiser designs learning and event formats in digital and analogue spaces. She gives workshops throughout Germany on dealing with conspiracy ideologies and right-wing populism. She also produces content for social media and advises on didactic-methodological issues.Her focus is on the development and implementation of political education formats. She has worked for the Heinrich B\u00f6ll Foundation, the Landeszentrale f\u00fcr politische Bildung Baden-W\u00fcrttemberg and at various schools, among others. At LibMod, she initially worked on the \\\"New Right\\\" in the Gegneranalyse project. She studied Social Studies\\\/Law\\\/Economics (B.Ed.) in Dresden and Granada and Sociocultural Studies (M.A.) at the European University Viadrina.\",\"breadcrumb\":{\"@id\":\"https:\\\/\\\/libmod.de\\\/en\\\/friederike-raiser\\\/#breadcrumb\"},\"inLanguage\":\"en-US\",\"potentialAction\":[{\"@type\":\"ReadAction\",\"target\":[\"https:\\\/\\\/libmod.de\\\/en\\\/friederike-raiser\\\/\"]}]},{\"@type\":\"ImageObject\",\"inLanguage\":\"en-US\",\"@id\":\"https:\\\/\\\/libmod.de\\\/en\\\/friederike-raiser\\\/#primaryimage\",\"url\":\"https:\\\/\\\/libmod.de\\\/wp-content\\\/uploads\\\/FriederikeRaiser_1200x800.jpg\",\"contentUrl\":\"https:\\\/\\\/libmod.de\\\/wp-content\\\/uploads\\\/FriederikeRaiser_1200x800.jpg\"},{\"@type\":\"BreadcrumbList\",\"@id\":\"https:\\\/\\\/libmod.de\\\/en\\\/friederike-raiser\\\/#breadcrumb\",\"itemListElement\":[{\"@type\":\"ListItem\",\"position\":1,\"name\":\"Startseite\",\"item\":\"https:\\\/\\\/libmod.de\\\/en\\\/\"},{\"@type\":\"ListItem\",\"position\":2,\"name\":\"Friederike Raiser\"}]},{\"@type\":\"WebSite\",\"@id\":\"https:\\\/\\\/libmod.de\\\/#website\",\"url\":\"https:\\\/\\\/libmod.de\\\/\",\"name\":\"libmod.de - Zentrum Liberale Moderne\",\"description\":\"Think Tank f\u00fcr Politik in Berlin\",\"publisher\":{\"@id\":\"https:\\\/\\\/libmod.de\\\/#organization\"},\"potentialAction\":[{\"@type\":\"SearchAction\",\"target\":{\"@type\":\"EntryPoint\",\"urlTemplate\":\"https:\\\/\\\/libmod.de\\\/?s={search_term_string}\"},\"query-input\":{\"@type\":\"PropertyValueSpecification\",\"valueRequired\":true,\"valueName\":\"search_term_string\"}}],\"inLanguage\":\"en-US\"},{\"@type\":\"Organization\",\"@id\":\"https:\\\/\\\/libmod.de\\\/#organization\",\"name\":\"Zentrum Liberale Moderne\",\"url\":\"https:\\\/\\\/libmod.de\\\/\",\"logo\":{\"@type\":\"ImageObject\",\"inLanguage\":\"en-US\",\"@id\":\"https:\\\/\\\/libmod.de\\\/#\\\/schema\\\/logo\\\/image\\\/\",\"url\":\"https:\\\/\\\/libmodredaktion.fra1.digitaloceanspaces.com\\\/wp-content\\\/uploads\\\/20240905145818\\\/LibMod_Logo_XL.jpg\",\"contentUrl\":\"https:\\\/\\\/libmodredaktion.fra1.digitaloceanspaces.com\\\/wp-content\\\/uploads\\\/20240905145818\\\/LibMod_Logo_XL.jpg\",\"width\":1439,\"height\":615,\"caption\":\"Zentrum Liberale Moderne\"},\"image\":{\"@id\":\"https:\\\/\\\/libmod.de\\\/#\\\/schema\\\/logo\\\/image\\\/\"},\"sameAs\":[\"https:\\\/\\\/www.facebook.com\\\/LiberaleModerne\\\/\",\"https:\\\/\\\/x.com\\\/liberalemoderne\",\"https:\\\/\\\/www.youtube.com\\\/channel\\\/UC4Yl_V4pm1LwryD04ky54SA\",\"https:\\\/\\\/www.instagram.com\\\/libmod\\\/\",\"https:\\\/\\\/bsky.app\\\/profile\\\/libmod.de\"],\"description\":\"Das Zentrum Liberale Moderne ist ein politischer Think Tank und eine Debattenplattform. LibMod steht f\u00fcr die Verteidigung und Erneuerung der liberalen Demokratie, f\u00fcr den Aufbruch in die \u00f6kologische Moderne und f\u00fcr eine fundierte Osteuropa-Expertise.\"}]}<\/script>\n<!-- \/ Yoast SEO Premium plugin. -->","yoast_head_json":{"title":"Friederike Raiser - libmod.de - Zentrum Liberale Moderne","description":"Friederike Raiser designs learning and event formats in digital and analogue spaces. She gives workshops throughout Germany on dealing with conspiracy ideologies and right-wing populism. She also produces content for social media and advises on didactic-methodological issues.Her focus is on the development and implementation of political education formats. She has worked for the Heinrich B\u00f6ll Foundation, the Landeszentrale f\u00fcr politische Bildung Baden-W\u00fcrttemberg and at various schools, among others. At LibMod, she initially worked on the \"New Right\" in the Gegneranalyse project. She studied Social Studies\/Law\/Economics (B.Ed.) in Dresden and Granada and Sociocultural Studies (M.A.) at the European University Viadrina.","robots":{"index":"index","follow":"follow","max-snippet":"max-snippet:-1","max-image-preview":"max-image-preview:large","max-video-preview":"max-video-preview:-1"},"canonical":"https:\/\/libmod.de\/en\/friederike-raiser\/","og_locale":"en_US","og_type":"article","og_title":"Friederike Raiser","og_description":"Friederike Raiser designs learning and event formats in digital and analogue spaces. She gives workshops throughout Germany on dealing with conspiracy ideologies and right-wing populism. She also produces content for social media and advises on didactic-methodological issues.Her focus is on the development and implementation of political education formats. She has worked for the Heinrich B\u00f6ll Foundation, the Landeszentrale f\u00fcr politische Bildung Baden-W\u00fcrttemberg and at various schools, among others. At LibMod, she initially worked on the \"New Right\" in the Gegneranalyse project. She studied Social Studies\/Law\/Economics (B.Ed.) in Dresden and Granada and Sociocultural Studies (M.A.) at the European University Viadrina.","og_url":"https:\/\/libmod.de\/en\/friederike-raiser\/","og_site_name":"libmod.de - Zentrum Liberale Moderne","article_publisher":"https:\/\/www.facebook.com\/LiberaleModerne\/","article_modified_time":"2024-06-02T21:59:31+00:00","og_image":[{"url":"https:\/\/libmod.de\/wp-content\/uploads\/FriederikeRaiser_1200x800.jpg","type":"","width":"","height":""}],"twitter_card":"summary_large_image","twitter_site":"@liberalemoderne","twitter_misc":{"Est. reading time":"2 minutes"},"schema":{"@context":"https:\/\/schema.org","@graph":[{"@type":"WebPage","@id":"https:\/\/libmod.de\/en\/friederike-raiser\/","url":"https:\/\/libmod.de\/en\/friederike-raiser\/","name":"Friederike Raiser - libmod.de - Zentrum Liberale Moderne","isPartOf":{"@id":"https:\/\/libmod.de\/#website"},"primaryImageOfPage":{"@id":"https:\/\/libmod.de\/en\/friederike-raiser\/#primaryimage"},"image":{"@id":"https:\/\/libmod.de\/en\/friederike-raiser\/#primaryimage"},"thumbnailUrl":"https:\/\/libmod.de\/wp-content\/uploads\/FriederikeRaiser_1200x800.jpg","datePublished":"2022-07-19T14:13:13+00:00","dateModified":"2024-06-02T21:59:31+00:00","description":"Friederike Raiser designs learning and event formats in digital and analogue spaces. She gives workshops throughout Germany on dealing with conspiracy ideologies and right-wing populism. She also produces content for social media and advises on didactic-methodological issues.Her focus is on the development and implementation of political education formats. She has worked for the Heinrich B\u00f6ll Foundation, the Landeszentrale f\u00fcr politische Bildung Baden-W\u00fcrttemberg and at various schools, among others. At LibMod, she initially worked on the \"New Right\" in the Gegneranalyse project. She studied Social Studies\/Law\/Economics (B.Ed.) in Dresden and Granada and Sociocultural Studies (M.A.) at the European University Viadrina.","breadcrumb":{"@id":"https:\/\/libmod.de\/en\/friederike-raiser\/#breadcrumb"},"inLanguage":"en-US","potentialAction":[{"@type":"ReadAction","target":["https:\/\/libmod.de\/en\/friederike-raiser\/"]}]},{"@type":"ImageObject","inLanguage":"en-US","@id":"https:\/\/libmod.de\/en\/friederike-raiser\/#primaryimage","url":"https:\/\/libmod.de\/wp-content\/uploads\/FriederikeRaiser_1200x800.jpg","contentUrl":"https:\/\/libmod.de\/wp-content\/uploads\/FriederikeRaiser_1200x800.jpg"},{"@type":"BreadcrumbList","@id":"https:\/\/libmod.de\/en\/friederike-raiser\/#breadcrumb","itemListElement":[{"@type":"ListItem","position":1,"name":"Startseite","item":"https:\/\/libmod.de\/en\/"},{"@type":"ListItem","position":2,"name":"Friederike Raiser"}]},{"@type":"WebSite","@id":"https:\/\/libmod.de\/#website","url":"https:\/\/libmod.de\/","name":"libmod.de - Zentrum Liberale Moderne","description":"Think Tank f\u00fcr Politik in Berlin","publisher":{"@id":"https:\/\/libmod.de\/#organization"},"potentialAction":[{"@type":"SearchAction","target":{"@type":"EntryPoint","urlTemplate":"https:\/\/libmod.de\/?s={search_term_string}"},"query-input":{"@type":"PropertyValueSpecification","valueRequired":true,"valueName":"search_term_string"}}],"inLanguage":"en-US"},{"@type":"Organization","@id":"https:\/\/libmod.de\/#organization","name":"Zentrum Liberale Moderne","url":"https:\/\/libmod.de\/","logo":{"@type":"ImageObject","inLanguage":"en-US","@id":"https:\/\/libmod.de\/#\/schema\/logo\/image\/","url":"https:\/\/libmodredaktion.fra1.digitaloceanspaces.com\/wp-content\/uploads\/20240905145818\/LibMod_Logo_XL.jpg","contentUrl":"https:\/\/libmodredaktion.fra1.digitaloceanspaces.com\/wp-content\/uploads\/20240905145818\/LibMod_Logo_XL.jpg","width":1439,"height":615,"caption":"Zentrum Liberale Moderne"},"image":{"@id":"https:\/\/libmod.de\/#\/schema\/logo\/image\/"},"sameAs":["https:\/\/www.facebook.com\/LiberaleModerne\/","https:\/\/x.com\/liberalemoderne","https:\/\/www.youtube.com\/channel\/UC4Yl_V4pm1LwryD04ky54SA","https:\/\/www.instagram.com\/libmod\/","https:\/\/bsky.app\/profile\/libmod.de"],"description":"Das Zentrum Liberale Moderne ist ein politischer Think Tank und eine Debattenplattform. LibMod steht f\u00fcr die Verteidigung und Erneuerung der liberalen Demokratie, f\u00fcr den Aufbruch in die \u00f6kologische Moderne und f\u00fcr eine fundierte Osteuropa-Expertise."}]}},"_links":{"self":[{"href":"https:\/\/libmod.de\/en\/wp-json\/wp\/v2\/pages\/48042","targetHints":{"allow":["GET"]}}],"collection":[{"href":"https:\/\/libmod.de\/en\/wp-json\/wp\/v2\/pages"}],"about":[{"href":"https:\/\/libmod.de\/en\/wp-json\/wp\/v2\/types\/page"}],"author":[{"embeddable":true,"href":"https:\/\/libmod.de\/en\/wp-json\/wp\/v2\/users\/252"}],"replies":[{"embeddable":true,"href":"https:\/\/libmod.de\/en\/wp-json\/wp\/v2\/comments?post=48042"}],"version-history":[{"count":5,"href":"https:\/\/libmod.de\/en\/wp-json\/wp\/v2\/pages\/48042\/revisions"}],"predecessor-version":[{"id":63609,"href":"https:\/\/libmod.de\/en\/wp-json\/wp\/v2\/pages\/48042\/revisions\/63609"}],"wp:attachment":[{"href":"https:\/\/libmod.de\/en\/wp-json\/wp\/v2\/media?parent=48042"}],"curies":[{"name":"wp","href":"https:\/\/api.w.org\/{rel}","templated":true}]}}