{"id":48046,"date":"2022-07-19T16:20:04","date_gmt":"2022-07-19T14:20:04","guid":{"rendered":"https:\/\/libmod.de\/ueber-uns\/nicole-jundt-copy\/"},"modified":"2024-06-02T23:55:08","modified_gmt":"2024-06-02T21:55:08","slug":"nicole-jundt","status":"publish","type":"page","link":"https:\/\/libmod.de\/en\/nicole-jundt\/","title":{"rendered":"Nicole Jundt"},"content":{"rendered":"<div class=\"wpb-content-wrapper\"><p>[vc_row][vc_column][vc_column_text css=\u201d.vc_custom_1717365294504{margin-top: \u201120px !important;}\u201d]<\/p>\n<div class=\"mceTemp\"><\/div>\n<h3>Social-Media- and Community-Management o[s]tklick<\/h3>\n<p>[\/vc_column_text][vc_separator color=\u201cblack\u201d css=\u201d.vc_custom_1653475473969{margin-right: \u201120px !important;margin-left: \u201110px !important;}\u201d][\/vc_column][\/vc_row][vc_row][vc_column width=\u201c1\/2\u201d][vc_column_text css=\u201d.vc_custom_1653994241271{padding-right: 20px !important;padding-left: 2px !important;}\u201d]<\/p>\n<figure id=\"attachment_47177\" aria-describedby=\"caption-attachment-47177\" style=\"width: 1200px\" class=\"wp-caption alignnone\"><img class=\"wp-image-47177 size-full\" style=\"font-size: 16px;\" src=\"https:\/\/libmodredaktion.fra1.digitaloceanspaces.com\/wp-content\/uploads\/20240905143541\/NicoleJundt_1200x800.jpg\" alt width=\"1200\" height=\"800\" srcset=\"https:\/\/libmodredaktion.fra1.digitaloceanspaces.com\/wp-content\/uploads\/20240905143541\/NicoleJundt_1200x800.jpg 1200w, https:\/\/libmodredaktion.fra1.digitaloceanspaces.com\/wp-content\/uploads\/20240905143541\/NicoleJundt_1200x800-770x513.jpg 770w, https:\/\/libmodredaktion.fra1.digitaloceanspaces.com\/wp-content\/uploads\/20240905143541\/NicoleJundt_1200x800-768x512.jpg 768w\" sizes=\"(max-width: 1200px) 100vw, 1200px\"><figcaption id=\"caption-attachment-47177\" class=\"wp-caption-text\">Foto:Stefan Lengsfeld<\/figcaption><\/figure>\n<p>[\/vc_column_text][vc_separator color=\u201cblack\u201d css=\u201d.vc_custom_1653475846282{margin-top: 30px !important;margin-right: \u201115px !important;margin-left: \u201110px !important;}\u201d][vc_column_text]<\/p>\n<div class=\"mceTemp\"><\/div>\n<h2>Contact<\/h2>\n<p>T +49 30 \u2014 13 89 36&nbsp;22<\/p>\n<p><a href=\"mailto:nicole.jundt@libmod.de\">nicole.jundt@libmod.de<\/a><\/p>\n<p><span style=\"color: #ffffff;\">.<\/span>[\/vc_column_text][vc_column_text]<\/p>\n<div class=\"mceTemp\"><\/div>\n<h2>Publi\u00adca\u00adtions<\/h2>\n<p>on ukraineverstehen.de<\/p>\n<p><a href=\"https:\/\/ukraineverstehen.de\/jundt-filmkritik-blindfold-taras-dron\/\" target=\"_blank\" rel=\"noopener\">Rezension \u201eBlind\u00adfold\u201c von Taras Dron \u2013 oder: Die Kunst, sich zu befreien<\/a>[\/vc_column_text][\/vc_column][vc_column width=\u201c1\/2\u201d][vc_column_text css=\u201d.vc_custom_1717364277731{padding-right: 10px !important;}\u201d]<\/p>\n<p style=\"font-weight: 400;\">Nicole Jundt maintains and manages the social media presences of o[s]tklick. Active exchange with the online commu\u00adnities is just as important as digital networking, strategy planning, content creation, and evalu\u00adation of the&nbsp;channels.<\/p>\n<p style=\"font-weight: 400;\">Nicole Jundt is a&nbsp;cultural scientist who studied liter\u00adature, art and media studies, and Slavic studies with a&nbsp;focus on (post-)Yugoslavian liter\u00adature and film in Konstanz, T\u00fcbingen, and Moscow. Various stays abroad in Eastern and South-Eastern Europe have shaped her profile. Previ\u00adously, she worked in the Department of Liter\u00adature at the Slavic Seminar of the University of T\u00fcbingen and at the Institute for Danube-Swabian History and Regional Studies in the Department of Modern&nbsp;History.<\/p>\n<p>[\/vc_column_text][\/vc_column][\/vc_row][vc_column][\/vc_column]<\/p>\n<\/div>","protected":false},"excerpt":{"rendered":"<p>[vc_row][vc_column][vc_column_text css=\u201d.vc_custom_1717365294504{margin-top: \u201120px !important;}\u201d] Social-Media- and Community-Management o[s]tklick [\/vc_column_text][vc_separator color=\u201cblack\u201d css=\u201d.vc_custom_1653475473969{margin-right: \u201120px !important;margin-left: \u201110px !important;}\u201d][\/vc_column][\/vc_row][vc_row][vc_column width=\u201c1\/2\u201d][vc_column_text css=\u201d.vc_custom_1653994241271{padding-right: 20px !important;padding-left: 2px !important;}\u201d] [\/vc_column_text][vc_separator color=\u201cblack\u201d css=\u201d.vc_custom_1653475846282{margin-top: 30px !important;margin-right: \u201115px !important;margin-left: \u201110px !important;}\u201d][vc_column_text]...<\/p>\n","protected":false},"author":252,"featured_media":0,"parent":0,"menu_order":6,"comment_status":"closed","ping_status":"closed","template":"","meta":{"_acf_changed":false,"wp_typography_post_enhancements_disabled":false,"footnotes":""},"class_list":["post-48046","page","type-page","status-publish"],"acf":[],"yoast_head":"<!-- This site is optimized with the Yoast SEO Premium plugin v27.0 (Yoast SEO v27.4) - https:\/\/yoast.com\/product\/yoast-seo-premium-wordpress\/ -->\n<title>Nicole Jundt - libmod.de - Zentrum Liberale Moderne<\/title>\n<meta name=\"description\" content=\"Nicole Jundt maintains and manages the social media presences of o[s]tklick and Gegneranalyse. Active exchange with the online communities is just as important as digital networking, strategy planning, content creation, and evaluation of the channels.Nicole Jundt is a cultural scientist who studied literature, art and media studies, and Slavic studies with a focus on (post-)Yugoslavian literature and film in Konstanz, T\u00fcbingen, and Moscow. Various stays abroad in Eastern and South-Eastern Europe have shaped her profile. Previously, she worked in the Department of Literature at the Slavic Seminar of the University of T\u00fcbingen and at the Institute for Danube-Swabian History and Regional Studies in the Department of Modern History.\" \/>\n<meta name=\"robots\" content=\"index, follow, max-snippet:-1, max-image-preview:large, max-video-preview:-1\" \/>\n<link rel=\"canonical\" href=\"https:\/\/libmod.de\/en\/nicole-jundt\/\" \/>\n<meta property=\"og:locale\" content=\"en_US\" \/>\n<meta property=\"og:type\" content=\"article\" \/>\n<meta property=\"og:title\" content=\"Nicole Jundt\" \/>\n<meta property=\"og:description\" content=\"Nicole Jundt maintains and manages the social media presences of o[s]tklick and Gegneranalyse. Active exchange with the online communities is just as important as digital networking, strategy planning, content creation, and evaluation of the channels.Nicole Jundt is a cultural scientist who studied literature, art and media studies, and Slavic studies with a focus on (post-)Yugoslavian literature and film in Konstanz, T\u00fcbingen, and Moscow. Various stays abroad in Eastern and South-Eastern Europe have shaped her profile. Previously, she worked in the Department of Literature at the Slavic Seminar of the University of T\u00fcbingen and at the Institute for Danube-Swabian History and Regional Studies in the Department of Modern History.\" \/>\n<meta property=\"og:url\" content=\"https:\/\/libmod.de\/en\/nicole-jundt\/\" \/>\n<meta property=\"og:site_name\" content=\"libmod.de - Zentrum Liberale Moderne\" \/>\n<meta property=\"article:publisher\" content=\"https:\/\/www.facebook.com\/LiberaleModerne\/\" \/>\n<meta property=\"article:modified_time\" content=\"2024-06-02T21:55:08+00:00\" \/>\n<meta property=\"og:image\" content=\"https:\/\/libmod.de\/wp-content\/uploads\/NicoleJundt_1200x800.jpg\" \/>\n<meta name=\"twitter:card\" content=\"summary_large_image\" \/>\n<meta name=\"twitter:site\" content=\"@liberalemoderne\" \/>\n<meta name=\"twitter:label1\" content=\"Est. reading time\" \/>\n\t<meta name=\"twitter:data1\" content=\"2 minutes\" \/>\n<script type=\"application\/ld+json\" class=\"yoast-schema-graph\">{\"@context\":\"https:\\\/\\\/schema.org\",\"@graph\":[{\"@type\":\"WebPage\",\"@id\":\"https:\\\/\\\/libmod.de\\\/en\\\/nicole-jundt\\\/\",\"url\":\"https:\\\/\\\/libmod.de\\\/en\\\/nicole-jundt\\\/\",\"name\":\"Nicole Jundt - libmod.de - Zentrum Liberale Moderne\",\"isPartOf\":{\"@id\":\"https:\\\/\\\/libmod.de\\\/#website\"},\"primaryImageOfPage\":{\"@id\":\"https:\\\/\\\/libmod.de\\\/en\\\/nicole-jundt\\\/#primaryimage\"},\"image\":{\"@id\":\"https:\\\/\\\/libmod.de\\\/en\\\/nicole-jundt\\\/#primaryimage\"},\"thumbnailUrl\":\"https:\\\/\\\/libmod.de\\\/wp-content\\\/uploads\\\/NicoleJundt_1200x800.jpg\",\"datePublished\":\"2022-07-19T14:20:04+00:00\",\"dateModified\":\"2024-06-02T21:55:08+00:00\",\"description\":\"Nicole Jundt maintains and manages the social media presences of o[s]tklick and Gegneranalyse. Active exchange with the online communities is just as important as digital networking, strategy planning, content creation, and evaluation of the channels.Nicole Jundt is a cultural scientist who studied literature, art and media studies, and Slavic studies with a focus on (post-)Yugoslavian literature and film in Konstanz, T\u00fcbingen, and Moscow. Various stays abroad in Eastern and South-Eastern Europe have shaped her profile. Previously, she worked in the Department of Literature at the Slavic Seminar of the University of T\u00fcbingen and at the Institute for Danube-Swabian History and Regional Studies in the Department of Modern History.\",\"breadcrumb\":{\"@id\":\"https:\\\/\\\/libmod.de\\\/en\\\/nicole-jundt\\\/#breadcrumb\"},\"inLanguage\":\"en-US\",\"potentialAction\":[{\"@type\":\"ReadAction\",\"target\":[\"https:\\\/\\\/libmod.de\\\/en\\\/nicole-jundt\\\/\"]}]},{\"@type\":\"ImageObject\",\"inLanguage\":\"en-US\",\"@id\":\"https:\\\/\\\/libmod.de\\\/en\\\/nicole-jundt\\\/#primaryimage\",\"url\":\"https:\\\/\\\/libmod.de\\\/wp-content\\\/uploads\\\/NicoleJundt_1200x800.jpg\",\"contentUrl\":\"https:\\\/\\\/libmod.de\\\/wp-content\\\/uploads\\\/NicoleJundt_1200x800.jpg\"},{\"@type\":\"BreadcrumbList\",\"@id\":\"https:\\\/\\\/libmod.de\\\/en\\\/nicole-jundt\\\/#breadcrumb\",\"itemListElement\":[{\"@type\":\"ListItem\",\"position\":1,\"name\":\"Startseite\",\"item\":\"https:\\\/\\\/libmod.de\\\/en\\\/\"},{\"@type\":\"ListItem\",\"position\":2,\"name\":\"Nicole Jundt\"}]},{\"@type\":\"WebSite\",\"@id\":\"https:\\\/\\\/libmod.de\\\/#website\",\"url\":\"https:\\\/\\\/libmod.de\\\/\",\"name\":\"libmod.de - Zentrum Liberale Moderne\",\"description\":\"Think Tank f\u00fcr Politik in Berlin\",\"publisher\":{\"@id\":\"https:\\\/\\\/libmod.de\\\/#organization\"},\"potentialAction\":[{\"@type\":\"SearchAction\",\"target\":{\"@type\":\"EntryPoint\",\"urlTemplate\":\"https:\\\/\\\/libmod.de\\\/?s={search_term_string}\"},\"query-input\":{\"@type\":\"PropertyValueSpecification\",\"valueRequired\":true,\"valueName\":\"search_term_string\"}}],\"inLanguage\":\"en-US\"},{\"@type\":\"Organization\",\"@id\":\"https:\\\/\\\/libmod.de\\\/#organization\",\"name\":\"Zentrum Liberale Moderne\",\"url\":\"https:\\\/\\\/libmod.de\\\/\",\"logo\":{\"@type\":\"ImageObject\",\"inLanguage\":\"en-US\",\"@id\":\"https:\\\/\\\/libmod.de\\\/#\\\/schema\\\/logo\\\/image\\\/\",\"url\":\"https:\\\/\\\/libmodredaktion.fra1.digitaloceanspaces.com\\\/wp-content\\\/uploads\\\/20240905145818\\\/LibMod_Logo_XL.jpg\",\"contentUrl\":\"https:\\\/\\\/libmodredaktion.fra1.digitaloceanspaces.com\\\/wp-content\\\/uploads\\\/20240905145818\\\/LibMod_Logo_XL.jpg\",\"width\":1439,\"height\":615,\"caption\":\"Zentrum Liberale Moderne\"},\"image\":{\"@id\":\"https:\\\/\\\/libmod.de\\\/#\\\/schema\\\/logo\\\/image\\\/\"},\"sameAs\":[\"https:\\\/\\\/www.facebook.com\\\/LiberaleModerne\\\/\",\"https:\\\/\\\/x.com\\\/liberalemoderne\",\"https:\\\/\\\/www.youtube.com\\\/channel\\\/UC4Yl_V4pm1LwryD04ky54SA\",\"https:\\\/\\\/www.instagram.com\\\/libmod\\\/\",\"https:\\\/\\\/bsky.app\\\/profile\\\/libmod.de\"],\"description\":\"Das Zentrum Liberale Moderne ist ein politischer Think Tank und eine Debattenplattform. LibMod steht f\u00fcr die Verteidigung und Erneuerung der liberalen Demokratie, f\u00fcr den Aufbruch in die \u00f6kologische Moderne und f\u00fcr eine fundierte Osteuropa-Expertise.\"}]}<\/script>\n<!-- \/ Yoast SEO Premium plugin. -->","yoast_head_json":{"title":"Nicole Jundt - libmod.de - Zentrum Liberale Moderne","description":"Nicole Jundt maintains and manages the social media presences of o[s]tklick and Gegneranalyse. Active exchange with the online communities is just as important as digital networking, strategy planning, content creation, and evaluation of the channels.Nicole Jundt is a cultural scientist who studied literature, art and media studies, and Slavic studies with a focus on (post-)Yugoslavian literature and film in Konstanz, T\u00fcbingen, and Moscow. Various stays abroad in Eastern and South-Eastern Europe have shaped her profile. Previously, she worked in the Department of Literature at the Slavic Seminar of the University of T\u00fcbingen and at the Institute for Danube-Swabian History and Regional Studies in the Department of Modern History.","robots":{"index":"index","follow":"follow","max-snippet":"max-snippet:-1","max-image-preview":"max-image-preview:large","max-video-preview":"max-video-preview:-1"},"canonical":"https:\/\/libmod.de\/en\/nicole-jundt\/","og_locale":"en_US","og_type":"article","og_title":"Nicole Jundt","og_description":"Nicole Jundt maintains and manages the social media presences of o[s]tklick and Gegneranalyse. Active exchange with the online communities is just as important as digital networking, strategy planning, content creation, and evaluation of the channels.Nicole Jundt is a cultural scientist who studied literature, art and media studies, and Slavic studies with a focus on (post-)Yugoslavian literature and film in Konstanz, T\u00fcbingen, and Moscow. Various stays abroad in Eastern and South-Eastern Europe have shaped her profile. Previously, she worked in the Department of Literature at the Slavic Seminar of the University of T\u00fcbingen and at the Institute for Danube-Swabian History and Regional Studies in the Department of Modern History.","og_url":"https:\/\/libmod.de\/en\/nicole-jundt\/","og_site_name":"libmod.de - Zentrum Liberale Moderne","article_publisher":"https:\/\/www.facebook.com\/LiberaleModerne\/","article_modified_time":"2024-06-02T21:55:08+00:00","og_image":[{"url":"https:\/\/libmod.de\/wp-content\/uploads\/NicoleJundt_1200x800.jpg","type":"","width":"","height":""}],"twitter_card":"summary_large_image","twitter_site":"@liberalemoderne","twitter_misc":{"Est. reading time":"2 minutes"},"schema":{"@context":"https:\/\/schema.org","@graph":[{"@type":"WebPage","@id":"https:\/\/libmod.de\/en\/nicole-jundt\/","url":"https:\/\/libmod.de\/en\/nicole-jundt\/","name":"Nicole Jundt - libmod.de - Zentrum Liberale Moderne","isPartOf":{"@id":"https:\/\/libmod.de\/#website"},"primaryImageOfPage":{"@id":"https:\/\/libmod.de\/en\/nicole-jundt\/#primaryimage"},"image":{"@id":"https:\/\/libmod.de\/en\/nicole-jundt\/#primaryimage"},"thumbnailUrl":"https:\/\/libmod.de\/wp-content\/uploads\/NicoleJundt_1200x800.jpg","datePublished":"2022-07-19T14:20:04+00:00","dateModified":"2024-06-02T21:55:08+00:00","description":"Nicole Jundt maintains and manages the social media presences of o[s]tklick and Gegneranalyse. Active exchange with the online communities is just as important as digital networking, strategy planning, content creation, and evaluation of the channels.Nicole Jundt is a cultural scientist who studied literature, art and media studies, and Slavic studies with a focus on (post-)Yugoslavian literature and film in Konstanz, T\u00fcbingen, and Moscow. Various stays abroad in Eastern and South-Eastern Europe have shaped her profile. Previously, she worked in the Department of Literature at the Slavic Seminar of the University of T\u00fcbingen and at the Institute for Danube-Swabian History and Regional Studies in the Department of Modern History.","breadcrumb":{"@id":"https:\/\/libmod.de\/en\/nicole-jundt\/#breadcrumb"},"inLanguage":"en-US","potentialAction":[{"@type":"ReadAction","target":["https:\/\/libmod.de\/en\/nicole-jundt\/"]}]},{"@type":"ImageObject","inLanguage":"en-US","@id":"https:\/\/libmod.de\/en\/nicole-jundt\/#primaryimage","url":"https:\/\/libmod.de\/wp-content\/uploads\/NicoleJundt_1200x800.jpg","contentUrl":"https:\/\/libmod.de\/wp-content\/uploads\/NicoleJundt_1200x800.jpg"},{"@type":"BreadcrumbList","@id":"https:\/\/libmod.de\/en\/nicole-jundt\/#breadcrumb","itemListElement":[{"@type":"ListItem","position":1,"name":"Startseite","item":"https:\/\/libmod.de\/en\/"},{"@type":"ListItem","position":2,"name":"Nicole Jundt"}]},{"@type":"WebSite","@id":"https:\/\/libmod.de\/#website","url":"https:\/\/libmod.de\/","name":"libmod.de - Zentrum Liberale Moderne","description":"Think Tank f\u00fcr Politik in Berlin","publisher":{"@id":"https:\/\/libmod.de\/#organization"},"potentialAction":[{"@type":"SearchAction","target":{"@type":"EntryPoint","urlTemplate":"https:\/\/libmod.de\/?s={search_term_string}"},"query-input":{"@type":"PropertyValueSpecification","valueRequired":true,"valueName":"search_term_string"}}],"inLanguage":"en-US"},{"@type":"Organization","@id":"https:\/\/libmod.de\/#organization","name":"Zentrum Liberale Moderne","url":"https:\/\/libmod.de\/","logo":{"@type":"ImageObject","inLanguage":"en-US","@id":"https:\/\/libmod.de\/#\/schema\/logo\/image\/","url":"https:\/\/libmodredaktion.fra1.digitaloceanspaces.com\/wp-content\/uploads\/20240905145818\/LibMod_Logo_XL.jpg","contentUrl":"https:\/\/libmodredaktion.fra1.digitaloceanspaces.com\/wp-content\/uploads\/20240905145818\/LibMod_Logo_XL.jpg","width":1439,"height":615,"caption":"Zentrum Liberale Moderne"},"image":{"@id":"https:\/\/libmod.de\/#\/schema\/logo\/image\/"},"sameAs":["https:\/\/www.facebook.com\/LiberaleModerne\/","https:\/\/x.com\/liberalemoderne","https:\/\/www.youtube.com\/channel\/UC4Yl_V4pm1LwryD04ky54SA","https:\/\/www.instagram.com\/libmod\/","https:\/\/bsky.app\/profile\/libmod.de"],"description":"Das Zentrum Liberale Moderne ist ein politischer Think Tank und eine Debattenplattform. LibMod steht f\u00fcr die Verteidigung und Erneuerung der liberalen Demokratie, f\u00fcr den Aufbruch in die \u00f6kologische Moderne und f\u00fcr eine fundierte Osteuropa-Expertise."}]}},"_links":{"self":[{"href":"https:\/\/libmod.de\/en\/wp-json\/wp\/v2\/pages\/48046","targetHints":{"allow":["GET"]}}],"collection":[{"href":"https:\/\/libmod.de\/en\/wp-json\/wp\/v2\/pages"}],"about":[{"href":"https:\/\/libmod.de\/en\/wp-json\/wp\/v2\/types\/page"}],"author":[{"embeddable":true,"href":"https:\/\/libmod.de\/en\/wp-json\/wp\/v2\/users\/252"}],"replies":[{"embeddable":true,"href":"https:\/\/libmod.de\/en\/wp-json\/wp\/v2\/comments?post=48046"}],"version-history":[{"count":4,"href":"https:\/\/libmod.de\/en\/wp-json\/wp\/v2\/pages\/48046\/revisions"}],"predecessor-version":[{"id":63608,"href":"https:\/\/libmod.de\/en\/wp-json\/wp\/v2\/pages\/48046\/revisions\/63608"}],"wp:attachment":[{"href":"https:\/\/libmod.de\/en\/wp-json\/wp\/v2\/media?parent=48046"}],"curies":[{"name":"wp","href":"https:\/\/api.w.org\/{rel}","templated":true}]}}