{"id":48191,"date":"2022-07-29T09:58:38","date_gmt":"2022-07-29T07:58:38","guid":{"rendered":"https:\/\/libmod.de\/?page_id=48191"},"modified":"2022-08-01T13:00:01","modified_gmt":"2022-08-01T11:00:01","slug":"dr-khatia-kikalishvili","status":"publish","type":"page","link":"https:\/\/libmod.de\/en\/about-us\/dr-khatia-kikalishvili\/","title":{"rendered":"Dr. Khatia Kikalishvili"},"content":{"rendered":"<div class=\"wpb-content-wrapper\"><p>[vc_row][vc_column][vc_column_text css=\u201d.vc_custom_1659012965865{margin-top: \u201120px !important;}\u201d]<\/p>\n<div class=\"mceTemp\"><\/div>\n<h3>Pro\u00adgramme&nbsp;Director<\/h3>\n<p>[\/vc_column_text][vc_separator color=\u201cblack\u201d css=\u201d.vc_custom_1653475473969{margin-right: \u201120px !important;margin-left: \u201110px !important;}\u201d][\/vc_column][\/vc_row][vc_row][vc_column width=\u201c1\/2\u201d][vc_column_text css=\u201d.vc_custom_1659011018864{padding-right: 20px !important;padding-left: 2px !important;}\u201d]<\/p>\n<figure id=\"attachment_48180\" aria-describedby=\"caption-attachment-48180\" style=\"width: 1200px\" class=\"wp-caption alignnone\"><img class=\"size-medium wp-image-48180\" src=\"https:\/\/libmodredaktion.fra1.digitaloceanspaces.com\/wp-content\/uploads\/20240905143416\/KhatiaFoto-770x513.jpg\" alt width=\"1200\" height=\"800\" srcset=\"https:\/\/libmodredaktion.fra1.digitaloceanspaces.com\/wp-content\/uploads\/20240905143416\/KhatiaFoto-770x513.jpg 770w, https:\/\/libmodredaktion.fra1.digitaloceanspaces.com\/wp-content\/uploads\/20240905143416\/KhatiaFoto-scaled.jpg 1200w, https:\/\/libmodredaktion.fra1.digitaloceanspaces.com\/wp-content\/uploads\/20240905143416\/KhatiaFoto-768x512.jpg 768w, https:\/\/libmodredaktion.fra1.digitaloceanspaces.com\/wp-content\/uploads\/20240905143416\/KhatiaFoto-1536x1024.jpg 1536w, https:\/\/libmodredaktion.fra1.digitaloceanspaces.com\/wp-content\/uploads\/20240905143416\/KhatiaFoto-2048x1366.jpg 2048w\" sizes=\"(max-width: 1200px) 100vw, 1200px\"><figcaption id=\"caption-attachment-48180\" class=\"wp-caption-text\">Foto: Stefan&nbsp;Lengsfeld<\/figcaption><\/figure>\n<p>[\/vc_column_text][vc_separator color=\u201cblack\u201d css=\u201d.vc_custom_1653475846282{margin-top: 30px !important;margin-right: \u201115px !important;margin-left: \u201110px !important;}\u201d][vc_column_text]<\/p>\n<div class=\"mceTemp\"><\/div>\n<h2>Contact<\/h2>\n<p>T +49 30 \u2013 25 09 58&nbsp;25<br>\n<a href=\"mailto:khatia.kikalishvili@libmod.de\">khatia.kikalishvili@libmod.de<\/a>[\/vc_column_text][\/vc_column][vc_column width=\u201c1\/2\u201d][vc_column_text css=\u201d.vc_custom_1659013004724{padding-right: 10px !important;}\u201d]<\/p>\n<p style=\"font-weight: 400;\">Dr Khatia Kikalishvili is Programme Director for Eastern Partnership at the Centre for Liberal Modernity (Libmod).<\/p>\n<p>Before joining LibMod, she worked for several years as a&nbsp;research assistant for foreign and European policy in the German Bundestag. Her areas of expertise are: Eastern Partnership, EU integration, German foreign policy towards Russia and Eastern&nbsp;Europe.<\/p>\n<p>[\/vc_column_text][\/vc_column][\/vc_row][vc_row][vc_column][vc_column_text]<\/p>\n<div class=\"mceTemp\"><\/div>\n<h2>Publi\u00adca\u00adtions<\/h2>\n<ul>\n<li>Die Recht\u00adsan\u00adgle\u00adichung des georgischen Gesellschaft\u00adsrechts an das Union\u00adsrecht am Beispiel der Kapital\u00adrichtlinie,\u201c Band 44, Schriften\u00adreihe zum inter\u00adna\u00adtionalen Einheit\u00adsrecht und zur Rechtsver\u00adgle\u00adichung, Hamburg, (Disser\u00adtation), 08\/\u200b2014<\/li>\n<li><a href=\"https:\/\/www.b-b-e.de\/fileadmin\/Redaktion\/05_Newsletter\/01_BBE_Newsletter\/2020\/12\/enl-12-2020-kikalishvili-beitrag.pdf\">\u00d6stliche Partner\u00adschaft und Zivilge\u00adsellschaft<\/a>&nbsp;im Newsletter des Bundesnet\u00adzwerk B\u00fcrger\u00adschaftliches Engagement (BBE)<\/li>\n<li><a href=\"https:\/\/www.zois-berlin.de\/publikationen\/zois-spotlight\/wohin-steuert-georgien\">Wohin steuert Georgien?<\/a> ZOiS Spotlight 40\/\u200b2021<\/li>\n<\/ul>\n<p>[\/vc_column_text][vc_separator color=\u201cblack\u201d css=\u201d.vc_custom_1653475473969{margin-right: \u201120px !important;margin-left: \u201110px !important;}\u201d][vc_column_text]<\/p>\n<div class=\"mceTemp\"><\/div>\n<h2>Articles by Khatia Kikalishvili<\/h2>\n<p>[\/vc_column_text][vc_basic_grid post_type=\u201cpost\u201d max_items=\u201c30\u201d style=\u201cload-more\u201d items_per_page=\u201c6\u201d item=\u201c24066\u201d initial_loading_animation=\u201cnone\u201d btn_title=\u201cMEHR AKTUELLE BEITR\u00c4GE\u201d btn_color=\u201cturquoise\u201d btn_size=\u201clg\u201d grid_id=\u201cvc_gid:1659351532884\u2013244a8d63-c316\u20113\u201d css=\u201d.vc_custom_1659351595463{margin-bottom: 30px !important;background-color: #ffffff !important;}\u201d taxonomies=\u201c14923\u201d][\/vc_column][\/vc_row][vc_column][\/vc_column]<\/p>\n<\/div>","protected":false},"excerpt":{"rendered":"<p>[vc_row][vc_column][vc_column_text css=\u201d.vc_custom_1659012965865{margin-top: \u201120px !important;}\u201d] Pro\u00adgramme&nbsp;Director [\/vc_column_text][vc_separator color=\u201cblack\u201d css=\u201d.vc_custom_1653475473969{margin-right: \u201120px !important;margin-left: \u201110px !important;}\u201d][\/vc_column][\/vc_row][vc_row][vc_column width=\u201c1\/2\u201d][vc_column_text css=\u201d.vc_custom_1659011018864{padding-right: 20px !important;padding-left: 2px !important;}\u201d] [\/vc_column_text][vc_separator color=\u201cblack\u201d css=\u201d.vc_custom_1653475846282{margin-top: 30px !important;margin-right: \u201115px !important;margin-left: \u201110px !important;}\u201d][vc_column_text] Contact T +49...<\/p>\n","protected":false},"author":252,"featured_media":0,"parent":26877,"menu_order":0,"comment_status":"closed","ping_status":"closed","template":"","meta":{"_acf_changed":false,"wp_typography_post_enhancements_disabled":false,"footnotes":""},"class_list":["post-48191","page","type-page","status-publish"],"acf":[],"yoast_head":"<!-- This site is optimized with the Yoast SEO Premium plugin v27.4 (Yoast SEO v27.5) - https:\/\/yoast.com\/product\/yoast-seo-premium-wordpress\/ -->\n<title>Dr. Khatia Kikalishvili - libmod.de - Zentrum Liberale Moderne<\/title>\n<meta name=\"description\" content=\"Dr Khatia Kikalishvili is Programme Director for Eastern Partnership at the Centre for Liberal Modernity (Libmod). Before joining LibMod, she worked for several years as a research assistant for foreign and European policy in the German Bundestag. Her areas of expertise are: Eastern Partnership, EU integration, German foreign policy towards Russia and Eastern Europe.\" \/>\n<meta name=\"robots\" content=\"index, follow, max-snippet:-1, max-image-preview:large, max-video-preview:-1\" \/>\n<link rel=\"canonical\" href=\"https:\/\/libmod.de\/en\/about-us\/dr-khatia-kikalishvili\/\" \/>\n<meta property=\"og:locale\" content=\"en_US\" \/>\n<meta property=\"og:type\" content=\"article\" \/>\n<meta property=\"og:title\" content=\"Dr. Khatia Kikalishvili\" \/>\n<meta property=\"og:description\" content=\"Dr Khatia Kikalishvili is Programme Director for Eastern Partnership at the Centre for Liberal Modernity (Libmod). Before joining LibMod, she worked for several years as a research assistant for foreign and European policy in the German Bundestag. Her areas of expertise are: Eastern Partnership, EU integration, German foreign policy towards Russia and Eastern Europe.\" \/>\n<meta property=\"og:url\" content=\"https:\/\/libmod.de\/en\/about-us\/dr-khatia-kikalishvili\/\" \/>\n<meta property=\"og:site_name\" content=\"libmod.de - Zentrum Liberale Moderne\" \/>\n<meta property=\"article:publisher\" content=\"https:\/\/www.facebook.com\/LiberaleModerne\/\" \/>\n<meta property=\"article:modified_time\" content=\"2022-08-01T11:00:01+00:00\" \/>\n<meta property=\"og:image\" content=\"https:\/\/libmod.de\/wp-content\/uploads\/KhatiaFoto-770x513.jpg\" \/>\n<meta name=\"twitter:card\" content=\"summary_large_image\" \/>\n<meta name=\"twitter:site\" content=\"@liberalemoderne\" \/>\n<meta name=\"twitter:label1\" content=\"Est. reading time\" \/>\n\t<meta name=\"twitter:data1\" content=\"2 minutes\" \/>\n<script type=\"application\/ld+json\" class=\"yoast-schema-graph\">{\"@context\":\"https:\\\/\\\/schema.org\",\"@graph\":[{\"@type\":\"WebPage\",\"@id\":\"https:\\\/\\\/libmod.de\\\/en\\\/about-us\\\/dr-khatia-kikalishvili\\\/\",\"url\":\"https:\\\/\\\/libmod.de\\\/en\\\/about-us\\\/dr-khatia-kikalishvili\\\/\",\"name\":\"Dr. Khatia Kikalishvili - libmod.de - Zentrum Liberale Moderne\",\"isPartOf\":{\"@id\":\"https:\\\/\\\/libmod.de\\\/#website\"},\"primaryImageOfPage\":{\"@id\":\"https:\\\/\\\/libmod.de\\\/en\\\/about-us\\\/dr-khatia-kikalishvili\\\/#primaryimage\"},\"image\":{\"@id\":\"https:\\\/\\\/libmod.de\\\/en\\\/about-us\\\/dr-khatia-kikalishvili\\\/#primaryimage\"},\"thumbnailUrl\":\"https:\\\/\\\/libmod.de\\\/wp-content\\\/uploads\\\/KhatiaFoto-770x513.jpg\",\"datePublished\":\"2022-07-29T07:58:38+00:00\",\"dateModified\":\"2022-08-01T11:00:01+00:00\",\"description\":\"Dr Khatia Kikalishvili is Programme Director for Eastern Partnership at the Centre for Liberal Modernity (Libmod). Before joining LibMod, she worked for several years as a research assistant for foreign and European policy in the German Bundestag. Her areas of expertise are: Eastern Partnership, EU integration, German foreign policy towards Russia and Eastern Europe.\",\"breadcrumb\":{\"@id\":\"https:\\\/\\\/libmod.de\\\/en\\\/about-us\\\/dr-khatia-kikalishvili\\\/#breadcrumb\"},\"inLanguage\":\"en-US\",\"potentialAction\":[{\"@type\":\"ReadAction\",\"target\":[\"https:\\\/\\\/libmod.de\\\/en\\\/about-us\\\/dr-khatia-kikalishvili\\\/\"]}]},{\"@type\":\"ImageObject\",\"inLanguage\":\"en-US\",\"@id\":\"https:\\\/\\\/libmod.de\\\/en\\\/about-us\\\/dr-khatia-kikalishvili\\\/#primaryimage\",\"url\":\"https:\\\/\\\/libmod.de\\\/wp-content\\\/uploads\\\/KhatiaFoto-770x513.jpg\",\"contentUrl\":\"https:\\\/\\\/libmod.de\\\/wp-content\\\/uploads\\\/KhatiaFoto-770x513.jpg\"},{\"@type\":\"BreadcrumbList\",\"@id\":\"https:\\\/\\\/libmod.de\\\/en\\\/about-us\\\/dr-khatia-kikalishvili\\\/#breadcrumb\",\"itemListElement\":[{\"@type\":\"ListItem\",\"position\":1,\"name\":\"Startseite\",\"item\":\"https:\\\/\\\/libmod.de\\\/en\\\/\"},{\"@type\":\"ListItem\",\"position\":2,\"name\":\"About us\",\"item\":\"https:\\\/\\\/libmod.de\\\/en\\\/about-us\\\/\"},{\"@type\":\"ListItem\",\"position\":3,\"name\":\"Dr. Khatia Kikalishvili\"}]},{\"@type\":\"WebSite\",\"@id\":\"https:\\\/\\\/libmod.de\\\/#website\",\"url\":\"https:\\\/\\\/libmod.de\\\/\",\"name\":\"libmod.de - Zentrum Liberale Moderne\",\"description\":\"Think Tank f\u00fcr Politik in Berlin\",\"publisher\":{\"@id\":\"https:\\\/\\\/libmod.de\\\/#organization\"},\"potentialAction\":[{\"@type\":\"SearchAction\",\"target\":{\"@type\":\"EntryPoint\",\"urlTemplate\":\"https:\\\/\\\/libmod.de\\\/?s={search_term_string}\"},\"query-input\":{\"@type\":\"PropertyValueSpecification\",\"valueRequired\":true,\"valueName\":\"search_term_string\"}}],\"inLanguage\":\"en-US\"},{\"@type\":\"Organization\",\"@id\":\"https:\\\/\\\/libmod.de\\\/#organization\",\"name\":\"Zentrum Liberale Moderne\",\"url\":\"https:\\\/\\\/libmod.de\\\/\",\"logo\":{\"@type\":\"ImageObject\",\"inLanguage\":\"en-US\",\"@id\":\"https:\\\/\\\/libmod.de\\\/#\\\/schema\\\/logo\\\/image\\\/\",\"url\":\"https:\\\/\\\/libmodredaktion.fra1.digitaloceanspaces.com\\\/wp-content\\\/uploads\\\/20240905145818\\\/LibMod_Logo_XL.jpg\",\"contentUrl\":\"https:\\\/\\\/libmodredaktion.fra1.digitaloceanspaces.com\\\/wp-content\\\/uploads\\\/20240905145818\\\/LibMod_Logo_XL.jpg\",\"width\":1439,\"height\":615,\"caption\":\"Zentrum Liberale Moderne\"},\"image\":{\"@id\":\"https:\\\/\\\/libmod.de\\\/#\\\/schema\\\/logo\\\/image\\\/\"},\"sameAs\":[\"https:\\\/\\\/www.facebook.com\\\/LiberaleModerne\\\/\",\"https:\\\/\\\/x.com\\\/liberalemoderne\",\"https:\\\/\\\/www.youtube.com\\\/channel\\\/UC4Yl_V4pm1LwryD04ky54SA\",\"https:\\\/\\\/www.instagram.com\\\/libmod\\\/\",\"https:\\\/\\\/bsky.app\\\/profile\\\/libmod.de\"],\"description\":\"Das Zentrum Liberale Moderne ist ein politischer Think Tank und eine Debattenplattform. LibMod steht f\u00fcr die Verteidigung und Erneuerung der liberalen Demokratie, f\u00fcr den Aufbruch in die \u00f6kologische Moderne und f\u00fcr eine fundierte Osteuropa-Expertise.\"}]}<\/script>\n<!-- \/ Yoast SEO Premium plugin. -->","yoast_head_json":{"title":"Dr. Khatia Kikalishvili - libmod.de - Zentrum Liberale Moderne","description":"Dr Khatia Kikalishvili is Programme Director for Eastern Partnership at the Centre for Liberal Modernity (Libmod). Before joining LibMod, she worked for several years as a research assistant for foreign and European policy in the German Bundestag. Her areas of expertise are: Eastern Partnership, EU integration, German foreign policy towards Russia and Eastern Europe.","robots":{"index":"index","follow":"follow","max-snippet":"max-snippet:-1","max-image-preview":"max-image-preview:large","max-video-preview":"max-video-preview:-1"},"canonical":"https:\/\/libmod.de\/en\/about-us\/dr-khatia-kikalishvili\/","og_locale":"en_US","og_type":"article","og_title":"Dr. Khatia Kikalishvili","og_description":"Dr Khatia Kikalishvili is Programme Director for Eastern Partnership at the Centre for Liberal Modernity (Libmod). Before joining LibMod, she worked for several years as a research assistant for foreign and European policy in the German Bundestag. Her areas of expertise are: Eastern Partnership, EU integration, German foreign policy towards Russia and Eastern Europe.","og_url":"https:\/\/libmod.de\/en\/about-us\/dr-khatia-kikalishvili\/","og_site_name":"libmod.de - Zentrum Liberale Moderne","article_publisher":"https:\/\/www.facebook.com\/LiberaleModerne\/","article_modified_time":"2022-08-01T11:00:01+00:00","og_image":[{"url":"https:\/\/libmod.de\/wp-content\/uploads\/KhatiaFoto-770x513.jpg","type":"","width":"","height":""}],"twitter_card":"summary_large_image","twitter_site":"@liberalemoderne","twitter_misc":{"Est. reading time":"2 minutes"},"schema":{"@context":"https:\/\/schema.org","@graph":[{"@type":"WebPage","@id":"https:\/\/libmod.de\/en\/about-us\/dr-khatia-kikalishvili\/","url":"https:\/\/libmod.de\/en\/about-us\/dr-khatia-kikalishvili\/","name":"Dr. Khatia Kikalishvili - libmod.de - Zentrum Liberale Moderne","isPartOf":{"@id":"https:\/\/libmod.de\/#website"},"primaryImageOfPage":{"@id":"https:\/\/libmod.de\/en\/about-us\/dr-khatia-kikalishvili\/#primaryimage"},"image":{"@id":"https:\/\/libmod.de\/en\/about-us\/dr-khatia-kikalishvili\/#primaryimage"},"thumbnailUrl":"https:\/\/libmod.de\/wp-content\/uploads\/KhatiaFoto-770x513.jpg","datePublished":"2022-07-29T07:58:38+00:00","dateModified":"2022-08-01T11:00:01+00:00","description":"Dr Khatia Kikalishvili is Programme Director for Eastern Partnership at the Centre for Liberal Modernity (Libmod). Before joining LibMod, she worked for several years as a research assistant for foreign and European policy in the German Bundestag. Her areas of expertise are: Eastern Partnership, EU integration, German foreign policy towards Russia and Eastern Europe.","breadcrumb":{"@id":"https:\/\/libmod.de\/en\/about-us\/dr-khatia-kikalishvili\/#breadcrumb"},"inLanguage":"en-US","potentialAction":[{"@type":"ReadAction","target":["https:\/\/libmod.de\/en\/about-us\/dr-khatia-kikalishvili\/"]}]},{"@type":"ImageObject","inLanguage":"en-US","@id":"https:\/\/libmod.de\/en\/about-us\/dr-khatia-kikalishvili\/#primaryimage","url":"https:\/\/libmod.de\/wp-content\/uploads\/KhatiaFoto-770x513.jpg","contentUrl":"https:\/\/libmod.de\/wp-content\/uploads\/KhatiaFoto-770x513.jpg"},{"@type":"BreadcrumbList","@id":"https:\/\/libmod.de\/en\/about-us\/dr-khatia-kikalishvili\/#breadcrumb","itemListElement":[{"@type":"ListItem","position":1,"name":"Startseite","item":"https:\/\/libmod.de\/en\/"},{"@type":"ListItem","position":2,"name":"About us","item":"https:\/\/libmod.de\/en\/about-us\/"},{"@type":"ListItem","position":3,"name":"Dr. Khatia Kikalishvili"}]},{"@type":"WebSite","@id":"https:\/\/libmod.de\/#website","url":"https:\/\/libmod.de\/","name":"libmod.de - Zentrum Liberale Moderne","description":"Think Tank f\u00fcr Politik in Berlin","publisher":{"@id":"https:\/\/libmod.de\/#organization"},"potentialAction":[{"@type":"SearchAction","target":{"@type":"EntryPoint","urlTemplate":"https:\/\/libmod.de\/?s={search_term_string}"},"query-input":{"@type":"PropertyValueSpecification","valueRequired":true,"valueName":"search_term_string"}}],"inLanguage":"en-US"},{"@type":"Organization","@id":"https:\/\/libmod.de\/#organization","name":"Zentrum Liberale Moderne","url":"https:\/\/libmod.de\/","logo":{"@type":"ImageObject","inLanguage":"en-US","@id":"https:\/\/libmod.de\/#\/schema\/logo\/image\/","url":"https:\/\/libmodredaktion.fra1.digitaloceanspaces.com\/wp-content\/uploads\/20240905145818\/LibMod_Logo_XL.jpg","contentUrl":"https:\/\/libmodredaktion.fra1.digitaloceanspaces.com\/wp-content\/uploads\/20240905145818\/LibMod_Logo_XL.jpg","width":1439,"height":615,"caption":"Zentrum Liberale Moderne"},"image":{"@id":"https:\/\/libmod.de\/#\/schema\/logo\/image\/"},"sameAs":["https:\/\/www.facebook.com\/LiberaleModerne\/","https:\/\/x.com\/liberalemoderne","https:\/\/www.youtube.com\/channel\/UC4Yl_V4pm1LwryD04ky54SA","https:\/\/www.instagram.com\/libmod\/","https:\/\/bsky.app\/profile\/libmod.de"],"description":"Das Zentrum Liberale Moderne ist ein politischer Think Tank und eine Debattenplattform. LibMod steht f\u00fcr die Verteidigung und Erneuerung der liberalen Demokratie, f\u00fcr den Aufbruch in die \u00f6kologische Moderne und f\u00fcr eine fundierte Osteuropa-Expertise."}]}},"_links":{"self":[{"href":"https:\/\/libmod.de\/en\/wp-json\/wp\/v2\/pages\/48191","targetHints":{"allow":["GET"]}}],"collection":[{"href":"https:\/\/libmod.de\/en\/wp-json\/wp\/v2\/pages"}],"about":[{"href":"https:\/\/libmod.de\/en\/wp-json\/wp\/v2\/types\/page"}],"author":[{"embeddable":true,"href":"https:\/\/libmod.de\/en\/wp-json\/wp\/v2\/users\/252"}],"replies":[{"embeddable":true,"href":"https:\/\/libmod.de\/en\/wp-json\/wp\/v2\/comments?post=48191"}],"version-history":[{"count":6,"href":"https:\/\/libmod.de\/en\/wp-json\/wp\/v2\/pages\/48191\/revisions"}],"predecessor-version":[{"id":48233,"href":"https:\/\/libmod.de\/en\/wp-json\/wp\/v2\/pages\/48191\/revisions\/48233"}],"up":[{"embeddable":true,"href":"https:\/\/libmod.de\/en\/wp-json\/wp\/v2\/pages\/26877"}],"wp:attachment":[{"href":"https:\/\/libmod.de\/en\/wp-json\/wp\/v2\/media?parent=48191"}],"curies":[{"name":"wp","href":"https:\/\/api.w.org\/{rel}","templated":true}]}}