{"id":48610,"date":"2022-08-17T15:48:43","date_gmt":"2022-08-17T13:48:43","guid":{"rendered":"https:\/\/libmod.de\/defending-freedom-copy\/"},"modified":"2026-03-04T16:13:50","modified_gmt":"2026-03-04T15:13:50","slug":"network-russia","status":"publish","type":"page","link":"https:\/\/libmod.de\/en\/network-russia\/","title":{"rendered":"Welcome to LibMod\u2019s Russia&nbsp;Programme"},"content":{"rendered":"<div class=\"wpb-content-wrapper\"><p>[vc_\u200brow css=\u201d.vc_custom_1660745072081{margin-top: 20px !important;margin-right: \u201110px !important;margin-left: \u201115px !important;}\u201d][vc_column][vc_column_text]<\/p>\n<figure id=\"attachment_51459\" aria-describedby=\"caption-attachment-51459\" style=\"width: 1200px\" class=\"wp-caption alignnone\"><img class=\"wp-image-51459 size-full\" src=\"https:\/\/libmodredaktion.fra1.digitaloceanspaces.com\/wp-content\/uploads\/20240905142910\/Titelfoto_IENR500-1.jpg\" alt width=\"1200\" height=\"500\" srcset=\"https:\/\/libmodredaktion.fra1.digitaloceanspaces.com\/wp-content\/uploads\/20240905142910\/Titelfoto_IENR500-1.jpg 1200w, https:\/\/libmodredaktion.fra1.digitaloceanspaces.com\/wp-content\/uploads\/20240905142910\/Titelfoto_IENR500-1-770x321.jpg 770w, https:\/\/libmodredaktion.fra1.digitaloceanspaces.com\/wp-content\/uploads\/20240905142910\/Titelfoto_IENR500-1-768x320.jpg 768w\" sizes=\"(max-width: 1200px) 100vw, 1200px\"><figcaption id=\"caption-attachment-51459\" class=\"wp-caption-text\">Photo: Olga Posa\u0161kova, Lietuvos Respub\u00adlikos&nbsp;Seimas<\/figcaption><\/figure>\n<p>[\/vc_column_text][\/vc_column][\/vc_row][vc_row css=\u201d.vc_custom_1723585015396{margin-top: 20px !important;margin-right: \u201120px !important;margin-left: 5px !important;}\u201d][vc_column width=\u201c2\/3\u201d css=\u201d.vc_custom_1723584545665{background-color: #d6e8f4 !important;}\u201d][vc_column_text css=\u201d.vc_custom_1772636692872{margin-top: \u201120px !important;padding-bottom: 19px !important;}\u201d]<\/p>\n<p style=\"font-weight: 400;\">Putin\u2019s Russia is a&nbsp;serious threat to liberal democ\u00adracies all over Europe. With its colonial war of aggression against Ukraine and hybrid warfare across Europe, the Kremlin is trying to stifle freedom and to undermine confi\u00addence in democ\u00adratic insti\u00adtu\u00adtions, while building a&nbsp;neo-total\u00adi\u00adtarian state within&nbsp;Russia.<\/p>\n<p style=\"font-weight: 400;\">Our Russia programme brings together experts, politi\u00adcians, journalists, and civil society repre\u00adsen\u00adta\u00adtives to foster a&nbsp;robust under\u00adstanding of Russian politics and society, and to formulate appro\u00adpriate policies towards Moscow. We also work closely with Russian human rights activists, opposition members and dissi\u00addents in exile. Our aim is an assertive European policy that can effec\u00adtively contain and deter the Russian regime, while maintaining the long-term option of political change in the&nbsp;country.<\/p>\n<p style=\"text-align: right;\">For analysis in <a href=\"https:\/\/russlandverstehen.eu\/ru\/\" target=\"_blank\" rel=\"noopener\">Russian<\/a> and <a href=\"https:\/\/russlandverstehen.eu\/\" target=\"_blank\" rel=\"noopener\">German<\/a>, check out our website <a href=\"https:\/\/russlandverstehen.eu\/\" target=\"_blank\" rel=\"noopener\">Russland verstehen<\/a>!<\/p>\n<p>[\/vc_column_text][\/vc_column][vc_column width=\u201c1\/3\u201d css=\u201d.vc_custom_1723585057700{margin-left: \u201122px !important;}\u201d][vc_column_text css=\u201d.vc_custom_1723585069891{margin-right: \u201110px !important;}\u201d]<img class=\"alignnone wp-image-51455 size-full\" src=\"https:\/\/libmodredaktion.fra1.digitaloceanspaces.com\/wp-content\/uploads\/20240905142911\/INER800.jpg\" alt width=\"1200\" height=\"800\" srcset=\"https:\/\/libmodredaktion.fra1.digitaloceanspaces.com\/wp-content\/uploads\/20240905142911\/INER800.jpg 1200w, https:\/\/libmodredaktion.fra1.digitaloceanspaces.com\/wp-content\/uploads\/20240905142911\/INER800-770x513.jpg 770w, https:\/\/libmodredaktion.fra1.digitaloceanspaces.com\/wp-content\/uploads\/20240905142911\/INER800-768x512.jpg 768w\" sizes=\"(max-width: 1200px) 100vw, 1200px\">[\/vc_column_text][\/vc_column][\/vc_row][vc_row css=\u201d.vc_custom_1508255211588{margin-top: 30px !important;}\u201d][vc_column][vc_column_text]<\/p>\n<h3><\/h3>\n<p>[\/vc_column_text][vc_basic_grid post_type=\u201cpost\u201d max_items=\u201c200\u201d style=\u201cload-more\u201d items_per_page=\u201c9\u201d item=\u201c24066\u201d initial_loading_animation=\u201cnone\u201d css=\u201d.vc_custom_1664539594174{background-color: #ffffff !important;}\u201d btn_title=\u201cMORE\u201d btn_color=\u201cturquoise\u201d btn_size=\u201clg\u201d grid_id=\u201cvc_gid:1772636020608\u20130353aaf9-0291\u20135\u201d taxonomies=\u201c14967, 14971\u201d][\/vc_column][\/vc_row][vc_row][vc_column][\/vc_column][\/vc_row]<\/p>\n<\/div>","protected":false},"excerpt":{"rendered":"<p>[vc_\u200b\u200brow css=\u201d.vc_custom_1660745072081{margin-top: 20px !important;margin-right: \u201110px !important;margin-left: \u201115px !important;}\u201d][vc_column][vc_column_text] [\/vc_column_text][\/vc_column][\/vc_row][vc_row css=\u201d.vc_custom_1723585015396{margin-top: 20px !important;margin-right: \u201120px !important;margin-left: 5px !important;}\u201d][vc_column width=\u201c2\/3\u201d css=\u201d.vc_custom_1723584545665{background-color: #d6e8f4 !important;}\u201d][vc_column_text css=\u201d.vc_custom_1772636692872{margin-top: \u201120px !important;padding-bottom: 19px !important;}\u201d] Putin\u2019s Russia is a&nbsp;serious threat...<\/p>\n","protected":false},"author":257,"featured_media":49504,"parent":0,"menu_order":1,"comment_status":"closed","ping_status":"closed","template":"","meta":{"_acf_changed":false,"wp_typography_post_enhancements_disabled":false,"footnotes":""},"class_list":["post-48610","page","type-page","status-publish","has-post-thumbnail"],"acf":[],"yoast_head":"<!-- This site is optimized with the Yoast SEO Premium plugin v27.0 (Yoast SEO v27.3) - https:\/\/yoast.com\/product\/yoast-seo-premium-wordpress\/ -->\n<title>LibMod \u2013 Expert Network Russia<\/title>\n<meta name=\"description\" content=\"The Center of Liberal Modernity&#039;s International Expert Network brings together scholars, public intellectuals, journalists, politicians and civil society activists in order to improve Western policy coordination versus Russia.\" \/>\n<meta name=\"robots\" content=\"index, follow, max-snippet:-1, max-image-preview:large, max-video-preview:-1\" \/>\n<link rel=\"canonical\" href=\"https:\/\/libmod.de\/en\/network-russia\/\" \/>\n<meta property=\"og:locale\" content=\"en_US\" \/>\n<meta property=\"og:type\" content=\"article\" \/>\n<meta property=\"og:title\" content=\"International Expert Network Russia\" \/>\n<meta property=\"og:description\" content=\"The Center of Liberal Modernity&#039;s International Expert Network brings together scholars, public intellectuals, journalists, politicians and civil society activists in order to improve Western policy coordination versus Russia.\" \/>\n<meta property=\"og:url\" content=\"https:\/\/libmod.de\/en\/network-russia\/\" \/>\n<meta property=\"og:site_name\" content=\"libmod.de - Zentrum Liberale Moderne\" \/>\n<meta property=\"article:publisher\" content=\"https:\/\/www.facebook.com\/LiberaleModerne\/\" \/>\n<meta property=\"article:modified_time\" content=\"2026-03-04T15:13:50+00:00\" \/>\n<meta property=\"og:image\" content=\"https:\/\/libmodredaktion.fra1.digitaloceanspaces.com\/wp-content\/uploads\/20240905143250\/zlm_Projekte_IEGR.jpg\" \/>\n\t<meta property=\"og:image:width\" content=\"1200\" \/>\n\t<meta property=\"og:image:height\" content=\"800\" \/>\n\t<meta property=\"og:image:type\" content=\"image\/jpeg\" \/>\n<meta name=\"twitter:card\" content=\"summary_large_image\" \/>\n<meta name=\"twitter:title\" content=\"International Expert Network Russia\" \/>\n<meta name=\"twitter:description\" content=\"The Center of Liberal Modernity&#039;s International Expert Network brings together scholars, public intellectuals, journalists, politicians and civil society activists in order to improve Western policy coordination versus Russia.\" \/>\n<meta name=\"twitter:image\" content=\"https:\/\/libmodredaktion.fra1.digitaloceanspaces.com\/wp-content\/uploads\/20240905143250\/zlm_Projekte_IEGR.jpg\" \/>\n<meta name=\"twitter:site\" content=\"@liberalemoderne\" \/>\n<meta name=\"twitter:label1\" content=\"Est. reading time\" \/>\n\t<meta name=\"twitter:data1\" content=\"2 minutes\" \/>\n<script type=\"application\/ld+json\" class=\"yoast-schema-graph\">{\"@context\":\"https:\\\/\\\/schema.org\",\"@graph\":[{\"@type\":\"WebPage\",\"@id\":\"https:\\\/\\\/libmod.de\\\/en\\\/network-russia\\\/\",\"url\":\"https:\\\/\\\/libmod.de\\\/en\\\/network-russia\\\/\",\"name\":\"LibMod \u2013 Expert Network Russia\",\"isPartOf\":{\"@id\":\"https:\\\/\\\/libmod.de\\\/#website\"},\"primaryImageOfPage\":{\"@id\":\"https:\\\/\\\/libmod.de\\\/en\\\/network-russia\\\/#primaryimage\"},\"image\":{\"@id\":\"https:\\\/\\\/libmod.de\\\/en\\\/network-russia\\\/#primaryimage\"},\"thumbnailUrl\":\"https:\\\/\\\/libmodredaktion.fra1.digitaloceanspaces.com\\\/wp-content\\\/uploads\\\/20240905143242\\\/zlm_Projekte_IEGR3.jpg\",\"datePublished\":\"2022-08-17T13:48:43+00:00\",\"dateModified\":\"2026-03-04T15:13:50+00:00\",\"description\":\"The Center of Liberal Modernity's International Expert Network brings together scholars, public intellectuals, journalists, politicians and civil society activists in order to improve Western policy coordination versus Russia.\",\"breadcrumb\":{\"@id\":\"https:\\\/\\\/libmod.de\\\/en\\\/network-russia\\\/#breadcrumb\"},\"inLanguage\":\"en-US\",\"potentialAction\":[{\"@type\":\"ReadAction\",\"target\":[\"https:\\\/\\\/libmod.de\\\/en\\\/network-russia\\\/\"]}]},{\"@type\":\"ImageObject\",\"inLanguage\":\"en-US\",\"@id\":\"https:\\\/\\\/libmod.de\\\/en\\\/network-russia\\\/#primaryimage\",\"url\":\"https:\\\/\\\/libmodredaktion.fra1.digitaloceanspaces.com\\\/wp-content\\\/uploads\\\/20240905143242\\\/zlm_Projekte_IEGR3.jpg\",\"contentUrl\":\"https:\\\/\\\/libmodredaktion.fra1.digitaloceanspaces.com\\\/wp-content\\\/uploads\\\/20240905143242\\\/zlm_Projekte_IEGR3.jpg\",\"width\":1200,\"height\":800},{\"@type\":\"BreadcrumbList\",\"@id\":\"https:\\\/\\\/libmod.de\\\/en\\\/network-russia\\\/#breadcrumb\",\"itemListElement\":[{\"@type\":\"ListItem\",\"position\":1,\"name\":\"Startseite\",\"item\":\"https:\\\/\\\/libmod.de\\\/en\\\/\"},{\"@type\":\"ListItem\",\"position\":2,\"name\":\"Welcome to LibMod&#8217;s Russia Programme\"}]},{\"@type\":\"WebSite\",\"@id\":\"https:\\\/\\\/libmod.de\\\/#website\",\"url\":\"https:\\\/\\\/libmod.de\\\/\",\"name\":\"libmod.de - Zentrum Liberale Moderne\",\"description\":\"Think Tank f\u00fcr Politik in Berlin\",\"publisher\":{\"@id\":\"https:\\\/\\\/libmod.de\\\/#organization\"},\"potentialAction\":[{\"@type\":\"SearchAction\",\"target\":{\"@type\":\"EntryPoint\",\"urlTemplate\":\"https:\\\/\\\/libmod.de\\\/?s={search_term_string}\"},\"query-input\":{\"@type\":\"PropertyValueSpecification\",\"valueRequired\":true,\"valueName\":\"search_term_string\"}}],\"inLanguage\":\"en-US\"},{\"@type\":\"Organization\",\"@id\":\"https:\\\/\\\/libmod.de\\\/#organization\",\"name\":\"Zentrum Liberale Moderne\",\"url\":\"https:\\\/\\\/libmod.de\\\/\",\"logo\":{\"@type\":\"ImageObject\",\"inLanguage\":\"en-US\",\"@id\":\"https:\\\/\\\/libmod.de\\\/#\\\/schema\\\/logo\\\/image\\\/\",\"url\":\"https:\\\/\\\/libmodredaktion.fra1.digitaloceanspaces.com\\\/wp-content\\\/uploads\\\/20240905145818\\\/LibMod_Logo_XL.jpg\",\"contentUrl\":\"https:\\\/\\\/libmodredaktion.fra1.digitaloceanspaces.com\\\/wp-content\\\/uploads\\\/20240905145818\\\/LibMod_Logo_XL.jpg\",\"width\":1439,\"height\":615,\"caption\":\"Zentrum Liberale Moderne\"},\"image\":{\"@id\":\"https:\\\/\\\/libmod.de\\\/#\\\/schema\\\/logo\\\/image\\\/\"},\"sameAs\":[\"https:\\\/\\\/www.facebook.com\\\/LiberaleModerne\\\/\",\"https:\\\/\\\/x.com\\\/liberalemoderne\",\"https:\\\/\\\/www.youtube.com\\\/channel\\\/UC4Yl_V4pm1LwryD04ky54SA\",\"https:\\\/\\\/www.instagram.com\\\/libmod\\\/\",\"https:\\\/\\\/bsky.app\\\/profile\\\/libmod.de\"],\"description\":\"Das Zentrum Liberale Moderne ist ein politischer Think Tank und eine Debattenplattform. LibMod steht f\u00fcr die Verteidigung und Erneuerung der liberalen Demokratie, f\u00fcr den Aufbruch in die \u00f6kologische Moderne und f\u00fcr eine fundierte Osteuropa-Expertise.\"}]}<\/script>\n<!-- \/ Yoast SEO Premium plugin. -->","yoast_head_json":{"title":"LibMod \u2013 Expert Network Russia","description":"The Center of Liberal Modernity's International Expert Network brings together scholars, public intellectuals, journalists, politicians and civil society activists in order to improve Western policy coordination versus Russia.","robots":{"index":"index","follow":"follow","max-snippet":"max-snippet:-1","max-image-preview":"max-image-preview:large","max-video-preview":"max-video-preview:-1"},"canonical":"https:\/\/libmod.de\/en\/network-russia\/","og_locale":"en_US","og_type":"article","og_title":"International Expert Network Russia","og_description":"The Center of Liberal Modernity's International Expert Network brings together scholars, public intellectuals, journalists, politicians and civil society activists in order to improve Western policy coordination versus Russia.","og_url":"https:\/\/libmod.de\/en\/network-russia\/","og_site_name":"libmod.de - Zentrum Liberale Moderne","article_publisher":"https:\/\/www.facebook.com\/LiberaleModerne\/","article_modified_time":"2026-03-04T15:13:50+00:00","og_image":[{"width":1200,"height":800,"url":"https:\/\/libmodredaktion.fra1.digitaloceanspaces.com\/wp-content\/uploads\/20240905143250\/zlm_Projekte_IEGR.jpg","type":"image\/jpeg"}],"twitter_card":"summary_large_image","twitter_title":"International Expert Network Russia","twitter_description":"The Center of Liberal Modernity's International Expert Network brings together scholars, public intellectuals, journalists, politicians and civil society activists in order to improve Western policy coordination versus Russia.","twitter_image":"https:\/\/libmodredaktion.fra1.digitaloceanspaces.com\/wp-content\/uploads\/20240905143250\/zlm_Projekte_IEGR.jpg","twitter_site":"@liberalemoderne","twitter_misc":{"Est. reading time":"2 minutes"},"schema":{"@context":"https:\/\/schema.org","@graph":[{"@type":"WebPage","@id":"https:\/\/libmod.de\/en\/network-russia\/","url":"https:\/\/libmod.de\/en\/network-russia\/","name":"LibMod \u2013 Expert Network Russia","isPartOf":{"@id":"https:\/\/libmod.de\/#website"},"primaryImageOfPage":{"@id":"https:\/\/libmod.de\/en\/network-russia\/#primaryimage"},"image":{"@id":"https:\/\/libmod.de\/en\/network-russia\/#primaryimage"},"thumbnailUrl":"https:\/\/libmodredaktion.fra1.digitaloceanspaces.com\/wp-content\/uploads\/20240905143242\/zlm_Projekte_IEGR3.jpg","datePublished":"2022-08-17T13:48:43+00:00","dateModified":"2026-03-04T15:13:50+00:00","description":"The Center of Liberal Modernity's International Expert Network brings together scholars, public intellectuals, journalists, politicians and civil society activists in order to improve Western policy coordination versus Russia.","breadcrumb":{"@id":"https:\/\/libmod.de\/en\/network-russia\/#breadcrumb"},"inLanguage":"en-US","potentialAction":[{"@type":"ReadAction","target":["https:\/\/libmod.de\/en\/network-russia\/"]}]},{"@type":"ImageObject","inLanguage":"en-US","@id":"https:\/\/libmod.de\/en\/network-russia\/#primaryimage","url":"https:\/\/libmodredaktion.fra1.digitaloceanspaces.com\/wp-content\/uploads\/20240905143242\/zlm_Projekte_IEGR3.jpg","contentUrl":"https:\/\/libmodredaktion.fra1.digitaloceanspaces.com\/wp-content\/uploads\/20240905143242\/zlm_Projekte_IEGR3.jpg","width":1200,"height":800},{"@type":"BreadcrumbList","@id":"https:\/\/libmod.de\/en\/network-russia\/#breadcrumb","itemListElement":[{"@type":"ListItem","position":1,"name":"Startseite","item":"https:\/\/libmod.de\/en\/"},{"@type":"ListItem","position":2,"name":"Welcome to LibMod&#8217;s Russia Programme"}]},{"@type":"WebSite","@id":"https:\/\/libmod.de\/#website","url":"https:\/\/libmod.de\/","name":"libmod.de - Zentrum Liberale Moderne","description":"Think Tank f\u00fcr Politik in Berlin","publisher":{"@id":"https:\/\/libmod.de\/#organization"},"potentialAction":[{"@type":"SearchAction","target":{"@type":"EntryPoint","urlTemplate":"https:\/\/libmod.de\/?s={search_term_string}"},"query-input":{"@type":"PropertyValueSpecification","valueRequired":true,"valueName":"search_term_string"}}],"inLanguage":"en-US"},{"@type":"Organization","@id":"https:\/\/libmod.de\/#organization","name":"Zentrum Liberale Moderne","url":"https:\/\/libmod.de\/","logo":{"@type":"ImageObject","inLanguage":"en-US","@id":"https:\/\/libmod.de\/#\/schema\/logo\/image\/","url":"https:\/\/libmodredaktion.fra1.digitaloceanspaces.com\/wp-content\/uploads\/20240905145818\/LibMod_Logo_XL.jpg","contentUrl":"https:\/\/libmodredaktion.fra1.digitaloceanspaces.com\/wp-content\/uploads\/20240905145818\/LibMod_Logo_XL.jpg","width":1439,"height":615,"caption":"Zentrum Liberale Moderne"},"image":{"@id":"https:\/\/libmod.de\/#\/schema\/logo\/image\/"},"sameAs":["https:\/\/www.facebook.com\/LiberaleModerne\/","https:\/\/x.com\/liberalemoderne","https:\/\/www.youtube.com\/channel\/UC4Yl_V4pm1LwryD04ky54SA","https:\/\/www.instagram.com\/libmod\/","https:\/\/bsky.app\/profile\/libmod.de"],"description":"Das Zentrum Liberale Moderne ist ein politischer Think Tank und eine Debattenplattform. LibMod steht f\u00fcr die Verteidigung und Erneuerung der liberalen Demokratie, f\u00fcr den Aufbruch in die \u00f6kologische Moderne und f\u00fcr eine fundierte Osteuropa-Expertise."}]}},"_links":{"self":[{"href":"https:\/\/libmod.de\/en\/wp-json\/wp\/v2\/pages\/48610","targetHints":{"allow":["GET"]}}],"collection":[{"href":"https:\/\/libmod.de\/en\/wp-json\/wp\/v2\/pages"}],"about":[{"href":"https:\/\/libmod.de\/en\/wp-json\/wp\/v2\/types\/page"}],"author":[{"embeddable":true,"href":"https:\/\/libmod.de\/en\/wp-json\/wp\/v2\/users\/257"}],"replies":[{"embeddable":true,"href":"https:\/\/libmod.de\/en\/wp-json\/wp\/v2\/comments?post=48610"}],"version-history":[{"count":11,"href":"https:\/\/libmod.de\/en\/wp-json\/wp\/v2\/pages\/48610\/revisions"}],"predecessor-version":[{"id":77735,"href":"https:\/\/libmod.de\/en\/wp-json\/wp\/v2\/pages\/48610\/revisions\/77735"}],"wp:featuredmedia":[{"embeddable":true,"href":"https:\/\/libmod.de\/en\/wp-json\/wp\/v2\/media\/49504"}],"wp:attachment":[{"href":"https:\/\/libmod.de\/en\/wp-json\/wp\/v2\/media?parent=48610"}],"curies":[{"name":"wp","href":"https:\/\/api.w.org\/{rel}","templated":true}]}}