{"id":53951,"date":"2023-05-09T15:00:42","date_gmt":"2023-05-09T13:00:42","guid":{"rendered":"https:\/\/libmod.de\/about-us\/karolina-wigura\/"},"modified":"2023-05-09T15:09:50","modified_gmt":"2023-05-09T13:09:50","slug":"karolina-wigura","status":"publish","type":"page","link":"https:\/\/libmod.de\/en\/about-us\/karolina-wigura\/","title":{"rendered":"Karolina Wigura"},"content":{"rendered":"<div class=\"wpb-content-wrapper\"><p>[vc_row][vc_column][vc_column_text css=\u201d.vc_custom_1683637470472{margin-top: \u201120px !important;}\u201d]<\/p>\n<div class=\"mceTemp\"><\/div>\n<h3>Senior Fellow Liberale&nbsp;Demokratie<\/h3>\n<p>[\/vc_column_text][vc_separator color=\u201cblack\u201d css=\u201d.vc_custom_1653475473969{margin-right: \u201120px !important;margin-left: \u201110px !important;}\u201d][\/vc_column][\/vc_row][vc_row][vc_column width=\u201c1\/2\u201d][vc_column_text css=\u201d.vc_custom_1683637492203{padding-right: 20px !important;padding-left: 2px !important;}\u201d]<img class=\"alignnone wp-image-53947 size-full\" style=\"font-size: 16px;\" src=\"https:\/\/libmodredaktion.fra1.digitaloceanspaces.com\/wp-content\/uploads\/20240905142436\/800-Karolina-Wigura.jpg\" alt width=\"1200\" height=\"800\" srcset=\"https:\/\/libmodredaktion.fra1.digitaloceanspaces.com\/wp-content\/uploads\/20240905142436\/800-Karolina-Wigura.jpg 1200w, https:\/\/libmodredaktion.fra1.digitaloceanspaces.com\/wp-content\/uploads\/20240905142436\/800-Karolina-Wigura-770x513.jpg 770w, https:\/\/libmodredaktion.fra1.digitaloceanspaces.com\/wp-content\/uploads\/20240905142436\/800-Karolina-Wigura-768x512.jpg 768w\" sizes=\"(max-width: 1200px) 100vw, 1200px\"><\/p>\n<p>[\/vc_column_text][vc_separator color=\u201cblack\u201d css=\u201d.vc_custom_1653475846282{margin-top: 30px !important;margin-right: \u201115px !important;margin-left: \u201110px !important;}\u201d][vc_column_text]<\/p>\n<div class=\"mceTemp\"><\/div>\n<h2>Contact<\/h2>\n<p>&nbsp;<\/p>\n<p><a href=\"karolina.wigura@libmod.de\">karolina.wigura@libmod.de<\/a>[\/vc_column_text][\/vc_column][vc_column width=\u201c1\/2\u201d][vc_column_text css=\u201d.vc_custom_1683637764082{padding-right: 10px !important;}\u201d]<\/p>\n<p style=\"font-weight: 400;\">Dr. habil. Karolina Wigura is a&nbsp;historian of ideas, sociol\u00adogist, and journalist. She is member of the Board of Kultura Liberalna Foundation, based in Warsaw, and a&nbsp;Senior Fellow of the Center for Liberal Modernity, based in Berlin. Wigura is also lecturer at Warsaw Univer\u00adsity\u2019s Institute of Sociology and focuses on the political philosophy of the 20th century and emotions in politics, as well as sociology and ethics of memory, partic\u00adu\u00adlarly transi\u00adtional justice, historical guilt, and recon\u00adcil\u00adi\u00adation. She is also an assistant professor and member of the European Council on Foreign Relations. From 2016 to 2018, she was a&nbsp;co-director of the Polish Programme in St. Antony\u2019s College at University of&nbsp;Oxford.<\/p>\n<p style=\"font-weight: 400;\">Wigura was awarded fellow\u00adships at Institute of Advanced Studies in Berlin, Robert Bosch Academy, Institute of Human Sciences in Vienna, German Marshall Fund, and St. Antony\u2019s College at University of Oxford. In 2008, she received the Grand Press prize for her interview with J\u00fcrgen Habermas \u201cEurope in death paralysis.\u201d Wigura is the author of The Guilt of Nations: Forgiveness as a&nbsp;Political Strategy (2011) and The Invention of Modern Heart: Philo\u00adsophical Sources of Contem\u00adporary Thinking of Emotions (2019) \u2013 both in Polish. Her work has also been published in The Guardian, The New York Times, Neue Zuercher Zeitung, Gazeta Wyborcza, and other periodicals.<\/p>\n<p style=\"font-weight: 400;\">Her latest book co-authored with a&nbsp;conser\u00adv\u00adative and catholic intel\u00adlectual Tomasz Terlikowski is \u201cPolish atheist vs. Polish Catholic\u201d recently became one of bestsellers in Poland (2022). Wigura is currently preparing, together with Jaros\u0142aw Kuisz, a&nbsp;book on the impact of the war in Ukraine on Central and Eastern Europe for Suhrkamp&nbsp;Verlag.<\/p>\n<p style=\"font-weight: 400;\">Wigura studied sociology, philosophy, and political science at University of Warsaw and University of Munich. She received her doctorate and habil\u00adi\u00adtation from University of&nbsp;Warsaw.<\/p>\n<p>[\/vc_column_text][\/vc_column][\/vc_row][vc_column][\/vc_column]<\/p>\n<\/div>","protected":false},"excerpt":{"rendered":"<p>[vc_row][vc_column][vc_column_text css=\u201d.vc_custom_1683637470472{margin-top: \u201120px !important;}\u201d] Senior Fellow Liberale&nbsp;Demokratie [\/vc_column_text][vc_separator color=\u201cblack\u201d css=\u201d.vc_custom_1653475473969{margin-right: \u201120px !important;margin-left: \u201110px !important;}\u201d][\/vc_column][\/vc_row][vc_row][vc_column width=\u201c1\/2\u201d][vc_column_text css=\u201d.vc_custom_1683637492203{padding-right: 20px !important;padding-left: 2px !important;}\u201d] [\/vc_column_text][vc_separator color=\u201cblack\u201d css=\u201d.vc_custom_1653475846282{margin-top: 30px !important;margin-right: \u201115px !important;margin-left: \u201110px !important;}\u201d][vc_column_text] Contact...<\/p>\n","protected":false},"author":257,"featured_media":0,"parent":26877,"menu_order":6,"comment_status":"closed","ping_status":"closed","template":"","meta":{"_acf_changed":false,"wp_typography_post_enhancements_disabled":false,"footnotes":""},"class_list":["post-53951","page","type-page","status-publish"],"acf":[],"yoast_head":"<!-- This site is optimized with the Yoast SEO Premium plugin v27.4 (Yoast SEO v27.4) - https:\/\/yoast.com\/product\/yoast-seo-premium-wordpress\/ -->\n<title>Karolina Wigura - libmod.de - Zentrum Liberale Moderne<\/title>\n<meta name=\"description\" content=\"Dr. habil. Karolina Wigura is a historian of ideas, sociologist, and journalist. She is member of the Board of Kultura Liberalna Foundation, based in Warsaw, and a Senior Fellow of the Center for Liberal Modernity, based in Berlin. Wigura is also lecturer at Warsaw University&#039;s Institute of Sociology and focuses on the political philosophy of the 20th century and emotions in politics, as well as sociology and ethics of memory, particularly transitional justice, historical guilt, and reconciliation. She is also an assistant professor and member of the European Council on Foreign Relations. From 2016 to 2018, she was a co-director of the Polish Programme in St. Antony&#039;s College at University of Oxford.\u00a0\" \/>\n<meta name=\"robots\" content=\"index, follow, max-snippet:-1, max-image-preview:large, max-video-preview:-1\" \/>\n<link rel=\"canonical\" href=\"https:\/\/libmod.de\/en\/about-us\/karolina-wigura\/\" \/>\n<meta property=\"og:locale\" content=\"en_US\" \/>\n<meta property=\"og:type\" content=\"article\" \/>\n<meta property=\"og:title\" content=\"Karolina Wigura\" \/>\n<meta property=\"og:description\" content=\"Dr. habil. Karolina Wigura is a historian of ideas, sociologist, and journalist. She is member of the Board of Kultura Liberalna Foundation, based in Warsaw, and a Senior Fellow of the Center for Liberal Modernity, based in Berlin. Wigura is also lecturer at Warsaw University&#039;s Institute of Sociology and focuses on the political philosophy of the 20th century and emotions in politics, as well as sociology and ethics of memory, particularly transitional justice, historical guilt, and reconciliation. She is also an assistant professor and member of the European Council on Foreign Relations. From 2016 to 2018, she was a co-director of the Polish Programme in St. Antony&#039;s College at University of Oxford.\u00a0\" \/>\n<meta property=\"og:url\" content=\"https:\/\/libmod.de\/en\/about-us\/karolina-wigura\/\" \/>\n<meta property=\"og:site_name\" content=\"libmod.de - Zentrum Liberale Moderne\" \/>\n<meta property=\"article:publisher\" content=\"https:\/\/www.facebook.com\/LiberaleModerne\/\" \/>\n<meta property=\"article:modified_time\" content=\"2023-05-09T13:09:50+00:00\" \/>\n<meta property=\"og:image\" content=\"https:\/\/libmod.de\/wp-content\/uploads\/800-Karolina-Wigura.jpg\" \/>\n<meta name=\"twitter:card\" content=\"summary_large_image\" \/>\n<meta name=\"twitter:site\" content=\"@liberalemoderne\" \/>\n<meta name=\"twitter:label1\" content=\"Est. reading time\" \/>\n\t<meta name=\"twitter:data1\" content=\"3 minutes\" \/>\n<script type=\"application\/ld+json\" class=\"yoast-schema-graph\">{\"@context\":\"https:\\\/\\\/schema.org\",\"@graph\":[{\"@type\":\"WebPage\",\"@id\":\"https:\\\/\\\/libmod.de\\\/en\\\/about-us\\\/karolina-wigura\\\/\",\"url\":\"https:\\\/\\\/libmod.de\\\/en\\\/about-us\\\/karolina-wigura\\\/\",\"name\":\"Karolina Wigura - libmod.de - Zentrum Liberale Moderne\",\"isPartOf\":{\"@id\":\"https:\\\/\\\/libmod.de\\\/#website\"},\"primaryImageOfPage\":{\"@id\":\"https:\\\/\\\/libmod.de\\\/en\\\/about-us\\\/karolina-wigura\\\/#primaryimage\"},\"image\":{\"@id\":\"https:\\\/\\\/libmod.de\\\/en\\\/about-us\\\/karolina-wigura\\\/#primaryimage\"},\"thumbnailUrl\":\"https:\\\/\\\/libmod.de\\\/wp-content\\\/uploads\\\/800-Karolina-Wigura.jpg\",\"datePublished\":\"2023-05-09T13:00:42+00:00\",\"dateModified\":\"2023-05-09T13:09:50+00:00\",\"description\":\"Dr. habil. Karolina Wigura is a historian of ideas, sociologist, and journalist. She is member of the Board of Kultura Liberalna Foundation, based in Warsaw, and a Senior Fellow of the Center for Liberal Modernity, based in Berlin. Wigura is also lecturer at Warsaw University's Institute of Sociology and focuses on the political philosophy of the 20th century and emotions in politics, as well as sociology and ethics of memory, particularly transitional justice, historical guilt, and reconciliation. She is also an assistant professor and member of the European Council on Foreign Relations. From 2016 to 2018, she was a co-director of the Polish Programme in St. Antony's College at University of Oxford.\u00a0\",\"breadcrumb\":{\"@id\":\"https:\\\/\\\/libmod.de\\\/en\\\/about-us\\\/karolina-wigura\\\/#breadcrumb\"},\"inLanguage\":\"en-US\",\"potentialAction\":[{\"@type\":\"ReadAction\",\"target\":[\"https:\\\/\\\/libmod.de\\\/en\\\/about-us\\\/karolina-wigura\\\/\"]}]},{\"@type\":\"ImageObject\",\"inLanguage\":\"en-US\",\"@id\":\"https:\\\/\\\/libmod.de\\\/en\\\/about-us\\\/karolina-wigura\\\/#primaryimage\",\"url\":\"https:\\\/\\\/libmod.de\\\/wp-content\\\/uploads\\\/800-Karolina-Wigura.jpg\",\"contentUrl\":\"https:\\\/\\\/libmod.de\\\/wp-content\\\/uploads\\\/800-Karolina-Wigura.jpg\"},{\"@type\":\"BreadcrumbList\",\"@id\":\"https:\\\/\\\/libmod.de\\\/en\\\/about-us\\\/karolina-wigura\\\/#breadcrumb\",\"itemListElement\":[{\"@type\":\"ListItem\",\"position\":1,\"name\":\"Startseite\",\"item\":\"https:\\\/\\\/libmod.de\\\/en\\\/\"},{\"@type\":\"ListItem\",\"position\":2,\"name\":\"About us\",\"item\":\"https:\\\/\\\/libmod.de\\\/en\\\/about-us\\\/\"},{\"@type\":\"ListItem\",\"position\":3,\"name\":\"Karolina Wigura\"}]},{\"@type\":\"WebSite\",\"@id\":\"https:\\\/\\\/libmod.de\\\/#website\",\"url\":\"https:\\\/\\\/libmod.de\\\/\",\"name\":\"libmod.de - Zentrum Liberale Moderne\",\"description\":\"Think Tank f\u00fcr Politik in Berlin\",\"publisher\":{\"@id\":\"https:\\\/\\\/libmod.de\\\/#organization\"},\"potentialAction\":[{\"@type\":\"SearchAction\",\"target\":{\"@type\":\"EntryPoint\",\"urlTemplate\":\"https:\\\/\\\/libmod.de\\\/?s={search_term_string}\"},\"query-input\":{\"@type\":\"PropertyValueSpecification\",\"valueRequired\":true,\"valueName\":\"search_term_string\"}}],\"inLanguage\":\"en-US\"},{\"@type\":\"Organization\",\"@id\":\"https:\\\/\\\/libmod.de\\\/#organization\",\"name\":\"Zentrum Liberale Moderne\",\"url\":\"https:\\\/\\\/libmod.de\\\/\",\"logo\":{\"@type\":\"ImageObject\",\"inLanguage\":\"en-US\",\"@id\":\"https:\\\/\\\/libmod.de\\\/#\\\/schema\\\/logo\\\/image\\\/\",\"url\":\"https:\\\/\\\/libmodredaktion.fra1.digitaloceanspaces.com\\\/wp-content\\\/uploads\\\/20240905145818\\\/LibMod_Logo_XL.jpg\",\"contentUrl\":\"https:\\\/\\\/libmodredaktion.fra1.digitaloceanspaces.com\\\/wp-content\\\/uploads\\\/20240905145818\\\/LibMod_Logo_XL.jpg\",\"width\":1439,\"height\":615,\"caption\":\"Zentrum Liberale Moderne\"},\"image\":{\"@id\":\"https:\\\/\\\/libmod.de\\\/#\\\/schema\\\/logo\\\/image\\\/\"},\"sameAs\":[\"https:\\\/\\\/www.facebook.com\\\/LiberaleModerne\\\/\",\"https:\\\/\\\/x.com\\\/liberalemoderne\",\"https:\\\/\\\/www.youtube.com\\\/channel\\\/UC4Yl_V4pm1LwryD04ky54SA\",\"https:\\\/\\\/www.instagram.com\\\/libmod\\\/\",\"https:\\\/\\\/bsky.app\\\/profile\\\/libmod.de\"],\"description\":\"Das Zentrum Liberale Moderne ist ein politischer Think Tank und eine Debattenplattform. LibMod steht f\u00fcr die Verteidigung und Erneuerung der liberalen Demokratie, f\u00fcr den Aufbruch in die \u00f6kologische Moderne und f\u00fcr eine fundierte Osteuropa-Expertise.\"}]}<\/script>\n<!-- \/ Yoast SEO Premium plugin. -->","yoast_head_json":{"title":"Karolina Wigura - libmod.de - Zentrum Liberale Moderne","description":"Dr. habil. Karolina Wigura is a historian of ideas, sociologist, and journalist. She is member of the Board of Kultura Liberalna Foundation, based in Warsaw, and a Senior Fellow of the Center for Liberal Modernity, based in Berlin. Wigura is also lecturer at Warsaw University's Institute of Sociology and focuses on the political philosophy of the 20th century and emotions in politics, as well as sociology and ethics of memory, particularly transitional justice, historical guilt, and reconciliation. She is also an assistant professor and member of the European Council on Foreign Relations. From 2016 to 2018, she was a co-director of the Polish Programme in St. Antony's College at University of Oxford.\u00a0","robots":{"index":"index","follow":"follow","max-snippet":"max-snippet:-1","max-image-preview":"max-image-preview:large","max-video-preview":"max-video-preview:-1"},"canonical":"https:\/\/libmod.de\/en\/about-us\/karolina-wigura\/","og_locale":"en_US","og_type":"article","og_title":"Karolina Wigura","og_description":"Dr. habil. Karolina Wigura is a historian of ideas, sociologist, and journalist. She is member of the Board of Kultura Liberalna Foundation, based in Warsaw, and a Senior Fellow of the Center for Liberal Modernity, based in Berlin. Wigura is also lecturer at Warsaw University's Institute of Sociology and focuses on the political philosophy of the 20th century and emotions in politics, as well as sociology and ethics of memory, particularly transitional justice, historical guilt, and reconciliation. She is also an assistant professor and member of the European Council on Foreign Relations. From 2016 to 2018, she was a co-director of the Polish Programme in St. Antony's College at University of Oxford.\u00a0","og_url":"https:\/\/libmod.de\/en\/about-us\/karolina-wigura\/","og_site_name":"libmod.de - Zentrum Liberale Moderne","article_publisher":"https:\/\/www.facebook.com\/LiberaleModerne\/","article_modified_time":"2023-05-09T13:09:50+00:00","og_image":[{"url":"https:\/\/libmod.de\/wp-content\/uploads\/800-Karolina-Wigura.jpg","type":"","width":"","height":""}],"twitter_card":"summary_large_image","twitter_site":"@liberalemoderne","twitter_misc":{"Est. reading time":"3 minutes"},"schema":{"@context":"https:\/\/schema.org","@graph":[{"@type":"WebPage","@id":"https:\/\/libmod.de\/en\/about-us\/karolina-wigura\/","url":"https:\/\/libmod.de\/en\/about-us\/karolina-wigura\/","name":"Karolina Wigura - libmod.de - Zentrum Liberale Moderne","isPartOf":{"@id":"https:\/\/libmod.de\/#website"},"primaryImageOfPage":{"@id":"https:\/\/libmod.de\/en\/about-us\/karolina-wigura\/#primaryimage"},"image":{"@id":"https:\/\/libmod.de\/en\/about-us\/karolina-wigura\/#primaryimage"},"thumbnailUrl":"https:\/\/libmod.de\/wp-content\/uploads\/800-Karolina-Wigura.jpg","datePublished":"2023-05-09T13:00:42+00:00","dateModified":"2023-05-09T13:09:50+00:00","description":"Dr. habil. Karolina Wigura is a historian of ideas, sociologist, and journalist. She is member of the Board of Kultura Liberalna Foundation, based in Warsaw, and a Senior Fellow of the Center for Liberal Modernity, based in Berlin. Wigura is also lecturer at Warsaw University's Institute of Sociology and focuses on the political philosophy of the 20th century and emotions in politics, as well as sociology and ethics of memory, particularly transitional justice, historical guilt, and reconciliation. She is also an assistant professor and member of the European Council on Foreign Relations. From 2016 to 2018, she was a co-director of the Polish Programme in St. Antony's College at University of Oxford.\u00a0","breadcrumb":{"@id":"https:\/\/libmod.de\/en\/about-us\/karolina-wigura\/#breadcrumb"},"inLanguage":"en-US","potentialAction":[{"@type":"ReadAction","target":["https:\/\/libmod.de\/en\/about-us\/karolina-wigura\/"]}]},{"@type":"ImageObject","inLanguage":"en-US","@id":"https:\/\/libmod.de\/en\/about-us\/karolina-wigura\/#primaryimage","url":"https:\/\/libmod.de\/wp-content\/uploads\/800-Karolina-Wigura.jpg","contentUrl":"https:\/\/libmod.de\/wp-content\/uploads\/800-Karolina-Wigura.jpg"},{"@type":"BreadcrumbList","@id":"https:\/\/libmod.de\/en\/about-us\/karolina-wigura\/#breadcrumb","itemListElement":[{"@type":"ListItem","position":1,"name":"Startseite","item":"https:\/\/libmod.de\/en\/"},{"@type":"ListItem","position":2,"name":"About us","item":"https:\/\/libmod.de\/en\/about-us\/"},{"@type":"ListItem","position":3,"name":"Karolina Wigura"}]},{"@type":"WebSite","@id":"https:\/\/libmod.de\/#website","url":"https:\/\/libmod.de\/","name":"libmod.de - Zentrum Liberale Moderne","description":"Think Tank f\u00fcr Politik in Berlin","publisher":{"@id":"https:\/\/libmod.de\/#organization"},"potentialAction":[{"@type":"SearchAction","target":{"@type":"EntryPoint","urlTemplate":"https:\/\/libmod.de\/?s={search_term_string}"},"query-input":{"@type":"PropertyValueSpecification","valueRequired":true,"valueName":"search_term_string"}}],"inLanguage":"en-US"},{"@type":"Organization","@id":"https:\/\/libmod.de\/#organization","name":"Zentrum Liberale Moderne","url":"https:\/\/libmod.de\/","logo":{"@type":"ImageObject","inLanguage":"en-US","@id":"https:\/\/libmod.de\/#\/schema\/logo\/image\/","url":"https:\/\/libmodredaktion.fra1.digitaloceanspaces.com\/wp-content\/uploads\/20240905145818\/LibMod_Logo_XL.jpg","contentUrl":"https:\/\/libmodredaktion.fra1.digitaloceanspaces.com\/wp-content\/uploads\/20240905145818\/LibMod_Logo_XL.jpg","width":1439,"height":615,"caption":"Zentrum Liberale Moderne"},"image":{"@id":"https:\/\/libmod.de\/#\/schema\/logo\/image\/"},"sameAs":["https:\/\/www.facebook.com\/LiberaleModerne\/","https:\/\/x.com\/liberalemoderne","https:\/\/www.youtube.com\/channel\/UC4Yl_V4pm1LwryD04ky54SA","https:\/\/www.instagram.com\/libmod\/","https:\/\/bsky.app\/profile\/libmod.de"],"description":"Das Zentrum Liberale Moderne ist ein politischer Think Tank und eine Debattenplattform. LibMod steht f\u00fcr die Verteidigung und Erneuerung der liberalen Demokratie, f\u00fcr den Aufbruch in die \u00f6kologische Moderne und f\u00fcr eine fundierte Osteuropa-Expertise."}]}},"_links":{"self":[{"href":"https:\/\/libmod.de\/en\/wp-json\/wp\/v2\/pages\/53951","targetHints":{"allow":["GET"]}}],"collection":[{"href":"https:\/\/libmod.de\/en\/wp-json\/wp\/v2\/pages"}],"about":[{"href":"https:\/\/libmod.de\/en\/wp-json\/wp\/v2\/types\/page"}],"author":[{"embeddable":true,"href":"https:\/\/libmod.de\/en\/wp-json\/wp\/v2\/users\/257"}],"replies":[{"embeddable":true,"href":"https:\/\/libmod.de\/en\/wp-json\/wp\/v2\/comments?post=53951"}],"version-history":[{"count":3,"href":"https:\/\/libmod.de\/en\/wp-json\/wp\/v2\/pages\/53951\/revisions"}],"predecessor-version":[{"id":53954,"href":"https:\/\/libmod.de\/en\/wp-json\/wp\/v2\/pages\/53951\/revisions\/53954"}],"up":[{"embeddable":true,"href":"https:\/\/libmod.de\/en\/wp-json\/wp\/v2\/pages\/26877"}],"wp:attachment":[{"href":"https:\/\/libmod.de\/en\/wp-json\/wp\/v2\/media?parent=53951"}],"curies":[{"name":"wp","href":"https:\/\/api.w.org\/{rel}","templated":true}]}}