{"id":60123,"date":"2023-10-17T16:15:37","date_gmt":"2023-10-17T14:15:37","guid":{"rendered":"https:\/\/libmod.de\/about-us\/katharina-hinz\/"},"modified":"2024-01-18T17:04:32","modified_gmt":"2024-01-18T16:04:32","slug":"katharina-hinz","status":"publish","type":"page","link":"https:\/\/libmod.de\/en\/about-us\/katharina-hinz\/","title":{"rendered":"Katharina Hinz"},"content":{"rendered":"<div class=\"wpb-content-wrapper\"><p>[vc_row][vc_column][vc_column_text css=\u201d.vc_custom_1705593834466{margin-top: \u201120px !important;}\u201d]<\/p>\n<div class=\"mceTemp\"><\/div>\n<h3>Consultant in the Ukraine&nbsp;Program<\/h3>\n<p>[\/vc_column_text][vc_separator color=\u201cblack\u201d css=\u201d.vc_custom_1653475473969{margin-right: \u201120px !important;margin-left: \u201110px !important;}\u201d][\/vc_column][\/vc_row][vc_row][vc_column width=\u201c1\/2\u201d][vc_column_text css=\u201d.vc_custom_1697554019518{padding-right: 20px !important;padding-left: 2px !important;}\u201d]<\/p>\n<figure id=\"attachment_58437\" aria-describedby=\"caption-attachment-58437\" style=\"width: 1200px\" class=\"wp-caption alignnone\"><img class=\"wp-image-58437 size-full\" style=\"font-size: 16px;\" src=\"https:\/\/libmodredaktion.fra1.digitaloceanspaces.com\/wp-content\/uploads\/20240905141911\/KatharinaHinz.jpg\" alt width=\"1200\" height=\"800\" srcset=\"https:\/\/libmodredaktion.fra1.digitaloceanspaces.com\/wp-content\/uploads\/20240905141911\/KatharinaHinz.jpg 1200w, https:\/\/libmodredaktion.fra1.digitaloceanspaces.com\/wp-content\/uploads\/20240905141911\/KatharinaHinz-770x513.jpg 770w, https:\/\/libmodredaktion.fra1.digitaloceanspaces.com\/wp-content\/uploads\/20240905141911\/KatharinaHinz-768x512.jpg 768w\" sizes=\"(max-width: 1200px) 100vw, 1200px\"><figcaption id=\"caption-attachment-58437\" class=\"wp-caption-text\">Foto: Stefan&nbsp;Lengsfeld<\/figcaption><\/figure>\n<p>[\/vc_column_text][vc_separator color=\u201cblack\u201d css=\u201d.vc_custom_1653475846282{margin-top: 30px !important;margin-right: \u201115px !important;margin-left: \u201110px !important;}\u201d][vc_column_text]<\/p>\n<div class=\"mceTemp\"><\/div>\n<h2>Contact<\/h2>\n<p>T +49 30 577 12 58&nbsp;74<\/p>\n<p><a href=\"katharina.hinz@libmod.de\">katharina.hinz@libmod.de<\/a>[\/vc_column_text][\/vc_column][vc_column width=\u201c1\/2\u201d][vc_column_text css=\u201d.vc_custom_1705593778870{padding-right: 10px !important;}\u201d]<\/p>\n<p style=\"font-weight: 400;\"><b>Katharina Hinz <\/b>is a&nbsp;consultant in the Ukraine program at the Centre for Liberal Modernity, and editor of the \u201cUkraine verstehen\u201d website. She was an academic researcher and editor of the \u201cUkraine-Analysen\u201d at the Research Centre for East European Studies at the University of Bremen as well as Project Coordi\u00adnator Eastern Partnership at ChildFund Germany, Berlin. At ChildFund, she coordi\u00adnated projects in the areas of peace\u00adbuilding, anti-corruption and inclusion in Ukraine and Moldova. As a&nbsp;consultant for inclusion projects at Sozialkontor in Hamburg, she previ\u00adously led inter\u00adna\u00adtional projects on the partic\u00adi\u00adpation of people with disabil\u00adities. Katharina Hinz studied Eastern Slavic Studies and Political Science (M.A.) at the University of Hamburg and at the Humboldt-Univer\u00adsit\u00e4t zu&nbsp;Berlin.<\/p>\n<p>[\/vc_column_text][\/vc_column][\/vc_row][vc_column][\/vc_column][vc_row][vc_column][\/vc_column][\/vc_row]<\/p>\n<\/div>","protected":false},"excerpt":{"rendered":"<p>[vc_row][vc_column][vc_column_text css=\u201d.vc_custom_1705593834466{margin-top: \u201120px !important;}\u201d] Consultant in the Ukraine&nbsp;Program [\/vc_column_text][vc_separator color=\u201cblack\u201d css=\u201d.vc_custom_1653475473969{margin-right: \u201120px !important;margin-left: \u201110px !important;}\u201d][\/vc_column][\/vc_row][vc_row][vc_column width=\u201c1\/2\u201d][vc_column_text css=\u201d.vc_custom_1697554019518{padding-right: 20px !important;padding-left: 2px !important;}\u201d] [\/vc_column_text][vc_separator color=\u201cblack\u201d css=\u201d.vc_custom_1653475846282{margin-top: 30px !important;margin-right: \u201115px !important;margin-left: \u201110px !important;}\u201d][vc_column_text]...<\/p>\n","protected":false},"author":257,"featured_media":58438,"parent":26877,"menu_order":6,"comment_status":"closed","ping_status":"closed","template":"","meta":{"_acf_changed":false,"wp_typography_post_enhancements_disabled":false,"footnotes":""},"class_list":["post-60123","page","type-page","status-publish","has-post-thumbnail"],"acf":[],"yoast_head":"<!-- This site is optimized with the Yoast SEO Premium plugin v27.4 (Yoast SEO v27.4) - https:\/\/yoast.com\/product\/yoast-seo-premium-wordpress\/ -->\n<title>Katharina Hinz - libmod.de - Zentrum Liberale Moderne<\/title>\n<meta name=\"description\" content=\"is a consultant in the Ukraine program at the Centre for Liberal Modernity, and editor of the \u201cUkraine verstehen\u201d website. She was an academic researcher and editor of the \u201cUkraine-Analysen\u201d at the Research Centre for East European Studies at the University of Bremen as well as Project Coordinator Eastern Partnership at ChildFund Germany, Berlin. At ChildFund, she coordinated projects in the areas of peacebuilding, anti-corruption and inclusion in Ukraine and Moldova. As a consultant for inclusion projects at Sozialkontor in Hamburg, she previously led international projects on the participation of people with disabilities. Katharina Hinz studied Eastern Slavic Studies and Political Science (M.A.) at the University of Hamburg and at the Humboldt-Universit\u00e4t zu Berlin.\" \/>\n<meta name=\"robots\" content=\"index, follow, max-snippet:-1, max-image-preview:large, max-video-preview:-1\" \/>\n<link rel=\"canonical\" href=\"https:\/\/libmod.de\/en\/about-us\/katharina-hinz\/\" \/>\n<meta property=\"og:locale\" content=\"en_US\" \/>\n<meta property=\"og:type\" content=\"article\" \/>\n<meta property=\"og:title\" content=\"Katharina Hinz\" \/>\n<meta property=\"og:description\" content=\"is a consultant in the Ukraine program at the Centre for Liberal Modernity, and editor of the \u201cUkraine verstehen\u201d website. She was an academic researcher and editor of the \u201cUkraine-Analysen\u201d at the Research Centre for East European Studies at the University of Bremen as well as Project Coordinator Eastern Partnership at ChildFund Germany, Berlin. At ChildFund, she coordinated projects in the areas of peacebuilding, anti-corruption and inclusion in Ukraine and Moldova. As a consultant for inclusion projects at Sozialkontor in Hamburg, she previously led international projects on the participation of people with disabilities. Katharina Hinz studied Eastern Slavic Studies and Political Science (M.A.) at the University of Hamburg and at the Humboldt-Universit\u00e4t zu Berlin.\" \/>\n<meta property=\"og:url\" content=\"https:\/\/libmod.de\/en\/about-us\/katharina-hinz\/\" \/>\n<meta property=\"og:site_name\" content=\"libmod.de - Zentrum Liberale Moderne\" \/>\n<meta property=\"article:publisher\" content=\"https:\/\/www.facebook.com\/LiberaleModerne\/\" \/>\n<meta property=\"article:modified_time\" content=\"2024-01-18T16:04:32+00:00\" \/>\n<meta property=\"og:image\" content=\"https:\/\/libmod.de\/wp-content\/uploads\/KatharinaHinz.jpg\" \/>\n\t<meta property=\"og:image:width\" content=\"1200\" \/>\n\t<meta property=\"og:image:height\" content=\"800\" \/>\n\t<meta property=\"og:image:type\" content=\"image\/jpeg\" \/>\n<meta name=\"twitter:card\" content=\"summary_large_image\" \/>\n<meta name=\"twitter:site\" content=\"@liberalemoderne\" \/>\n<meta name=\"twitter:label1\" content=\"Est. reading time\" \/>\n\t<meta name=\"twitter:data1\" content=\"2 minutes\" \/>\n<script type=\"application\/ld+json\" class=\"yoast-schema-graph\">{\"@context\":\"https:\\\/\\\/schema.org\",\"@graph\":[{\"@type\":\"WebPage\",\"@id\":\"https:\\\/\\\/libmod.de\\\/en\\\/about-us\\\/katharina-hinz\\\/\",\"url\":\"https:\\\/\\\/libmod.de\\\/en\\\/about-us\\\/katharina-hinz\\\/\",\"name\":\"Katharina Hinz - libmod.de - Zentrum Liberale Moderne\",\"isPartOf\":{\"@id\":\"https:\\\/\\\/libmod.de\\\/#website\"},\"primaryImageOfPage\":{\"@id\":\"https:\\\/\\\/libmod.de\\\/en\\\/about-us\\\/katharina-hinz\\\/#primaryimage\"},\"image\":{\"@id\":\"https:\\\/\\\/libmod.de\\\/en\\\/about-us\\\/katharina-hinz\\\/#primaryimage\"},\"thumbnailUrl\":\"https:\\\/\\\/libmodredaktion.fra1.digitaloceanspaces.com\\\/wp-content\\\/uploads\\\/20240905141911\\\/KatharinaHinz.jpg\",\"datePublished\":\"2023-10-17T14:15:37+00:00\",\"dateModified\":\"2024-01-18T16:04:32+00:00\",\"description\":\"is a consultant in the Ukraine program at the Centre for Liberal Modernity, and editor of the \u201cUkraine verstehen\u201d website. She was an academic researcher and editor of the \u201cUkraine-Analysen\u201d at the Research Centre for East European Studies at the University of Bremen as well as Project Coordinator Eastern Partnership at ChildFund Germany, Berlin. At ChildFund, she coordinated projects in the areas of peacebuilding, anti-corruption and inclusion in Ukraine and Moldova. As a consultant for inclusion projects at Sozialkontor in Hamburg, she previously led international projects on the participation of people with disabilities. Katharina Hinz studied Eastern Slavic Studies and Political Science (M.A.) at the University of Hamburg and at the Humboldt-Universit\u00e4t zu Berlin.\",\"breadcrumb\":{\"@id\":\"https:\\\/\\\/libmod.de\\\/en\\\/about-us\\\/katharina-hinz\\\/#breadcrumb\"},\"inLanguage\":\"en-US\",\"potentialAction\":[{\"@type\":\"ReadAction\",\"target\":[\"https:\\\/\\\/libmod.de\\\/en\\\/about-us\\\/katharina-hinz\\\/\"]}]},{\"@type\":\"ImageObject\",\"inLanguage\":\"en-US\",\"@id\":\"https:\\\/\\\/libmod.de\\\/en\\\/about-us\\\/katharina-hinz\\\/#primaryimage\",\"url\":\"https:\\\/\\\/libmodredaktion.fra1.digitaloceanspaces.com\\\/wp-content\\\/uploads\\\/20240905141911\\\/KatharinaHinz.jpg\",\"contentUrl\":\"https:\\\/\\\/libmodredaktion.fra1.digitaloceanspaces.com\\\/wp-content\\\/uploads\\\/20240905141911\\\/KatharinaHinz.jpg\",\"width\":1200,\"height\":800,\"caption\":\"Foto: Stefan Lengsfeld\"},{\"@type\":\"BreadcrumbList\",\"@id\":\"https:\\\/\\\/libmod.de\\\/en\\\/about-us\\\/katharina-hinz\\\/#breadcrumb\",\"itemListElement\":[{\"@type\":\"ListItem\",\"position\":1,\"name\":\"Startseite\",\"item\":\"https:\\\/\\\/libmod.de\\\/en\\\/\"},{\"@type\":\"ListItem\",\"position\":2,\"name\":\"About us\",\"item\":\"https:\\\/\\\/libmod.de\\\/en\\\/about-us\\\/\"},{\"@type\":\"ListItem\",\"position\":3,\"name\":\"Katharina Hinz\"}]},{\"@type\":\"WebSite\",\"@id\":\"https:\\\/\\\/libmod.de\\\/#website\",\"url\":\"https:\\\/\\\/libmod.de\\\/\",\"name\":\"libmod.de - Zentrum Liberale Moderne\",\"description\":\"Think Tank f\u00fcr Politik in Berlin\",\"publisher\":{\"@id\":\"https:\\\/\\\/libmod.de\\\/#organization\"},\"potentialAction\":[{\"@type\":\"SearchAction\",\"target\":{\"@type\":\"EntryPoint\",\"urlTemplate\":\"https:\\\/\\\/libmod.de\\\/?s={search_term_string}\"},\"query-input\":{\"@type\":\"PropertyValueSpecification\",\"valueRequired\":true,\"valueName\":\"search_term_string\"}}],\"inLanguage\":\"en-US\"},{\"@type\":\"Organization\",\"@id\":\"https:\\\/\\\/libmod.de\\\/#organization\",\"name\":\"Zentrum Liberale Moderne\",\"url\":\"https:\\\/\\\/libmod.de\\\/\",\"logo\":{\"@type\":\"ImageObject\",\"inLanguage\":\"en-US\",\"@id\":\"https:\\\/\\\/libmod.de\\\/#\\\/schema\\\/logo\\\/image\\\/\",\"url\":\"https:\\\/\\\/libmodredaktion.fra1.digitaloceanspaces.com\\\/wp-content\\\/uploads\\\/20240905145818\\\/LibMod_Logo_XL.jpg\",\"contentUrl\":\"https:\\\/\\\/libmodredaktion.fra1.digitaloceanspaces.com\\\/wp-content\\\/uploads\\\/20240905145818\\\/LibMod_Logo_XL.jpg\",\"width\":1439,\"height\":615,\"caption\":\"Zentrum Liberale Moderne\"},\"image\":{\"@id\":\"https:\\\/\\\/libmod.de\\\/#\\\/schema\\\/logo\\\/image\\\/\"},\"sameAs\":[\"https:\\\/\\\/www.facebook.com\\\/LiberaleModerne\\\/\",\"https:\\\/\\\/x.com\\\/liberalemoderne\",\"https:\\\/\\\/www.youtube.com\\\/channel\\\/UC4Yl_V4pm1LwryD04ky54SA\",\"https:\\\/\\\/www.instagram.com\\\/libmod\\\/\",\"https:\\\/\\\/bsky.app\\\/profile\\\/libmod.de\"],\"description\":\"Das Zentrum Liberale Moderne ist ein politischer Think Tank und eine Debattenplattform. LibMod steht f\u00fcr die Verteidigung und Erneuerung der liberalen Demokratie, f\u00fcr den Aufbruch in die \u00f6kologische Moderne und f\u00fcr eine fundierte Osteuropa-Expertise.\"}]}<\/script>\n<!-- \/ Yoast SEO Premium plugin. -->","yoast_head_json":{"title":"Katharina Hinz - libmod.de - Zentrum Liberale Moderne","description":"is a consultant in the Ukraine program at the Centre for Liberal Modernity, and editor of the \u201cUkraine verstehen\u201d website. She was an academic researcher and editor of the \u201cUkraine-Analysen\u201d at the Research Centre for East European Studies at the University of Bremen as well as Project Coordinator Eastern Partnership at ChildFund Germany, Berlin. At ChildFund, she coordinated projects in the areas of peacebuilding, anti-corruption and inclusion in Ukraine and Moldova. As a consultant for inclusion projects at Sozialkontor in Hamburg, she previously led international projects on the participation of people with disabilities. Katharina Hinz studied Eastern Slavic Studies and Political Science (M.A.) at the University of Hamburg and at the Humboldt-Universit\u00e4t zu Berlin.","robots":{"index":"index","follow":"follow","max-snippet":"max-snippet:-1","max-image-preview":"max-image-preview:large","max-video-preview":"max-video-preview:-1"},"canonical":"https:\/\/libmod.de\/en\/about-us\/katharina-hinz\/","og_locale":"en_US","og_type":"article","og_title":"Katharina Hinz","og_description":"is a consultant in the Ukraine program at the Centre for Liberal Modernity, and editor of the \u201cUkraine verstehen\u201d website. She was an academic researcher and editor of the \u201cUkraine-Analysen\u201d at the Research Centre for East European Studies at the University of Bremen as well as Project Coordinator Eastern Partnership at ChildFund Germany, Berlin. At ChildFund, she coordinated projects in the areas of peacebuilding, anti-corruption and inclusion in Ukraine and Moldova. As a consultant for inclusion projects at Sozialkontor in Hamburg, she previously led international projects on the participation of people with disabilities. Katharina Hinz studied Eastern Slavic Studies and Political Science (M.A.) at the University of Hamburg and at the Humboldt-Universit\u00e4t zu Berlin.","og_url":"https:\/\/libmod.de\/en\/about-us\/katharina-hinz\/","og_site_name":"libmod.de - Zentrum Liberale Moderne","article_publisher":"https:\/\/www.facebook.com\/LiberaleModerne\/","article_modified_time":"2024-01-18T16:04:32+00:00","og_image":[{"width":1200,"height":800,"url":"https:\/\/libmod.de\/wp-content\/uploads\/KatharinaHinz.jpg","type":"image\/jpeg"}],"twitter_card":"summary_large_image","twitter_site":"@liberalemoderne","twitter_misc":{"Est. reading time":"2 minutes"},"schema":{"@context":"https:\/\/schema.org","@graph":[{"@type":"WebPage","@id":"https:\/\/libmod.de\/en\/about-us\/katharina-hinz\/","url":"https:\/\/libmod.de\/en\/about-us\/katharina-hinz\/","name":"Katharina Hinz - libmod.de - Zentrum Liberale Moderne","isPartOf":{"@id":"https:\/\/libmod.de\/#website"},"primaryImageOfPage":{"@id":"https:\/\/libmod.de\/en\/about-us\/katharina-hinz\/#primaryimage"},"image":{"@id":"https:\/\/libmod.de\/en\/about-us\/katharina-hinz\/#primaryimage"},"thumbnailUrl":"https:\/\/libmodredaktion.fra1.digitaloceanspaces.com\/wp-content\/uploads\/20240905141911\/KatharinaHinz.jpg","datePublished":"2023-10-17T14:15:37+00:00","dateModified":"2024-01-18T16:04:32+00:00","description":"is a consultant in the Ukraine program at the Centre for Liberal Modernity, and editor of the \u201cUkraine verstehen\u201d website. She was an academic researcher and editor of the \u201cUkraine-Analysen\u201d at the Research Centre for East European Studies at the University of Bremen as well as Project Coordinator Eastern Partnership at ChildFund Germany, Berlin. At ChildFund, she coordinated projects in the areas of peacebuilding, anti-corruption and inclusion in Ukraine and Moldova. As a consultant for inclusion projects at Sozialkontor in Hamburg, she previously led international projects on the participation of people with disabilities. Katharina Hinz studied Eastern Slavic Studies and Political Science (M.A.) at the University of Hamburg and at the Humboldt-Universit\u00e4t zu Berlin.","breadcrumb":{"@id":"https:\/\/libmod.de\/en\/about-us\/katharina-hinz\/#breadcrumb"},"inLanguage":"en-US","potentialAction":[{"@type":"ReadAction","target":["https:\/\/libmod.de\/en\/about-us\/katharina-hinz\/"]}]},{"@type":"ImageObject","inLanguage":"en-US","@id":"https:\/\/libmod.de\/en\/about-us\/katharina-hinz\/#primaryimage","url":"https:\/\/libmodredaktion.fra1.digitaloceanspaces.com\/wp-content\/uploads\/20240905141911\/KatharinaHinz.jpg","contentUrl":"https:\/\/libmodredaktion.fra1.digitaloceanspaces.com\/wp-content\/uploads\/20240905141911\/KatharinaHinz.jpg","width":1200,"height":800,"caption":"Foto: Stefan Lengsfeld"},{"@type":"BreadcrumbList","@id":"https:\/\/libmod.de\/en\/about-us\/katharina-hinz\/#breadcrumb","itemListElement":[{"@type":"ListItem","position":1,"name":"Startseite","item":"https:\/\/libmod.de\/en\/"},{"@type":"ListItem","position":2,"name":"About us","item":"https:\/\/libmod.de\/en\/about-us\/"},{"@type":"ListItem","position":3,"name":"Katharina Hinz"}]},{"@type":"WebSite","@id":"https:\/\/libmod.de\/#website","url":"https:\/\/libmod.de\/","name":"libmod.de - Zentrum Liberale Moderne","description":"Think Tank f\u00fcr Politik in Berlin","publisher":{"@id":"https:\/\/libmod.de\/#organization"},"potentialAction":[{"@type":"SearchAction","target":{"@type":"EntryPoint","urlTemplate":"https:\/\/libmod.de\/?s={search_term_string}"},"query-input":{"@type":"PropertyValueSpecification","valueRequired":true,"valueName":"search_term_string"}}],"inLanguage":"en-US"},{"@type":"Organization","@id":"https:\/\/libmod.de\/#organization","name":"Zentrum Liberale Moderne","url":"https:\/\/libmod.de\/","logo":{"@type":"ImageObject","inLanguage":"en-US","@id":"https:\/\/libmod.de\/#\/schema\/logo\/image\/","url":"https:\/\/libmodredaktion.fra1.digitaloceanspaces.com\/wp-content\/uploads\/20240905145818\/LibMod_Logo_XL.jpg","contentUrl":"https:\/\/libmodredaktion.fra1.digitaloceanspaces.com\/wp-content\/uploads\/20240905145818\/LibMod_Logo_XL.jpg","width":1439,"height":615,"caption":"Zentrum Liberale Moderne"},"image":{"@id":"https:\/\/libmod.de\/#\/schema\/logo\/image\/"},"sameAs":["https:\/\/www.facebook.com\/LiberaleModerne\/","https:\/\/x.com\/liberalemoderne","https:\/\/www.youtube.com\/channel\/UC4Yl_V4pm1LwryD04ky54SA","https:\/\/www.instagram.com\/libmod\/","https:\/\/bsky.app\/profile\/libmod.de"],"description":"Das Zentrum Liberale Moderne ist ein politischer Think Tank und eine Debattenplattform. LibMod steht f\u00fcr die Verteidigung und Erneuerung der liberalen Demokratie, f\u00fcr den Aufbruch in die \u00f6kologische Moderne und f\u00fcr eine fundierte Osteuropa-Expertise."}]}},"_links":{"self":[{"href":"https:\/\/libmod.de\/en\/wp-json\/wp\/v2\/pages\/60123","targetHints":{"allow":["GET"]}}],"collection":[{"href":"https:\/\/libmod.de\/en\/wp-json\/wp\/v2\/pages"}],"about":[{"href":"https:\/\/libmod.de\/en\/wp-json\/wp\/v2\/types\/page"}],"author":[{"embeddable":true,"href":"https:\/\/libmod.de\/en\/wp-json\/wp\/v2\/users\/257"}],"replies":[{"embeddable":true,"href":"https:\/\/libmod.de\/en\/wp-json\/wp\/v2\/comments?post=60123"}],"version-history":[{"count":2,"href":"https:\/\/libmod.de\/en\/wp-json\/wp\/v2\/pages\/60123\/revisions"}],"predecessor-version":[{"id":60127,"href":"https:\/\/libmod.de\/en\/wp-json\/wp\/v2\/pages\/60123\/revisions\/60127"}],"up":[{"embeddable":true,"href":"https:\/\/libmod.de\/en\/wp-json\/wp\/v2\/pages\/26877"}],"wp:featuredmedia":[{"embeddable":true,"href":"https:\/\/libmod.de\/en\/wp-json\/wp\/v2\/media\/58438"}],"wp:attachment":[{"href":"https:\/\/libmod.de\/en\/wp-json\/wp\/v2\/media?parent=60123"}],"curies":[{"name":"wp","href":"https:\/\/api.w.org\/{rel}","templated":true}]}}