{"id":65639,"date":"2024-08-27T13:20:43","date_gmt":"2024-08-27T11:20:43","guid":{"rendered":"https:\/\/libmod.de\/?page_id=65639"},"modified":"2024-08-27T13:28:49","modified_gmt":"2024-08-27T11:28:49","slug":"publications","status":"publish","type":"page","link":"https:\/\/libmod.de\/en\/publications\/","title":{"rendered":"Publi\u00adca\u00adtions"},"content":{"rendered":"<div class=\"wpb-content-wrapper\"><p>[vc_\u200brow css=\u201d.vc_custom_1720789597478{margin-bottom: 30px !important;border-bottom-width: 2px !important;padding-bottom: 30px !important;border-color: #a2b1ac !important;}\u201d][vc_column][vc_column_text css=\u201c\u201d]<\/p>\n<h2>recom\u00admended<\/h2>\n<p>[\/vc_column_text][vc_row_inner][vc_column_inner width=\u201c1\/3\u201d][vc_single_image image=\u201c65644\u201d img_size=\u201cfull\u201d onclick=\u201ccustom_link\u201d img_link_target=\u201c_blank\u201d css=\u201d\u201d interactions_enabled=\u201c1\u201d link=\u201chttps:\/\/libmodredaktion.fra1.digitaloceanspaces.com\/wp-content\/uploads\/20240905141741\/ZLM_Broschuere_31_08__RZ4_pi_EN.pdf\u201d][\/vc_column_inner][vc_column_inner width=\u201c1\/3\u201d][\/vc_column_inner][vc_column_inner width=\u201c1\/3\u201d][\/vc_column_inner][\/vc_row_inner][\/vc_column][\/vc_row][vc_row][vc_column][vc_column_text css=\u201c\u201d]<\/p>\n<h2>Publi\u00adca\u00adtions (chrono\u00adlog\u00adi\u00adcally)<\/h2>\n<p>[\/vc_column_text][vc_basic_grid post_type=\u201cpost\u201d max_items=\u201c200\u201d style=\u201clazy\u201d item=\u201c24066\u201d css=\u201d\u201d grid_id=\u201cvc_gid:1724757896898-cd4aebea-2aec\u20114\u201d taxonomies=\u201c15406\u201d][\/vc_column][\/vc_row]<\/p>\n<\/div>","protected":false},"excerpt":{"rendered":"<p>[vc_\u200b\u200brow css=\u201d.vc_custom_1720789597478{margin-bottom: 30px !important;border-bottom-width: 2px !important;padding-bottom: 30px !important;border-color: #a2b1ac !important;}\u201d][vc_column][vc_column_text css=\u201c\u201d] recom\u00admended [\/vc_column_text][vc_row_inner][vc_column_inner width=\u201c1\/3\u201d][vc_single_image image=\u201c65644\u201d img_size=\u201cfull\u201d onclick=\u201ccustom_link\u201d img_link_target=\u201c_blank\u201d css=\u201d\u201d interactions_enabled=\u201c1\u201d link=\u201chttps:\/\/libmodredaktion.fra1.digitaloceanspaces.com\/wp-content\/uploads\/20240905141741\/ZLM_Broschuere_31_08__RZ4_pi_EN.pdf\u201d][\/vc_column_inner][vc_column_inner width=\u201c1\/3\u201d][\/vc_column_inner][vc_column_inner width=\u201c1\/3\u201d][\/vc_column_inner][\/vc_row_inner][\/vc_column][\/vc_row][vc_row][vc_column][vc_column_text css=\u201c\u201d] Publi\u00adca\u00adtions (chrono\u00adlog\u00adi\u00adcally) [\/vc_column_text][vc_basic_grid post_type=\u201cpost\u201d max_items=\u201c200\u201d style=\u201clazy\u201d...<\/p>\n","protected":false},"author":10,"featured_media":0,"parent":0,"menu_order":0,"comment_status":"closed","ping_status":"closed","template":"","meta":{"_acf_changed":false,"wp_typography_post_enhancements_disabled":false,"footnotes":""},"class_list":["post-65639","page","type-page","status-publish"],"acf":[],"yoast_head":"<!-- This site is optimized with the Yoast SEO Premium plugin v27.0 (Yoast SEO v27.3) - https:\/\/yoast.com\/product\/yoast-seo-premium-wordpress\/ -->\n<title>Publications - libmod.de - Zentrum Liberale Moderne<\/title>\n<meta name=\"robots\" content=\"index, follow, max-snippet:-1, max-image-preview:large, max-video-preview:-1\" \/>\n<link rel=\"canonical\" href=\"https:\/\/libmod.de\/en\/publications\/\" \/>\n<meta property=\"og:locale\" content=\"en_US\" \/>\n<meta property=\"og:type\" content=\"article\" \/>\n<meta property=\"og:title\" content=\"Publications\" \/>\n<meta property=\"og:description\" content=\"[vc_\u200brow css=\u201d.vc_custom_1720789597478{margin-bottom: 30px !important;border-bottom-width: 2px !important;padding-bottom: 30px !important;border-color: #a2b1ac !important;}\u201d][vc_column][vc_column_text css=\u201c\u201d] recom\u00admended [\/vc_column_text][vc_row_inner][vc_column_inner width=\u201c1\/3\u201d][vc_single_image image=\u201c65644\u201d img_size=\u201cfull\u201d onclick=\u201ccustom_link\u201d img_link_target=\u201c_blank\u201d css=\u201d\u201d interactions_enabled=\u201c1\u201d link=\u201chttps:\/\/libmodredaktion.fra1.digitaloceanspaces.com\/wp-content\/uploads\/20240905141741\/ZLM_Broschuere_31_08__RZ4_pi_EN.pdf\u201d][\/vc_column_inner][vc_column_inner width=\u201c1\/3\u201d][\/vc_column_inner][vc_column_inner width=\u201c1\/3\u201d][\/vc_column_inner][\/vc_row_inner][\/vc_column][\/vc_row][vc_row][vc_column][vc_column_text css=\u201c\u201d] Publi\u00adca\u00adtions (chrono\u00adlog\u00adi\u00adcally) [\/vc_column_text][vc_basic_grid post_type=\u201cpost\u201d max_items=\u201c200\u201d style=\u201clazy\u201d...\" \/>\n<meta property=\"og:url\" content=\"https:\/\/libmod.de\/en\/publications\/\" \/>\n<meta property=\"og:site_name\" content=\"libmod.de - Zentrum Liberale Moderne\" \/>\n<meta property=\"article:publisher\" content=\"https:\/\/www.facebook.com\/LiberaleModerne\/\" \/>\n<meta property=\"article:modified_time\" content=\"2024-08-27T11:28:49+00:00\" \/>\n<meta name=\"twitter:card\" content=\"summary_large_image\" \/>\n<meta name=\"twitter:site\" content=\"@liberalemoderne\" \/>\n<meta name=\"twitter:label1\" content=\"Est. reading time\" \/>\n\t<meta name=\"twitter:data1\" content=\"1 minute\" \/>\n<script type=\"application\/ld+json\" class=\"yoast-schema-graph\">{\"@context\":\"https:\\\/\\\/schema.org\",\"@graph\":[{\"@type\":\"WebPage\",\"@id\":\"https:\\\/\\\/libmod.de\\\/en\\\/publications\\\/\",\"url\":\"https:\\\/\\\/libmod.de\\\/en\\\/publications\\\/\",\"name\":\"Publications - libmod.de - Zentrum Liberale Moderne\",\"isPartOf\":{\"@id\":\"https:\\\/\\\/libmod.de\\\/#website\"},\"datePublished\":\"2024-08-27T11:20:43+00:00\",\"dateModified\":\"2024-08-27T11:28:49+00:00\",\"breadcrumb\":{\"@id\":\"https:\\\/\\\/libmod.de\\\/en\\\/publications\\\/#breadcrumb\"},\"inLanguage\":\"en-US\",\"potentialAction\":[{\"@type\":\"ReadAction\",\"target\":[\"https:\\\/\\\/libmod.de\\\/en\\\/publications\\\/\"]}]},{\"@type\":\"BreadcrumbList\",\"@id\":\"https:\\\/\\\/libmod.de\\\/en\\\/publications\\\/#breadcrumb\",\"itemListElement\":[{\"@type\":\"ListItem\",\"position\":1,\"name\":\"Startseite\",\"item\":\"https:\\\/\\\/libmod.de\\\/en\\\/\"},{\"@type\":\"ListItem\",\"position\":2,\"name\":\"Publications\"}]},{\"@type\":\"WebSite\",\"@id\":\"https:\\\/\\\/libmod.de\\\/#website\",\"url\":\"https:\\\/\\\/libmod.de\\\/\",\"name\":\"libmod.de - Zentrum Liberale Moderne\",\"description\":\"Think Tank f\u00fcr Politik in Berlin\",\"publisher\":{\"@id\":\"https:\\\/\\\/libmod.de\\\/#organization\"},\"potentialAction\":[{\"@type\":\"SearchAction\",\"target\":{\"@type\":\"EntryPoint\",\"urlTemplate\":\"https:\\\/\\\/libmod.de\\\/?s={search_term_string}\"},\"query-input\":{\"@type\":\"PropertyValueSpecification\",\"valueRequired\":true,\"valueName\":\"search_term_string\"}}],\"inLanguage\":\"en-US\"},{\"@type\":\"Organization\",\"@id\":\"https:\\\/\\\/libmod.de\\\/#organization\",\"name\":\"Zentrum Liberale Moderne\",\"url\":\"https:\\\/\\\/libmod.de\\\/\",\"logo\":{\"@type\":\"ImageObject\",\"inLanguage\":\"en-US\",\"@id\":\"https:\\\/\\\/libmod.de\\\/#\\\/schema\\\/logo\\\/image\\\/\",\"url\":\"https:\\\/\\\/libmodredaktion.fra1.digitaloceanspaces.com\\\/wp-content\\\/uploads\\\/20240905145818\\\/LibMod_Logo_XL.jpg\",\"contentUrl\":\"https:\\\/\\\/libmodredaktion.fra1.digitaloceanspaces.com\\\/wp-content\\\/uploads\\\/20240905145818\\\/LibMod_Logo_XL.jpg\",\"width\":1439,\"height\":615,\"caption\":\"Zentrum Liberale Moderne\"},\"image\":{\"@id\":\"https:\\\/\\\/libmod.de\\\/#\\\/schema\\\/logo\\\/image\\\/\"},\"sameAs\":[\"https:\\\/\\\/www.facebook.com\\\/LiberaleModerne\\\/\",\"https:\\\/\\\/x.com\\\/liberalemoderne\",\"https:\\\/\\\/www.youtube.com\\\/channel\\\/UC4Yl_V4pm1LwryD04ky54SA\",\"https:\\\/\\\/www.instagram.com\\\/libmod\\\/\",\"https:\\\/\\\/bsky.app\\\/profile\\\/libmod.de\"],\"description\":\"Das Zentrum Liberale Moderne ist ein politischer Think Tank und eine Debattenplattform. LibMod steht f\u00fcr die Verteidigung und Erneuerung der liberalen Demokratie, f\u00fcr den Aufbruch in die \u00f6kologische Moderne und f\u00fcr eine fundierte Osteuropa-Expertise.\"}]}<\/script>\n<!-- \/ Yoast SEO Premium plugin. -->","yoast_head_json":{"title":"Publications - libmod.de - Zentrum Liberale Moderne","robots":{"index":"index","follow":"follow","max-snippet":"max-snippet:-1","max-image-preview":"max-image-preview:large","max-video-preview":"max-video-preview:-1"},"canonical":"https:\/\/libmod.de\/en\/publications\/","og_locale":"en_US","og_type":"article","og_title":"Publications","og_description":"[vc_\u200brow css=\u201d.vc_custom_1720789597478{margin-bottom: 30px !important;border-bottom-width: 2px !important;padding-bottom: 30px !important;border-color: #a2b1ac !important;}\u201d][vc_column][vc_column_text css=\u201c\u201d] recom\u00admended [\/vc_column_text][vc_row_inner][vc_column_inner width=\u201c1\/3\u201d][vc_single_image image=\u201c65644\u201d img_size=\u201cfull\u201d onclick=\u201ccustom_link\u201d img_link_target=\u201c_blank\u201d css=\u201d\u201d interactions_enabled=\u201c1\u201d link=\u201chttps:\/\/libmodredaktion.fra1.digitaloceanspaces.com\/wp-content\/uploads\/20240905141741\/ZLM_Broschuere_31_08__RZ4_pi_EN.pdf\u201d][\/vc_column_inner][vc_column_inner width=\u201c1\/3\u201d][\/vc_column_inner][vc_column_inner width=\u201c1\/3\u201d][\/vc_column_inner][\/vc_row_inner][\/vc_column][\/vc_row][vc_row][vc_column][vc_column_text css=\u201c\u201d] Publi\u00adca\u00adtions (chrono\u00adlog\u00adi\u00adcally) [\/vc_column_text][vc_basic_grid post_type=\u201cpost\u201d max_items=\u201c200\u201d style=\u201clazy\u201d...","og_url":"https:\/\/libmod.de\/en\/publications\/","og_site_name":"libmod.de - Zentrum Liberale Moderne","article_publisher":"https:\/\/www.facebook.com\/LiberaleModerne\/","article_modified_time":"2024-08-27T11:28:49+00:00","twitter_card":"summary_large_image","twitter_site":"@liberalemoderne","twitter_misc":{"Est. reading time":"1 minute"},"schema":{"@context":"https:\/\/schema.org","@graph":[{"@type":"WebPage","@id":"https:\/\/libmod.de\/en\/publications\/","url":"https:\/\/libmod.de\/en\/publications\/","name":"Publications - libmod.de - Zentrum Liberale Moderne","isPartOf":{"@id":"https:\/\/libmod.de\/#website"},"datePublished":"2024-08-27T11:20:43+00:00","dateModified":"2024-08-27T11:28:49+00:00","breadcrumb":{"@id":"https:\/\/libmod.de\/en\/publications\/#breadcrumb"},"inLanguage":"en-US","potentialAction":[{"@type":"ReadAction","target":["https:\/\/libmod.de\/en\/publications\/"]}]},{"@type":"BreadcrumbList","@id":"https:\/\/libmod.de\/en\/publications\/#breadcrumb","itemListElement":[{"@type":"ListItem","position":1,"name":"Startseite","item":"https:\/\/libmod.de\/en\/"},{"@type":"ListItem","position":2,"name":"Publications"}]},{"@type":"WebSite","@id":"https:\/\/libmod.de\/#website","url":"https:\/\/libmod.de\/","name":"libmod.de - Zentrum Liberale Moderne","description":"Think Tank f\u00fcr Politik in Berlin","publisher":{"@id":"https:\/\/libmod.de\/#organization"},"potentialAction":[{"@type":"SearchAction","target":{"@type":"EntryPoint","urlTemplate":"https:\/\/libmod.de\/?s={search_term_string}"},"query-input":{"@type":"PropertyValueSpecification","valueRequired":true,"valueName":"search_term_string"}}],"inLanguage":"en-US"},{"@type":"Organization","@id":"https:\/\/libmod.de\/#organization","name":"Zentrum Liberale Moderne","url":"https:\/\/libmod.de\/","logo":{"@type":"ImageObject","inLanguage":"en-US","@id":"https:\/\/libmod.de\/#\/schema\/logo\/image\/","url":"https:\/\/libmodredaktion.fra1.digitaloceanspaces.com\/wp-content\/uploads\/20240905145818\/LibMod_Logo_XL.jpg","contentUrl":"https:\/\/libmodredaktion.fra1.digitaloceanspaces.com\/wp-content\/uploads\/20240905145818\/LibMod_Logo_XL.jpg","width":1439,"height":615,"caption":"Zentrum Liberale Moderne"},"image":{"@id":"https:\/\/libmod.de\/#\/schema\/logo\/image\/"},"sameAs":["https:\/\/www.facebook.com\/LiberaleModerne\/","https:\/\/x.com\/liberalemoderne","https:\/\/www.youtube.com\/channel\/UC4Yl_V4pm1LwryD04ky54SA","https:\/\/www.instagram.com\/libmod\/","https:\/\/bsky.app\/profile\/libmod.de"],"description":"Das Zentrum Liberale Moderne ist ein politischer Think Tank und eine Debattenplattform. LibMod steht f\u00fcr die Verteidigung und Erneuerung der liberalen Demokratie, f\u00fcr den Aufbruch in die \u00f6kologische Moderne und f\u00fcr eine fundierte Osteuropa-Expertise."}]}},"_links":{"self":[{"href":"https:\/\/libmod.de\/en\/wp-json\/wp\/v2\/pages\/65639","targetHints":{"allow":["GET"]}}],"collection":[{"href":"https:\/\/libmod.de\/en\/wp-json\/wp\/v2\/pages"}],"about":[{"href":"https:\/\/libmod.de\/en\/wp-json\/wp\/v2\/types\/page"}],"author":[{"embeddable":true,"href":"https:\/\/libmod.de\/en\/wp-json\/wp\/v2\/users\/10"}],"replies":[{"embeddable":true,"href":"https:\/\/libmod.de\/en\/wp-json\/wp\/v2\/comments?post=65639"}],"version-history":[{"count":4,"href":"https:\/\/libmod.de\/en\/wp-json\/wp\/v2\/pages\/65639\/revisions"}],"predecessor-version":[{"id":65646,"href":"https:\/\/libmod.de\/en\/wp-json\/wp\/v2\/pages\/65639\/revisions\/65646"}],"wp:attachment":[{"href":"https:\/\/libmod.de\/en\/wp-json\/wp\/v2\/media?parent=65639"}],"curies":[{"name":"wp","href":"https:\/\/api.w.org\/{rel}","templated":true}]}}