{"id":65661,"date":"2022-08-23T16:50:52","date_gmt":"2022-08-23T14:50:52","guid":{"rendered":"https:\/\/libmod.de\/artikel\/"},"modified":"2025-11-14T12:45:50","modified_gmt":"2025-11-14T11:45:50","slug":"articles","status":"publish","type":"page","link":"https:\/\/libmod.de\/en\/articles\/","title":{"rendered":"Articles"},"content":{"rendered":"<div class=\"wpb-content-wrapper\"><p>[vc_row][vc_column width=\u201c1\/3\u201d][\/vc_column][vc_column width=\u201c1\/3\u201d][vc_wp_search title=\u201cSearch articles\u201d][\/vc_column][vc_column width=\u201c1\/3\u201d][\/vc_column][\/vc_row][vc_row][vc_column][vc_basic_grid post_type=\u201cpost\u201d max_items=\u201c200\u201d style=\u201cload-more\u201d items_per_page=\u201c9\u201d item=\u201c24066\u201d initial_loading_animation=\u201cnone\u201d css=\u201d.vc_custom_1763120740587{background-color: #ffffff !important;}\u201d btn_title=\u201cMORE ARTICLES\u201d btn_color=\u201cturquoise\u201d btn_size=\u201clg\u201d grid_id=\u201cvc_gid:1763120728567\u2013733e5eba-a3ab\u20119\u201d taxonomies=\u201c2810\u201d][\/vc_column][\/vc_row]<\/p>\n<\/div>","protected":false},"excerpt":{"rendered":"<p>[vc_row][vc_column width=\u201c1\/3\u201d][\/vc_column][vc_column width=\u201c1\/3\u201d][vc_wp_search title=\u201cSearch articles\u201d][\/vc_column][vc_column width=\u201c1\/3\u201d][\/vc_column][\/vc_row][vc_row][vc_column][vc_basic_grid post_type=\u201cpost\u201d max_items=\u201c200\u201d style=\u201cload-more\u201d items_per_page=\u201c9\u201d item=\u201c24066\u201d initial_loading_animation=\u201cnone\u201d css=\u201d.vc_custom_1763120740587{background-color: #ffffff !important;}\u201d btn_title=\u201cMORE ARTICLES\u201d btn_color=\u201cturquoise\u201d btn_size=\u201clg\u201d grid_id=\u201cvc_gid:1763120728567\u2013733e5eba-a3ab\u20119\u201d taxonomies=\u201c2810\u201d][\/vc_column][\/vc_row]<\/p>\n","protected":false},"author":257,"featured_media":0,"parent":0,"menu_order":2,"comment_status":"closed","ping_status":"closed","template":"","meta":{"_acf_changed":false,"wp_typography_post_enhancements_disabled":false,"footnotes":""},"class_list":["post-65661","page","type-page","status-publish"],"acf":[],"yoast_head":"<!-- This site is optimized with the Yoast SEO Premium plugin v27.4 (Yoast SEO v27.5) - https:\/\/yoast.com\/product\/yoast-seo-premium-wordpress\/ -->\n<title>Articles - libmod.de - Zentrum Liberale Moderne<\/title>\n<meta name=\"robots\" content=\"index, follow, max-snippet:-1, max-image-preview:large, max-video-preview:-1\" \/>\n<link rel=\"canonical\" href=\"https:\/\/libmod.de\/en\/articles\/\" \/>\n<meta property=\"og:locale\" content=\"en_US\" \/>\n<meta property=\"og:type\" content=\"article\" \/>\n<meta property=\"og:title\" content=\"Articles\" \/>\n<meta property=\"og:description\" content=\"[vc_row][vc_column width=\u201c1\/3\u201d][\/vc_column][vc_column width=\u201c1\/3\u201d][vc_wp_search title=\u201cSearch articles\u201d][\/vc_column][vc_column width=\u201c1\/3\u201d][\/vc_column][\/vc_row][vc_row][vc_column][vc_basic_grid post_type=\u201cpost\u201d max_items=\u201c200\u201d style=\u201cload-more\u201d items_per_page=\u201c9\u201d item=\u201c24066\u201d initial_loading_animation=\u201cnone\u201d css=\u201d.vc_custom_1763120740587{background-color: #ffffff !important;}\u201d btn_title=\u201cMORE ARTICLES\u201d btn_color=\u201cturquoise\u201d btn_size=\u201clg\u201d grid_id=\u201cvc_gid:1763120728567\u2013733e5eba-a3ab\u20119\u201d taxonomies=\u201c2810\u201d][\/vc_column][\/vc_row]\" \/>\n<meta property=\"og:url\" content=\"https:\/\/libmod.de\/en\/articles\/\" \/>\n<meta property=\"og:site_name\" content=\"libmod.de - Zentrum Liberale Moderne\" \/>\n<meta property=\"article:publisher\" content=\"https:\/\/www.facebook.com\/LiberaleModerne\/\" \/>\n<meta property=\"article:modified_time\" content=\"2025-11-14T11:45:50+00:00\" \/>\n<meta name=\"twitter:card\" content=\"summary_large_image\" \/>\n<meta name=\"twitter:site\" content=\"@liberalemoderne\" \/>\n<meta name=\"twitter:label1\" content=\"Est. reading time\" \/>\n\t<meta name=\"twitter:data1\" content=\"1 minute\" \/>\n<script type=\"application\/ld+json\" class=\"yoast-schema-graph\">{\"@context\":\"https:\\\/\\\/schema.org\",\"@graph\":[{\"@type\":\"WebPage\",\"@id\":\"https:\\\/\\\/libmod.de\\\/en\\\/articles\\\/\",\"url\":\"https:\\\/\\\/libmod.de\\\/en\\\/articles\\\/\",\"name\":\"Articles - libmod.de - Zentrum Liberale Moderne\",\"isPartOf\":{\"@id\":\"https:\\\/\\\/libmod.de\\\/#website\"},\"datePublished\":\"2022-08-23T14:50:52+00:00\",\"dateModified\":\"2025-11-14T11:45:50+00:00\",\"breadcrumb\":{\"@id\":\"https:\\\/\\\/libmod.de\\\/en\\\/articles\\\/#breadcrumb\"},\"inLanguage\":\"en-US\",\"potentialAction\":[{\"@type\":\"ReadAction\",\"target\":[\"https:\\\/\\\/libmod.de\\\/en\\\/articles\\\/\"]}]},{\"@type\":\"BreadcrumbList\",\"@id\":\"https:\\\/\\\/libmod.de\\\/en\\\/articles\\\/#breadcrumb\",\"itemListElement\":[{\"@type\":\"ListItem\",\"position\":1,\"name\":\"Startseite\",\"item\":\"https:\\\/\\\/libmod.de\\\/en\\\/\"},{\"@type\":\"ListItem\",\"position\":2,\"name\":\"Articles\"}]},{\"@type\":\"WebSite\",\"@id\":\"https:\\\/\\\/libmod.de\\\/#website\",\"url\":\"https:\\\/\\\/libmod.de\\\/\",\"name\":\"libmod.de - Zentrum Liberale Moderne\",\"description\":\"Think Tank f\u00fcr Politik in Berlin\",\"publisher\":{\"@id\":\"https:\\\/\\\/libmod.de\\\/#organization\"},\"potentialAction\":[{\"@type\":\"SearchAction\",\"target\":{\"@type\":\"EntryPoint\",\"urlTemplate\":\"https:\\\/\\\/libmod.de\\\/?s={search_term_string}\"},\"query-input\":{\"@type\":\"PropertyValueSpecification\",\"valueRequired\":true,\"valueName\":\"search_term_string\"}}],\"inLanguage\":\"en-US\"},{\"@type\":\"Organization\",\"@id\":\"https:\\\/\\\/libmod.de\\\/#organization\",\"name\":\"Zentrum Liberale Moderne\",\"url\":\"https:\\\/\\\/libmod.de\\\/\",\"logo\":{\"@type\":\"ImageObject\",\"inLanguage\":\"en-US\",\"@id\":\"https:\\\/\\\/libmod.de\\\/#\\\/schema\\\/logo\\\/image\\\/\",\"url\":\"https:\\\/\\\/libmodredaktion.fra1.digitaloceanspaces.com\\\/wp-content\\\/uploads\\\/20240905145818\\\/LibMod_Logo_XL.jpg\",\"contentUrl\":\"https:\\\/\\\/libmodredaktion.fra1.digitaloceanspaces.com\\\/wp-content\\\/uploads\\\/20240905145818\\\/LibMod_Logo_XL.jpg\",\"width\":1439,\"height\":615,\"caption\":\"Zentrum Liberale Moderne\"},\"image\":{\"@id\":\"https:\\\/\\\/libmod.de\\\/#\\\/schema\\\/logo\\\/image\\\/\"},\"sameAs\":[\"https:\\\/\\\/www.facebook.com\\\/LiberaleModerne\\\/\",\"https:\\\/\\\/x.com\\\/liberalemoderne\",\"https:\\\/\\\/www.youtube.com\\\/channel\\\/UC4Yl_V4pm1LwryD04ky54SA\",\"https:\\\/\\\/www.instagram.com\\\/libmod\\\/\",\"https:\\\/\\\/bsky.app\\\/profile\\\/libmod.de\"],\"description\":\"Das Zentrum Liberale Moderne ist ein politischer Think Tank und eine Debattenplattform. LibMod steht f\u00fcr die Verteidigung und Erneuerung der liberalen Demokratie, f\u00fcr den Aufbruch in die \u00f6kologische Moderne und f\u00fcr eine fundierte Osteuropa-Expertise.\"}]}<\/script>\n<!-- \/ Yoast SEO Premium plugin. -->","yoast_head_json":{"title":"Articles - libmod.de - Zentrum Liberale Moderne","robots":{"index":"index","follow":"follow","max-snippet":"max-snippet:-1","max-image-preview":"max-image-preview:large","max-video-preview":"max-video-preview:-1"},"canonical":"https:\/\/libmod.de\/en\/articles\/","og_locale":"en_US","og_type":"article","og_title":"Articles","og_description":"[vc_row][vc_column width=\u201c1\/3\u201d][\/vc_column][vc_column width=\u201c1\/3\u201d][vc_wp_search title=\u201cSearch articles\u201d][\/vc_column][vc_column width=\u201c1\/3\u201d][\/vc_column][\/vc_row][vc_row][vc_column][vc_basic_grid post_type=\u201cpost\u201d max_items=\u201c200\u201d style=\u201cload-more\u201d items_per_page=\u201c9\u201d item=\u201c24066\u201d initial_loading_animation=\u201cnone\u201d css=\u201d.vc_custom_1763120740587{background-color: #ffffff !important;}\u201d btn_title=\u201cMORE ARTICLES\u201d btn_color=\u201cturquoise\u201d btn_size=\u201clg\u201d grid_id=\u201cvc_gid:1763120728567\u2013733e5eba-a3ab\u20119\u201d taxonomies=\u201c2810\u201d][\/vc_column][\/vc_row]","og_url":"https:\/\/libmod.de\/en\/articles\/","og_site_name":"libmod.de - Zentrum Liberale Moderne","article_publisher":"https:\/\/www.facebook.com\/LiberaleModerne\/","article_modified_time":"2025-11-14T11:45:50+00:00","twitter_card":"summary_large_image","twitter_site":"@liberalemoderne","twitter_misc":{"Est. reading time":"1 minute"},"schema":{"@context":"https:\/\/schema.org","@graph":[{"@type":"WebPage","@id":"https:\/\/libmod.de\/en\/articles\/","url":"https:\/\/libmod.de\/en\/articles\/","name":"Articles - libmod.de - Zentrum Liberale Moderne","isPartOf":{"@id":"https:\/\/libmod.de\/#website"},"datePublished":"2022-08-23T14:50:52+00:00","dateModified":"2025-11-14T11:45:50+00:00","breadcrumb":{"@id":"https:\/\/libmod.de\/en\/articles\/#breadcrumb"},"inLanguage":"en-US","potentialAction":[{"@type":"ReadAction","target":["https:\/\/libmod.de\/en\/articles\/"]}]},{"@type":"BreadcrumbList","@id":"https:\/\/libmod.de\/en\/articles\/#breadcrumb","itemListElement":[{"@type":"ListItem","position":1,"name":"Startseite","item":"https:\/\/libmod.de\/en\/"},{"@type":"ListItem","position":2,"name":"Articles"}]},{"@type":"WebSite","@id":"https:\/\/libmod.de\/#website","url":"https:\/\/libmod.de\/","name":"libmod.de - Zentrum Liberale Moderne","description":"Think Tank f\u00fcr Politik in Berlin","publisher":{"@id":"https:\/\/libmod.de\/#organization"},"potentialAction":[{"@type":"SearchAction","target":{"@type":"EntryPoint","urlTemplate":"https:\/\/libmod.de\/?s={search_term_string}"},"query-input":{"@type":"PropertyValueSpecification","valueRequired":true,"valueName":"search_term_string"}}],"inLanguage":"en-US"},{"@type":"Organization","@id":"https:\/\/libmod.de\/#organization","name":"Zentrum Liberale Moderne","url":"https:\/\/libmod.de\/","logo":{"@type":"ImageObject","inLanguage":"en-US","@id":"https:\/\/libmod.de\/#\/schema\/logo\/image\/","url":"https:\/\/libmodredaktion.fra1.digitaloceanspaces.com\/wp-content\/uploads\/20240905145818\/LibMod_Logo_XL.jpg","contentUrl":"https:\/\/libmodredaktion.fra1.digitaloceanspaces.com\/wp-content\/uploads\/20240905145818\/LibMod_Logo_XL.jpg","width":1439,"height":615,"caption":"Zentrum Liberale Moderne"},"image":{"@id":"https:\/\/libmod.de\/#\/schema\/logo\/image\/"},"sameAs":["https:\/\/www.facebook.com\/LiberaleModerne\/","https:\/\/x.com\/liberalemoderne","https:\/\/www.youtube.com\/channel\/UC4Yl_V4pm1LwryD04ky54SA","https:\/\/www.instagram.com\/libmod\/","https:\/\/bsky.app\/profile\/libmod.de"],"description":"Das Zentrum Liberale Moderne ist ein politischer Think Tank und eine Debattenplattform. LibMod steht f\u00fcr die Verteidigung und Erneuerung der liberalen Demokratie, f\u00fcr den Aufbruch in die \u00f6kologische Moderne und f\u00fcr eine fundierte Osteuropa-Expertise."}]}},"_links":{"self":[{"href":"https:\/\/libmod.de\/en\/wp-json\/wp\/v2\/pages\/65661","targetHints":{"allow":["GET"]}}],"collection":[{"href":"https:\/\/libmod.de\/en\/wp-json\/wp\/v2\/pages"}],"about":[{"href":"https:\/\/libmod.de\/en\/wp-json\/wp\/v2\/types\/page"}],"author":[{"embeddable":true,"href":"https:\/\/libmod.de\/en\/wp-json\/wp\/v2\/users\/257"}],"replies":[{"embeddable":true,"href":"https:\/\/libmod.de\/en\/wp-json\/wp\/v2\/comments?post=65661"}],"version-history":[{"count":3,"href":"https:\/\/libmod.de\/en\/wp-json\/wp\/v2\/pages\/65661\/revisions"}],"predecessor-version":[{"id":75800,"href":"https:\/\/libmod.de\/en\/wp-json\/wp\/v2\/pages\/65661\/revisions\/75800"}],"wp:attachment":[{"href":"https:\/\/libmod.de\/en\/wp-json\/wp\/v2\/media?parent=65661"}],"curies":[{"name":"wp","href":"https:\/\/api.w.org\/{rel}","templated":true}]}}