{"id":69784,"date":"2020-07-02T15:56:00","date_gmt":"2020-07-02T13:56:00","guid":{"rendered":"https:\/\/libmod.de\/?page_id=69784"},"modified":"2025-06-11T19:17:01","modified_gmt":"2025-06-11T17:17:01","slug":"program-eastern-partnership-plus","status":"publish","type":"page","link":"https:\/\/libmod.de\/en\/program-eastern-partnership-plus\/","title":{"rendered":"Program \u201cEastern Partnership Plus\u201d"},"content":{"rendered":"<div class=\"wpb-content-wrapper\"><p>[vc_row][vc_column][vc_column_text]<\/p>\n<figure id=\"attachment_43615\" aria-describedby=\"caption-attachment-43615\" style=\"width: 1200px\" class=\"wp-caption alignnone\"><img class=\"wp-image-43615 size-full\" src=\"https:\/\/libmodredaktion.fra1.digitaloceanspaces.com\/wp-content\/uploads\/20240905143957\/Oestl_Partnersch_plus_1200x500.jpg\" alt width=\"1200\" height=\"500\" srcset=\"https:\/\/libmodredaktion.fra1.digitaloceanspaces.com\/wp-content\/uploads\/20240905143957\/Oestl_Partnersch_plus_1200x500.jpg 1200w, https:\/\/libmodredaktion.fra1.digitaloceanspaces.com\/wp-content\/uploads\/20240905143957\/Oestl_Partnersch_plus_1200x500-770x321.jpg 770w, https:\/\/libmodredaktion.fra1.digitaloceanspaces.com\/wp-content\/uploads\/20240905143957\/Oestl_Partnersch_plus_1200x500-768x320.jpg 768w\" sizes=\"(max-width: 1200px) 100vw, 1200px\"><figcaption id=\"caption-attachment-43615\" class=\"wp-caption-text\">Young people celebrate the European Day in Pokrovsk (\u00a9 Alex Sun\/\u200bshutterstock)<\/figcaption><\/figure>\n<p>[\/vc_column_text][\/vc_column][\/vc_row][vc_row css=\u201d.vc_custom_1635187169439{margin-top: \u201130px !important;margin-bottom: 10px !important;}\u201d][vc_column width=\u201c2\/3\u201d][vc_column_text css=\u201d.vc_custom_1664191599633{padding-top: 20px !important;padding-right: 20px !important;padding-bottom: 20px !important;padding-left: 20px !important;background-color: #d0d8d5 !important;}\u201d]<strong>With the project \u201cEastern Partnership Plus\u201d, LibMod features the perspec\u00adtives of Georgia, Moldova and Ukraine in political Berlin.<\/strong> The three asso\u00adci\u00ada\u00adtion coun\u00adtries are to be pro\u00advided with an oppor\u00adtu\u00adnity to strengthen their mutual rela\u00adtions and estab\u00adlish inten\u00adsive coop\u00ader\u00ada\u00adtion with part\u00adners and actors from pol\u00adi\u00adtics, think tanks and civil society in&nbsp;Berlin.<\/p>\n<p><strong>The project program includes work\u00adshops, policy papers, brief\u00adings, and public dis\u00adcus\u00adsions in the German capital.<\/strong> The overall focus of the project is to promote polit\u00adi\u00adcal debate and EU engage\u00adment with the Eastern Part\u00adner\u00adship coun\u00adtries, espe\u00adcially Ukraine, Georgia and&nbsp;Moldova.<\/p>\n<p>\u201cEastern Part\u00adner\u00adship Plus\u201d is a&nbsp;project of the Center for Liberal Moder\u00adnity (LibMod), funded be the German Federal Foreign Office.[\/vc_column_text][\/vc_column][vc_column width=\u201c1\/3\u201d][vc_btn title=\u201cDIESE SEITE AUF DEUTSCH\u201d style=\u201cflat\u201d color=\u201cturquoise\u201d size=\u201clg\u201d align=\u201cleft\u201d css=\u201d.vc_custom_1656950697040{margin-bottom: 40px !important;}\u201d link=\u201curl:https%3A%2F%2Flibmod.de%2Foestliche-partnerschaft%2F\u201d][vc_column_text css=\u201d.vc_custom_1656950677518{margin-bottom: 30px !important;}\u201d]Funded by:<br>\n<i><img class=\"alignnone wp-image-47692\" src=\"https:\/\/libmodredaktion.fra1.digitaloceanspaces.com\/wp-content\/uploads\/20240905143444\/German-Federal-Foreign-Office.jpg\" alt width=\"330\" height=\"159\" srcset=\"https:\/\/libmodredaktion.fra1.digitaloceanspaces.com\/wp-content\/uploads\/20240905143444\/German-Federal-Foreign-Office.jpg 872w, https:\/\/libmodredaktion.fra1.digitaloceanspaces.com\/wp-content\/uploads\/20240905143444\/German-Federal-Foreign-Office-770x372.jpg 770w, https:\/\/libmodredaktion.fra1.digitaloceanspaces.com\/wp-content\/uploads\/20240905143444\/German-Federal-Foreign-Office-768x371.jpg 768w\" sizes=\"(max-width: 330px) 100vw, 330px\"><br>\n<\/i><\/p>\n<p><i><img class=\"wp-image-44701 alignnone\" src=\"https:\/\/libmodredaktion.fra1.digitaloceanspaces.com\/wp-content\/uploads\/20240905143825\/civilsocietycooperation_logo.png\" alt width=\"200\" height=\"58\"><\/i>[\/vc_column_text][\/vc_column][\/vc_row][vc_row css=\u201d.vc_custom_1656950619740{margin-bottom: 20px !important;}\u201d][vc_column][\/vc_column][\/vc_row][vc_row css=\u201d.vc_custom_1635192940544{margin-top: \u201130px !important;margin-bottom: 10px !important;}\u201d][vc_column][vc_column_text css=\u201d\u201d el_class=\u201clibmod-event-notes\u201d]<\/p>\n<h4><span style=\"color: #000000;\">Find the collection of all of&nbsp;our<br>\n<\/span><\/h4>\n<h4><a href=\"https:\/\/libmod.de\/en\/tag\/policy-brief-eastern-partnership\/\">Policy briefs Eastern Partnership<\/a><\/h4>\n<hr>\n<h4><span style=\"color: #000000;\">Find the collection of all of&nbsp;our<\/span><\/h4>\n<h4><a href=\"https:\/\/libmod.de\/en\/category\/policy-paper-2\/\">policy papers in english&nbsp;here<\/a><\/h4>\n<h4><a href=\"https:\/\/libmod.de\/en\/category\/input-paper\/\">input papers in english&nbsp;here<\/a><\/h4>\n<p>[\/vc_column_text][vc_basic_grid post_type=\u201cpost\u201d max_items=\u201c200\u201d style=\u201cload-more\u201d items_per_page=\u201c15\u201d item=\u201c24066\u201d initial_loading_animation=\u201cnone\u201d css=\u201d.vc_custom_1635199780670{margin-bottom: 30px !important;background-color: #ffffff !important;}\u201d btn_title=\u201cLOAD MORE\u201d btn_style=\u201cmodern\u201d btn_color=\u201cturquoise\u201d grid_id=\u201cvc_gid:1749662185653\u20134987e175-2f87\u20117\u201d taxonomies=\u201c14168\u201d][\/vc_column][\/vc_row][vc_column][\/vc_column]<\/p>\n<\/div>","protected":false},"excerpt":{"rendered":"<p>With its \u201cEastern Partnership 2.0\u201d project, LibMod is bringing perspec\u00adtives from Georgia, Moldova and the Ukraine to Berlin\u2019s and Brussels\u2019 policy&nbsp;circles.<\/p>\n","protected":false},"author":10,"featured_media":69792,"parent":0,"menu_order":32,"comment_status":"closed","ping_status":"closed","template":"","meta":{"_acf_changed":false,"wp_typography_post_enhancements_disabled":false,"footnotes":""},"class_list":["post-69784","page","type-page","status-publish","has-post-thumbnail"],"acf":[],"yoast_head":"<!-- This site is optimized with the Yoast SEO Premium plugin v27.4 (Yoast SEO v27.5) - https:\/\/yoast.com\/product\/yoast-seo-premium-wordpress\/ -->\n<title>Program \u201cEastern Partnership Plus\u201d - libmod.de - Zentrum Liberale Moderne<\/title>\n<meta name=\"description\" content=\"With its \u201cEastern Partnership 2.0\u201d program, LibMod is bringing perspectives from Georgia, Moldova and the Ukraine to Berlin\u2019s and Brussels&#039; policy circles.\" \/>\n<meta name=\"robots\" content=\"index, follow, max-snippet:-1, max-image-preview:large, max-video-preview:-1\" \/>\n<link rel=\"canonical\" href=\"https:\/\/libmod.de\/en\/program-eastern-partnership-plus\/\" \/>\n<meta property=\"og:locale\" content=\"en_US\" \/>\n<meta property=\"og:type\" content=\"article\" \/>\n<meta property=\"og:title\" content=\"Program \u201cEastern Partnership Plus\u201d - libmod.de - Zentrum Liberale Moderne\" \/>\n<meta property=\"og:description\" content=\"With its \u201cEastern Partnership 2.0\u201d project, LibMod is bringing perspectives from Georgia, Moldova and the Ukraine to Berlin\u2019s and Brussels&#039; policy circles.\" \/>\n<meta property=\"og:url\" content=\"https:\/\/libmod.de\/en\/program-eastern-partnership-plus\/\" \/>\n<meta property=\"og:site_name\" content=\"libmod.de - Zentrum Liberale Moderne\" \/>\n<meta property=\"article:publisher\" content=\"https:\/\/www.facebook.com\/LiberaleModerne\/\" \/>\n<meta property=\"article:modified_time\" content=\"2025-06-11T17:17:01+00:00\" \/>\n<meta property=\"og:image\" content=\"https:\/\/libmodredaktion.fra1.digitaloceanspaces.com\/wp-content\/uploads\/20250210161649\/Oestl_Partnersch_plus_1200x800-2.jpg\" \/>\n\t<meta property=\"og:image:width\" content=\"1200\" \/>\n\t<meta property=\"og:image:height\" content=\"800\" \/>\n\t<meta property=\"og:image:type\" content=\"image\/jpeg\" \/>\n<meta name=\"twitter:card\" content=\"summary_large_image\" \/>\n<meta name=\"twitter:title\" content=\"Program \u201cEastern Partnership Plus\u201d - libmod.de - Zentrum Liberale Moderne\" \/>\n<meta name=\"twitter:description\" content=\"With its \u201cEastern Partnership 2.0\u201d project, LibMod is bringing perspectives from Georgia, Moldova and the Ukraine to Berlin\u2019s and Brussels&#039; policy circles.\" \/>\n<meta name=\"twitter:site\" content=\"@liberalemoderne\" \/>\n<meta name=\"twitter:label1\" content=\"Est. reading time\" \/>\n\t<meta name=\"twitter:data1\" content=\"3 minutes\" \/>\n<script type=\"application\/ld+json\" class=\"yoast-schema-graph\">{\"@context\":\"https:\\\/\\\/schema.org\",\"@graph\":[{\"@type\":\"WebPage\",\"@id\":\"https:\\\/\\\/libmod.de\\\/en\\\/program-eastern-partnership-plus\\\/\",\"url\":\"https:\\\/\\\/libmod.de\\\/en\\\/program-eastern-partnership-plus\\\/\",\"name\":\"Program \u201cEastern Partnership Plus\u201d - libmod.de - Zentrum Liberale Moderne\",\"isPartOf\":{\"@id\":\"https:\\\/\\\/libmod.de\\\/#website\"},\"primaryImageOfPage\":{\"@id\":\"https:\\\/\\\/libmod.de\\\/en\\\/program-eastern-partnership-plus\\\/#primaryimage\"},\"image\":{\"@id\":\"https:\\\/\\\/libmod.de\\\/en\\\/program-eastern-partnership-plus\\\/#primaryimage\"},\"thumbnailUrl\":\"https:\\\/\\\/libmodredaktion.fra1.digitaloceanspaces.com\\\/wp-content\\\/uploads\\\/20250210161649\\\/Oestl_Partnersch_plus_1200x800-2.jpg\",\"datePublished\":\"2020-07-02T13:56:00+00:00\",\"dateModified\":\"2025-06-11T17:17:01+00:00\",\"description\":\"With its \u201cEastern Partnership 2.0\u201d program, LibMod is bringing perspectives from Georgia, Moldova and the Ukraine to Berlin\u2019s and Brussels' policy circles.\",\"breadcrumb\":{\"@id\":\"https:\\\/\\\/libmod.de\\\/en\\\/program-eastern-partnership-plus\\\/#breadcrumb\"},\"inLanguage\":\"en-US\",\"potentialAction\":[{\"@type\":\"ReadAction\",\"target\":[\"https:\\\/\\\/libmod.de\\\/en\\\/program-eastern-partnership-plus\\\/\"]}]},{\"@type\":\"ImageObject\",\"inLanguage\":\"en-US\",\"@id\":\"https:\\\/\\\/libmod.de\\\/en\\\/program-eastern-partnership-plus\\\/#primaryimage\",\"url\":\"https:\\\/\\\/libmodredaktion.fra1.digitaloceanspaces.com\\\/wp-content\\\/uploads\\\/20250210161649\\\/Oestl_Partnersch_plus_1200x800-2.jpg\",\"contentUrl\":\"https:\\\/\\\/libmodredaktion.fra1.digitaloceanspaces.com\\\/wp-content\\\/uploads\\\/20250210161649\\\/Oestl_Partnersch_plus_1200x800-2.jpg\",\"width\":1200,\"height\":800},{\"@type\":\"BreadcrumbList\",\"@id\":\"https:\\\/\\\/libmod.de\\\/en\\\/program-eastern-partnership-plus\\\/#breadcrumb\",\"itemListElement\":[{\"@type\":\"ListItem\",\"position\":1,\"name\":\"Startseite\",\"item\":\"https:\\\/\\\/libmod.de\\\/en\\\/\"},{\"@type\":\"ListItem\",\"position\":2,\"name\":\"Program \u201cEastern Partnership Plus\u201d\"}]},{\"@type\":\"WebSite\",\"@id\":\"https:\\\/\\\/libmod.de\\\/#website\",\"url\":\"https:\\\/\\\/libmod.de\\\/\",\"name\":\"libmod.de - Zentrum Liberale Moderne\",\"description\":\"Think Tank f\u00fcr Politik in Berlin\",\"publisher\":{\"@id\":\"https:\\\/\\\/libmod.de\\\/#organization\"},\"potentialAction\":[{\"@type\":\"SearchAction\",\"target\":{\"@type\":\"EntryPoint\",\"urlTemplate\":\"https:\\\/\\\/libmod.de\\\/?s={search_term_string}\"},\"query-input\":{\"@type\":\"PropertyValueSpecification\",\"valueRequired\":true,\"valueName\":\"search_term_string\"}}],\"inLanguage\":\"en-US\"},{\"@type\":\"Organization\",\"@id\":\"https:\\\/\\\/libmod.de\\\/#organization\",\"name\":\"Zentrum Liberale Moderne\",\"url\":\"https:\\\/\\\/libmod.de\\\/\",\"logo\":{\"@type\":\"ImageObject\",\"inLanguage\":\"en-US\",\"@id\":\"https:\\\/\\\/libmod.de\\\/#\\\/schema\\\/logo\\\/image\\\/\",\"url\":\"https:\\\/\\\/libmodredaktion.fra1.digitaloceanspaces.com\\\/wp-content\\\/uploads\\\/20240905145818\\\/LibMod_Logo_XL.jpg\",\"contentUrl\":\"https:\\\/\\\/libmodredaktion.fra1.digitaloceanspaces.com\\\/wp-content\\\/uploads\\\/20240905145818\\\/LibMod_Logo_XL.jpg\",\"width\":1439,\"height\":615,\"caption\":\"Zentrum Liberale Moderne\"},\"image\":{\"@id\":\"https:\\\/\\\/libmod.de\\\/#\\\/schema\\\/logo\\\/image\\\/\"},\"sameAs\":[\"https:\\\/\\\/www.facebook.com\\\/LiberaleModerne\\\/\",\"https:\\\/\\\/x.com\\\/liberalemoderne\",\"https:\\\/\\\/www.youtube.com\\\/channel\\\/UC4Yl_V4pm1LwryD04ky54SA\",\"https:\\\/\\\/www.instagram.com\\\/libmod\\\/\",\"https:\\\/\\\/bsky.app\\\/profile\\\/libmod.de\"],\"description\":\"Das Zentrum Liberale Moderne ist ein politischer Think Tank und eine Debattenplattform. LibMod steht f\u00fcr die Verteidigung und Erneuerung der liberalen Demokratie, f\u00fcr den Aufbruch in die \u00f6kologische Moderne und f\u00fcr eine fundierte Osteuropa-Expertise.\"}]}<\/script>\n<!-- \/ Yoast SEO Premium plugin. -->","yoast_head_json":{"title":"Program \u201cEastern Partnership Plus\u201d - libmod.de - Zentrum Liberale Moderne","description":"With its \u201cEastern Partnership 2.0\u201d program, LibMod is bringing perspectives from Georgia, Moldova and the Ukraine to Berlin\u2019s and Brussels' policy circles.","robots":{"index":"index","follow":"follow","max-snippet":"max-snippet:-1","max-image-preview":"max-image-preview:large","max-video-preview":"max-video-preview:-1"},"canonical":"https:\/\/libmod.de\/en\/program-eastern-partnership-plus\/","og_locale":"en_US","og_type":"article","og_title":"Program \u201cEastern Partnership Plus\u201d - libmod.de - Zentrum Liberale Moderne","og_description":"With its \u201cEastern Partnership 2.0\u201d project, LibMod is bringing perspectives from Georgia, Moldova and the Ukraine to Berlin\u2019s and Brussels' policy circles.","og_url":"https:\/\/libmod.de\/en\/program-eastern-partnership-plus\/","og_site_name":"libmod.de - Zentrum Liberale Moderne","article_publisher":"https:\/\/www.facebook.com\/LiberaleModerne\/","article_modified_time":"2025-06-11T17:17:01+00:00","og_image":[{"width":1200,"height":800,"url":"https:\/\/libmodredaktion.fra1.digitaloceanspaces.com\/wp-content\/uploads\/20250210161649\/Oestl_Partnersch_plus_1200x800-2.jpg","type":"image\/jpeg"}],"twitter_card":"summary_large_image","twitter_title":"Program \u201cEastern Partnership Plus\u201d - libmod.de - Zentrum Liberale Moderne","twitter_description":"With its \u201cEastern Partnership 2.0\u201d project, LibMod is bringing perspectives from Georgia, Moldova and the Ukraine to Berlin\u2019s and Brussels' policy circles.","twitter_site":"@liberalemoderne","twitter_misc":{"Est. reading time":"3 minutes"},"schema":{"@context":"https:\/\/schema.org","@graph":[{"@type":"WebPage","@id":"https:\/\/libmod.de\/en\/program-eastern-partnership-plus\/","url":"https:\/\/libmod.de\/en\/program-eastern-partnership-plus\/","name":"Program \u201cEastern Partnership Plus\u201d - libmod.de - Zentrum Liberale Moderne","isPartOf":{"@id":"https:\/\/libmod.de\/#website"},"primaryImageOfPage":{"@id":"https:\/\/libmod.de\/en\/program-eastern-partnership-plus\/#primaryimage"},"image":{"@id":"https:\/\/libmod.de\/en\/program-eastern-partnership-plus\/#primaryimage"},"thumbnailUrl":"https:\/\/libmodredaktion.fra1.digitaloceanspaces.com\/wp-content\/uploads\/20250210161649\/Oestl_Partnersch_plus_1200x800-2.jpg","datePublished":"2020-07-02T13:56:00+00:00","dateModified":"2025-06-11T17:17:01+00:00","description":"With its \u201cEastern Partnership 2.0\u201d program, LibMod is bringing perspectives from Georgia, Moldova and the Ukraine to Berlin\u2019s and Brussels' policy circles.","breadcrumb":{"@id":"https:\/\/libmod.de\/en\/program-eastern-partnership-plus\/#breadcrumb"},"inLanguage":"en-US","potentialAction":[{"@type":"ReadAction","target":["https:\/\/libmod.de\/en\/program-eastern-partnership-plus\/"]}]},{"@type":"ImageObject","inLanguage":"en-US","@id":"https:\/\/libmod.de\/en\/program-eastern-partnership-plus\/#primaryimage","url":"https:\/\/libmodredaktion.fra1.digitaloceanspaces.com\/wp-content\/uploads\/20250210161649\/Oestl_Partnersch_plus_1200x800-2.jpg","contentUrl":"https:\/\/libmodredaktion.fra1.digitaloceanspaces.com\/wp-content\/uploads\/20250210161649\/Oestl_Partnersch_plus_1200x800-2.jpg","width":1200,"height":800},{"@type":"BreadcrumbList","@id":"https:\/\/libmod.de\/en\/program-eastern-partnership-plus\/#breadcrumb","itemListElement":[{"@type":"ListItem","position":1,"name":"Startseite","item":"https:\/\/libmod.de\/en\/"},{"@type":"ListItem","position":2,"name":"Program \u201cEastern Partnership Plus\u201d"}]},{"@type":"WebSite","@id":"https:\/\/libmod.de\/#website","url":"https:\/\/libmod.de\/","name":"libmod.de - Zentrum Liberale Moderne","description":"Think Tank f\u00fcr Politik in Berlin","publisher":{"@id":"https:\/\/libmod.de\/#organization"},"potentialAction":[{"@type":"SearchAction","target":{"@type":"EntryPoint","urlTemplate":"https:\/\/libmod.de\/?s={search_term_string}"},"query-input":{"@type":"PropertyValueSpecification","valueRequired":true,"valueName":"search_term_string"}}],"inLanguage":"en-US"},{"@type":"Organization","@id":"https:\/\/libmod.de\/#organization","name":"Zentrum Liberale Moderne","url":"https:\/\/libmod.de\/","logo":{"@type":"ImageObject","inLanguage":"en-US","@id":"https:\/\/libmod.de\/#\/schema\/logo\/image\/","url":"https:\/\/libmodredaktion.fra1.digitaloceanspaces.com\/wp-content\/uploads\/20240905145818\/LibMod_Logo_XL.jpg","contentUrl":"https:\/\/libmodredaktion.fra1.digitaloceanspaces.com\/wp-content\/uploads\/20240905145818\/LibMod_Logo_XL.jpg","width":1439,"height":615,"caption":"Zentrum Liberale Moderne"},"image":{"@id":"https:\/\/libmod.de\/#\/schema\/logo\/image\/"},"sameAs":["https:\/\/www.facebook.com\/LiberaleModerne\/","https:\/\/x.com\/liberalemoderne","https:\/\/www.youtube.com\/channel\/UC4Yl_V4pm1LwryD04ky54SA","https:\/\/www.instagram.com\/libmod\/","https:\/\/bsky.app\/profile\/libmod.de"],"description":"Das Zentrum Liberale Moderne ist ein politischer Think Tank und eine Debattenplattform. LibMod steht f\u00fcr die Verteidigung und Erneuerung der liberalen Demokratie, f\u00fcr den Aufbruch in die \u00f6kologische Moderne und f\u00fcr eine fundierte Osteuropa-Expertise."}]}},"_links":{"self":[{"href":"https:\/\/libmod.de\/en\/wp-json\/wp\/v2\/pages\/69784","targetHints":{"allow":["GET"]}}],"collection":[{"href":"https:\/\/libmod.de\/en\/wp-json\/wp\/v2\/pages"}],"about":[{"href":"https:\/\/libmod.de\/en\/wp-json\/wp\/v2\/types\/page"}],"author":[{"embeddable":true,"href":"https:\/\/libmod.de\/en\/wp-json\/wp\/v2\/users\/10"}],"replies":[{"embeddable":true,"href":"https:\/\/libmod.de\/en\/wp-json\/wp\/v2\/comments?post=69784"}],"version-history":[{"count":10,"href":"https:\/\/libmod.de\/en\/wp-json\/wp\/v2\/pages\/69784\/revisions"}],"predecessor-version":[{"id":72907,"href":"https:\/\/libmod.de\/en\/wp-json\/wp\/v2\/pages\/69784\/revisions\/72907"}],"wp:featuredmedia":[{"embeddable":true,"href":"https:\/\/libmod.de\/en\/wp-json\/wp\/v2\/media\/69792"}],"wp:attachment":[{"href":"https:\/\/libmod.de\/en\/wp-json\/wp\/v2\/media?parent=69784"}],"curies":[{"name":"wp","href":"https:\/\/api.w.org\/{rel}","templated":true}]}}